{"id":36804,"date":"2023-03-08T16:10:37","date_gmt":"2023-03-08T15:10:37","guid":{"rendered":"https:\/\/www.hama-bodenbelag.de\/shop\/?post_type=product&#038;p=36804"},"modified":"2023-03-08T16:10:47","modified_gmt":"2023-03-08T15:10:47","slug":"original-nepal-design-teppich-140x200-2","status":"publish","type":"product","link":"https:\/\/www.hama-bodenbelag.de\/shop\/shop\/boden\/teppiche\/nepal\/original-nepal-design-teppich-140x200-2\/","title":{"rendered":"Original Nepal Design-Teppich 140&#215;200"},"content":{"rendered":"<p>Original Nepal Design-Teppich. Wahrhaftig ein Einzelst\u00fcck, ein Unikat. Dieses Dekor und diese Farbgebund gibt es wirklich nur einmal auf der Welt. Teppiche aus unserer Ausstellung wurden zur Ansicht und Festlegung einer Jahreskollektion f\u00fcr einen gro\u00dfen deutschen Teppichimporteur gekn\u00fcpft. Die sind jedoch nicht in eine Massenproduktion reingeflossen, weil der Gro\u00dfh\u00e4ndler kurze Zeit darauf insolvent war. Die Teppiche bestehen aus sehr strapazierf\u00e4higen, reiner Hochgebirgswolle (Neuseeland). Wundersch\u00f6ne, ausgefallene Designs. Der UVP f\u00fcr diesen Teppich liegt bei 1177,00\u20ac. Das Ma\u00df ist ca. 140&#215;200 cm. Ohne Fransen.<\/p>\n","protected":false},"excerpt":{"rendered":"<p>Original Nepal Design-Teppich. Wahrhaftig ein Einzelst\u00fcck, ein Unikat. Dieses Dekor und diese Farbgebund gibt es wirklich nur einmal auf der Welt. Teppiche aus unserer Ausstellung wurden zur Ansicht und Festlegung einer Jahreskollektion f\u00fcr einen gro\u00dfen deutschen Teppichimporteur gekn\u00fcpft. Die sind jedoch nicht in eine Massenproduktion reingeflossen, weil der Gro\u00dfh\u00e4ndler kurze Zeit darauf insolvent war. Die Teppiche bestehen aus sehr strapazierf\u00e4higen, reiner Hochgebirgswolle (Neuseeland). Wundersch\u00f6ne, ausgefallene Designs. Der UVP f\u00fcr diesen Teppich liegt bei 1177,00\u20ac. Das Ma\u00df ist ca. 140&#215;200 cm. Ohne Fransen.<\/p>\n","protected":false},"featured_media":11340,"comment_status":"open","ping_status":"closed","template":"","meta":{"_acf_changed":false},"product_brand":[],"product_cat":[6585],"product_tag":[6150,6152,6148,6149,6155,6154,6151],"class_list":{"0":"post-36804","1":"product","2":"type-product","3":"status-publish","4":"has-post-thumbnail","6":"product_cat-nepal","7":"product_tag-design-teppich","8":"product_tag-handgeknuepft","9":"product_tag-nepal","10":"product_tag-original-nepal","11":"product_tag-schurwollteppich","12":"product_tag-seide","13":"product_tag-teppich","14":"product_shipping_class-spedition","15":"pa_abmessung-140-x-200-cm","16":"pa_farbe-beige-braun","17":"pa_herstellungsart-handgeknuepft","18":"pa_material-100-schurwolle","19":"tm-no-options","21":"first","22":"instock","23":"sale","24":"taxable","25":"shipping-taxable","26":"purchasable","27":"product-type-simple"},"acf":[],"yoast_head":"<!-- This site is optimized with the Yoast SEO plugin v27.2 - https:\/\/yoast.com\/product\/yoast-seo-wordpress\/ -->\n<title>Original Nepal Design-Teppich - Shop Hama Bodenbelagstudio<\/title>\n<meta name=\"description\" content=\"Original Nepal Design-Teppich. Wahrhaftig ein Einzelst\u00fcck, ein Unikat. Dieses Dekor und diese Farbgebund gibt es wirklich nur einmal auf der Welt. Teppiche aus unserer Ausstellung wurden zur Ansicht und Festlegung einer Jahreskollektion f\u00fcr einen gro\u00dfen deutschen Teppichimporteur gekn\u00fcpft. Die sind jedoch nicht in eine Massenproduktion reingeflossen, weil der Gro\u00dfh\u00e4ndler kurze Zeit darauf insolvent war. Die Teppiche bestehen aus sehr strapazierf\u00e4higen, reiner Hochgebirgswolle (Neuseeland). Wundersch\u00f6ne, ausgefallene Designs. Der UVP f\u00fcr diesen Teppich liegt bei 1177,00\u20ac. Das Ma\u00df ist ca. 140x200 cm. Ohne Fransen.\" \/>\n<meta name=\"robots\" content=\"index, follow, max-snippet:-1, max-image-preview:large, max-video-preview:-1\" \/>\n<link rel=\"canonical\" href=\"https:\/\/www.hama-bodenbelag.de\/shop\/shop\/boden\/teppiche\/nepal\/original-nepal-design-teppich-140x200-2\/\" \/>\n<meta property=\"og:locale\" content=\"de_DE\" \/>\n<meta property=\"og:type\" content=\"article\" \/>\n<meta property=\"og:title\" content=\"Original Nepal Design-Teppich - Shop Hama Bodenbelagstudio\" \/>\n<meta property=\"og:description\" content=\"Original Nepal Design-Teppich. Wahrhaftig ein Einzelst\u00fcck, ein Unikat. Dieses Dekor und diese Farbgebund gibt es wirklich nur einmal auf der Welt. Teppiche aus unserer Ausstellung wurden zur Ansicht und Festlegung einer Jahreskollektion f\u00fcr einen gro\u00dfen deutschen Teppichimporteur gekn\u00fcpft. Die sind jedoch nicht in eine Massenproduktion reingeflossen, weil der Gro\u00dfh\u00e4ndler kurze Zeit darauf insolvent war. Die Teppiche bestehen aus sehr strapazierf\u00e4higen, reiner Hochgebirgswolle (Neuseeland). Wundersch\u00f6ne, ausgefallene Designs. Der UVP f\u00fcr diesen Teppich liegt bei 1177,00\u20ac. Das Ma\u00df ist ca. 140x200 cm. Ohne Fransen.\" \/>\n<meta property=\"og:url\" content=\"https:\/\/www.hama-bodenbelag.de\/shop\/shop\/boden\/teppiche\/nepal\/original-nepal-design-teppich-140x200-2\/\" \/>\n<meta property=\"og:site_name\" content=\"Shop Hama Bodenbelagstudio\" \/>\n<meta property=\"article:publisher\" content=\"https:\/\/www.facebook.com\/hamamutterstadt\/\" \/>\n<meta property=\"article:modified_time\" content=\"2023-03-08T15:10:47+00:00\" \/>\n<meta property=\"og:image\" content=\"https:\/\/www.hama-bodenbelag.de\/shop\/wp-content\/uploads\/2021\/06\/IMG_5336.jpg\" \/>\n\t<meta property=\"og:image:width\" content=\"240\" \/>\n\t<meta property=\"og:image:height\" content=\"320\" \/>\n\t<meta property=\"og:image:type\" content=\"image\/jpeg\" \/>\n<meta name=\"twitter:card\" content=\"summary_large_image\" \/>\n<script type=\"application\/ld+json\" class=\"yoast-schema-graph\">{\"@context\":\"https:\/\/schema.org\",\"@graph\":[{\"@type\":\"WebPage\",\"@id\":\"https:\/\/www.hama-bodenbelag.de\/shop\/shop\/boden\/teppiche\/nepal\/original-nepal-design-teppich-140x200-2\/\",\"url\":\"https:\/\/www.hama-bodenbelag.de\/shop\/shop\/boden\/teppiche\/nepal\/original-nepal-design-teppich-140x200-2\/\",\"name\":\"Original Nepal Design-Teppich - Shop Hama Bodenbelagstudio\",\"isPartOf\":{\"@id\":\"https:\/\/www.hama-bodenbelag.de\/shop\/#website\"},\"primaryImageOfPage\":{\"@id\":\"https:\/\/www.hama-bodenbelag.de\/shop\/shop\/boden\/teppiche\/nepal\/original-nepal-design-teppich-140x200-2\/#primaryimage\"},\"image\":{\"@id\":\"https:\/\/www.hama-bodenbelag.de\/shop\/shop\/boden\/teppiche\/nepal\/original-nepal-design-teppich-140x200-2\/#primaryimage\"},\"thumbnailUrl\":\"https:\/\/www.hama-bodenbelag.de\/shop\/wp-content\/uploads\/2021\/06\/IMG_5336.jpg\",\"datePublished\":\"2023-03-08T15:10:37+00:00\",\"dateModified\":\"2023-03-08T15:10:47+00:00\",\"description\":\"Original Nepal Design-Teppich. Wahrhaftig ein Einzelst\u00fcck, ein Unikat. Dieses Dekor und diese Farbgebund gibt es wirklich nur einmal auf der Welt. Teppiche aus unserer Ausstellung wurden zur Ansicht und Festlegung einer Jahreskollektion f\u00fcr einen gro\u00dfen deutschen Teppichimporteur gekn\u00fcpft. Die sind jedoch nicht in eine Massenproduktion reingeflossen, weil der Gro\u00dfh\u00e4ndler kurze Zeit darauf insolvent war. Die Teppiche bestehen aus sehr strapazierf\u00e4higen, reiner Hochgebirgswolle (Neuseeland). Wundersch\u00f6ne, ausgefallene Designs. Der UVP f\u00fcr diesen Teppich liegt bei 1177,00\u20ac. Das Ma\u00df ist ca. 140x200 cm. Ohne Fransen.\",\"breadcrumb\":{\"@id\":\"https:\/\/www.hama-bodenbelag.de\/shop\/shop\/boden\/teppiche\/nepal\/original-nepal-design-teppich-140x200-2\/#breadcrumb\"},\"inLanguage\":\"de\",\"potentialAction\":[{\"@type\":\"ReadAction\",\"target\":[\"https:\/\/www.hama-bodenbelag.de\/shop\/shop\/boden\/teppiche\/nepal\/original-nepal-design-teppich-140x200-2\/\"]}]},{\"@type\":\"ImageObject\",\"inLanguage\":\"de\",\"@id\":\"https:\/\/www.hama-bodenbelag.de\/shop\/shop\/boden\/teppiche\/nepal\/original-nepal-design-teppich-140x200-2\/#primaryimage\",\"url\":\"https:\/\/www.hama-bodenbelag.de\/shop\/wp-content\/uploads\/2021\/06\/IMG_5336.jpg\",\"contentUrl\":\"https:\/\/www.hama-bodenbelag.de\/shop\/wp-content\/uploads\/2021\/06\/IMG_5336.jpg\",\"width\":240,\"height\":320,\"caption\":\"original Nepal Design-Teppich 140x200\"},{\"@type\":\"BreadcrumbList\",\"@id\":\"https:\/\/www.hama-bodenbelag.de\/shop\/shop\/boden\/teppiche\/nepal\/original-nepal-design-teppich-140x200-2\/#breadcrumb\",\"itemListElement\":[{\"@type\":\"ListItem\",\"position\":1,\"name\":\"Startseite\",\"item\":\"https:\/\/www.hama-bodenbelag.de\/shop\/\"},{\"@type\":\"ListItem\",\"position\":2,\"name\":\"Shop\",\"item\":\"https:\/\/www.hama-bodenbelag.de\/shop\/shop\/\"},{\"@type\":\"ListItem\",\"position\":3,\"name\":\"Original Nepal Design-Teppich 140&#215;200\"}]},{\"@type\":\"WebSite\",\"@id\":\"https:\/\/www.hama-bodenbelag.de\/shop\/#website\",\"url\":\"https:\/\/www.hama-bodenbelag.de\/shop\/\",\"name\":\"Shop Hama Bodenbelagstudio\",\"description\":\"Shop Hama Bodenbelagstudio Muttstadt\",\"publisher\":{\"@id\":\"https:\/\/www.hama-bodenbelag.de\/shop\/#organization\"},\"potentialAction\":[{\"@type\":\"SearchAction\",\"target\":{\"@type\":\"EntryPoint\",\"urlTemplate\":\"https:\/\/www.hama-bodenbelag.de\/shop\/?s={search_term_string}\"},\"query-input\":{\"@type\":\"PropertyValueSpecification\",\"valueRequired\":true,\"valueName\":\"search_term_string\"}}],\"inLanguage\":\"de\"},{\"@type\":\"Organization\",\"@id\":\"https:\/\/www.hama-bodenbelag.de\/shop\/#organization\",\"name\":\"Hama Bodenbelagstudio\",\"url\":\"https:\/\/www.hama-bodenbelag.de\/shop\/\",\"logo\":{\"@type\":\"ImageObject\",\"inLanguage\":\"de\",\"@id\":\"https:\/\/www.hama-bodenbelag.de\/shop\/#\/schema\/logo\/image\/\",\"url\":\"https:\/\/www.hama-bodenbelag.de\/wp-content\/uploads\/2018\/03\/Hama-Logo-mit-Mini_webjpg.jpg\",\"contentUrl\":\"https:\/\/www.hama-bodenbelag.de\/wp-content\/uploads\/2018\/03\/Hama-Logo-mit-Mini_webjpg.jpg\",\"width\":1945,\"height\":609,\"caption\":\"Hama Bodenbelagstudio\"},\"image\":{\"@id\":\"https:\/\/www.hama-bodenbelag.de\/shop\/#\/schema\/logo\/image\/\"},\"sameAs\":[\"https:\/\/www.facebook.com\/hamamutterstadt\/\"]}]}<\/script>\n<!-- \/ Yoast SEO plugin. -->","yoast_head_json":{"title":"Original Nepal Design-Teppich - Shop Hama Bodenbelagstudio","description":"Original Nepal Design-Teppich. Wahrhaftig ein Einzelst\u00fcck, ein Unikat. Dieses Dekor und diese Farbgebund gibt es wirklich nur einmal auf der Welt. Teppiche aus unserer Ausstellung wurden zur Ansicht und Festlegung einer Jahreskollektion f\u00fcr einen gro\u00dfen deutschen Teppichimporteur gekn\u00fcpft. Die sind jedoch nicht in eine Massenproduktion reingeflossen, weil der Gro\u00dfh\u00e4ndler kurze Zeit darauf insolvent war. Die Teppiche bestehen aus sehr strapazierf\u00e4higen, reiner Hochgebirgswolle (Neuseeland). Wundersch\u00f6ne, ausgefallene Designs. Der UVP f\u00fcr diesen Teppich liegt bei 1177,00\u20ac. Das Ma\u00df ist ca. 140x200 cm. Ohne Fransen.","robots":{"index":"index","follow":"follow","max-snippet":"max-snippet:-1","max-image-preview":"max-image-preview:large","max-video-preview":"max-video-preview:-1"},"canonical":"https:\/\/www.hama-bodenbelag.de\/shop\/shop\/boden\/teppiche\/nepal\/original-nepal-design-teppich-140x200-2\/","og_locale":"de_DE","og_type":"article","og_title":"Original Nepal Design-Teppich - Shop Hama Bodenbelagstudio","og_description":"Original Nepal Design-Teppich. Wahrhaftig ein Einzelst\u00fcck, ein Unikat. Dieses Dekor und diese Farbgebund gibt es wirklich nur einmal auf der Welt. Teppiche aus unserer Ausstellung wurden zur Ansicht und Festlegung einer Jahreskollektion f\u00fcr einen gro\u00dfen deutschen Teppichimporteur gekn\u00fcpft. Die sind jedoch nicht in eine Massenproduktion reingeflossen, weil der Gro\u00dfh\u00e4ndler kurze Zeit darauf insolvent war. Die Teppiche bestehen aus sehr strapazierf\u00e4higen, reiner Hochgebirgswolle (Neuseeland). Wundersch\u00f6ne, ausgefallene Designs. Der UVP f\u00fcr diesen Teppich liegt bei 1177,00\u20ac. Das Ma\u00df ist ca. 140x200 cm. Ohne Fransen.","og_url":"https:\/\/www.hama-bodenbelag.de\/shop\/shop\/boden\/teppiche\/nepal\/original-nepal-design-teppich-140x200-2\/","og_site_name":"Shop Hama Bodenbelagstudio","article_publisher":"https:\/\/www.facebook.com\/hamamutterstadt\/","article_modified_time":"2023-03-08T15:10:47+00:00","og_image":[{"width":240,"height":320,"url":"https:\/\/www.hama-bodenbelag.de\/shop\/wp-content\/uploads\/2021\/06\/IMG_5336.jpg","type":"image\/jpeg"}],"twitter_card":"summary_large_image","schema":{"@context":"https:\/\/schema.org","@graph":[{"@type":"WebPage","@id":"https:\/\/www.hama-bodenbelag.de\/shop\/shop\/boden\/teppiche\/nepal\/original-nepal-design-teppich-140x200-2\/","url":"https:\/\/www.hama-bodenbelag.de\/shop\/shop\/boden\/teppiche\/nepal\/original-nepal-design-teppich-140x200-2\/","name":"Original Nepal Design-Teppich - Shop Hama Bodenbelagstudio","isPartOf":{"@id":"https:\/\/www.hama-bodenbelag.de\/shop\/#website"},"primaryImageOfPage":{"@id":"https:\/\/www.hama-bodenbelag.de\/shop\/shop\/boden\/teppiche\/nepal\/original-nepal-design-teppich-140x200-2\/#primaryimage"},"image":{"@id":"https:\/\/www.hama-bodenbelag.de\/shop\/shop\/boden\/teppiche\/nepal\/original-nepal-design-teppich-140x200-2\/#primaryimage"},"thumbnailUrl":"https:\/\/www.hama-bodenbelag.de\/shop\/wp-content\/uploads\/2021\/06\/IMG_5336.jpg","datePublished":"2023-03-08T15:10:37+00:00","dateModified":"2023-03-08T15:10:47+00:00","description":"Original Nepal Design-Teppich. Wahrhaftig ein Einzelst\u00fcck, ein Unikat. Dieses Dekor und diese Farbgebund gibt es wirklich nur einmal auf der Welt. Teppiche aus unserer Ausstellung wurden zur Ansicht und Festlegung einer Jahreskollektion f\u00fcr einen gro\u00dfen deutschen Teppichimporteur gekn\u00fcpft. Die sind jedoch nicht in eine Massenproduktion reingeflossen, weil der Gro\u00dfh\u00e4ndler kurze Zeit darauf insolvent war. Die Teppiche bestehen aus sehr strapazierf\u00e4higen, reiner Hochgebirgswolle (Neuseeland). Wundersch\u00f6ne, ausgefallene Designs. Der UVP f\u00fcr diesen Teppich liegt bei 1177,00\u20ac. Das Ma\u00df ist ca. 140x200 cm. Ohne Fransen.","breadcrumb":{"@id":"https:\/\/www.hama-bodenbelag.de\/shop\/shop\/boden\/teppiche\/nepal\/original-nepal-design-teppich-140x200-2\/#breadcrumb"},"inLanguage":"de","potentialAction":[{"@type":"ReadAction","target":["https:\/\/www.hama-bodenbelag.de\/shop\/shop\/boden\/teppiche\/nepal\/original-nepal-design-teppich-140x200-2\/"]}]},{"@type":"ImageObject","inLanguage":"de","@id":"https:\/\/www.hama-bodenbelag.de\/shop\/shop\/boden\/teppiche\/nepal\/original-nepal-design-teppich-140x200-2\/#primaryimage","url":"https:\/\/www.hama-bodenbelag.de\/shop\/wp-content\/uploads\/2021\/06\/IMG_5336.jpg","contentUrl":"https:\/\/www.hama-bodenbelag.de\/shop\/wp-content\/uploads\/2021\/06\/IMG_5336.jpg","width":240,"height":320,"caption":"original Nepal Design-Teppich 140x200"},{"@type":"BreadcrumbList","@id":"https:\/\/www.hama-bodenbelag.de\/shop\/shop\/boden\/teppiche\/nepal\/original-nepal-design-teppich-140x200-2\/#breadcrumb","itemListElement":[{"@type":"ListItem","position":1,"name":"Startseite","item":"https:\/\/www.hama-bodenbelag.de\/shop\/"},{"@type":"ListItem","position":2,"name":"Shop","item":"https:\/\/www.hama-bodenbelag.de\/shop\/shop\/"},{"@type":"ListItem","position":3,"name":"Original Nepal Design-Teppich 140&#215;200"}]},{"@type":"WebSite","@id":"https:\/\/www.hama-bodenbelag.de\/shop\/#website","url":"https:\/\/www.hama-bodenbelag.de\/shop\/","name":"Shop Hama Bodenbelagstudio","description":"Shop Hama Bodenbelagstudio Muttstadt","publisher":{"@id":"https:\/\/www.hama-bodenbelag.de\/shop\/#organization"},"potentialAction":[{"@type":"SearchAction","target":{"@type":"EntryPoint","urlTemplate":"https:\/\/www.hama-bodenbelag.de\/shop\/?s={search_term_string}"},"query-input":{"@type":"PropertyValueSpecification","valueRequired":true,"valueName":"search_term_string"}}],"inLanguage":"de"},{"@type":"Organization","@id":"https:\/\/www.hama-bodenbelag.de\/shop\/#organization","name":"Hama Bodenbelagstudio","url":"https:\/\/www.hama-bodenbelag.de\/shop\/","logo":{"@type":"ImageObject","inLanguage":"de","@id":"https:\/\/www.hama-bodenbelag.de\/shop\/#\/schema\/logo\/image\/","url":"https:\/\/www.hama-bodenbelag.de\/wp-content\/uploads\/2018\/03\/Hama-Logo-mit-Mini_webjpg.jpg","contentUrl":"https:\/\/www.hama-bodenbelag.de\/wp-content\/uploads\/2018\/03\/Hama-Logo-mit-Mini_webjpg.jpg","width":1945,"height":609,"caption":"Hama Bodenbelagstudio"},"image":{"@id":"https:\/\/www.hama-bodenbelag.de\/shop\/#\/schema\/logo\/image\/"},"sameAs":["https:\/\/www.facebook.com\/hamamutterstadt\/"]}]}},"jetpack_sharing_enabled":true,"_links":{"self":[{"href":"https:\/\/www.hama-bodenbelag.de\/shop\/wp-json\/wp\/v2\/product\/36804","targetHints":{"allow":["GET"]}}],"collection":[{"href":"https:\/\/www.hama-bodenbelag.de\/shop\/wp-json\/wp\/v2\/product"}],"about":[{"href":"https:\/\/www.hama-bodenbelag.de\/shop\/wp-json\/wp\/v2\/types\/product"}],"replies":[{"embeddable":true,"href":"https:\/\/www.hama-bodenbelag.de\/shop\/wp-json\/wp\/v2\/comments?post=36804"}],"wp:featuredmedia":[{"embeddable":true,"href":"https:\/\/www.hama-bodenbelag.de\/shop\/wp-json\/wp\/v2\/media\/11340"}],"wp:attachment":[{"href":"https:\/\/www.hama-bodenbelag.de\/shop\/wp-json\/wp\/v2\/media?parent=36804"}],"wp:term":[{"taxonomy":"product_brand","embeddable":true,"href":"https:\/\/www.hama-bodenbelag.de\/shop\/wp-json\/wp\/v2\/product_brand?post=36804"},{"taxonomy":"product_cat","embeddable":true,"href":"https:\/\/www.hama-bodenbelag.de\/shop\/wp-json\/wp\/v2\/product_cat?post=36804"},{"taxonomy":"product_tag","embeddable":true,"href":"https:\/\/www.hama-bodenbelag.de\/shop\/wp-json\/wp\/v2\/product_tag?post=36804"}],"curies":[{"name":"wp","href":"https:\/\/api.w.org\/{rel}","templated":true}]}}