{"id":36909,"date":"2023-03-08T20:05:33","date_gmt":"2023-03-08T19:05:33","guid":{"rendered":"https:\/\/www.hama-bodenbelag.de\/shop\/https:\/www.hama-bodenbelag.de\/shop-hama\/produkt\/eijffinger-textil-tapete-vlies-reunited-372564-lichtblau\/"},"modified":"2023-03-16T12:32:13","modified_gmt":"2023-03-16T11:32:13","slug":"eijffinger-textil-tapete-vlies-reunited-372564-lichtblau","status":"publish","type":"product","link":"https:\/\/www.hama-bodenbelag.de\/shop\/shop\/wand\/tapeten\/eijffinger\/eijffinger-textil-tapete-vlies-reunited-372564-lichtblau\/","title":{"rendered":"Eijffinger Textil Tapete Vlies Reunited 372564 (Lichtblau)"},"content":{"rendered":"<p>Reunited verbindet Entw\u00fcrfe aus alten Kollektionen mit neuen, und hat diesen Klassiker aus der Masterpiece Kollektion mit aufgenommen. Die hochwertige Vliestapete 372564 ist in einer Vielzahl von Farben erh\u00e4ltlich und l\u00e4sst sich exzellent mit den Tapeten der Masterpiece Kollektion verbinden. Die satte Farbgebung und feine Oberfl\u00e4chenstruktur der Reunited  Tapete machen diese zu einer sehr guten Wahl. Vlies Tapeten sind ein Kinderspiel in der Anbringung und Handhabung und dank ihrer Formfestigkeit sogar f\u00fcr Bad und K\u00fcche geeignet. Kaufen Sie jetzt mit der Eijffinger Tapete 372564 einen modernen Klassiker f\u00fcr Ihr Zuhause!<\/p>\n","protected":false},"excerpt":{"rendered":"<p>Die edle Reunited Tapete 372564 mit Goldsprenkel Optik von Eijffinger ist eine hochwertige Wahl f\u00fcr Ihre 4 W\u00e4nde.<\/p>\n","protected":false},"featured_media":3520,"comment_status":"closed","ping_status":"closed","template":"","meta":{"_acf_changed":false},"product_brand":[],"product_cat":[6631],"product_tag":[],"class_list":{"0":"post-36909","1":"product","2":"type-product","3":"status-publish","4":"has-post-thumbnail","6":"product_cat-eijffinger","7":"product_shipping_class-paketversand","8":"pa_abmessung-1000-x-52-cm","9":"pa_farbe-lichtblau","10":"pa_filterfarbe-blau","11":"pa_hersteller-eijffinger","12":"pa_kollektion-reunited","13":"pa_marke-eijffinger","14":"pa_material-vlies","15":"pa_muster-design-dekor-unis","16":"tm-no-options","18":"first","19":"instock","20":"sale","21":"taxable","22":"shipping-taxable","23":"purchasable","24":"product-type-simple"},"acf":[],"yoast_head":"<!-- This site is optimized with the Yoast SEO plugin v27.2 - https:\/\/yoast.com\/product\/yoast-seo-wordpress\/ -->\n<title>Eijffinger Textil Tapete Vlies Reunited 372564 (Lichtblau) - Shop Hama Bodenbelagstudio<\/title>\n<meta name=\"robots\" content=\"index, follow, max-snippet:-1, max-image-preview:large, max-video-preview:-1\" \/>\n<link rel=\"canonical\" href=\"https:\/\/www.hama-bodenbelag.de\/shop\/shop\/wand\/tapeten\/eijffinger\/eijffinger-textil-tapete-vlies-reunited-372564-lichtblau\/\" \/>\n<meta property=\"og:locale\" content=\"de_DE\" \/>\n<meta property=\"og:type\" content=\"article\" \/>\n<meta property=\"og:title\" content=\"Eijffinger Textil Tapete Vlies Reunited 372564 (Lichtblau) - Shop Hama Bodenbelagstudio\" \/>\n<meta property=\"og:description\" content=\"Die edle Reunited Tapete 372564 mit Goldsprenkel Optik von Eijffinger ist eine hochwertige Wahl f\u00fcr Ihre 4 W\u00e4nde.\" \/>\n<meta property=\"og:url\" content=\"https:\/\/www.hama-bodenbelag.de\/shop\/shop\/wand\/tapeten\/eijffinger\/eijffinger-textil-tapete-vlies-reunited-372564-lichtblau\/\" \/>\n<meta property=\"og:site_name\" content=\"Shop Hama Bodenbelagstudio\" \/>\n<meta property=\"article:publisher\" content=\"https:\/\/www.facebook.com\/hamamutterstadt\/\" \/>\n<meta property=\"article:modified_time\" content=\"2023-03-16T11:32:13+00:00\" \/>\n<meta property=\"og:image\" content=\"https:\/\/www.hama-bodenbelag.de\/shop\/wp-content\/uploads\/2020\/10\/eijffinger-eijffinger-textil-tapete-vlies-reunited-372564-lichtblau.jpg\" \/>\n\t<meta property=\"og:image:width\" content=\"1118\" \/>\n\t<meta property=\"og:image:height\" content=\"1382\" \/>\n\t<meta property=\"og:image:type\" content=\"image\/jpeg\" \/>\n<meta name=\"twitter:card\" content=\"summary_large_image\" \/>\n<script type=\"application\/ld+json\" class=\"yoast-schema-graph\">{\"@context\":\"https:\/\/schema.org\",\"@graph\":[{\"@type\":\"WebPage\",\"@id\":\"https:\/\/www.hama-bodenbelag.de\/shop\/shop\/wand\/tapeten\/eijffinger\/eijffinger-textil-tapete-vlies-reunited-372564-lichtblau\/\",\"url\":\"https:\/\/www.hama-bodenbelag.de\/shop\/shop\/wand\/tapeten\/eijffinger\/eijffinger-textil-tapete-vlies-reunited-372564-lichtblau\/\",\"name\":\"Eijffinger Textil Tapete Vlies Reunited 372564 (Lichtblau) - Shop Hama Bodenbelagstudio\",\"isPartOf\":{\"@id\":\"https:\/\/www.hama-bodenbelag.de\/shop\/#website\"},\"primaryImageOfPage\":{\"@id\":\"https:\/\/www.hama-bodenbelag.de\/shop\/shop\/wand\/tapeten\/eijffinger\/eijffinger-textil-tapete-vlies-reunited-372564-lichtblau\/#primaryimage\"},\"image\":{\"@id\":\"https:\/\/www.hama-bodenbelag.de\/shop\/shop\/wand\/tapeten\/eijffinger\/eijffinger-textil-tapete-vlies-reunited-372564-lichtblau\/#primaryimage\"},\"thumbnailUrl\":\"https:\/\/www.hama-bodenbelag.de\/shop\/wp-content\/uploads\/2020\/10\/eijffinger-eijffinger-textil-tapete-vlies-reunited-372564-lichtblau.jpg\",\"datePublished\":\"2023-03-08T19:05:33+00:00\",\"dateModified\":\"2023-03-16T11:32:13+00:00\",\"breadcrumb\":{\"@id\":\"https:\/\/www.hama-bodenbelag.de\/shop\/shop\/wand\/tapeten\/eijffinger\/eijffinger-textil-tapete-vlies-reunited-372564-lichtblau\/#breadcrumb\"},\"inLanguage\":\"de\",\"potentialAction\":[{\"@type\":\"ReadAction\",\"target\":[\"https:\/\/www.hama-bodenbelag.de\/shop\/shop\/wand\/tapeten\/eijffinger\/eijffinger-textil-tapete-vlies-reunited-372564-lichtblau\/\"]}]},{\"@type\":\"ImageObject\",\"inLanguage\":\"de\",\"@id\":\"https:\/\/www.hama-bodenbelag.de\/shop\/shop\/wand\/tapeten\/eijffinger\/eijffinger-textil-tapete-vlies-reunited-372564-lichtblau\/#primaryimage\",\"url\":\"https:\/\/www.hama-bodenbelag.de\/shop\/wp-content\/uploads\/2020\/10\/eijffinger-eijffinger-textil-tapete-vlies-reunited-372564-lichtblau.jpg\",\"contentUrl\":\"https:\/\/www.hama-bodenbelag.de\/shop\/wp-content\/uploads\/2020\/10\/eijffinger-eijffinger-textil-tapete-vlies-reunited-372564-lichtblau.jpg\",\"width\":1118,\"height\":1382},{\"@type\":\"BreadcrumbList\",\"@id\":\"https:\/\/www.hama-bodenbelag.de\/shop\/shop\/wand\/tapeten\/eijffinger\/eijffinger-textil-tapete-vlies-reunited-372564-lichtblau\/#breadcrumb\",\"itemListElement\":[{\"@type\":\"ListItem\",\"position\":1,\"name\":\"Startseite\",\"item\":\"https:\/\/www.hama-bodenbelag.de\/shop\/\"},{\"@type\":\"ListItem\",\"position\":2,\"name\":\"Shop\",\"item\":\"https:\/\/www.hama-bodenbelag.de\/shop\/shop\/\"},{\"@type\":\"ListItem\",\"position\":3,\"name\":\"Eijffinger Textil Tapete Vlies Reunited 372564 (Lichtblau)\"}]},{\"@type\":\"WebSite\",\"@id\":\"https:\/\/www.hama-bodenbelag.de\/shop\/#website\",\"url\":\"https:\/\/www.hama-bodenbelag.de\/shop\/\",\"name\":\"Shop Hama Bodenbelagstudio\",\"description\":\"Shop Hama Bodenbelagstudio Muttstadt\",\"publisher\":{\"@id\":\"https:\/\/www.hama-bodenbelag.de\/shop\/#organization\"},\"potentialAction\":[{\"@type\":\"SearchAction\",\"target\":{\"@type\":\"EntryPoint\",\"urlTemplate\":\"https:\/\/www.hama-bodenbelag.de\/shop\/?s={search_term_string}\"},\"query-input\":{\"@type\":\"PropertyValueSpecification\",\"valueRequired\":true,\"valueName\":\"search_term_string\"}}],\"inLanguage\":\"de\"},{\"@type\":\"Organization\",\"@id\":\"https:\/\/www.hama-bodenbelag.de\/shop\/#organization\",\"name\":\"Hama Bodenbelagstudio\",\"url\":\"https:\/\/www.hama-bodenbelag.de\/shop\/\",\"logo\":{\"@type\":\"ImageObject\",\"inLanguage\":\"de\",\"@id\":\"https:\/\/www.hama-bodenbelag.de\/shop\/#\/schema\/logo\/image\/\",\"url\":\"https:\/\/www.hama-bodenbelag.de\/wp-content\/uploads\/2018\/03\/Hama-Logo-mit-Mini_webjpg.jpg\",\"contentUrl\":\"https:\/\/www.hama-bodenbelag.de\/wp-content\/uploads\/2018\/03\/Hama-Logo-mit-Mini_webjpg.jpg\",\"width\":1945,\"height\":609,\"caption\":\"Hama Bodenbelagstudio\"},\"image\":{\"@id\":\"https:\/\/www.hama-bodenbelag.de\/shop\/#\/schema\/logo\/image\/\"},\"sameAs\":[\"https:\/\/www.facebook.com\/hamamutterstadt\/\"]}]}<\/script>\n<!-- \/ Yoast SEO plugin. -->","yoast_head_json":{"title":"Eijffinger Textil Tapete Vlies Reunited 372564 (Lichtblau) - Shop Hama Bodenbelagstudio","robots":{"index":"index","follow":"follow","max-snippet":"max-snippet:-1","max-image-preview":"max-image-preview:large","max-video-preview":"max-video-preview:-1"},"canonical":"https:\/\/www.hama-bodenbelag.de\/shop\/shop\/wand\/tapeten\/eijffinger\/eijffinger-textil-tapete-vlies-reunited-372564-lichtblau\/","og_locale":"de_DE","og_type":"article","og_title":"Eijffinger Textil Tapete Vlies Reunited 372564 (Lichtblau) - Shop Hama Bodenbelagstudio","og_description":"Die edle Reunited Tapete 372564 mit Goldsprenkel Optik von Eijffinger ist eine hochwertige Wahl f\u00fcr Ihre 4 W\u00e4nde.","og_url":"https:\/\/www.hama-bodenbelag.de\/shop\/shop\/wand\/tapeten\/eijffinger\/eijffinger-textil-tapete-vlies-reunited-372564-lichtblau\/","og_site_name":"Shop Hama Bodenbelagstudio","article_publisher":"https:\/\/www.facebook.com\/hamamutterstadt\/","article_modified_time":"2023-03-16T11:32:13+00:00","og_image":[{"width":1118,"height":1382,"url":"https:\/\/www.hama-bodenbelag.de\/shop\/wp-content\/uploads\/2020\/10\/eijffinger-eijffinger-textil-tapete-vlies-reunited-372564-lichtblau.jpg","type":"image\/jpeg"}],"twitter_card":"summary_large_image","schema":{"@context":"https:\/\/schema.org","@graph":[{"@type":"WebPage","@id":"https:\/\/www.hama-bodenbelag.de\/shop\/shop\/wand\/tapeten\/eijffinger\/eijffinger-textil-tapete-vlies-reunited-372564-lichtblau\/","url":"https:\/\/www.hama-bodenbelag.de\/shop\/shop\/wand\/tapeten\/eijffinger\/eijffinger-textil-tapete-vlies-reunited-372564-lichtblau\/","name":"Eijffinger Textil Tapete Vlies Reunited 372564 (Lichtblau) - Shop Hama Bodenbelagstudio","isPartOf":{"@id":"https:\/\/www.hama-bodenbelag.de\/shop\/#website"},"primaryImageOfPage":{"@id":"https:\/\/www.hama-bodenbelag.de\/shop\/shop\/wand\/tapeten\/eijffinger\/eijffinger-textil-tapete-vlies-reunited-372564-lichtblau\/#primaryimage"},"image":{"@id":"https:\/\/www.hama-bodenbelag.de\/shop\/shop\/wand\/tapeten\/eijffinger\/eijffinger-textil-tapete-vlies-reunited-372564-lichtblau\/#primaryimage"},"thumbnailUrl":"https:\/\/www.hama-bodenbelag.de\/shop\/wp-content\/uploads\/2020\/10\/eijffinger-eijffinger-textil-tapete-vlies-reunited-372564-lichtblau.jpg","datePublished":"2023-03-08T19:05:33+00:00","dateModified":"2023-03-16T11:32:13+00:00","breadcrumb":{"@id":"https:\/\/www.hama-bodenbelag.de\/shop\/shop\/wand\/tapeten\/eijffinger\/eijffinger-textil-tapete-vlies-reunited-372564-lichtblau\/#breadcrumb"},"inLanguage":"de","potentialAction":[{"@type":"ReadAction","target":["https:\/\/www.hama-bodenbelag.de\/shop\/shop\/wand\/tapeten\/eijffinger\/eijffinger-textil-tapete-vlies-reunited-372564-lichtblau\/"]}]},{"@type":"ImageObject","inLanguage":"de","@id":"https:\/\/www.hama-bodenbelag.de\/shop\/shop\/wand\/tapeten\/eijffinger\/eijffinger-textil-tapete-vlies-reunited-372564-lichtblau\/#primaryimage","url":"https:\/\/www.hama-bodenbelag.de\/shop\/wp-content\/uploads\/2020\/10\/eijffinger-eijffinger-textil-tapete-vlies-reunited-372564-lichtblau.jpg","contentUrl":"https:\/\/www.hama-bodenbelag.de\/shop\/wp-content\/uploads\/2020\/10\/eijffinger-eijffinger-textil-tapete-vlies-reunited-372564-lichtblau.jpg","width":1118,"height":1382},{"@type":"BreadcrumbList","@id":"https:\/\/www.hama-bodenbelag.de\/shop\/shop\/wand\/tapeten\/eijffinger\/eijffinger-textil-tapete-vlies-reunited-372564-lichtblau\/#breadcrumb","itemListElement":[{"@type":"ListItem","position":1,"name":"Startseite","item":"https:\/\/www.hama-bodenbelag.de\/shop\/"},{"@type":"ListItem","position":2,"name":"Shop","item":"https:\/\/www.hama-bodenbelag.de\/shop\/shop\/"},{"@type":"ListItem","position":3,"name":"Eijffinger Textil Tapete Vlies Reunited 372564 (Lichtblau)"}]},{"@type":"WebSite","@id":"https:\/\/www.hama-bodenbelag.de\/shop\/#website","url":"https:\/\/www.hama-bodenbelag.de\/shop\/","name":"Shop Hama Bodenbelagstudio","description":"Shop Hama Bodenbelagstudio Muttstadt","publisher":{"@id":"https:\/\/www.hama-bodenbelag.de\/shop\/#organization"},"potentialAction":[{"@type":"SearchAction","target":{"@type":"EntryPoint","urlTemplate":"https:\/\/www.hama-bodenbelag.de\/shop\/?s={search_term_string}"},"query-input":{"@type":"PropertyValueSpecification","valueRequired":true,"valueName":"search_term_string"}}],"inLanguage":"de"},{"@type":"Organization","@id":"https:\/\/www.hama-bodenbelag.de\/shop\/#organization","name":"Hama Bodenbelagstudio","url":"https:\/\/www.hama-bodenbelag.de\/shop\/","logo":{"@type":"ImageObject","inLanguage":"de","@id":"https:\/\/www.hama-bodenbelag.de\/shop\/#\/schema\/logo\/image\/","url":"https:\/\/www.hama-bodenbelag.de\/wp-content\/uploads\/2018\/03\/Hama-Logo-mit-Mini_webjpg.jpg","contentUrl":"https:\/\/www.hama-bodenbelag.de\/wp-content\/uploads\/2018\/03\/Hama-Logo-mit-Mini_webjpg.jpg","width":1945,"height":609,"caption":"Hama Bodenbelagstudio"},"image":{"@id":"https:\/\/www.hama-bodenbelag.de\/shop\/#\/schema\/logo\/image\/"},"sameAs":["https:\/\/www.facebook.com\/hamamutterstadt\/"]}]}},"jetpack_sharing_enabled":true,"_links":{"self":[{"href":"https:\/\/www.hama-bodenbelag.de\/shop\/wp-json\/wp\/v2\/product\/36909","targetHints":{"allow":["GET"]}}],"collection":[{"href":"https:\/\/www.hama-bodenbelag.de\/shop\/wp-json\/wp\/v2\/product"}],"about":[{"href":"https:\/\/www.hama-bodenbelag.de\/shop\/wp-json\/wp\/v2\/types\/product"}],"replies":[{"embeddable":true,"href":"https:\/\/www.hama-bodenbelag.de\/shop\/wp-json\/wp\/v2\/comments?post=36909"}],"wp:featuredmedia":[{"embeddable":true,"href":"https:\/\/www.hama-bodenbelag.de\/shop\/wp-json\/wp\/v2\/media\/3520"}],"wp:attachment":[{"href":"https:\/\/www.hama-bodenbelag.de\/shop\/wp-json\/wp\/v2\/media?parent=36909"}],"wp:term":[{"taxonomy":"product_brand","embeddable":true,"href":"https:\/\/www.hama-bodenbelag.de\/shop\/wp-json\/wp\/v2\/product_brand?post=36909"},{"taxonomy":"product_cat","embeddable":true,"href":"https:\/\/www.hama-bodenbelag.de\/shop\/wp-json\/wp\/v2\/product_cat?post=36909"},{"taxonomy":"product_tag","embeddable":true,"href":"https:\/\/www.hama-bodenbelag.de\/shop\/wp-json\/wp\/v2\/product_tag?post=36909"}],"curies":[{"name":"wp","href":"https:\/\/api.w.org\/{rel}","templated":true}]}}