{"id":37028,"date":"2023-03-08T20:10:17","date_gmt":"2023-03-08T19:10:17","guid":{"rendered":"https:\/\/www.hama-bodenbelag.de\/shop\/https:\/www.hama-bodenbelag.de\/shop-hama\/produkt\/eijffinger-fototapete-sundari-375211-faded-wall-rot-280-x-233-cm\/"},"modified":"2023-03-16T12:31:28","modified_gmt":"2023-03-16T11:31:28","slug":"eijffinger-fototapete-sundari-375211-faded-wall-rot-280-x-233-cm","status":"publish","type":"product","link":"https:\/\/www.hama-bodenbelag.de\/shop\/shop\/wand\/tapeten\/eijffinger\/eijffinger-fototapete-sundari-375211-faded-wall-rot-280-x-233-cm\/","title":{"rendered":"Eijffinger Fototapete Sundari 375211 &#8211; Faded Wall (Rot; 280 x 233 cm)"},"content":{"rendered":"<p>Der hochwertige Digitaldruck der Sundari Fototapete bringt alle Einzelheiten hervorragend zur Geltung, und l\u00e4sst die Fototapete wie eine echte Steinwand wirken. Sollte die Fototapete jedoch zu gro\u00df oder zu klein sein f\u00fcr Ihre Wand m\u00fcssen sie sich keine Sorgen machen, Sie k\u00f6nnen die Gr\u00f6\u00dfe bei Bedarf selbst w\u00e4hlen. Die abgetragene Optik des Designs vollendet den  Anschein einer alten Steinwand. Entdecken Sie ein ganz neues Raumgef\u00fchl f\u00fcr sich mit der Fototapete Faded Wall Red 375211 von Eijffinger!<\/p>\n","protected":false},"excerpt":{"rendered":"<p>Die digital gedruckte Sundari Fototapete Faded Wall Red 375211 von Eijffinger verwandelt Ihre Wohnung in einen exotischen Tempel.<\/p>\n","protected":false},"featured_media":3786,"comment_status":"closed","ping_status":"closed","template":"","meta":{"_acf_changed":false},"product_brand":[],"product_cat":[6631],"product_tag":[],"class_list":{"0":"post-37028","1":"product","2":"type-product","3":"status-publish","4":"has-post-thumbnail","6":"product_cat-eijffinger","7":"product_shipping_class-paketversand","8":"pa_abmessung-280-x-233-cm","9":"pa_farbe-rot","10":"pa_filterfarbe-rot","11":"pa_hersteller-eijffinger","12":"pa_kollektion-sundari","13":"pa_marke-eijffinger","14":"pa_material-vlies","15":"pa_muster-design-dekor-unis","16":"tm-no-options","18":"first","19":"instock","20":"sale","21":"taxable","22":"shipping-taxable","23":"purchasable","24":"product-type-simple"},"acf":[],"yoast_head":"<!-- This site is optimized with the Yoast SEO plugin v27.2 - https:\/\/yoast.com\/product\/yoast-seo-wordpress\/ -->\n<title>Eijffinger Fototapete Sundari 375211 - Faded Wall (Rot; 280 x 233 cm) - Shop Hama Bodenbelagstudio<\/title>\n<meta name=\"robots\" content=\"index, follow, max-snippet:-1, max-image-preview:large, max-video-preview:-1\" \/>\n<link rel=\"canonical\" href=\"https:\/\/www.hama-bodenbelag.de\/shop\/shop\/wand\/tapeten\/eijffinger\/eijffinger-fototapete-sundari-375211-faded-wall-rot-280-x-233-cm\/\" \/>\n<meta property=\"og:locale\" content=\"de_DE\" \/>\n<meta property=\"og:type\" content=\"article\" \/>\n<meta property=\"og:title\" content=\"Eijffinger Fototapete Sundari 375211 - Faded Wall (Rot; 280 x 233 cm) - Shop Hama Bodenbelagstudio\" \/>\n<meta property=\"og:description\" content=\"Die digital gedruckte Sundari Fototapete Faded Wall Red 375211 von Eijffinger verwandelt Ihre Wohnung in einen exotischen Tempel.\" \/>\n<meta property=\"og:url\" content=\"https:\/\/www.hama-bodenbelag.de\/shop\/shop\/wand\/tapeten\/eijffinger\/eijffinger-fototapete-sundari-375211-faded-wall-rot-280-x-233-cm\/\" \/>\n<meta property=\"og:site_name\" content=\"Shop Hama Bodenbelagstudio\" \/>\n<meta property=\"article:publisher\" content=\"https:\/\/www.facebook.com\/hamamutterstadt\/\" \/>\n<meta property=\"article:modified_time\" content=\"2023-03-16T11:31:28+00:00\" \/>\n<meta property=\"og:image\" content=\"https:\/\/www.hama-bodenbelag.de\/shop\/wp-content\/uploads\/2020\/10\/eijffinger-eijffinger-fototapete-sundari-375211-faded-wall-rot.jpg\" \/>\n\t<meta property=\"og:image:width\" content=\"1118\" \/>\n\t<meta property=\"og:image:height\" content=\"1340\" \/>\n\t<meta property=\"og:image:type\" content=\"image\/jpeg\" \/>\n<meta name=\"twitter:card\" content=\"summary_large_image\" \/>\n<script type=\"application\/ld+json\" class=\"yoast-schema-graph\">{\"@context\":\"https:\/\/schema.org\",\"@graph\":[{\"@type\":\"WebPage\",\"@id\":\"https:\/\/www.hama-bodenbelag.de\/shop\/shop\/wand\/tapeten\/eijffinger\/eijffinger-fototapete-sundari-375211-faded-wall-rot-280-x-233-cm\/\",\"url\":\"https:\/\/www.hama-bodenbelag.de\/shop\/shop\/wand\/tapeten\/eijffinger\/eijffinger-fototapete-sundari-375211-faded-wall-rot-280-x-233-cm\/\",\"name\":\"Eijffinger Fototapete Sundari 375211 - Faded Wall (Rot; 280 x 233 cm) - Shop Hama Bodenbelagstudio\",\"isPartOf\":{\"@id\":\"https:\/\/www.hama-bodenbelag.de\/shop\/#website\"},\"primaryImageOfPage\":{\"@id\":\"https:\/\/www.hama-bodenbelag.de\/shop\/shop\/wand\/tapeten\/eijffinger\/eijffinger-fototapete-sundari-375211-faded-wall-rot-280-x-233-cm\/#primaryimage\"},\"image\":{\"@id\":\"https:\/\/www.hama-bodenbelag.de\/shop\/shop\/wand\/tapeten\/eijffinger\/eijffinger-fototapete-sundari-375211-faded-wall-rot-280-x-233-cm\/#primaryimage\"},\"thumbnailUrl\":\"https:\/\/www.hama-bodenbelag.de\/shop\/wp-content\/uploads\/2020\/10\/eijffinger-eijffinger-fototapete-sundari-375211-faded-wall-rot.jpg\",\"datePublished\":\"2023-03-08T19:10:17+00:00\",\"dateModified\":\"2023-03-16T11:31:28+00:00\",\"breadcrumb\":{\"@id\":\"https:\/\/www.hama-bodenbelag.de\/shop\/shop\/wand\/tapeten\/eijffinger\/eijffinger-fototapete-sundari-375211-faded-wall-rot-280-x-233-cm\/#breadcrumb\"},\"inLanguage\":\"de\",\"potentialAction\":[{\"@type\":\"ReadAction\",\"target\":[\"https:\/\/www.hama-bodenbelag.de\/shop\/shop\/wand\/tapeten\/eijffinger\/eijffinger-fototapete-sundari-375211-faded-wall-rot-280-x-233-cm\/\"]}]},{\"@type\":\"ImageObject\",\"inLanguage\":\"de\",\"@id\":\"https:\/\/www.hama-bodenbelag.de\/shop\/shop\/wand\/tapeten\/eijffinger\/eijffinger-fototapete-sundari-375211-faded-wall-rot-280-x-233-cm\/#primaryimage\",\"url\":\"https:\/\/www.hama-bodenbelag.de\/shop\/wp-content\/uploads\/2020\/10\/eijffinger-eijffinger-fototapete-sundari-375211-faded-wall-rot.jpg\",\"contentUrl\":\"https:\/\/www.hama-bodenbelag.de\/shop\/wp-content\/uploads\/2020\/10\/eijffinger-eijffinger-fototapete-sundari-375211-faded-wall-rot.jpg\",\"width\":1118,\"height\":1340},{\"@type\":\"BreadcrumbList\",\"@id\":\"https:\/\/www.hama-bodenbelag.de\/shop\/shop\/wand\/tapeten\/eijffinger\/eijffinger-fototapete-sundari-375211-faded-wall-rot-280-x-233-cm\/#breadcrumb\",\"itemListElement\":[{\"@type\":\"ListItem\",\"position\":1,\"name\":\"Startseite\",\"item\":\"https:\/\/www.hama-bodenbelag.de\/shop\/\"},{\"@type\":\"ListItem\",\"position\":2,\"name\":\"Shop\",\"item\":\"https:\/\/www.hama-bodenbelag.de\/shop\/shop\/\"},{\"@type\":\"ListItem\",\"position\":3,\"name\":\"Eijffinger Fototapete Sundari 375211 &#8211; Faded Wall (Rot; 280 x 233 cm)\"}]},{\"@type\":\"WebSite\",\"@id\":\"https:\/\/www.hama-bodenbelag.de\/shop\/#website\",\"url\":\"https:\/\/www.hama-bodenbelag.de\/shop\/\",\"name\":\"Shop Hama Bodenbelagstudio\",\"description\":\"Shop Hama Bodenbelagstudio Muttstadt\",\"publisher\":{\"@id\":\"https:\/\/www.hama-bodenbelag.de\/shop\/#organization\"},\"potentialAction\":[{\"@type\":\"SearchAction\",\"target\":{\"@type\":\"EntryPoint\",\"urlTemplate\":\"https:\/\/www.hama-bodenbelag.de\/shop\/?s={search_term_string}\"},\"query-input\":{\"@type\":\"PropertyValueSpecification\",\"valueRequired\":true,\"valueName\":\"search_term_string\"}}],\"inLanguage\":\"de\"},{\"@type\":\"Organization\",\"@id\":\"https:\/\/www.hama-bodenbelag.de\/shop\/#organization\",\"name\":\"Hama Bodenbelagstudio\",\"url\":\"https:\/\/www.hama-bodenbelag.de\/shop\/\",\"logo\":{\"@type\":\"ImageObject\",\"inLanguage\":\"de\",\"@id\":\"https:\/\/www.hama-bodenbelag.de\/shop\/#\/schema\/logo\/image\/\",\"url\":\"https:\/\/www.hama-bodenbelag.de\/wp-content\/uploads\/2018\/03\/Hama-Logo-mit-Mini_webjpg.jpg\",\"contentUrl\":\"https:\/\/www.hama-bodenbelag.de\/wp-content\/uploads\/2018\/03\/Hama-Logo-mit-Mini_webjpg.jpg\",\"width\":1945,\"height\":609,\"caption\":\"Hama Bodenbelagstudio\"},\"image\":{\"@id\":\"https:\/\/www.hama-bodenbelag.de\/shop\/#\/schema\/logo\/image\/\"},\"sameAs\":[\"https:\/\/www.facebook.com\/hamamutterstadt\/\"]}]}<\/script>\n<!-- \/ Yoast SEO plugin. -->","yoast_head_json":{"title":"Eijffinger Fototapete Sundari 375211 - Faded Wall (Rot; 280 x 233 cm) - Shop Hama Bodenbelagstudio","robots":{"index":"index","follow":"follow","max-snippet":"max-snippet:-1","max-image-preview":"max-image-preview:large","max-video-preview":"max-video-preview:-1"},"canonical":"https:\/\/www.hama-bodenbelag.de\/shop\/shop\/wand\/tapeten\/eijffinger\/eijffinger-fototapete-sundari-375211-faded-wall-rot-280-x-233-cm\/","og_locale":"de_DE","og_type":"article","og_title":"Eijffinger Fototapete Sundari 375211 - Faded Wall (Rot; 280 x 233 cm) - Shop Hama Bodenbelagstudio","og_description":"Die digital gedruckte Sundari Fototapete Faded Wall Red 375211 von Eijffinger verwandelt Ihre Wohnung in einen exotischen Tempel.","og_url":"https:\/\/www.hama-bodenbelag.de\/shop\/shop\/wand\/tapeten\/eijffinger\/eijffinger-fototapete-sundari-375211-faded-wall-rot-280-x-233-cm\/","og_site_name":"Shop Hama Bodenbelagstudio","article_publisher":"https:\/\/www.facebook.com\/hamamutterstadt\/","article_modified_time":"2023-03-16T11:31:28+00:00","og_image":[{"width":1118,"height":1340,"url":"https:\/\/www.hama-bodenbelag.de\/shop\/wp-content\/uploads\/2020\/10\/eijffinger-eijffinger-fototapete-sundari-375211-faded-wall-rot.jpg","type":"image\/jpeg"}],"twitter_card":"summary_large_image","schema":{"@context":"https:\/\/schema.org","@graph":[{"@type":"WebPage","@id":"https:\/\/www.hama-bodenbelag.de\/shop\/shop\/wand\/tapeten\/eijffinger\/eijffinger-fototapete-sundari-375211-faded-wall-rot-280-x-233-cm\/","url":"https:\/\/www.hama-bodenbelag.de\/shop\/shop\/wand\/tapeten\/eijffinger\/eijffinger-fototapete-sundari-375211-faded-wall-rot-280-x-233-cm\/","name":"Eijffinger Fototapete Sundari 375211 - Faded Wall (Rot; 280 x 233 cm) - Shop Hama Bodenbelagstudio","isPartOf":{"@id":"https:\/\/www.hama-bodenbelag.de\/shop\/#website"},"primaryImageOfPage":{"@id":"https:\/\/www.hama-bodenbelag.de\/shop\/shop\/wand\/tapeten\/eijffinger\/eijffinger-fototapete-sundari-375211-faded-wall-rot-280-x-233-cm\/#primaryimage"},"image":{"@id":"https:\/\/www.hama-bodenbelag.de\/shop\/shop\/wand\/tapeten\/eijffinger\/eijffinger-fototapete-sundari-375211-faded-wall-rot-280-x-233-cm\/#primaryimage"},"thumbnailUrl":"https:\/\/www.hama-bodenbelag.de\/shop\/wp-content\/uploads\/2020\/10\/eijffinger-eijffinger-fototapete-sundari-375211-faded-wall-rot.jpg","datePublished":"2023-03-08T19:10:17+00:00","dateModified":"2023-03-16T11:31:28+00:00","breadcrumb":{"@id":"https:\/\/www.hama-bodenbelag.de\/shop\/shop\/wand\/tapeten\/eijffinger\/eijffinger-fototapete-sundari-375211-faded-wall-rot-280-x-233-cm\/#breadcrumb"},"inLanguage":"de","potentialAction":[{"@type":"ReadAction","target":["https:\/\/www.hama-bodenbelag.de\/shop\/shop\/wand\/tapeten\/eijffinger\/eijffinger-fototapete-sundari-375211-faded-wall-rot-280-x-233-cm\/"]}]},{"@type":"ImageObject","inLanguage":"de","@id":"https:\/\/www.hama-bodenbelag.de\/shop\/shop\/wand\/tapeten\/eijffinger\/eijffinger-fototapete-sundari-375211-faded-wall-rot-280-x-233-cm\/#primaryimage","url":"https:\/\/www.hama-bodenbelag.de\/shop\/wp-content\/uploads\/2020\/10\/eijffinger-eijffinger-fototapete-sundari-375211-faded-wall-rot.jpg","contentUrl":"https:\/\/www.hama-bodenbelag.de\/shop\/wp-content\/uploads\/2020\/10\/eijffinger-eijffinger-fototapete-sundari-375211-faded-wall-rot.jpg","width":1118,"height":1340},{"@type":"BreadcrumbList","@id":"https:\/\/www.hama-bodenbelag.de\/shop\/shop\/wand\/tapeten\/eijffinger\/eijffinger-fototapete-sundari-375211-faded-wall-rot-280-x-233-cm\/#breadcrumb","itemListElement":[{"@type":"ListItem","position":1,"name":"Startseite","item":"https:\/\/www.hama-bodenbelag.de\/shop\/"},{"@type":"ListItem","position":2,"name":"Shop","item":"https:\/\/www.hama-bodenbelag.de\/shop\/shop\/"},{"@type":"ListItem","position":3,"name":"Eijffinger Fototapete Sundari 375211 &#8211; Faded Wall (Rot; 280 x 233 cm)"}]},{"@type":"WebSite","@id":"https:\/\/www.hama-bodenbelag.de\/shop\/#website","url":"https:\/\/www.hama-bodenbelag.de\/shop\/","name":"Shop Hama Bodenbelagstudio","description":"Shop Hama Bodenbelagstudio Muttstadt","publisher":{"@id":"https:\/\/www.hama-bodenbelag.de\/shop\/#organization"},"potentialAction":[{"@type":"SearchAction","target":{"@type":"EntryPoint","urlTemplate":"https:\/\/www.hama-bodenbelag.de\/shop\/?s={search_term_string}"},"query-input":{"@type":"PropertyValueSpecification","valueRequired":true,"valueName":"search_term_string"}}],"inLanguage":"de"},{"@type":"Organization","@id":"https:\/\/www.hama-bodenbelag.de\/shop\/#organization","name":"Hama Bodenbelagstudio","url":"https:\/\/www.hama-bodenbelag.de\/shop\/","logo":{"@type":"ImageObject","inLanguage":"de","@id":"https:\/\/www.hama-bodenbelag.de\/shop\/#\/schema\/logo\/image\/","url":"https:\/\/www.hama-bodenbelag.de\/wp-content\/uploads\/2018\/03\/Hama-Logo-mit-Mini_webjpg.jpg","contentUrl":"https:\/\/www.hama-bodenbelag.de\/wp-content\/uploads\/2018\/03\/Hama-Logo-mit-Mini_webjpg.jpg","width":1945,"height":609,"caption":"Hama Bodenbelagstudio"},"image":{"@id":"https:\/\/www.hama-bodenbelag.de\/shop\/#\/schema\/logo\/image\/"},"sameAs":["https:\/\/www.facebook.com\/hamamutterstadt\/"]}]}},"jetpack_sharing_enabled":true,"_links":{"self":[{"href":"https:\/\/www.hama-bodenbelag.de\/shop\/wp-json\/wp\/v2\/product\/37028","targetHints":{"allow":["GET"]}}],"collection":[{"href":"https:\/\/www.hama-bodenbelag.de\/shop\/wp-json\/wp\/v2\/product"}],"about":[{"href":"https:\/\/www.hama-bodenbelag.de\/shop\/wp-json\/wp\/v2\/types\/product"}],"replies":[{"embeddable":true,"href":"https:\/\/www.hama-bodenbelag.de\/shop\/wp-json\/wp\/v2\/comments?post=37028"}],"wp:featuredmedia":[{"embeddable":true,"href":"https:\/\/www.hama-bodenbelag.de\/shop\/wp-json\/wp\/v2\/media\/3786"}],"wp:attachment":[{"href":"https:\/\/www.hama-bodenbelag.de\/shop\/wp-json\/wp\/v2\/media?parent=37028"}],"wp:term":[{"taxonomy":"product_brand","embeddable":true,"href":"https:\/\/www.hama-bodenbelag.de\/shop\/wp-json\/wp\/v2\/product_brand?post=37028"},{"taxonomy":"product_cat","embeddable":true,"href":"https:\/\/www.hama-bodenbelag.de\/shop\/wp-json\/wp\/v2\/product_cat?post=37028"},{"taxonomy":"product_tag","embeddable":true,"href":"https:\/\/www.hama-bodenbelag.de\/shop\/wp-json\/wp\/v2\/product_tag?post=37028"}],"curies":[{"name":"wp","href":"https:\/\/api.w.org\/{rel}","templated":true}]}}