{"id":37305,"date":"2023-03-08T20:21:44","date_gmt":"2023-03-08T19:21:44","guid":{"rendered":"https:\/\/www.hama-bodenbelag.de\/shop\/https:\/www.hama-bodenbelag.de\/shop-hama\/produkt\/eijffinger-tapete-natural-wallcoverings-ll-389523-breite-grasstreifen-braun\/"},"modified":"2023-03-16T12:31:48","modified_gmt":"2023-03-16T11:31:48","slug":"eijffinger-tapete-natural-wallcoverings-ll-389523-breite-grasstreifen-braun","status":"publish","type":"product","link":"https:\/\/www.hama-bodenbelag.de\/shop\/shop\/wand\/tapeten\/eijffinger\/eijffinger-tapete-natural-wallcoverings-ll-389523-breite-grasstreifen-braun\/","title":{"rendered":"Eijffinger Tapete Natural Wallcoverings ll 389523 &#8211; Breite Grasstreifen (Braun)"},"content":{"rendered":"<p>Die einzelnen Streifen die bei der Naturtapete 389523 verarbeitet wurden sind breiter, weshalb die Unregelm\u00e4\u00dfigkeiten und Besonderheiten des Materials st\u00e4rker zur Geltung kommen. In Handarbeit wurden die einzelnen Grashalme ausgew\u00e4hlt, in der Sonne getrocknet und zu Tapeten der Natural Wallcoverings Kollektion verarbeitet. Die nat\u00fcrlichen Unregelm\u00e4\u00dfigkeiten im Material steigern die Individualit\u00e4t der Tapete und erh\u00f6hen den nat\u00fcrlichen Charme noch weiter. Lassen Sie die Eijffinger Tapete 389523 f\u00fcr sich sprechen in Ihrer Wohnung!<\/p>\n","protected":false},"excerpt":{"rendered":"<p>Die einzigartige Naturtapete 389523 aus breiten Grasstreifen aus der Natural Wallcoverings II Kollektion von Eijffinger hebt den Charakter des Materials ganz besonders hervor.<\/p>\n","protected":false},"featured_media":4482,"comment_status":"closed","ping_status":"closed","template":"","meta":{"_acf_changed":false},"product_brand":[],"product_cat":[6631],"product_tag":[],"class_list":{"0":"post-37305","1":"product","2":"type-product","3":"status-publish","4":"has-post-thumbnail","6":"product_cat-eijffinger","7":"product_shipping_class-paketversand","8":"pa_abmessung-550-x-91-cm","9":"pa_farbe-braun","10":"pa_filterfarbe-braun","11":"pa_hersteller-eijffinger","12":"pa_kollektion-natural-wallcoverings-ii","13":"pa_marke-eijffinger","14":"pa_material-papier","15":"pa_muster-design-dekor-unis","16":"tm-no-options","18":"first","19":"instock","20":"sale","21":"taxable","22":"shipping-taxable","23":"purchasable","24":"product-type-simple"},"acf":[],"yoast_head":"<!-- This site is optimized with the Yoast SEO plugin v27.2 - https:\/\/yoast.com\/product\/yoast-seo-wordpress\/ -->\n<title>Eijffinger Tapete Natural Wallcoverings ll 389523 - Breite Grasstreifen (Braun) - Shop Hama Bodenbelagstudio<\/title>\n<meta name=\"robots\" content=\"index, follow, max-snippet:-1, max-image-preview:large, max-video-preview:-1\" \/>\n<link rel=\"canonical\" href=\"https:\/\/www.hama-bodenbelag.de\/shop\/shop\/wand\/tapeten\/eijffinger\/eijffinger-tapete-natural-wallcoverings-ll-389523-breite-grasstreifen-braun\/\" \/>\n<meta property=\"og:locale\" content=\"de_DE\" \/>\n<meta property=\"og:type\" content=\"article\" \/>\n<meta property=\"og:title\" content=\"Eijffinger Tapete Natural Wallcoverings ll 389523 - Breite Grasstreifen (Braun) - Shop Hama Bodenbelagstudio\" \/>\n<meta property=\"og:description\" content=\"Die einzigartige Naturtapete 389523 aus breiten Grasstreifen aus der Natural Wallcoverings II Kollektion von Eijffinger hebt den Charakter des Materials ganz besonders hervor.\" \/>\n<meta property=\"og:url\" content=\"https:\/\/www.hama-bodenbelag.de\/shop\/shop\/wand\/tapeten\/eijffinger\/eijffinger-tapete-natural-wallcoverings-ll-389523-breite-grasstreifen-braun\/\" \/>\n<meta property=\"og:site_name\" content=\"Shop Hama Bodenbelagstudio\" \/>\n<meta property=\"article:publisher\" content=\"https:\/\/www.facebook.com\/hamamutterstadt\/\" \/>\n<meta property=\"article:modified_time\" content=\"2023-03-16T11:31:48+00:00\" \/>\n<meta property=\"og:image\" content=\"https:\/\/www.hama-bodenbelag.de\/shop\/wp-content\/uploads\/2020\/10\/eijffinger-eijffinger-tapete-natural-wallcoverings-ll-389523-breite-grasstreifen-braun.jpg\" \/>\n\t<meta property=\"og:image:width\" content=\"1118\" \/>\n\t<meta property=\"og:image:height\" content=\"1381\" \/>\n\t<meta property=\"og:image:type\" content=\"image\/jpeg\" \/>\n<meta name=\"twitter:card\" content=\"summary_large_image\" \/>\n<script type=\"application\/ld+json\" class=\"yoast-schema-graph\">{\"@context\":\"https:\/\/schema.org\",\"@graph\":[{\"@type\":\"WebPage\",\"@id\":\"https:\/\/www.hama-bodenbelag.de\/shop\/shop\/wand\/tapeten\/eijffinger\/eijffinger-tapete-natural-wallcoverings-ll-389523-breite-grasstreifen-braun\/\",\"url\":\"https:\/\/www.hama-bodenbelag.de\/shop\/shop\/wand\/tapeten\/eijffinger\/eijffinger-tapete-natural-wallcoverings-ll-389523-breite-grasstreifen-braun\/\",\"name\":\"Eijffinger Tapete Natural Wallcoverings ll 389523 - Breite Grasstreifen (Braun) - Shop Hama Bodenbelagstudio\",\"isPartOf\":{\"@id\":\"https:\/\/www.hama-bodenbelag.de\/shop\/#website\"},\"primaryImageOfPage\":{\"@id\":\"https:\/\/www.hama-bodenbelag.de\/shop\/shop\/wand\/tapeten\/eijffinger\/eijffinger-tapete-natural-wallcoverings-ll-389523-breite-grasstreifen-braun\/#primaryimage\"},\"image\":{\"@id\":\"https:\/\/www.hama-bodenbelag.de\/shop\/shop\/wand\/tapeten\/eijffinger\/eijffinger-tapete-natural-wallcoverings-ll-389523-breite-grasstreifen-braun\/#primaryimage\"},\"thumbnailUrl\":\"https:\/\/www.hama-bodenbelag.de\/shop\/wp-content\/uploads\/2020\/10\/eijffinger-eijffinger-tapete-natural-wallcoverings-ll-389523-breite-grasstreifen-braun.jpg\",\"datePublished\":\"2023-03-08T19:21:44+00:00\",\"dateModified\":\"2023-03-16T11:31:48+00:00\",\"breadcrumb\":{\"@id\":\"https:\/\/www.hama-bodenbelag.de\/shop\/shop\/wand\/tapeten\/eijffinger\/eijffinger-tapete-natural-wallcoverings-ll-389523-breite-grasstreifen-braun\/#breadcrumb\"},\"inLanguage\":\"de\",\"potentialAction\":[{\"@type\":\"ReadAction\",\"target\":[\"https:\/\/www.hama-bodenbelag.de\/shop\/shop\/wand\/tapeten\/eijffinger\/eijffinger-tapete-natural-wallcoverings-ll-389523-breite-grasstreifen-braun\/\"]}]},{\"@type\":\"ImageObject\",\"inLanguage\":\"de\",\"@id\":\"https:\/\/www.hama-bodenbelag.de\/shop\/shop\/wand\/tapeten\/eijffinger\/eijffinger-tapete-natural-wallcoverings-ll-389523-breite-grasstreifen-braun\/#primaryimage\",\"url\":\"https:\/\/www.hama-bodenbelag.de\/shop\/wp-content\/uploads\/2020\/10\/eijffinger-eijffinger-tapete-natural-wallcoverings-ll-389523-breite-grasstreifen-braun.jpg\",\"contentUrl\":\"https:\/\/www.hama-bodenbelag.de\/shop\/wp-content\/uploads\/2020\/10\/eijffinger-eijffinger-tapete-natural-wallcoverings-ll-389523-breite-grasstreifen-braun.jpg\",\"width\":1118,\"height\":1381},{\"@type\":\"BreadcrumbList\",\"@id\":\"https:\/\/www.hama-bodenbelag.de\/shop\/shop\/wand\/tapeten\/eijffinger\/eijffinger-tapete-natural-wallcoverings-ll-389523-breite-grasstreifen-braun\/#breadcrumb\",\"itemListElement\":[{\"@type\":\"ListItem\",\"position\":1,\"name\":\"Startseite\",\"item\":\"https:\/\/www.hama-bodenbelag.de\/shop\/\"},{\"@type\":\"ListItem\",\"position\":2,\"name\":\"Shop\",\"item\":\"https:\/\/www.hama-bodenbelag.de\/shop\/shop\/\"},{\"@type\":\"ListItem\",\"position\":3,\"name\":\"Eijffinger Tapete Natural Wallcoverings ll 389523 &#8211; Breite Grasstreifen (Braun)\"}]},{\"@type\":\"WebSite\",\"@id\":\"https:\/\/www.hama-bodenbelag.de\/shop\/#website\",\"url\":\"https:\/\/www.hama-bodenbelag.de\/shop\/\",\"name\":\"Shop Hama Bodenbelagstudio\",\"description\":\"Shop Hama Bodenbelagstudio Muttstadt\",\"publisher\":{\"@id\":\"https:\/\/www.hama-bodenbelag.de\/shop\/#organization\"},\"potentialAction\":[{\"@type\":\"SearchAction\",\"target\":{\"@type\":\"EntryPoint\",\"urlTemplate\":\"https:\/\/www.hama-bodenbelag.de\/shop\/?s={search_term_string}\"},\"query-input\":{\"@type\":\"PropertyValueSpecification\",\"valueRequired\":true,\"valueName\":\"search_term_string\"}}],\"inLanguage\":\"de\"},{\"@type\":\"Organization\",\"@id\":\"https:\/\/www.hama-bodenbelag.de\/shop\/#organization\",\"name\":\"Hama Bodenbelagstudio\",\"url\":\"https:\/\/www.hama-bodenbelag.de\/shop\/\",\"logo\":{\"@type\":\"ImageObject\",\"inLanguage\":\"de\",\"@id\":\"https:\/\/www.hama-bodenbelag.de\/shop\/#\/schema\/logo\/image\/\",\"url\":\"https:\/\/www.hama-bodenbelag.de\/wp-content\/uploads\/2018\/03\/Hama-Logo-mit-Mini_webjpg.jpg\",\"contentUrl\":\"https:\/\/www.hama-bodenbelag.de\/wp-content\/uploads\/2018\/03\/Hama-Logo-mit-Mini_webjpg.jpg\",\"width\":1945,\"height\":609,\"caption\":\"Hama Bodenbelagstudio\"},\"image\":{\"@id\":\"https:\/\/www.hama-bodenbelag.de\/shop\/#\/schema\/logo\/image\/\"},\"sameAs\":[\"https:\/\/www.facebook.com\/hamamutterstadt\/\"]}]}<\/script>\n<!-- \/ Yoast SEO plugin. -->","yoast_head_json":{"title":"Eijffinger Tapete Natural Wallcoverings ll 389523 - Breite Grasstreifen (Braun) - Shop Hama Bodenbelagstudio","robots":{"index":"index","follow":"follow","max-snippet":"max-snippet:-1","max-image-preview":"max-image-preview:large","max-video-preview":"max-video-preview:-1"},"canonical":"https:\/\/www.hama-bodenbelag.de\/shop\/shop\/wand\/tapeten\/eijffinger\/eijffinger-tapete-natural-wallcoverings-ll-389523-breite-grasstreifen-braun\/","og_locale":"de_DE","og_type":"article","og_title":"Eijffinger Tapete Natural Wallcoverings ll 389523 - Breite Grasstreifen (Braun) - Shop Hama Bodenbelagstudio","og_description":"Die einzigartige Naturtapete 389523 aus breiten Grasstreifen aus der Natural Wallcoverings II Kollektion von Eijffinger hebt den Charakter des Materials ganz besonders hervor.","og_url":"https:\/\/www.hama-bodenbelag.de\/shop\/shop\/wand\/tapeten\/eijffinger\/eijffinger-tapete-natural-wallcoverings-ll-389523-breite-grasstreifen-braun\/","og_site_name":"Shop Hama Bodenbelagstudio","article_publisher":"https:\/\/www.facebook.com\/hamamutterstadt\/","article_modified_time":"2023-03-16T11:31:48+00:00","og_image":[{"width":1118,"height":1381,"url":"https:\/\/www.hama-bodenbelag.de\/shop\/wp-content\/uploads\/2020\/10\/eijffinger-eijffinger-tapete-natural-wallcoverings-ll-389523-breite-grasstreifen-braun.jpg","type":"image\/jpeg"}],"twitter_card":"summary_large_image","schema":{"@context":"https:\/\/schema.org","@graph":[{"@type":"WebPage","@id":"https:\/\/www.hama-bodenbelag.de\/shop\/shop\/wand\/tapeten\/eijffinger\/eijffinger-tapete-natural-wallcoverings-ll-389523-breite-grasstreifen-braun\/","url":"https:\/\/www.hama-bodenbelag.de\/shop\/shop\/wand\/tapeten\/eijffinger\/eijffinger-tapete-natural-wallcoverings-ll-389523-breite-grasstreifen-braun\/","name":"Eijffinger Tapete Natural Wallcoverings ll 389523 - Breite Grasstreifen (Braun) - Shop Hama Bodenbelagstudio","isPartOf":{"@id":"https:\/\/www.hama-bodenbelag.de\/shop\/#website"},"primaryImageOfPage":{"@id":"https:\/\/www.hama-bodenbelag.de\/shop\/shop\/wand\/tapeten\/eijffinger\/eijffinger-tapete-natural-wallcoverings-ll-389523-breite-grasstreifen-braun\/#primaryimage"},"image":{"@id":"https:\/\/www.hama-bodenbelag.de\/shop\/shop\/wand\/tapeten\/eijffinger\/eijffinger-tapete-natural-wallcoverings-ll-389523-breite-grasstreifen-braun\/#primaryimage"},"thumbnailUrl":"https:\/\/www.hama-bodenbelag.de\/shop\/wp-content\/uploads\/2020\/10\/eijffinger-eijffinger-tapete-natural-wallcoverings-ll-389523-breite-grasstreifen-braun.jpg","datePublished":"2023-03-08T19:21:44+00:00","dateModified":"2023-03-16T11:31:48+00:00","breadcrumb":{"@id":"https:\/\/www.hama-bodenbelag.de\/shop\/shop\/wand\/tapeten\/eijffinger\/eijffinger-tapete-natural-wallcoverings-ll-389523-breite-grasstreifen-braun\/#breadcrumb"},"inLanguage":"de","potentialAction":[{"@type":"ReadAction","target":["https:\/\/www.hama-bodenbelag.de\/shop\/shop\/wand\/tapeten\/eijffinger\/eijffinger-tapete-natural-wallcoverings-ll-389523-breite-grasstreifen-braun\/"]}]},{"@type":"ImageObject","inLanguage":"de","@id":"https:\/\/www.hama-bodenbelag.de\/shop\/shop\/wand\/tapeten\/eijffinger\/eijffinger-tapete-natural-wallcoverings-ll-389523-breite-grasstreifen-braun\/#primaryimage","url":"https:\/\/www.hama-bodenbelag.de\/shop\/wp-content\/uploads\/2020\/10\/eijffinger-eijffinger-tapete-natural-wallcoverings-ll-389523-breite-grasstreifen-braun.jpg","contentUrl":"https:\/\/www.hama-bodenbelag.de\/shop\/wp-content\/uploads\/2020\/10\/eijffinger-eijffinger-tapete-natural-wallcoverings-ll-389523-breite-grasstreifen-braun.jpg","width":1118,"height":1381},{"@type":"BreadcrumbList","@id":"https:\/\/www.hama-bodenbelag.de\/shop\/shop\/wand\/tapeten\/eijffinger\/eijffinger-tapete-natural-wallcoverings-ll-389523-breite-grasstreifen-braun\/#breadcrumb","itemListElement":[{"@type":"ListItem","position":1,"name":"Startseite","item":"https:\/\/www.hama-bodenbelag.de\/shop\/"},{"@type":"ListItem","position":2,"name":"Shop","item":"https:\/\/www.hama-bodenbelag.de\/shop\/shop\/"},{"@type":"ListItem","position":3,"name":"Eijffinger Tapete Natural Wallcoverings ll 389523 &#8211; Breite Grasstreifen (Braun)"}]},{"@type":"WebSite","@id":"https:\/\/www.hama-bodenbelag.de\/shop\/#website","url":"https:\/\/www.hama-bodenbelag.de\/shop\/","name":"Shop Hama Bodenbelagstudio","description":"Shop Hama Bodenbelagstudio Muttstadt","publisher":{"@id":"https:\/\/www.hama-bodenbelag.de\/shop\/#organization"},"potentialAction":[{"@type":"SearchAction","target":{"@type":"EntryPoint","urlTemplate":"https:\/\/www.hama-bodenbelag.de\/shop\/?s={search_term_string}"},"query-input":{"@type":"PropertyValueSpecification","valueRequired":true,"valueName":"search_term_string"}}],"inLanguage":"de"},{"@type":"Organization","@id":"https:\/\/www.hama-bodenbelag.de\/shop\/#organization","name":"Hama Bodenbelagstudio","url":"https:\/\/www.hama-bodenbelag.de\/shop\/","logo":{"@type":"ImageObject","inLanguage":"de","@id":"https:\/\/www.hama-bodenbelag.de\/shop\/#\/schema\/logo\/image\/","url":"https:\/\/www.hama-bodenbelag.de\/wp-content\/uploads\/2018\/03\/Hama-Logo-mit-Mini_webjpg.jpg","contentUrl":"https:\/\/www.hama-bodenbelag.de\/wp-content\/uploads\/2018\/03\/Hama-Logo-mit-Mini_webjpg.jpg","width":1945,"height":609,"caption":"Hama Bodenbelagstudio"},"image":{"@id":"https:\/\/www.hama-bodenbelag.de\/shop\/#\/schema\/logo\/image\/"},"sameAs":["https:\/\/www.facebook.com\/hamamutterstadt\/"]}]}},"jetpack_sharing_enabled":true,"_links":{"self":[{"href":"https:\/\/www.hama-bodenbelag.de\/shop\/wp-json\/wp\/v2\/product\/37305","targetHints":{"allow":["GET"]}}],"collection":[{"href":"https:\/\/www.hama-bodenbelag.de\/shop\/wp-json\/wp\/v2\/product"}],"about":[{"href":"https:\/\/www.hama-bodenbelag.de\/shop\/wp-json\/wp\/v2\/types\/product"}],"replies":[{"embeddable":true,"href":"https:\/\/www.hama-bodenbelag.de\/shop\/wp-json\/wp\/v2\/comments?post=37305"}],"wp:featuredmedia":[{"embeddable":true,"href":"https:\/\/www.hama-bodenbelag.de\/shop\/wp-json\/wp\/v2\/media\/4482"}],"wp:attachment":[{"href":"https:\/\/www.hama-bodenbelag.de\/shop\/wp-json\/wp\/v2\/media?parent=37305"}],"wp:term":[{"taxonomy":"product_brand","embeddable":true,"href":"https:\/\/www.hama-bodenbelag.de\/shop\/wp-json\/wp\/v2\/product_brand?post=37305"},{"taxonomy":"product_cat","embeddable":true,"href":"https:\/\/www.hama-bodenbelag.de\/shop\/wp-json\/wp\/v2\/product_cat?post=37305"},{"taxonomy":"product_tag","embeddable":true,"href":"https:\/\/www.hama-bodenbelag.de\/shop\/wp-json\/wp\/v2\/product_tag?post=37305"}],"curies":[{"name":"wp","href":"https:\/\/api.w.org\/{rel}","templated":true}]}}