{"id":37335,"date":"2023-03-08T20:22:55","date_gmt":"2023-03-08T19:22:55","guid":{"rendered":"https:\/\/www.hama-bodenbelag.de\/shop\/https:\/www.hama-bodenbelag.de\/shop-hama\/produkt\/eijffinger-tapete-natural-wallcoverings-ll-389553-grasgewebe-graublau\/"},"modified":"2023-03-16T12:31:56","modified_gmt":"2023-03-16T11:31:56","slug":"eijffinger-tapete-natural-wallcoverings-ll-389553-grasgewebe-graublau","status":"publish","type":"product","link":"https:\/\/www.hama-bodenbelag.de\/shop\/shop\/wand\/tapeten\/eijffinger\/eijffinger-tapete-natural-wallcoverings-ll-389553-grasgewebe-graublau\/","title":{"rendered":"Eijffinger Tapete Natural Wallcoverings ll 389553 &#8211; Grasgewebe (Graublau)"},"content":{"rendered":"<p>Die Naturtapete 389553 aus Grasgewebe ist in unz\u00e4hligen Varianten erh\u00e4ltlich, die alle eine andere Qualit\u00e4t des vielseitigen Materials hervorheben und zur Geltung bringen. In Handarbeit wurden die einzelnen Grashalme ausgew\u00e4hlt, in der Sonne getrocknet und zu Tapeten der Natural Wallcoverings Kollektion verarbeitet. Die nat\u00fcrlichen Unregelm\u00e4\u00dfigkeiten im Material steigern die Individualit\u00e4t der Tapete und erh\u00f6hen den nat\u00fcrlichen Charme noch weiter. Selbst die F\u00e4den welche die Fasern zum Untergrund binden sind feinstens ausgew\u00e4hlt. Entdecken Sie jetzt f\u00fcr Ihr Zuhause die Kraft der Naturtapete 389553 von Eijffinger!<\/p>\n","protected":false},"excerpt":{"rendered":"<p>Die einzigartige Naturtapete 389553 aus Grasgewebe aus der Natural Wallcoverings II Kollektion von Eijffinger bringt den Charme nat\u00fcrlicher Materialien zu Ihnen nach Hause.<\/p>\n","protected":false},"featured_media":4542,"comment_status":"closed","ping_status":"closed","template":"","meta":{"_acf_changed":false},"product_brand":[],"product_cat":[6631],"product_tag":[],"class_list":{"0":"post-37335","1":"product","2":"type-product","3":"status-publish","4":"has-post-thumbnail","6":"product_cat-eijffinger","7":"product_shipping_class-paketversand","8":"pa_abmessung-550-x-90-cm","9":"pa_farbe-graublau","10":"pa_filterfarbe-braun","11":"pa_hersteller-eijffinger","12":"pa_kollektion-natural-wallcoverings-ii","13":"pa_marke-eijffinger","14":"pa_material-papier","15":"pa_muster-design-dekor-unis","16":"tm-no-options","18":"first","19":"instock","20":"sale","21":"taxable","22":"shipping-taxable","23":"purchasable","24":"product-type-simple"},"acf":[],"yoast_head":"<!-- This site is optimized with the Yoast SEO plugin v27.2 - https:\/\/yoast.com\/product\/yoast-seo-wordpress\/ -->\n<title>Eijffinger Tapete Natural Wallcoverings ll 389553 - Grasgewebe (Graublau) - Shop Hama Bodenbelagstudio<\/title>\n<meta name=\"robots\" content=\"index, follow, max-snippet:-1, max-image-preview:large, max-video-preview:-1\" \/>\n<link rel=\"canonical\" href=\"https:\/\/www.hama-bodenbelag.de\/shop\/shop\/wand\/tapeten\/eijffinger\/eijffinger-tapete-natural-wallcoverings-ll-389553-grasgewebe-graublau\/\" \/>\n<meta property=\"og:locale\" content=\"de_DE\" \/>\n<meta property=\"og:type\" content=\"article\" \/>\n<meta property=\"og:title\" content=\"Eijffinger Tapete Natural Wallcoverings ll 389553 - Grasgewebe (Graublau) - Shop Hama Bodenbelagstudio\" \/>\n<meta property=\"og:description\" content=\"Die einzigartige Naturtapete 389553 aus Grasgewebe aus der Natural Wallcoverings II Kollektion von Eijffinger bringt den Charme nat\u00fcrlicher Materialien zu Ihnen nach Hause.\" \/>\n<meta property=\"og:url\" content=\"https:\/\/www.hama-bodenbelag.de\/shop\/shop\/wand\/tapeten\/eijffinger\/eijffinger-tapete-natural-wallcoverings-ll-389553-grasgewebe-graublau\/\" \/>\n<meta property=\"og:site_name\" content=\"Shop Hama Bodenbelagstudio\" \/>\n<meta property=\"article:publisher\" content=\"https:\/\/www.facebook.com\/hamamutterstadt\/\" \/>\n<meta property=\"article:modified_time\" content=\"2023-03-16T11:31:56+00:00\" \/>\n<meta property=\"og:image\" content=\"https:\/\/www.hama-bodenbelag.de\/shop\/wp-content\/uploads\/2020\/10\/eijffinger-eijffinger-tapete-natural-wallcoverings-ll-389553-grasgewebe-graublau.jpg\" \/>\n\t<meta property=\"og:image:width\" content=\"1118\" \/>\n\t<meta property=\"og:image:height\" content=\"1381\" \/>\n\t<meta property=\"og:image:type\" content=\"image\/jpeg\" \/>\n<meta name=\"twitter:card\" content=\"summary_large_image\" \/>\n<script type=\"application\/ld+json\" class=\"yoast-schema-graph\">{\"@context\":\"https:\/\/schema.org\",\"@graph\":[{\"@type\":\"WebPage\",\"@id\":\"https:\/\/www.hama-bodenbelag.de\/shop\/shop\/wand\/tapeten\/eijffinger\/eijffinger-tapete-natural-wallcoverings-ll-389553-grasgewebe-graublau\/\",\"url\":\"https:\/\/www.hama-bodenbelag.de\/shop\/shop\/wand\/tapeten\/eijffinger\/eijffinger-tapete-natural-wallcoverings-ll-389553-grasgewebe-graublau\/\",\"name\":\"Eijffinger Tapete Natural Wallcoverings ll 389553 - Grasgewebe (Graublau) - Shop Hama Bodenbelagstudio\",\"isPartOf\":{\"@id\":\"https:\/\/www.hama-bodenbelag.de\/shop\/#website\"},\"primaryImageOfPage\":{\"@id\":\"https:\/\/www.hama-bodenbelag.de\/shop\/shop\/wand\/tapeten\/eijffinger\/eijffinger-tapete-natural-wallcoverings-ll-389553-grasgewebe-graublau\/#primaryimage\"},\"image\":{\"@id\":\"https:\/\/www.hama-bodenbelag.de\/shop\/shop\/wand\/tapeten\/eijffinger\/eijffinger-tapete-natural-wallcoverings-ll-389553-grasgewebe-graublau\/#primaryimage\"},\"thumbnailUrl\":\"https:\/\/www.hama-bodenbelag.de\/shop\/wp-content\/uploads\/2020\/10\/eijffinger-eijffinger-tapete-natural-wallcoverings-ll-389553-grasgewebe-graublau.jpg\",\"datePublished\":\"2023-03-08T19:22:55+00:00\",\"dateModified\":\"2023-03-16T11:31:56+00:00\",\"breadcrumb\":{\"@id\":\"https:\/\/www.hama-bodenbelag.de\/shop\/shop\/wand\/tapeten\/eijffinger\/eijffinger-tapete-natural-wallcoverings-ll-389553-grasgewebe-graublau\/#breadcrumb\"},\"inLanguage\":\"de\",\"potentialAction\":[{\"@type\":\"ReadAction\",\"target\":[\"https:\/\/www.hama-bodenbelag.de\/shop\/shop\/wand\/tapeten\/eijffinger\/eijffinger-tapete-natural-wallcoverings-ll-389553-grasgewebe-graublau\/\"]}]},{\"@type\":\"ImageObject\",\"inLanguage\":\"de\",\"@id\":\"https:\/\/www.hama-bodenbelag.de\/shop\/shop\/wand\/tapeten\/eijffinger\/eijffinger-tapete-natural-wallcoverings-ll-389553-grasgewebe-graublau\/#primaryimage\",\"url\":\"https:\/\/www.hama-bodenbelag.de\/shop\/wp-content\/uploads\/2020\/10\/eijffinger-eijffinger-tapete-natural-wallcoverings-ll-389553-grasgewebe-graublau.jpg\",\"contentUrl\":\"https:\/\/www.hama-bodenbelag.de\/shop\/wp-content\/uploads\/2020\/10\/eijffinger-eijffinger-tapete-natural-wallcoverings-ll-389553-grasgewebe-graublau.jpg\",\"width\":1118,\"height\":1381},{\"@type\":\"BreadcrumbList\",\"@id\":\"https:\/\/www.hama-bodenbelag.de\/shop\/shop\/wand\/tapeten\/eijffinger\/eijffinger-tapete-natural-wallcoverings-ll-389553-grasgewebe-graublau\/#breadcrumb\",\"itemListElement\":[{\"@type\":\"ListItem\",\"position\":1,\"name\":\"Startseite\",\"item\":\"https:\/\/www.hama-bodenbelag.de\/shop\/\"},{\"@type\":\"ListItem\",\"position\":2,\"name\":\"Shop\",\"item\":\"https:\/\/www.hama-bodenbelag.de\/shop\/shop\/\"},{\"@type\":\"ListItem\",\"position\":3,\"name\":\"Eijffinger Tapete Natural Wallcoverings ll 389553 &#8211; Grasgewebe (Graublau)\"}]},{\"@type\":\"WebSite\",\"@id\":\"https:\/\/www.hama-bodenbelag.de\/shop\/#website\",\"url\":\"https:\/\/www.hama-bodenbelag.de\/shop\/\",\"name\":\"Shop Hama Bodenbelagstudio\",\"description\":\"Shop Hama Bodenbelagstudio Muttstadt\",\"publisher\":{\"@id\":\"https:\/\/www.hama-bodenbelag.de\/shop\/#organization\"},\"potentialAction\":[{\"@type\":\"SearchAction\",\"target\":{\"@type\":\"EntryPoint\",\"urlTemplate\":\"https:\/\/www.hama-bodenbelag.de\/shop\/?s={search_term_string}\"},\"query-input\":{\"@type\":\"PropertyValueSpecification\",\"valueRequired\":true,\"valueName\":\"search_term_string\"}}],\"inLanguage\":\"de\"},{\"@type\":\"Organization\",\"@id\":\"https:\/\/www.hama-bodenbelag.de\/shop\/#organization\",\"name\":\"Hama Bodenbelagstudio\",\"url\":\"https:\/\/www.hama-bodenbelag.de\/shop\/\",\"logo\":{\"@type\":\"ImageObject\",\"inLanguage\":\"de\",\"@id\":\"https:\/\/www.hama-bodenbelag.de\/shop\/#\/schema\/logo\/image\/\",\"url\":\"https:\/\/www.hama-bodenbelag.de\/wp-content\/uploads\/2018\/03\/Hama-Logo-mit-Mini_webjpg.jpg\",\"contentUrl\":\"https:\/\/www.hama-bodenbelag.de\/wp-content\/uploads\/2018\/03\/Hama-Logo-mit-Mini_webjpg.jpg\",\"width\":1945,\"height\":609,\"caption\":\"Hama Bodenbelagstudio\"},\"image\":{\"@id\":\"https:\/\/www.hama-bodenbelag.de\/shop\/#\/schema\/logo\/image\/\"},\"sameAs\":[\"https:\/\/www.facebook.com\/hamamutterstadt\/\"]}]}<\/script>\n<!-- \/ Yoast SEO plugin. -->","yoast_head_json":{"title":"Eijffinger Tapete Natural Wallcoverings ll 389553 - Grasgewebe (Graublau) - Shop Hama Bodenbelagstudio","robots":{"index":"index","follow":"follow","max-snippet":"max-snippet:-1","max-image-preview":"max-image-preview:large","max-video-preview":"max-video-preview:-1"},"canonical":"https:\/\/www.hama-bodenbelag.de\/shop\/shop\/wand\/tapeten\/eijffinger\/eijffinger-tapete-natural-wallcoverings-ll-389553-grasgewebe-graublau\/","og_locale":"de_DE","og_type":"article","og_title":"Eijffinger Tapete Natural Wallcoverings ll 389553 - Grasgewebe (Graublau) - Shop Hama Bodenbelagstudio","og_description":"Die einzigartige Naturtapete 389553 aus Grasgewebe aus der Natural Wallcoverings II Kollektion von Eijffinger bringt den Charme nat\u00fcrlicher Materialien zu Ihnen nach Hause.","og_url":"https:\/\/www.hama-bodenbelag.de\/shop\/shop\/wand\/tapeten\/eijffinger\/eijffinger-tapete-natural-wallcoverings-ll-389553-grasgewebe-graublau\/","og_site_name":"Shop Hama Bodenbelagstudio","article_publisher":"https:\/\/www.facebook.com\/hamamutterstadt\/","article_modified_time":"2023-03-16T11:31:56+00:00","og_image":[{"width":1118,"height":1381,"url":"https:\/\/www.hama-bodenbelag.de\/shop\/wp-content\/uploads\/2020\/10\/eijffinger-eijffinger-tapete-natural-wallcoverings-ll-389553-grasgewebe-graublau.jpg","type":"image\/jpeg"}],"twitter_card":"summary_large_image","schema":{"@context":"https:\/\/schema.org","@graph":[{"@type":"WebPage","@id":"https:\/\/www.hama-bodenbelag.de\/shop\/shop\/wand\/tapeten\/eijffinger\/eijffinger-tapete-natural-wallcoverings-ll-389553-grasgewebe-graublau\/","url":"https:\/\/www.hama-bodenbelag.de\/shop\/shop\/wand\/tapeten\/eijffinger\/eijffinger-tapete-natural-wallcoverings-ll-389553-grasgewebe-graublau\/","name":"Eijffinger Tapete Natural Wallcoverings ll 389553 - Grasgewebe (Graublau) - Shop Hama Bodenbelagstudio","isPartOf":{"@id":"https:\/\/www.hama-bodenbelag.de\/shop\/#website"},"primaryImageOfPage":{"@id":"https:\/\/www.hama-bodenbelag.de\/shop\/shop\/wand\/tapeten\/eijffinger\/eijffinger-tapete-natural-wallcoverings-ll-389553-grasgewebe-graublau\/#primaryimage"},"image":{"@id":"https:\/\/www.hama-bodenbelag.de\/shop\/shop\/wand\/tapeten\/eijffinger\/eijffinger-tapete-natural-wallcoverings-ll-389553-grasgewebe-graublau\/#primaryimage"},"thumbnailUrl":"https:\/\/www.hama-bodenbelag.de\/shop\/wp-content\/uploads\/2020\/10\/eijffinger-eijffinger-tapete-natural-wallcoverings-ll-389553-grasgewebe-graublau.jpg","datePublished":"2023-03-08T19:22:55+00:00","dateModified":"2023-03-16T11:31:56+00:00","breadcrumb":{"@id":"https:\/\/www.hama-bodenbelag.de\/shop\/shop\/wand\/tapeten\/eijffinger\/eijffinger-tapete-natural-wallcoverings-ll-389553-grasgewebe-graublau\/#breadcrumb"},"inLanguage":"de","potentialAction":[{"@type":"ReadAction","target":["https:\/\/www.hama-bodenbelag.de\/shop\/shop\/wand\/tapeten\/eijffinger\/eijffinger-tapete-natural-wallcoverings-ll-389553-grasgewebe-graublau\/"]}]},{"@type":"ImageObject","inLanguage":"de","@id":"https:\/\/www.hama-bodenbelag.de\/shop\/shop\/wand\/tapeten\/eijffinger\/eijffinger-tapete-natural-wallcoverings-ll-389553-grasgewebe-graublau\/#primaryimage","url":"https:\/\/www.hama-bodenbelag.de\/shop\/wp-content\/uploads\/2020\/10\/eijffinger-eijffinger-tapete-natural-wallcoverings-ll-389553-grasgewebe-graublau.jpg","contentUrl":"https:\/\/www.hama-bodenbelag.de\/shop\/wp-content\/uploads\/2020\/10\/eijffinger-eijffinger-tapete-natural-wallcoverings-ll-389553-grasgewebe-graublau.jpg","width":1118,"height":1381},{"@type":"BreadcrumbList","@id":"https:\/\/www.hama-bodenbelag.de\/shop\/shop\/wand\/tapeten\/eijffinger\/eijffinger-tapete-natural-wallcoverings-ll-389553-grasgewebe-graublau\/#breadcrumb","itemListElement":[{"@type":"ListItem","position":1,"name":"Startseite","item":"https:\/\/www.hama-bodenbelag.de\/shop\/"},{"@type":"ListItem","position":2,"name":"Shop","item":"https:\/\/www.hama-bodenbelag.de\/shop\/shop\/"},{"@type":"ListItem","position":3,"name":"Eijffinger Tapete Natural Wallcoverings ll 389553 &#8211; Grasgewebe (Graublau)"}]},{"@type":"WebSite","@id":"https:\/\/www.hama-bodenbelag.de\/shop\/#website","url":"https:\/\/www.hama-bodenbelag.de\/shop\/","name":"Shop Hama Bodenbelagstudio","description":"Shop Hama Bodenbelagstudio Muttstadt","publisher":{"@id":"https:\/\/www.hama-bodenbelag.de\/shop\/#organization"},"potentialAction":[{"@type":"SearchAction","target":{"@type":"EntryPoint","urlTemplate":"https:\/\/www.hama-bodenbelag.de\/shop\/?s={search_term_string}"},"query-input":{"@type":"PropertyValueSpecification","valueRequired":true,"valueName":"search_term_string"}}],"inLanguage":"de"},{"@type":"Organization","@id":"https:\/\/www.hama-bodenbelag.de\/shop\/#organization","name":"Hama Bodenbelagstudio","url":"https:\/\/www.hama-bodenbelag.de\/shop\/","logo":{"@type":"ImageObject","inLanguage":"de","@id":"https:\/\/www.hama-bodenbelag.de\/shop\/#\/schema\/logo\/image\/","url":"https:\/\/www.hama-bodenbelag.de\/wp-content\/uploads\/2018\/03\/Hama-Logo-mit-Mini_webjpg.jpg","contentUrl":"https:\/\/www.hama-bodenbelag.de\/wp-content\/uploads\/2018\/03\/Hama-Logo-mit-Mini_webjpg.jpg","width":1945,"height":609,"caption":"Hama Bodenbelagstudio"},"image":{"@id":"https:\/\/www.hama-bodenbelag.de\/shop\/#\/schema\/logo\/image\/"},"sameAs":["https:\/\/www.facebook.com\/hamamutterstadt\/"]}]}},"jetpack_sharing_enabled":true,"_links":{"self":[{"href":"https:\/\/www.hama-bodenbelag.de\/shop\/wp-json\/wp\/v2\/product\/37335","targetHints":{"allow":["GET"]}}],"collection":[{"href":"https:\/\/www.hama-bodenbelag.de\/shop\/wp-json\/wp\/v2\/product"}],"about":[{"href":"https:\/\/www.hama-bodenbelag.de\/shop\/wp-json\/wp\/v2\/types\/product"}],"replies":[{"embeddable":true,"href":"https:\/\/www.hama-bodenbelag.de\/shop\/wp-json\/wp\/v2\/comments?post=37335"}],"wp:featuredmedia":[{"embeddable":true,"href":"https:\/\/www.hama-bodenbelag.de\/shop\/wp-json\/wp\/v2\/media\/4542"}],"wp:attachment":[{"href":"https:\/\/www.hama-bodenbelag.de\/shop\/wp-json\/wp\/v2\/media?parent=37335"}],"wp:term":[{"taxonomy":"product_brand","embeddable":true,"href":"https:\/\/www.hama-bodenbelag.de\/shop\/wp-json\/wp\/v2\/product_brand?post=37335"},{"taxonomy":"product_cat","embeddable":true,"href":"https:\/\/www.hama-bodenbelag.de\/shop\/wp-json\/wp\/v2\/product_cat?post=37335"},{"taxonomy":"product_tag","embeddable":true,"href":"https:\/\/www.hama-bodenbelag.de\/shop\/wp-json\/wp\/v2\/product_tag?post=37335"}],"curies":[{"name":"wp","href":"https:\/\/api.w.org\/{rel}","templated":true}]}}