{"id":37486,"date":"2023-03-08T20:29:01","date_gmt":"2023-03-08T19:29:01","guid":{"rendered":"https:\/\/www.hama-bodenbelag.de\/shop\/https:\/www.hama-bodenbelag.de\/shop-hama\/produkt\/gloeoeckler-imperial-tapete-54840-moire-vorhang-elfenbein\/"},"modified":"2023-03-17T00:07:35","modified_gmt":"2023-03-16T23:07:35","slug":"gloeoeckler-imperial-tapete-54840-moire-vorhang-elfenbein","status":"publish","type":"product","link":"https:\/\/www.hama-bodenbelag.de\/shop\/shop\/wand\/tapeten\/marburg\/gloeoeckler-imperial-tapete-54840-moire-vorhang-elfenbein\/","title":{"rendered":"Gl\u00f6\u00f6ckler Imperial Tapete 54840 &#8211; Moir\u00e9 Vorhang (Elfenbein)"},"content":{"rendered":"<p>Diese Tapete findet ihren Ursprung in dem textilen Charme schwerer, changierender Moir\u00e9vorh\u00e4nge. In Kombination mit Mustertapeten der GL\u00d6\u00d6CKLER IMPERIAL Kollektion rundet diese Tapete den exklusiven Auftritt gelungen ab. Setzten Sie mit dieser Tapete ein kaiserliches Statement in Ihren R\u00e4umen.<\/p>\n","protected":false},"excerpt":{"rendered":"<p>Die einzigartige Tapetenkollektion GL\u00d6\u00d6CKLER IMPERIAL spiegelt die Extravaganz und Exzentrik ihres Designers Harald Gl\u00f6\u00f6ckler wieder. Mit einem unverwechselbaren Design in Kombination mit hochwertigsten Materialien und perfekter Verarbeitung wird die Tapetenkollektion GL\u00d6\u00d6CKLER IMPERIAL selbst k\u00f6niglichen Anspr\u00fcchen gerecht.<\/p>\n","protected":false},"featured_media":5240,"comment_status":"closed","ping_status":"closed","template":"","meta":{"_acf_changed":false},"product_brand":[],"product_cat":[6826],"product_tag":[],"class_list":{"0":"post-37486","1":"product","2":"type-product","3":"status-publish","4":"has-post-thumbnail","6":"product_cat-marburg","7":"product_shipping_class-paketversand","8":"pa_abmessung-10-05-x-0-7-m","9":"pa_farbe-elfenbein","10":"pa_filterfarbe-beige","11":"pa_hersteller-marburg","12":"pa_kollektion-gloeoeckler-imperial","13":"pa_marke-gloeoeckler","14":"pa_material-vlies","15":"pa_muster-design-dekor-klassisch","16":"tm-no-options","18":"first","19":"instock","20":"taxable","21":"shipping-taxable","22":"purchasable","23":"product-type-simple"},"acf":[],"yoast_head":"<!-- This site is optimized with the Yoast SEO plugin v27.2 - https:\/\/yoast.com\/product\/yoast-seo-wordpress\/ -->\n<title>Gl\u00f6\u00f6ckler Imperial Tapete 54840 - Moir\u00e9 Vorhang (Elfenbein) - Shop Hama Bodenbelagstudio<\/title>\n<meta name=\"robots\" content=\"index, follow, max-snippet:-1, max-image-preview:large, max-video-preview:-1\" \/>\n<link rel=\"canonical\" href=\"https:\/\/www.hama-bodenbelag.de\/shop\/shop\/wand\/tapeten\/marburg\/gloeoeckler-imperial-tapete-54840-moire-vorhang-elfenbein\/\" \/>\n<meta property=\"og:locale\" content=\"de_DE\" \/>\n<meta property=\"og:type\" content=\"article\" \/>\n<meta property=\"og:title\" content=\"Gl\u00f6\u00f6ckler Imperial Tapete 54840 - Moir\u00e9 Vorhang (Elfenbein) - Shop Hama Bodenbelagstudio\" \/>\n<meta property=\"og:description\" content=\"Die einzigartige Tapetenkollektion GL\u00d6\u00d6CKLER IMPERIAL spiegelt die Extravaganz und Exzentrik ihres Designers Harald Gl\u00f6\u00f6ckler wieder. Mit einem unverwechselbaren Design in Kombination mit hochwertigsten Materialien und perfekter Verarbeitung wird die Tapetenkollektion GL\u00d6\u00d6CKLER IMPERIAL selbst k\u00f6niglichen Anspr\u00fcchen gerecht.\" \/>\n<meta property=\"og:url\" content=\"https:\/\/www.hama-bodenbelag.de\/shop\/shop\/wand\/tapeten\/marburg\/gloeoeckler-imperial-tapete-54840-moire-vorhang-elfenbein\/\" \/>\n<meta property=\"og:site_name\" content=\"Shop Hama Bodenbelagstudio\" \/>\n<meta property=\"article:publisher\" content=\"https:\/\/www.facebook.com\/hamamutterstadt\/\" \/>\n<meta property=\"article:modified_time\" content=\"2023-03-16T23:07:35+00:00\" \/>\n<meta property=\"og:image\" content=\"https:\/\/www.hama-bodenbelag.de\/shop\/wp-content\/uploads\/2020\/10\/gloockler-gloockler-imperial-tapete-54840-moire-vorhang-elfenbein.jpg\" \/>\n\t<meta property=\"og:image:width\" content=\"800\" \/>\n\t<meta property=\"og:image:height\" content=\"900\" \/>\n\t<meta property=\"og:image:type\" content=\"image\/jpeg\" \/>\n<meta name=\"twitter:card\" content=\"summary_large_image\" \/>\n<script type=\"application\/ld+json\" class=\"yoast-schema-graph\">{\"@context\":\"https:\/\/schema.org\",\"@graph\":[{\"@type\":\"WebPage\",\"@id\":\"https:\/\/www.hama-bodenbelag.de\/shop\/shop\/wand\/tapeten\/marburg\/gloeoeckler-imperial-tapete-54840-moire-vorhang-elfenbein\/\",\"url\":\"https:\/\/www.hama-bodenbelag.de\/shop\/shop\/wand\/tapeten\/marburg\/gloeoeckler-imperial-tapete-54840-moire-vorhang-elfenbein\/\",\"name\":\"Gl\u00f6\u00f6ckler Imperial Tapete 54840 - Moir\u00e9 Vorhang (Elfenbein) - Shop Hama Bodenbelagstudio\",\"isPartOf\":{\"@id\":\"https:\/\/www.hama-bodenbelag.de\/shop\/#website\"},\"primaryImageOfPage\":{\"@id\":\"https:\/\/www.hama-bodenbelag.de\/shop\/shop\/wand\/tapeten\/marburg\/gloeoeckler-imperial-tapete-54840-moire-vorhang-elfenbein\/#primaryimage\"},\"image\":{\"@id\":\"https:\/\/www.hama-bodenbelag.de\/shop\/shop\/wand\/tapeten\/marburg\/gloeoeckler-imperial-tapete-54840-moire-vorhang-elfenbein\/#primaryimage\"},\"thumbnailUrl\":\"https:\/\/www.hama-bodenbelag.de\/shop\/wp-content\/uploads\/2020\/10\/gloockler-gloockler-imperial-tapete-54840-moire-vorhang-elfenbein.jpg\",\"datePublished\":\"2023-03-08T19:29:01+00:00\",\"dateModified\":\"2023-03-16T23:07:35+00:00\",\"breadcrumb\":{\"@id\":\"https:\/\/www.hama-bodenbelag.de\/shop\/shop\/wand\/tapeten\/marburg\/gloeoeckler-imperial-tapete-54840-moire-vorhang-elfenbein\/#breadcrumb\"},\"inLanguage\":\"de\",\"potentialAction\":[{\"@type\":\"ReadAction\",\"target\":[\"https:\/\/www.hama-bodenbelag.de\/shop\/shop\/wand\/tapeten\/marburg\/gloeoeckler-imperial-tapete-54840-moire-vorhang-elfenbein\/\"]}]},{\"@type\":\"ImageObject\",\"inLanguage\":\"de\",\"@id\":\"https:\/\/www.hama-bodenbelag.de\/shop\/shop\/wand\/tapeten\/marburg\/gloeoeckler-imperial-tapete-54840-moire-vorhang-elfenbein\/#primaryimage\",\"url\":\"https:\/\/www.hama-bodenbelag.de\/shop\/wp-content\/uploads\/2020\/10\/gloockler-gloockler-imperial-tapete-54840-moire-vorhang-elfenbein.jpg\",\"contentUrl\":\"https:\/\/www.hama-bodenbelag.de\/shop\/wp-content\/uploads\/2020\/10\/gloockler-gloockler-imperial-tapete-54840-moire-vorhang-elfenbein.jpg\",\"width\":800,\"height\":900},{\"@type\":\"BreadcrumbList\",\"@id\":\"https:\/\/www.hama-bodenbelag.de\/shop\/shop\/wand\/tapeten\/marburg\/gloeoeckler-imperial-tapete-54840-moire-vorhang-elfenbein\/#breadcrumb\",\"itemListElement\":[{\"@type\":\"ListItem\",\"position\":1,\"name\":\"Startseite\",\"item\":\"https:\/\/www.hama-bodenbelag.de\/shop\/\"},{\"@type\":\"ListItem\",\"position\":2,\"name\":\"Shop\",\"item\":\"https:\/\/www.hama-bodenbelag.de\/shop\/shop\/\"},{\"@type\":\"ListItem\",\"position\":3,\"name\":\"Gl\u00f6\u00f6ckler Imperial Tapete 54840 &#8211; Moir\u00e9 Vorhang (Elfenbein)\"}]},{\"@type\":\"WebSite\",\"@id\":\"https:\/\/www.hama-bodenbelag.de\/shop\/#website\",\"url\":\"https:\/\/www.hama-bodenbelag.de\/shop\/\",\"name\":\"Shop Hama Bodenbelagstudio\",\"description\":\"Shop Hama Bodenbelagstudio Muttstadt\",\"publisher\":{\"@id\":\"https:\/\/www.hama-bodenbelag.de\/shop\/#organization\"},\"potentialAction\":[{\"@type\":\"SearchAction\",\"target\":{\"@type\":\"EntryPoint\",\"urlTemplate\":\"https:\/\/www.hama-bodenbelag.de\/shop\/?s={search_term_string}\"},\"query-input\":{\"@type\":\"PropertyValueSpecification\",\"valueRequired\":true,\"valueName\":\"search_term_string\"}}],\"inLanguage\":\"de\"},{\"@type\":\"Organization\",\"@id\":\"https:\/\/www.hama-bodenbelag.de\/shop\/#organization\",\"name\":\"Hama Bodenbelagstudio\",\"url\":\"https:\/\/www.hama-bodenbelag.de\/shop\/\",\"logo\":{\"@type\":\"ImageObject\",\"inLanguage\":\"de\",\"@id\":\"https:\/\/www.hama-bodenbelag.de\/shop\/#\/schema\/logo\/image\/\",\"url\":\"https:\/\/www.hama-bodenbelag.de\/wp-content\/uploads\/2018\/03\/Hama-Logo-mit-Mini_webjpg.jpg\",\"contentUrl\":\"https:\/\/www.hama-bodenbelag.de\/wp-content\/uploads\/2018\/03\/Hama-Logo-mit-Mini_webjpg.jpg\",\"width\":1945,\"height\":609,\"caption\":\"Hama Bodenbelagstudio\"},\"image\":{\"@id\":\"https:\/\/www.hama-bodenbelag.de\/shop\/#\/schema\/logo\/image\/\"},\"sameAs\":[\"https:\/\/www.facebook.com\/hamamutterstadt\/\"]}]}<\/script>\n<!-- \/ Yoast SEO plugin. -->","yoast_head_json":{"title":"Gl\u00f6\u00f6ckler Imperial Tapete 54840 - Moir\u00e9 Vorhang (Elfenbein) - Shop Hama Bodenbelagstudio","robots":{"index":"index","follow":"follow","max-snippet":"max-snippet:-1","max-image-preview":"max-image-preview:large","max-video-preview":"max-video-preview:-1"},"canonical":"https:\/\/www.hama-bodenbelag.de\/shop\/shop\/wand\/tapeten\/marburg\/gloeoeckler-imperial-tapete-54840-moire-vorhang-elfenbein\/","og_locale":"de_DE","og_type":"article","og_title":"Gl\u00f6\u00f6ckler Imperial Tapete 54840 - Moir\u00e9 Vorhang (Elfenbein) - Shop Hama Bodenbelagstudio","og_description":"Die einzigartige Tapetenkollektion GL\u00d6\u00d6CKLER IMPERIAL spiegelt die Extravaganz und Exzentrik ihres Designers Harald Gl\u00f6\u00f6ckler wieder. Mit einem unverwechselbaren Design in Kombination mit hochwertigsten Materialien und perfekter Verarbeitung wird die Tapetenkollektion GL\u00d6\u00d6CKLER IMPERIAL selbst k\u00f6niglichen Anspr\u00fcchen gerecht.","og_url":"https:\/\/www.hama-bodenbelag.de\/shop\/shop\/wand\/tapeten\/marburg\/gloeoeckler-imperial-tapete-54840-moire-vorhang-elfenbein\/","og_site_name":"Shop Hama Bodenbelagstudio","article_publisher":"https:\/\/www.facebook.com\/hamamutterstadt\/","article_modified_time":"2023-03-16T23:07:35+00:00","og_image":[{"width":800,"height":900,"url":"https:\/\/www.hama-bodenbelag.de\/shop\/wp-content\/uploads\/2020\/10\/gloockler-gloockler-imperial-tapete-54840-moire-vorhang-elfenbein.jpg","type":"image\/jpeg"}],"twitter_card":"summary_large_image","schema":{"@context":"https:\/\/schema.org","@graph":[{"@type":"WebPage","@id":"https:\/\/www.hama-bodenbelag.de\/shop\/shop\/wand\/tapeten\/marburg\/gloeoeckler-imperial-tapete-54840-moire-vorhang-elfenbein\/","url":"https:\/\/www.hama-bodenbelag.de\/shop\/shop\/wand\/tapeten\/marburg\/gloeoeckler-imperial-tapete-54840-moire-vorhang-elfenbein\/","name":"Gl\u00f6\u00f6ckler Imperial Tapete 54840 - Moir\u00e9 Vorhang (Elfenbein) - Shop Hama Bodenbelagstudio","isPartOf":{"@id":"https:\/\/www.hama-bodenbelag.de\/shop\/#website"},"primaryImageOfPage":{"@id":"https:\/\/www.hama-bodenbelag.de\/shop\/shop\/wand\/tapeten\/marburg\/gloeoeckler-imperial-tapete-54840-moire-vorhang-elfenbein\/#primaryimage"},"image":{"@id":"https:\/\/www.hama-bodenbelag.de\/shop\/shop\/wand\/tapeten\/marburg\/gloeoeckler-imperial-tapete-54840-moire-vorhang-elfenbein\/#primaryimage"},"thumbnailUrl":"https:\/\/www.hama-bodenbelag.de\/shop\/wp-content\/uploads\/2020\/10\/gloockler-gloockler-imperial-tapete-54840-moire-vorhang-elfenbein.jpg","datePublished":"2023-03-08T19:29:01+00:00","dateModified":"2023-03-16T23:07:35+00:00","breadcrumb":{"@id":"https:\/\/www.hama-bodenbelag.de\/shop\/shop\/wand\/tapeten\/marburg\/gloeoeckler-imperial-tapete-54840-moire-vorhang-elfenbein\/#breadcrumb"},"inLanguage":"de","potentialAction":[{"@type":"ReadAction","target":["https:\/\/www.hama-bodenbelag.de\/shop\/shop\/wand\/tapeten\/marburg\/gloeoeckler-imperial-tapete-54840-moire-vorhang-elfenbein\/"]}]},{"@type":"ImageObject","inLanguage":"de","@id":"https:\/\/www.hama-bodenbelag.de\/shop\/shop\/wand\/tapeten\/marburg\/gloeoeckler-imperial-tapete-54840-moire-vorhang-elfenbein\/#primaryimage","url":"https:\/\/www.hama-bodenbelag.de\/shop\/wp-content\/uploads\/2020\/10\/gloockler-gloockler-imperial-tapete-54840-moire-vorhang-elfenbein.jpg","contentUrl":"https:\/\/www.hama-bodenbelag.de\/shop\/wp-content\/uploads\/2020\/10\/gloockler-gloockler-imperial-tapete-54840-moire-vorhang-elfenbein.jpg","width":800,"height":900},{"@type":"BreadcrumbList","@id":"https:\/\/www.hama-bodenbelag.de\/shop\/shop\/wand\/tapeten\/marburg\/gloeoeckler-imperial-tapete-54840-moire-vorhang-elfenbein\/#breadcrumb","itemListElement":[{"@type":"ListItem","position":1,"name":"Startseite","item":"https:\/\/www.hama-bodenbelag.de\/shop\/"},{"@type":"ListItem","position":2,"name":"Shop","item":"https:\/\/www.hama-bodenbelag.de\/shop\/shop\/"},{"@type":"ListItem","position":3,"name":"Gl\u00f6\u00f6ckler Imperial Tapete 54840 &#8211; Moir\u00e9 Vorhang (Elfenbein)"}]},{"@type":"WebSite","@id":"https:\/\/www.hama-bodenbelag.de\/shop\/#website","url":"https:\/\/www.hama-bodenbelag.de\/shop\/","name":"Shop Hama Bodenbelagstudio","description":"Shop Hama Bodenbelagstudio Muttstadt","publisher":{"@id":"https:\/\/www.hama-bodenbelag.de\/shop\/#organization"},"potentialAction":[{"@type":"SearchAction","target":{"@type":"EntryPoint","urlTemplate":"https:\/\/www.hama-bodenbelag.de\/shop\/?s={search_term_string}"},"query-input":{"@type":"PropertyValueSpecification","valueRequired":true,"valueName":"search_term_string"}}],"inLanguage":"de"},{"@type":"Organization","@id":"https:\/\/www.hama-bodenbelag.de\/shop\/#organization","name":"Hama Bodenbelagstudio","url":"https:\/\/www.hama-bodenbelag.de\/shop\/","logo":{"@type":"ImageObject","inLanguage":"de","@id":"https:\/\/www.hama-bodenbelag.de\/shop\/#\/schema\/logo\/image\/","url":"https:\/\/www.hama-bodenbelag.de\/wp-content\/uploads\/2018\/03\/Hama-Logo-mit-Mini_webjpg.jpg","contentUrl":"https:\/\/www.hama-bodenbelag.de\/wp-content\/uploads\/2018\/03\/Hama-Logo-mit-Mini_webjpg.jpg","width":1945,"height":609,"caption":"Hama Bodenbelagstudio"},"image":{"@id":"https:\/\/www.hama-bodenbelag.de\/shop\/#\/schema\/logo\/image\/"},"sameAs":["https:\/\/www.facebook.com\/hamamutterstadt\/"]}]}},"jetpack_sharing_enabled":true,"_links":{"self":[{"href":"https:\/\/www.hama-bodenbelag.de\/shop\/wp-json\/wp\/v2\/product\/37486","targetHints":{"allow":["GET"]}}],"collection":[{"href":"https:\/\/www.hama-bodenbelag.de\/shop\/wp-json\/wp\/v2\/product"}],"about":[{"href":"https:\/\/www.hama-bodenbelag.de\/shop\/wp-json\/wp\/v2\/types\/product"}],"replies":[{"embeddable":true,"href":"https:\/\/www.hama-bodenbelag.de\/shop\/wp-json\/wp\/v2\/comments?post=37486"}],"wp:featuredmedia":[{"embeddable":true,"href":"https:\/\/www.hama-bodenbelag.de\/shop\/wp-json\/wp\/v2\/media\/5240"}],"wp:attachment":[{"href":"https:\/\/www.hama-bodenbelag.de\/shop\/wp-json\/wp\/v2\/media?parent=37486"}],"wp:term":[{"taxonomy":"product_brand","embeddable":true,"href":"https:\/\/www.hama-bodenbelag.de\/shop\/wp-json\/wp\/v2\/product_brand?post=37486"},{"taxonomy":"product_cat","embeddable":true,"href":"https:\/\/www.hama-bodenbelag.de\/shop\/wp-json\/wp\/v2\/product_cat?post=37486"},{"taxonomy":"product_tag","embeddable":true,"href":"https:\/\/www.hama-bodenbelag.de\/shop\/wp-json\/wp\/v2\/product_tag?post=37486"}],"curies":[{"name":"wp","href":"https:\/\/api.w.org\/{rel}","templated":true}]}}