{"id":37538,"date":"2023-03-08T20:31:12","date_gmt":"2023-03-08T19:31:12","guid":{"rendered":"https:\/\/www.hama-bodenbelag.de\/shop\/https:\/www.hama-bodenbelag.de\/shop-hama\/produkt\/colani-legend-tapete-helix-spirale-mit-carbonpraegung-aluminiumgrau\/"},"modified":"2023-03-16T12:31:20","modified_gmt":"2023-03-16T11:31:20","slug":"colani-legend-tapete-helix-spirale-mit-carbonpraegung-aluminiumgrau","status":"publish","type":"product","link":"https:\/\/www.hama-bodenbelag.de\/shop\/shop\/wand\/tapeten\/marburg\/colani-legend-tapete-helix-spirale-mit-carbonpraegung-aluminiumgrau\/","title":{"rendered":"Colani Legend Tapete &#8211; Helix Spirale mit Carbonpr\u00e4gung (Aluminiumgrau)"},"content":{"rendered":"<p>Die Helix Spiral Motiv Tapete 59804 kleidet Ihre W\u00e4nde in einem edlem Aluminumgrau. Kombiniert werden kann die Colani Legend Tapete 59804 mit einer der beiden Uni Tapete aus der Colani Legend Kollektion. Zus\u00e4tzlich k\u00f6nnen Sie mit den Tapeten Deko-Elementen der Colani Legend in Tropfen- oder Halbkreis-Form Ihrer Colani Tapete den letzten Schliff  verleihen. Auch eine Colani Signatur steht Ihnen als Tapetendekoration zum veredeln Ihrer Colani Legend Tapete zur Verf\u00fcgung.<\/p>\n","protected":false},"excerpt":{"rendered":"<p>Die Helix Spiral Motiv Tapete 59804 ist eines der Hauptmotive aus der f\u00fcnften Colani Legend Tapetenkollektion.  Das graphische Design dieser hochwertigen Colani Legend Tapete verf\u00fcgt dank der innovativen Carbon Pr\u00e4gung \u00fcber eine unglaubliche Plastizit\u00e4t und einen beeindruckenden 3D Effekt. Die metallisch gl\u00e4nzende Oberfl\u00e4che des Helix Tapetenmotivs ist ein Alleinstellungsmerkmal in der Colani Legend Tapetenkollektion. Da die restlichen Motive der Colani Legend \u00fcber eine matte Oberfl\u00e4chenstruktur verf\u00fcgen, entsteht in Kombination mit der Helix Tapete 59804 ein \u00fcberaus spannender Kontrast an der Wand.<\/p>\n","protected":false},"featured_media":6006,"comment_status":"closed","ping_status":"closed","template":"","meta":{"_acf_changed":false},"product_brand":[],"product_cat":[6826],"product_tag":[],"class_list":{"0":"post-37538","1":"product","2":"type-product","3":"status-publish","4":"has-post-thumbnail","6":"product_cat-marburg","7":"product_shipping_class-paketversand","8":"pa_abmessung-10-x-0-7-m","9":"pa_farbe-aluminiumgrau","10":"pa_filterfarbe-grau","11":"pa_hersteller-marburg","12":"pa_kollektion-colani-legend","13":"pa_marke-colani","14":"pa_material-vlies","15":"pa_muster-design-dekor-modern","16":"tm-no-options","18":"first","19":"instock","20":"sale","21":"taxable","22":"shipping-taxable","23":"purchasable","24":"product-type-simple"},"acf":[],"yoast_head":"<!-- This site is optimized with the Yoast SEO plugin v27.2 - https:\/\/yoast.com\/product\/yoast-seo-wordpress\/ -->\n<title>Colani Legend Tapete - Helix Spirale mit Carbonpr\u00e4gung (Aluminiumgrau) - Shop Hama Bodenbelagstudio<\/title>\n<meta name=\"robots\" content=\"index, follow, max-snippet:-1, max-image-preview:large, max-video-preview:-1\" \/>\n<link rel=\"canonical\" href=\"https:\/\/www.hama-bodenbelag.de\/shop\/shop\/wand\/tapeten\/marburg\/colani-legend-tapete-helix-spirale-mit-carbonpraegung-aluminiumgrau\/\" \/>\n<meta property=\"og:locale\" content=\"de_DE\" \/>\n<meta property=\"og:type\" content=\"article\" \/>\n<meta property=\"og:title\" content=\"Colani Legend Tapete - Helix Spirale mit Carbonpr\u00e4gung (Aluminiumgrau) - Shop Hama Bodenbelagstudio\" \/>\n<meta property=\"og:description\" content=\"Die Helix Spiral Motiv Tapete 59804 ist eines der Hauptmotive aus der f\u00fcnften Colani Legend Tapetenkollektion. Das graphische Design dieser hochwertigen Colani Legend Tapete verf\u00fcgt dank der innovativen Carbon Pr\u00e4gung \u00fcber eine unglaubliche Plastizit\u00e4t und einen beeindruckenden 3D Effekt. Die metallisch gl\u00e4nzende Oberfl\u00e4che des Helix Tapetenmotivs ist ein Alleinstellungsmerkmal in der Colani Legend Tapetenkollektion. Da die restlichen Motive der Colani Legend \u00fcber eine matte Oberfl\u00e4chenstruktur verf\u00fcgen, entsteht in Kombination mit der Helix Tapete 59804 ein \u00fcberaus spannender Kontrast an der Wand.\" \/>\n<meta property=\"og:url\" content=\"https:\/\/www.hama-bodenbelag.de\/shop\/shop\/wand\/tapeten\/marburg\/colani-legend-tapete-helix-spirale-mit-carbonpraegung-aluminiumgrau\/\" \/>\n<meta property=\"og:site_name\" content=\"Shop Hama Bodenbelagstudio\" \/>\n<meta property=\"article:publisher\" content=\"https:\/\/www.facebook.com\/hamamutterstadt\/\" \/>\n<meta property=\"article:modified_time\" content=\"2023-03-16T11:31:20+00:00\" \/>\n<meta property=\"og:image\" content=\"https:\/\/www.hama-bodenbelag.de\/shop\/wp-content\/uploads\/2020\/10\/colani-colani-legend-tapete-helix-spirale-mit-carbonpragung-aluminiumgrau.jpg\" \/>\n\t<meta property=\"og:image:width\" content=\"900\" \/>\n\t<meta property=\"og:image:height\" content=\"900\" \/>\n\t<meta property=\"og:image:type\" content=\"image\/jpeg\" \/>\n<meta name=\"twitter:card\" content=\"summary_large_image\" \/>\n<script type=\"application\/ld+json\" class=\"yoast-schema-graph\">{\"@context\":\"https:\/\/schema.org\",\"@graph\":[{\"@type\":\"WebPage\",\"@id\":\"https:\/\/www.hama-bodenbelag.de\/shop\/shop\/wand\/tapeten\/marburg\/colani-legend-tapete-helix-spirale-mit-carbonpraegung-aluminiumgrau\/\",\"url\":\"https:\/\/www.hama-bodenbelag.de\/shop\/shop\/wand\/tapeten\/marburg\/colani-legend-tapete-helix-spirale-mit-carbonpraegung-aluminiumgrau\/\",\"name\":\"Colani Legend Tapete - Helix Spirale mit Carbonpr\u00e4gung (Aluminiumgrau) - Shop Hama Bodenbelagstudio\",\"isPartOf\":{\"@id\":\"https:\/\/www.hama-bodenbelag.de\/shop\/#website\"},\"primaryImageOfPage\":{\"@id\":\"https:\/\/www.hama-bodenbelag.de\/shop\/shop\/wand\/tapeten\/marburg\/colani-legend-tapete-helix-spirale-mit-carbonpraegung-aluminiumgrau\/#primaryimage\"},\"image\":{\"@id\":\"https:\/\/www.hama-bodenbelag.de\/shop\/shop\/wand\/tapeten\/marburg\/colani-legend-tapete-helix-spirale-mit-carbonpraegung-aluminiumgrau\/#primaryimage\"},\"thumbnailUrl\":\"https:\/\/www.hama-bodenbelag.de\/shop\/wp-content\/uploads\/2020\/10\/colani-colani-legend-tapete-helix-spirale-mit-carbonpragung-aluminiumgrau.jpg\",\"datePublished\":\"2023-03-08T19:31:12+00:00\",\"dateModified\":\"2023-03-16T11:31:20+00:00\",\"breadcrumb\":{\"@id\":\"https:\/\/www.hama-bodenbelag.de\/shop\/shop\/wand\/tapeten\/marburg\/colani-legend-tapete-helix-spirale-mit-carbonpraegung-aluminiumgrau\/#breadcrumb\"},\"inLanguage\":\"de\",\"potentialAction\":[{\"@type\":\"ReadAction\",\"target\":[\"https:\/\/www.hama-bodenbelag.de\/shop\/shop\/wand\/tapeten\/marburg\/colani-legend-tapete-helix-spirale-mit-carbonpraegung-aluminiumgrau\/\"]}]},{\"@type\":\"ImageObject\",\"inLanguage\":\"de\",\"@id\":\"https:\/\/www.hama-bodenbelag.de\/shop\/shop\/wand\/tapeten\/marburg\/colani-legend-tapete-helix-spirale-mit-carbonpraegung-aluminiumgrau\/#primaryimage\",\"url\":\"https:\/\/www.hama-bodenbelag.de\/shop\/wp-content\/uploads\/2020\/10\/colani-colani-legend-tapete-helix-spirale-mit-carbonpragung-aluminiumgrau.jpg\",\"contentUrl\":\"https:\/\/www.hama-bodenbelag.de\/shop\/wp-content\/uploads\/2020\/10\/colani-colani-legend-tapete-helix-spirale-mit-carbonpragung-aluminiumgrau.jpg\",\"width\":900,\"height\":900},{\"@type\":\"BreadcrumbList\",\"@id\":\"https:\/\/www.hama-bodenbelag.de\/shop\/shop\/wand\/tapeten\/marburg\/colani-legend-tapete-helix-spirale-mit-carbonpraegung-aluminiumgrau\/#breadcrumb\",\"itemListElement\":[{\"@type\":\"ListItem\",\"position\":1,\"name\":\"Startseite\",\"item\":\"https:\/\/www.hama-bodenbelag.de\/shop\/\"},{\"@type\":\"ListItem\",\"position\":2,\"name\":\"Shop\",\"item\":\"https:\/\/www.hama-bodenbelag.de\/shop\/shop\/\"},{\"@type\":\"ListItem\",\"position\":3,\"name\":\"Colani Legend Tapete &#8211; Helix Spirale mit Carbonpr\u00e4gung (Aluminiumgrau)\"}]},{\"@type\":\"WebSite\",\"@id\":\"https:\/\/www.hama-bodenbelag.de\/shop\/#website\",\"url\":\"https:\/\/www.hama-bodenbelag.de\/shop\/\",\"name\":\"Shop Hama Bodenbelagstudio\",\"description\":\"Shop Hama Bodenbelagstudio Muttstadt\",\"publisher\":{\"@id\":\"https:\/\/www.hama-bodenbelag.de\/shop\/#organization\"},\"potentialAction\":[{\"@type\":\"SearchAction\",\"target\":{\"@type\":\"EntryPoint\",\"urlTemplate\":\"https:\/\/www.hama-bodenbelag.de\/shop\/?s={search_term_string}\"},\"query-input\":{\"@type\":\"PropertyValueSpecification\",\"valueRequired\":true,\"valueName\":\"search_term_string\"}}],\"inLanguage\":\"de\"},{\"@type\":\"Organization\",\"@id\":\"https:\/\/www.hama-bodenbelag.de\/shop\/#organization\",\"name\":\"Hama Bodenbelagstudio\",\"url\":\"https:\/\/www.hama-bodenbelag.de\/shop\/\",\"logo\":{\"@type\":\"ImageObject\",\"inLanguage\":\"de\",\"@id\":\"https:\/\/www.hama-bodenbelag.de\/shop\/#\/schema\/logo\/image\/\",\"url\":\"https:\/\/www.hama-bodenbelag.de\/wp-content\/uploads\/2018\/03\/Hama-Logo-mit-Mini_webjpg.jpg\",\"contentUrl\":\"https:\/\/www.hama-bodenbelag.de\/wp-content\/uploads\/2018\/03\/Hama-Logo-mit-Mini_webjpg.jpg\",\"width\":1945,\"height\":609,\"caption\":\"Hama Bodenbelagstudio\"},\"image\":{\"@id\":\"https:\/\/www.hama-bodenbelag.de\/shop\/#\/schema\/logo\/image\/\"},\"sameAs\":[\"https:\/\/www.facebook.com\/hamamutterstadt\/\"]}]}<\/script>\n<!-- \/ Yoast SEO plugin. -->","yoast_head_json":{"title":"Colani Legend Tapete - Helix Spirale mit Carbonpr\u00e4gung (Aluminiumgrau) - Shop Hama Bodenbelagstudio","robots":{"index":"index","follow":"follow","max-snippet":"max-snippet:-1","max-image-preview":"max-image-preview:large","max-video-preview":"max-video-preview:-1"},"canonical":"https:\/\/www.hama-bodenbelag.de\/shop\/shop\/wand\/tapeten\/marburg\/colani-legend-tapete-helix-spirale-mit-carbonpraegung-aluminiumgrau\/","og_locale":"de_DE","og_type":"article","og_title":"Colani Legend Tapete - Helix Spirale mit Carbonpr\u00e4gung (Aluminiumgrau) - Shop Hama Bodenbelagstudio","og_description":"Die Helix Spiral Motiv Tapete 59804 ist eines der Hauptmotive aus der f\u00fcnften Colani Legend Tapetenkollektion. Das graphische Design dieser hochwertigen Colani Legend Tapete verf\u00fcgt dank der innovativen Carbon Pr\u00e4gung \u00fcber eine unglaubliche Plastizit\u00e4t und einen beeindruckenden 3D Effekt. Die metallisch gl\u00e4nzende Oberfl\u00e4che des Helix Tapetenmotivs ist ein Alleinstellungsmerkmal in der Colani Legend Tapetenkollektion. Da die restlichen Motive der Colani Legend \u00fcber eine matte Oberfl\u00e4chenstruktur verf\u00fcgen, entsteht in Kombination mit der Helix Tapete 59804 ein \u00fcberaus spannender Kontrast an der Wand.","og_url":"https:\/\/www.hama-bodenbelag.de\/shop\/shop\/wand\/tapeten\/marburg\/colani-legend-tapete-helix-spirale-mit-carbonpraegung-aluminiumgrau\/","og_site_name":"Shop Hama Bodenbelagstudio","article_publisher":"https:\/\/www.facebook.com\/hamamutterstadt\/","article_modified_time":"2023-03-16T11:31:20+00:00","og_image":[{"width":900,"height":900,"url":"https:\/\/www.hama-bodenbelag.de\/shop\/wp-content\/uploads\/2020\/10\/colani-colani-legend-tapete-helix-spirale-mit-carbonpragung-aluminiumgrau.jpg","type":"image\/jpeg"}],"twitter_card":"summary_large_image","schema":{"@context":"https:\/\/schema.org","@graph":[{"@type":"WebPage","@id":"https:\/\/www.hama-bodenbelag.de\/shop\/shop\/wand\/tapeten\/marburg\/colani-legend-tapete-helix-spirale-mit-carbonpraegung-aluminiumgrau\/","url":"https:\/\/www.hama-bodenbelag.de\/shop\/shop\/wand\/tapeten\/marburg\/colani-legend-tapete-helix-spirale-mit-carbonpraegung-aluminiumgrau\/","name":"Colani Legend Tapete - Helix Spirale mit Carbonpr\u00e4gung (Aluminiumgrau) - Shop Hama Bodenbelagstudio","isPartOf":{"@id":"https:\/\/www.hama-bodenbelag.de\/shop\/#website"},"primaryImageOfPage":{"@id":"https:\/\/www.hama-bodenbelag.de\/shop\/shop\/wand\/tapeten\/marburg\/colani-legend-tapete-helix-spirale-mit-carbonpraegung-aluminiumgrau\/#primaryimage"},"image":{"@id":"https:\/\/www.hama-bodenbelag.de\/shop\/shop\/wand\/tapeten\/marburg\/colani-legend-tapete-helix-spirale-mit-carbonpraegung-aluminiumgrau\/#primaryimage"},"thumbnailUrl":"https:\/\/www.hama-bodenbelag.de\/shop\/wp-content\/uploads\/2020\/10\/colani-colani-legend-tapete-helix-spirale-mit-carbonpragung-aluminiumgrau.jpg","datePublished":"2023-03-08T19:31:12+00:00","dateModified":"2023-03-16T11:31:20+00:00","breadcrumb":{"@id":"https:\/\/www.hama-bodenbelag.de\/shop\/shop\/wand\/tapeten\/marburg\/colani-legend-tapete-helix-spirale-mit-carbonpraegung-aluminiumgrau\/#breadcrumb"},"inLanguage":"de","potentialAction":[{"@type":"ReadAction","target":["https:\/\/www.hama-bodenbelag.de\/shop\/shop\/wand\/tapeten\/marburg\/colani-legend-tapete-helix-spirale-mit-carbonpraegung-aluminiumgrau\/"]}]},{"@type":"ImageObject","inLanguage":"de","@id":"https:\/\/www.hama-bodenbelag.de\/shop\/shop\/wand\/tapeten\/marburg\/colani-legend-tapete-helix-spirale-mit-carbonpraegung-aluminiumgrau\/#primaryimage","url":"https:\/\/www.hama-bodenbelag.de\/shop\/wp-content\/uploads\/2020\/10\/colani-colani-legend-tapete-helix-spirale-mit-carbonpragung-aluminiumgrau.jpg","contentUrl":"https:\/\/www.hama-bodenbelag.de\/shop\/wp-content\/uploads\/2020\/10\/colani-colani-legend-tapete-helix-spirale-mit-carbonpragung-aluminiumgrau.jpg","width":900,"height":900},{"@type":"BreadcrumbList","@id":"https:\/\/www.hama-bodenbelag.de\/shop\/shop\/wand\/tapeten\/marburg\/colani-legend-tapete-helix-spirale-mit-carbonpraegung-aluminiumgrau\/#breadcrumb","itemListElement":[{"@type":"ListItem","position":1,"name":"Startseite","item":"https:\/\/www.hama-bodenbelag.de\/shop\/"},{"@type":"ListItem","position":2,"name":"Shop","item":"https:\/\/www.hama-bodenbelag.de\/shop\/shop\/"},{"@type":"ListItem","position":3,"name":"Colani Legend Tapete &#8211; Helix Spirale mit Carbonpr\u00e4gung (Aluminiumgrau)"}]},{"@type":"WebSite","@id":"https:\/\/www.hama-bodenbelag.de\/shop\/#website","url":"https:\/\/www.hama-bodenbelag.de\/shop\/","name":"Shop Hama Bodenbelagstudio","description":"Shop Hama Bodenbelagstudio Muttstadt","publisher":{"@id":"https:\/\/www.hama-bodenbelag.de\/shop\/#organization"},"potentialAction":[{"@type":"SearchAction","target":{"@type":"EntryPoint","urlTemplate":"https:\/\/www.hama-bodenbelag.de\/shop\/?s={search_term_string}"},"query-input":{"@type":"PropertyValueSpecification","valueRequired":true,"valueName":"search_term_string"}}],"inLanguage":"de"},{"@type":"Organization","@id":"https:\/\/www.hama-bodenbelag.de\/shop\/#organization","name":"Hama Bodenbelagstudio","url":"https:\/\/www.hama-bodenbelag.de\/shop\/","logo":{"@type":"ImageObject","inLanguage":"de","@id":"https:\/\/www.hama-bodenbelag.de\/shop\/#\/schema\/logo\/image\/","url":"https:\/\/www.hama-bodenbelag.de\/wp-content\/uploads\/2018\/03\/Hama-Logo-mit-Mini_webjpg.jpg","contentUrl":"https:\/\/www.hama-bodenbelag.de\/wp-content\/uploads\/2018\/03\/Hama-Logo-mit-Mini_webjpg.jpg","width":1945,"height":609,"caption":"Hama Bodenbelagstudio"},"image":{"@id":"https:\/\/www.hama-bodenbelag.de\/shop\/#\/schema\/logo\/image\/"},"sameAs":["https:\/\/www.facebook.com\/hamamutterstadt\/"]}]}},"jetpack_sharing_enabled":true,"_links":{"self":[{"href":"https:\/\/www.hama-bodenbelag.de\/shop\/wp-json\/wp\/v2\/product\/37538","targetHints":{"allow":["GET"]}}],"collection":[{"href":"https:\/\/www.hama-bodenbelag.de\/shop\/wp-json\/wp\/v2\/product"}],"about":[{"href":"https:\/\/www.hama-bodenbelag.de\/shop\/wp-json\/wp\/v2\/types\/product"}],"replies":[{"embeddable":true,"href":"https:\/\/www.hama-bodenbelag.de\/shop\/wp-json\/wp\/v2\/comments?post=37538"}],"wp:featuredmedia":[{"embeddable":true,"href":"https:\/\/www.hama-bodenbelag.de\/shop\/wp-json\/wp\/v2\/media\/6006"}],"wp:attachment":[{"href":"https:\/\/www.hama-bodenbelag.de\/shop\/wp-json\/wp\/v2\/media?parent=37538"}],"wp:term":[{"taxonomy":"product_brand","embeddable":true,"href":"https:\/\/www.hama-bodenbelag.de\/shop\/wp-json\/wp\/v2\/product_brand?post=37538"},{"taxonomy":"product_cat","embeddable":true,"href":"https:\/\/www.hama-bodenbelag.de\/shop\/wp-json\/wp\/v2\/product_cat?post=37538"},{"taxonomy":"product_tag","embeddable":true,"href":"https:\/\/www.hama-bodenbelag.de\/shop\/wp-json\/wp\/v2\/product_tag?post=37538"}],"curies":[{"name":"wp","href":"https:\/\/api.w.org\/{rel}","templated":true}]}}