{"id":37544,"date":"2023-03-08T20:31:28","date_gmt":"2023-03-08T19:31:28","guid":{"rendered":"https:\/\/www.hama-bodenbelag.de\/shop\/https:\/www.hama-bodenbelag.de\/shop-hama\/produkt\/colani-legend-tapete-vertikale-wellen-champagner\/"},"modified":"2023-03-16T12:31:20","modified_gmt":"2023-03-16T11:31:20","slug":"colani-legend-tapete-vertikale-wellen-champagner","status":"publish","type":"product","link":"https:\/\/www.hama-bodenbelag.de\/shop\/shop\/wand\/tapeten\/marburg\/colani-legend-tapete-vertikale-wellen-champagner\/","title":{"rendered":"Colani Legend Tapete &#8211; vertikale Wellen (Champagner)"},"content":{"rendered":"<p>Die vertikalen Wellen der Legend Tapete 59818 kleiden Ihre W\u00e4nde in einen eleganten Champagner Farbton. Kombiniert werden kann die Colani Tapete 59818 mit einer der beiden Uni Tapeten aus der Legend Kollektion. W\u00e4hrend die Riffelblech Unitapete einen sch\u00f6nen Kontrast zu den Wellen der 59818 Tapete darstellt,  erzeugen Sie mit der Punkte Unitapete ein harmonisches Gesamtbild. Zus\u00e4tzlich k\u00f6nnen Sie mit den Tapeten Deko-Elementen der Colani Legend in Tropfen- oder Halbkreis-Form an Ihrer Colani Tapete Highlights setzen.  Den letzten Schliff verleihen Sie  Ihrer Colani Tapetenwand jedoch mit einer  Colani Signatur als Tapeten Dekorationselement in Gold oder Silber.<\/p>\n","protected":false},"excerpt":{"rendered":"<p>Das vertikale Wellen Motiv der Colani Legend Tapete 59818 ist eines der Hauptmotive aus der f\u00fcnften Tapetenkollektion des beliebten Designers. Die mal breiter und mal schmaler werdenden Wellenbewegungen lassen auf der Fl\u00e4che einen vertikalen Streifen entstehen. Die raffinierten Schattierungen und Konturen  verleihen der Colani Legend Tapete 59818 eine unglaubliche Plastizit\u00e4t. Analog zu den breiter und schmaler werdenden Wellenbewegungen sind in den Wellen entsprechend gr\u00f6\u00dfere und kleinere Punkte zu finden. Dadurch wird der 3D Effekt dieses bionischen Motivs zus\u00e4tzlich verst\u00e4rkt. Die matte Oberfl\u00e4che unterstreicht die exklusive Ausstrahlung dieser hochwertigen Vliestapete.<\/p>\n","protected":false},"featured_media":6030,"comment_status":"closed","ping_status":"closed","template":"","meta":{"_acf_changed":false},"product_brand":[],"product_cat":[6826],"product_tag":[],"class_list":{"0":"post-37544","1":"product","2":"type-product","3":"status-publish","4":"has-post-thumbnail","6":"product_cat-marburg","7":"product_shipping_class-paketversand","8":"pa_abmessung-10-x-0-7-m","9":"pa_farbe-champagner","10":"pa_filterfarbe-beige","11":"pa_hersteller-marburg","12":"pa_kollektion-colani-legend","13":"pa_marke-colani","14":"pa_material-vlies","15":"pa_muster-design-dekor-modern","16":"tm-no-options","18":"first","19":"instock","20":"sale","21":"taxable","22":"shipping-taxable","23":"purchasable","24":"product-type-simple"},"acf":[],"yoast_head":"<!-- This site is optimized with the Yoast SEO plugin v27.2 - https:\/\/yoast.com\/product\/yoast-seo-wordpress\/ -->\n<title>Colani Legend Tapete - vertikale Wellen (Champagner) - Shop Hama Bodenbelagstudio<\/title>\n<meta name=\"robots\" content=\"index, follow, max-snippet:-1, max-image-preview:large, max-video-preview:-1\" \/>\n<link rel=\"canonical\" href=\"https:\/\/www.hama-bodenbelag.de\/shop\/shop\/wand\/tapeten\/marburg\/colani-legend-tapete-vertikale-wellen-champagner\/\" \/>\n<meta property=\"og:locale\" content=\"de_DE\" \/>\n<meta property=\"og:type\" content=\"article\" \/>\n<meta property=\"og:title\" content=\"Colani Legend Tapete - vertikale Wellen (Champagner) - Shop Hama Bodenbelagstudio\" \/>\n<meta property=\"og:description\" content=\"Das vertikale Wellen Motiv der Colani Legend Tapete 59818 ist eines der Hauptmotive aus der f\u00fcnften Tapetenkollektion des beliebten Designers. Die mal breiter und mal schmaler werdenden Wellenbewegungen lassen auf der Fl\u00e4che einen vertikalen Streifen entstehen. Die raffinierten Schattierungen und Konturen verleihen der Colani Legend Tapete 59818 eine unglaubliche Plastizit\u00e4t. Analog zu den breiter und schmaler werdenden Wellenbewegungen sind in den Wellen entsprechend gr\u00f6\u00dfere und kleinere Punkte zu finden. Dadurch wird der 3D Effekt dieses bionischen Motivs zus\u00e4tzlich verst\u00e4rkt. Die matte Oberfl\u00e4che unterstreicht die exklusive Ausstrahlung dieser hochwertigen Vliestapete.\" \/>\n<meta property=\"og:url\" content=\"https:\/\/www.hama-bodenbelag.de\/shop\/shop\/wand\/tapeten\/marburg\/colani-legend-tapete-vertikale-wellen-champagner\/\" \/>\n<meta property=\"og:site_name\" content=\"Shop Hama Bodenbelagstudio\" \/>\n<meta property=\"article:publisher\" content=\"https:\/\/www.facebook.com\/hamamutterstadt\/\" \/>\n<meta property=\"article:modified_time\" content=\"2023-03-16T11:31:20+00:00\" \/>\n<meta property=\"og:image\" content=\"https:\/\/www.hama-bodenbelag.de\/shop\/wp-content\/uploads\/2020\/10\/colani-colani-legend-tapete-vertikale-wellen-champagner.jpg\" \/>\n\t<meta property=\"og:image:width\" content=\"900\" \/>\n\t<meta property=\"og:image:height\" content=\"900\" \/>\n\t<meta property=\"og:image:type\" content=\"image\/jpeg\" \/>\n<meta name=\"twitter:card\" content=\"summary_large_image\" \/>\n<script type=\"application\/ld+json\" class=\"yoast-schema-graph\">{\"@context\":\"https:\/\/schema.org\",\"@graph\":[{\"@type\":\"WebPage\",\"@id\":\"https:\/\/www.hama-bodenbelag.de\/shop\/shop\/wand\/tapeten\/marburg\/colani-legend-tapete-vertikale-wellen-champagner\/\",\"url\":\"https:\/\/www.hama-bodenbelag.de\/shop\/shop\/wand\/tapeten\/marburg\/colani-legend-tapete-vertikale-wellen-champagner\/\",\"name\":\"Colani Legend Tapete - vertikale Wellen (Champagner) - Shop Hama Bodenbelagstudio\",\"isPartOf\":{\"@id\":\"https:\/\/www.hama-bodenbelag.de\/shop\/#website\"},\"primaryImageOfPage\":{\"@id\":\"https:\/\/www.hama-bodenbelag.de\/shop\/shop\/wand\/tapeten\/marburg\/colani-legend-tapete-vertikale-wellen-champagner\/#primaryimage\"},\"image\":{\"@id\":\"https:\/\/www.hama-bodenbelag.de\/shop\/shop\/wand\/tapeten\/marburg\/colani-legend-tapete-vertikale-wellen-champagner\/#primaryimage\"},\"thumbnailUrl\":\"https:\/\/www.hama-bodenbelag.de\/shop\/wp-content\/uploads\/2020\/10\/colani-colani-legend-tapete-vertikale-wellen-champagner.jpg\",\"datePublished\":\"2023-03-08T19:31:28+00:00\",\"dateModified\":\"2023-03-16T11:31:20+00:00\",\"breadcrumb\":{\"@id\":\"https:\/\/www.hama-bodenbelag.de\/shop\/shop\/wand\/tapeten\/marburg\/colani-legend-tapete-vertikale-wellen-champagner\/#breadcrumb\"},\"inLanguage\":\"de\",\"potentialAction\":[{\"@type\":\"ReadAction\",\"target\":[\"https:\/\/www.hama-bodenbelag.de\/shop\/shop\/wand\/tapeten\/marburg\/colani-legend-tapete-vertikale-wellen-champagner\/\"]}]},{\"@type\":\"ImageObject\",\"inLanguage\":\"de\",\"@id\":\"https:\/\/www.hama-bodenbelag.de\/shop\/shop\/wand\/tapeten\/marburg\/colani-legend-tapete-vertikale-wellen-champagner\/#primaryimage\",\"url\":\"https:\/\/www.hama-bodenbelag.de\/shop\/wp-content\/uploads\/2020\/10\/colani-colani-legend-tapete-vertikale-wellen-champagner.jpg\",\"contentUrl\":\"https:\/\/www.hama-bodenbelag.de\/shop\/wp-content\/uploads\/2020\/10\/colani-colani-legend-tapete-vertikale-wellen-champagner.jpg\",\"width\":900,\"height\":900},{\"@type\":\"BreadcrumbList\",\"@id\":\"https:\/\/www.hama-bodenbelag.de\/shop\/shop\/wand\/tapeten\/marburg\/colani-legend-tapete-vertikale-wellen-champagner\/#breadcrumb\",\"itemListElement\":[{\"@type\":\"ListItem\",\"position\":1,\"name\":\"Startseite\",\"item\":\"https:\/\/www.hama-bodenbelag.de\/shop\/\"},{\"@type\":\"ListItem\",\"position\":2,\"name\":\"Shop\",\"item\":\"https:\/\/www.hama-bodenbelag.de\/shop\/shop\/\"},{\"@type\":\"ListItem\",\"position\":3,\"name\":\"Colani Legend Tapete &#8211; vertikale Wellen (Champagner)\"}]},{\"@type\":\"WebSite\",\"@id\":\"https:\/\/www.hama-bodenbelag.de\/shop\/#website\",\"url\":\"https:\/\/www.hama-bodenbelag.de\/shop\/\",\"name\":\"Shop Hama Bodenbelagstudio\",\"description\":\"Shop Hama Bodenbelagstudio Muttstadt\",\"publisher\":{\"@id\":\"https:\/\/www.hama-bodenbelag.de\/shop\/#organization\"},\"potentialAction\":[{\"@type\":\"SearchAction\",\"target\":{\"@type\":\"EntryPoint\",\"urlTemplate\":\"https:\/\/www.hama-bodenbelag.de\/shop\/?s={search_term_string}\"},\"query-input\":{\"@type\":\"PropertyValueSpecification\",\"valueRequired\":true,\"valueName\":\"search_term_string\"}}],\"inLanguage\":\"de\"},{\"@type\":\"Organization\",\"@id\":\"https:\/\/www.hama-bodenbelag.de\/shop\/#organization\",\"name\":\"Hama Bodenbelagstudio\",\"url\":\"https:\/\/www.hama-bodenbelag.de\/shop\/\",\"logo\":{\"@type\":\"ImageObject\",\"inLanguage\":\"de\",\"@id\":\"https:\/\/www.hama-bodenbelag.de\/shop\/#\/schema\/logo\/image\/\",\"url\":\"https:\/\/www.hama-bodenbelag.de\/wp-content\/uploads\/2018\/03\/Hama-Logo-mit-Mini_webjpg.jpg\",\"contentUrl\":\"https:\/\/www.hama-bodenbelag.de\/wp-content\/uploads\/2018\/03\/Hama-Logo-mit-Mini_webjpg.jpg\",\"width\":1945,\"height\":609,\"caption\":\"Hama Bodenbelagstudio\"},\"image\":{\"@id\":\"https:\/\/www.hama-bodenbelag.de\/shop\/#\/schema\/logo\/image\/\"},\"sameAs\":[\"https:\/\/www.facebook.com\/hamamutterstadt\/\"]}]}<\/script>\n<!-- \/ Yoast SEO plugin. -->","yoast_head_json":{"title":"Colani Legend Tapete - vertikale Wellen (Champagner) - Shop Hama Bodenbelagstudio","robots":{"index":"index","follow":"follow","max-snippet":"max-snippet:-1","max-image-preview":"max-image-preview:large","max-video-preview":"max-video-preview:-1"},"canonical":"https:\/\/www.hama-bodenbelag.de\/shop\/shop\/wand\/tapeten\/marburg\/colani-legend-tapete-vertikale-wellen-champagner\/","og_locale":"de_DE","og_type":"article","og_title":"Colani Legend Tapete - vertikale Wellen (Champagner) - Shop Hama Bodenbelagstudio","og_description":"Das vertikale Wellen Motiv der Colani Legend Tapete 59818 ist eines der Hauptmotive aus der f\u00fcnften Tapetenkollektion des beliebten Designers. Die mal breiter und mal schmaler werdenden Wellenbewegungen lassen auf der Fl\u00e4che einen vertikalen Streifen entstehen. Die raffinierten Schattierungen und Konturen verleihen der Colani Legend Tapete 59818 eine unglaubliche Plastizit\u00e4t. Analog zu den breiter und schmaler werdenden Wellenbewegungen sind in den Wellen entsprechend gr\u00f6\u00dfere und kleinere Punkte zu finden. Dadurch wird der 3D Effekt dieses bionischen Motivs zus\u00e4tzlich verst\u00e4rkt. Die matte Oberfl\u00e4che unterstreicht die exklusive Ausstrahlung dieser hochwertigen Vliestapete.","og_url":"https:\/\/www.hama-bodenbelag.de\/shop\/shop\/wand\/tapeten\/marburg\/colani-legend-tapete-vertikale-wellen-champagner\/","og_site_name":"Shop Hama Bodenbelagstudio","article_publisher":"https:\/\/www.facebook.com\/hamamutterstadt\/","article_modified_time":"2023-03-16T11:31:20+00:00","og_image":[{"width":900,"height":900,"url":"https:\/\/www.hama-bodenbelag.de\/shop\/wp-content\/uploads\/2020\/10\/colani-colani-legend-tapete-vertikale-wellen-champagner.jpg","type":"image\/jpeg"}],"twitter_card":"summary_large_image","schema":{"@context":"https:\/\/schema.org","@graph":[{"@type":"WebPage","@id":"https:\/\/www.hama-bodenbelag.de\/shop\/shop\/wand\/tapeten\/marburg\/colani-legend-tapete-vertikale-wellen-champagner\/","url":"https:\/\/www.hama-bodenbelag.de\/shop\/shop\/wand\/tapeten\/marburg\/colani-legend-tapete-vertikale-wellen-champagner\/","name":"Colani Legend Tapete - vertikale Wellen (Champagner) - Shop Hama Bodenbelagstudio","isPartOf":{"@id":"https:\/\/www.hama-bodenbelag.de\/shop\/#website"},"primaryImageOfPage":{"@id":"https:\/\/www.hama-bodenbelag.de\/shop\/shop\/wand\/tapeten\/marburg\/colani-legend-tapete-vertikale-wellen-champagner\/#primaryimage"},"image":{"@id":"https:\/\/www.hama-bodenbelag.de\/shop\/shop\/wand\/tapeten\/marburg\/colani-legend-tapete-vertikale-wellen-champagner\/#primaryimage"},"thumbnailUrl":"https:\/\/www.hama-bodenbelag.de\/shop\/wp-content\/uploads\/2020\/10\/colani-colani-legend-tapete-vertikale-wellen-champagner.jpg","datePublished":"2023-03-08T19:31:28+00:00","dateModified":"2023-03-16T11:31:20+00:00","breadcrumb":{"@id":"https:\/\/www.hama-bodenbelag.de\/shop\/shop\/wand\/tapeten\/marburg\/colani-legend-tapete-vertikale-wellen-champagner\/#breadcrumb"},"inLanguage":"de","potentialAction":[{"@type":"ReadAction","target":["https:\/\/www.hama-bodenbelag.de\/shop\/shop\/wand\/tapeten\/marburg\/colani-legend-tapete-vertikale-wellen-champagner\/"]}]},{"@type":"ImageObject","inLanguage":"de","@id":"https:\/\/www.hama-bodenbelag.de\/shop\/shop\/wand\/tapeten\/marburg\/colani-legend-tapete-vertikale-wellen-champagner\/#primaryimage","url":"https:\/\/www.hama-bodenbelag.de\/shop\/wp-content\/uploads\/2020\/10\/colani-colani-legend-tapete-vertikale-wellen-champagner.jpg","contentUrl":"https:\/\/www.hama-bodenbelag.de\/shop\/wp-content\/uploads\/2020\/10\/colani-colani-legend-tapete-vertikale-wellen-champagner.jpg","width":900,"height":900},{"@type":"BreadcrumbList","@id":"https:\/\/www.hama-bodenbelag.de\/shop\/shop\/wand\/tapeten\/marburg\/colani-legend-tapete-vertikale-wellen-champagner\/#breadcrumb","itemListElement":[{"@type":"ListItem","position":1,"name":"Startseite","item":"https:\/\/www.hama-bodenbelag.de\/shop\/"},{"@type":"ListItem","position":2,"name":"Shop","item":"https:\/\/www.hama-bodenbelag.de\/shop\/shop\/"},{"@type":"ListItem","position":3,"name":"Colani Legend Tapete &#8211; vertikale Wellen (Champagner)"}]},{"@type":"WebSite","@id":"https:\/\/www.hama-bodenbelag.de\/shop\/#website","url":"https:\/\/www.hama-bodenbelag.de\/shop\/","name":"Shop Hama Bodenbelagstudio","description":"Shop Hama Bodenbelagstudio Muttstadt","publisher":{"@id":"https:\/\/www.hama-bodenbelag.de\/shop\/#organization"},"potentialAction":[{"@type":"SearchAction","target":{"@type":"EntryPoint","urlTemplate":"https:\/\/www.hama-bodenbelag.de\/shop\/?s={search_term_string}"},"query-input":{"@type":"PropertyValueSpecification","valueRequired":true,"valueName":"search_term_string"}}],"inLanguage":"de"},{"@type":"Organization","@id":"https:\/\/www.hama-bodenbelag.de\/shop\/#organization","name":"Hama Bodenbelagstudio","url":"https:\/\/www.hama-bodenbelag.de\/shop\/","logo":{"@type":"ImageObject","inLanguage":"de","@id":"https:\/\/www.hama-bodenbelag.de\/shop\/#\/schema\/logo\/image\/","url":"https:\/\/www.hama-bodenbelag.de\/wp-content\/uploads\/2018\/03\/Hama-Logo-mit-Mini_webjpg.jpg","contentUrl":"https:\/\/www.hama-bodenbelag.de\/wp-content\/uploads\/2018\/03\/Hama-Logo-mit-Mini_webjpg.jpg","width":1945,"height":609,"caption":"Hama Bodenbelagstudio"},"image":{"@id":"https:\/\/www.hama-bodenbelag.de\/shop\/#\/schema\/logo\/image\/"},"sameAs":["https:\/\/www.facebook.com\/hamamutterstadt\/"]}]}},"jetpack_sharing_enabled":true,"_links":{"self":[{"href":"https:\/\/www.hama-bodenbelag.de\/shop\/wp-json\/wp\/v2\/product\/37544","targetHints":{"allow":["GET"]}}],"collection":[{"href":"https:\/\/www.hama-bodenbelag.de\/shop\/wp-json\/wp\/v2\/product"}],"about":[{"href":"https:\/\/www.hama-bodenbelag.de\/shop\/wp-json\/wp\/v2\/types\/product"}],"replies":[{"embeddable":true,"href":"https:\/\/www.hama-bodenbelag.de\/shop\/wp-json\/wp\/v2\/comments?post=37544"}],"wp:featuredmedia":[{"embeddable":true,"href":"https:\/\/www.hama-bodenbelag.de\/shop\/wp-json\/wp\/v2\/media\/6030"}],"wp:attachment":[{"href":"https:\/\/www.hama-bodenbelag.de\/shop\/wp-json\/wp\/v2\/media?parent=37544"}],"wp:term":[{"taxonomy":"product_brand","embeddable":true,"href":"https:\/\/www.hama-bodenbelag.de\/shop\/wp-json\/wp\/v2\/product_brand?post=37544"},{"taxonomy":"product_cat","embeddable":true,"href":"https:\/\/www.hama-bodenbelag.de\/shop\/wp-json\/wp\/v2\/product_cat?post=37544"},{"taxonomy":"product_tag","embeddable":true,"href":"https:\/\/www.hama-bodenbelag.de\/shop\/wp-json\/wp\/v2\/product_tag?post=37544"}],"curies":[{"name":"wp","href":"https:\/\/api.w.org\/{rel}","templated":true}]}}