{"id":37546,"date":"2023-03-08T20:31:33","date_gmt":"2023-03-08T19:31:33","guid":{"rendered":"https:\/\/www.hama-bodenbelag.de\/shop\/https:\/www.hama-bodenbelag.de\/shop-hama\/produkt\/colani-legend-tapete-wellen-vanille\/"},"modified":"2023-03-16T12:31:24","modified_gmt":"2023-03-16T11:31:24","slug":"colani-legend-tapete-wellen-vanille","status":"publish","type":"product","link":"https:\/\/www.hama-bodenbelag.de\/shop\/shop\/wand\/tapeten\/marburg\/colani-legend-tapete-wellen-vanille\/","title":{"rendered":"Colani Legend Tapete &#8211; Wellen (Vanille)"},"content":{"rendered":"<p>Im Hintergrund verf\u00fcgt die Colani Tapete 59820 \u00fcber eine Riffelblech Optik, die mit der Unitapete 59846 als Kombinationstapete aufgegriffen werden kann. Mit den Colani Tapeten Dekoelementen aus der Legend Tapetenkollektion in Tropfen- oder Halbkreisform k\u00f6nnen Sie  auf Ihrer Colani Tapete zus\u00e4tzlich Highlights setzen. Den letzten Schliff verleihen Sie Ihrer Colani Tapetenwand jedoch wohl mit der Signatur des Designs, die ebenfalls als Tapetendekoration in den Farben Gold und Silber in der aktuellen Legend Kollektion erh\u00e4ltlich ist.<\/p>\n","protected":false},"excerpt":{"rendered":"<p>Das imposante Wellenmotiv der Colani Legend Tapete 59820 ist ein echtes Highlight aus der f\u00fcnften Tapetenkollektion des ambitionierten Designers. Die zunehmende und wieder abnehmende Wellenbreiten der Colani Tapete 59820 zeugt von einem von der Natur und Technik inspiriertem Design. Durch raffiniert gesetzte Schattierungen entsteht zus\u00e4tzlich ein Bild-in-Bild-Effekt, der das menschliche Auge t\u00e4uscht. Das Zusammenspiel von Licht und Schatten l\u00e4sst an den schmalen Wellenbreiten einen vertikalen Streifen entstehen, der vor allem in der Fl\u00e4che seine vollen Wirkung entfalten kann. Die matte Oberfl\u00e4che unterstreicht die exklusive Ausstrahlung dieser sch\u00f6nen Designer Tapete in einem warmen und eleganten Vanille Farbton.<\/p>\n","protected":false},"featured_media":6034,"comment_status":"closed","ping_status":"closed","template":"","meta":{"_acf_changed":false},"product_brand":[],"product_cat":[6826],"product_tag":[],"class_list":{"0":"post-37546","1":"product","2":"type-product","3":"status-publish","4":"has-post-thumbnail","6":"product_cat-marburg","7":"product_shipping_class-paketversand","8":"pa_abmessung-10-x-0-7-m","9":"pa_farbe-vanille","10":"pa_filterfarbe-beige","11":"pa_hersteller-marburg","12":"pa_kollektion-colani-legend","13":"pa_marke-colani","14":"pa_material-vlies","15":"pa_muster-design-dekor-modern","16":"tm-no-options","18":"first","19":"instock","20":"sale","21":"taxable","22":"shipping-taxable","23":"purchasable","24":"product-type-simple"},"acf":[],"yoast_head":"<!-- This site is optimized with the Yoast SEO plugin v27.2 - https:\/\/yoast.com\/product\/yoast-seo-wordpress\/ -->\n<title>Colani Legend Tapete - Wellen (Vanille) - Shop Hama Bodenbelagstudio<\/title>\n<meta name=\"robots\" content=\"index, follow, max-snippet:-1, max-image-preview:large, max-video-preview:-1\" \/>\n<link rel=\"canonical\" href=\"https:\/\/www.hama-bodenbelag.de\/shop\/shop\/wand\/tapeten\/marburg\/colani-legend-tapete-wellen-vanille\/\" \/>\n<meta property=\"og:locale\" content=\"de_DE\" \/>\n<meta property=\"og:type\" content=\"article\" \/>\n<meta property=\"og:title\" content=\"Colani Legend Tapete - Wellen (Vanille) - Shop Hama Bodenbelagstudio\" \/>\n<meta property=\"og:description\" content=\"Das imposante Wellenmotiv der Colani Legend Tapete 59820 ist ein echtes Highlight aus der f\u00fcnften Tapetenkollektion des ambitionierten Designers. Die zunehmende und wieder abnehmende Wellenbreiten der Colani Tapete 59820 zeugt von einem von der Natur und Technik inspiriertem Design. Durch raffiniert gesetzte Schattierungen entsteht zus\u00e4tzlich ein Bild-in-Bild-Effekt, der das menschliche Auge t\u00e4uscht. Das Zusammenspiel von Licht und Schatten l\u00e4sst an den schmalen Wellenbreiten einen vertikalen Streifen entstehen, der vor allem in der Fl\u00e4che seine vollen Wirkung entfalten kann. Die matte Oberfl\u00e4che unterstreicht die exklusive Ausstrahlung dieser sch\u00f6nen Designer Tapete in einem warmen und eleganten Vanille Farbton.\" \/>\n<meta property=\"og:url\" content=\"https:\/\/www.hama-bodenbelag.de\/shop\/shop\/wand\/tapeten\/marburg\/colani-legend-tapete-wellen-vanille\/\" \/>\n<meta property=\"og:site_name\" content=\"Shop Hama Bodenbelagstudio\" \/>\n<meta property=\"article:publisher\" content=\"https:\/\/www.facebook.com\/hamamutterstadt\/\" \/>\n<meta property=\"article:modified_time\" content=\"2023-03-16T11:31:24+00:00\" \/>\n<meta property=\"og:image\" content=\"https:\/\/www.hama-bodenbelag.de\/shop\/wp-content\/uploads\/2020\/10\/colani-colani-legend-tapete-wellen-vanille.jpg\" \/>\n\t<meta property=\"og:image:width\" content=\"900\" \/>\n\t<meta property=\"og:image:height\" content=\"900\" \/>\n\t<meta property=\"og:image:type\" content=\"image\/jpeg\" \/>\n<meta name=\"twitter:card\" content=\"summary_large_image\" \/>\n<script type=\"application\/ld+json\" class=\"yoast-schema-graph\">{\"@context\":\"https:\/\/schema.org\",\"@graph\":[{\"@type\":\"WebPage\",\"@id\":\"https:\/\/www.hama-bodenbelag.de\/shop\/shop\/wand\/tapeten\/marburg\/colani-legend-tapete-wellen-vanille\/\",\"url\":\"https:\/\/www.hama-bodenbelag.de\/shop\/shop\/wand\/tapeten\/marburg\/colani-legend-tapete-wellen-vanille\/\",\"name\":\"Colani Legend Tapete - Wellen (Vanille) - Shop Hama Bodenbelagstudio\",\"isPartOf\":{\"@id\":\"https:\/\/www.hama-bodenbelag.de\/shop\/#website\"},\"primaryImageOfPage\":{\"@id\":\"https:\/\/www.hama-bodenbelag.de\/shop\/shop\/wand\/tapeten\/marburg\/colani-legend-tapete-wellen-vanille\/#primaryimage\"},\"image\":{\"@id\":\"https:\/\/www.hama-bodenbelag.de\/shop\/shop\/wand\/tapeten\/marburg\/colani-legend-tapete-wellen-vanille\/#primaryimage\"},\"thumbnailUrl\":\"https:\/\/www.hama-bodenbelag.de\/shop\/wp-content\/uploads\/2020\/10\/colani-colani-legend-tapete-wellen-vanille.jpg\",\"datePublished\":\"2023-03-08T19:31:33+00:00\",\"dateModified\":\"2023-03-16T11:31:24+00:00\",\"breadcrumb\":{\"@id\":\"https:\/\/www.hama-bodenbelag.de\/shop\/shop\/wand\/tapeten\/marburg\/colani-legend-tapete-wellen-vanille\/#breadcrumb\"},\"inLanguage\":\"de\",\"potentialAction\":[{\"@type\":\"ReadAction\",\"target\":[\"https:\/\/www.hama-bodenbelag.de\/shop\/shop\/wand\/tapeten\/marburg\/colani-legend-tapete-wellen-vanille\/\"]}]},{\"@type\":\"ImageObject\",\"inLanguage\":\"de\",\"@id\":\"https:\/\/www.hama-bodenbelag.de\/shop\/shop\/wand\/tapeten\/marburg\/colani-legend-tapete-wellen-vanille\/#primaryimage\",\"url\":\"https:\/\/www.hama-bodenbelag.de\/shop\/wp-content\/uploads\/2020\/10\/colani-colani-legend-tapete-wellen-vanille.jpg\",\"contentUrl\":\"https:\/\/www.hama-bodenbelag.de\/shop\/wp-content\/uploads\/2020\/10\/colani-colani-legend-tapete-wellen-vanille.jpg\",\"width\":900,\"height\":900},{\"@type\":\"BreadcrumbList\",\"@id\":\"https:\/\/www.hama-bodenbelag.de\/shop\/shop\/wand\/tapeten\/marburg\/colani-legend-tapete-wellen-vanille\/#breadcrumb\",\"itemListElement\":[{\"@type\":\"ListItem\",\"position\":1,\"name\":\"Startseite\",\"item\":\"https:\/\/www.hama-bodenbelag.de\/shop\/\"},{\"@type\":\"ListItem\",\"position\":2,\"name\":\"Shop\",\"item\":\"https:\/\/www.hama-bodenbelag.de\/shop\/shop\/\"},{\"@type\":\"ListItem\",\"position\":3,\"name\":\"Colani Legend Tapete &#8211; Wellen (Vanille)\"}]},{\"@type\":\"WebSite\",\"@id\":\"https:\/\/www.hama-bodenbelag.de\/shop\/#website\",\"url\":\"https:\/\/www.hama-bodenbelag.de\/shop\/\",\"name\":\"Shop Hama Bodenbelagstudio\",\"description\":\"Shop Hama Bodenbelagstudio Muttstadt\",\"publisher\":{\"@id\":\"https:\/\/www.hama-bodenbelag.de\/shop\/#organization\"},\"potentialAction\":[{\"@type\":\"SearchAction\",\"target\":{\"@type\":\"EntryPoint\",\"urlTemplate\":\"https:\/\/www.hama-bodenbelag.de\/shop\/?s={search_term_string}\"},\"query-input\":{\"@type\":\"PropertyValueSpecification\",\"valueRequired\":true,\"valueName\":\"search_term_string\"}}],\"inLanguage\":\"de\"},{\"@type\":\"Organization\",\"@id\":\"https:\/\/www.hama-bodenbelag.de\/shop\/#organization\",\"name\":\"Hama Bodenbelagstudio\",\"url\":\"https:\/\/www.hama-bodenbelag.de\/shop\/\",\"logo\":{\"@type\":\"ImageObject\",\"inLanguage\":\"de\",\"@id\":\"https:\/\/www.hama-bodenbelag.de\/shop\/#\/schema\/logo\/image\/\",\"url\":\"https:\/\/www.hama-bodenbelag.de\/wp-content\/uploads\/2018\/03\/Hama-Logo-mit-Mini_webjpg.jpg\",\"contentUrl\":\"https:\/\/www.hama-bodenbelag.de\/wp-content\/uploads\/2018\/03\/Hama-Logo-mit-Mini_webjpg.jpg\",\"width\":1945,\"height\":609,\"caption\":\"Hama Bodenbelagstudio\"},\"image\":{\"@id\":\"https:\/\/www.hama-bodenbelag.de\/shop\/#\/schema\/logo\/image\/\"},\"sameAs\":[\"https:\/\/www.facebook.com\/hamamutterstadt\/\"]}]}<\/script>\n<!-- \/ Yoast SEO plugin. -->","yoast_head_json":{"title":"Colani Legend Tapete - Wellen (Vanille) - Shop Hama Bodenbelagstudio","robots":{"index":"index","follow":"follow","max-snippet":"max-snippet:-1","max-image-preview":"max-image-preview:large","max-video-preview":"max-video-preview:-1"},"canonical":"https:\/\/www.hama-bodenbelag.de\/shop\/shop\/wand\/tapeten\/marburg\/colani-legend-tapete-wellen-vanille\/","og_locale":"de_DE","og_type":"article","og_title":"Colani Legend Tapete - Wellen (Vanille) - Shop Hama Bodenbelagstudio","og_description":"Das imposante Wellenmotiv der Colani Legend Tapete 59820 ist ein echtes Highlight aus der f\u00fcnften Tapetenkollektion des ambitionierten Designers. Die zunehmende und wieder abnehmende Wellenbreiten der Colani Tapete 59820 zeugt von einem von der Natur und Technik inspiriertem Design. Durch raffiniert gesetzte Schattierungen entsteht zus\u00e4tzlich ein Bild-in-Bild-Effekt, der das menschliche Auge t\u00e4uscht. Das Zusammenspiel von Licht und Schatten l\u00e4sst an den schmalen Wellenbreiten einen vertikalen Streifen entstehen, der vor allem in der Fl\u00e4che seine vollen Wirkung entfalten kann. Die matte Oberfl\u00e4che unterstreicht die exklusive Ausstrahlung dieser sch\u00f6nen Designer Tapete in einem warmen und eleganten Vanille Farbton.","og_url":"https:\/\/www.hama-bodenbelag.de\/shop\/shop\/wand\/tapeten\/marburg\/colani-legend-tapete-wellen-vanille\/","og_site_name":"Shop Hama Bodenbelagstudio","article_publisher":"https:\/\/www.facebook.com\/hamamutterstadt\/","article_modified_time":"2023-03-16T11:31:24+00:00","og_image":[{"width":900,"height":900,"url":"https:\/\/www.hama-bodenbelag.de\/shop\/wp-content\/uploads\/2020\/10\/colani-colani-legend-tapete-wellen-vanille.jpg","type":"image\/jpeg"}],"twitter_card":"summary_large_image","schema":{"@context":"https:\/\/schema.org","@graph":[{"@type":"WebPage","@id":"https:\/\/www.hama-bodenbelag.de\/shop\/shop\/wand\/tapeten\/marburg\/colani-legend-tapete-wellen-vanille\/","url":"https:\/\/www.hama-bodenbelag.de\/shop\/shop\/wand\/tapeten\/marburg\/colani-legend-tapete-wellen-vanille\/","name":"Colani Legend Tapete - Wellen (Vanille) - Shop Hama Bodenbelagstudio","isPartOf":{"@id":"https:\/\/www.hama-bodenbelag.de\/shop\/#website"},"primaryImageOfPage":{"@id":"https:\/\/www.hama-bodenbelag.de\/shop\/shop\/wand\/tapeten\/marburg\/colani-legend-tapete-wellen-vanille\/#primaryimage"},"image":{"@id":"https:\/\/www.hama-bodenbelag.de\/shop\/shop\/wand\/tapeten\/marburg\/colani-legend-tapete-wellen-vanille\/#primaryimage"},"thumbnailUrl":"https:\/\/www.hama-bodenbelag.de\/shop\/wp-content\/uploads\/2020\/10\/colani-colani-legend-tapete-wellen-vanille.jpg","datePublished":"2023-03-08T19:31:33+00:00","dateModified":"2023-03-16T11:31:24+00:00","breadcrumb":{"@id":"https:\/\/www.hama-bodenbelag.de\/shop\/shop\/wand\/tapeten\/marburg\/colani-legend-tapete-wellen-vanille\/#breadcrumb"},"inLanguage":"de","potentialAction":[{"@type":"ReadAction","target":["https:\/\/www.hama-bodenbelag.de\/shop\/shop\/wand\/tapeten\/marburg\/colani-legend-tapete-wellen-vanille\/"]}]},{"@type":"ImageObject","inLanguage":"de","@id":"https:\/\/www.hama-bodenbelag.de\/shop\/shop\/wand\/tapeten\/marburg\/colani-legend-tapete-wellen-vanille\/#primaryimage","url":"https:\/\/www.hama-bodenbelag.de\/shop\/wp-content\/uploads\/2020\/10\/colani-colani-legend-tapete-wellen-vanille.jpg","contentUrl":"https:\/\/www.hama-bodenbelag.de\/shop\/wp-content\/uploads\/2020\/10\/colani-colani-legend-tapete-wellen-vanille.jpg","width":900,"height":900},{"@type":"BreadcrumbList","@id":"https:\/\/www.hama-bodenbelag.de\/shop\/shop\/wand\/tapeten\/marburg\/colani-legend-tapete-wellen-vanille\/#breadcrumb","itemListElement":[{"@type":"ListItem","position":1,"name":"Startseite","item":"https:\/\/www.hama-bodenbelag.de\/shop\/"},{"@type":"ListItem","position":2,"name":"Shop","item":"https:\/\/www.hama-bodenbelag.de\/shop\/shop\/"},{"@type":"ListItem","position":3,"name":"Colani Legend Tapete &#8211; Wellen (Vanille)"}]},{"@type":"WebSite","@id":"https:\/\/www.hama-bodenbelag.de\/shop\/#website","url":"https:\/\/www.hama-bodenbelag.de\/shop\/","name":"Shop Hama Bodenbelagstudio","description":"Shop Hama Bodenbelagstudio Muttstadt","publisher":{"@id":"https:\/\/www.hama-bodenbelag.de\/shop\/#organization"},"potentialAction":[{"@type":"SearchAction","target":{"@type":"EntryPoint","urlTemplate":"https:\/\/www.hama-bodenbelag.de\/shop\/?s={search_term_string}"},"query-input":{"@type":"PropertyValueSpecification","valueRequired":true,"valueName":"search_term_string"}}],"inLanguage":"de"},{"@type":"Organization","@id":"https:\/\/www.hama-bodenbelag.de\/shop\/#organization","name":"Hama Bodenbelagstudio","url":"https:\/\/www.hama-bodenbelag.de\/shop\/","logo":{"@type":"ImageObject","inLanguage":"de","@id":"https:\/\/www.hama-bodenbelag.de\/shop\/#\/schema\/logo\/image\/","url":"https:\/\/www.hama-bodenbelag.de\/wp-content\/uploads\/2018\/03\/Hama-Logo-mit-Mini_webjpg.jpg","contentUrl":"https:\/\/www.hama-bodenbelag.de\/wp-content\/uploads\/2018\/03\/Hama-Logo-mit-Mini_webjpg.jpg","width":1945,"height":609,"caption":"Hama Bodenbelagstudio"},"image":{"@id":"https:\/\/www.hama-bodenbelag.de\/shop\/#\/schema\/logo\/image\/"},"sameAs":["https:\/\/www.facebook.com\/hamamutterstadt\/"]}]}},"jetpack_sharing_enabled":true,"_links":{"self":[{"href":"https:\/\/www.hama-bodenbelag.de\/shop\/wp-json\/wp\/v2\/product\/37546","targetHints":{"allow":["GET"]}}],"collection":[{"href":"https:\/\/www.hama-bodenbelag.de\/shop\/wp-json\/wp\/v2\/product"}],"about":[{"href":"https:\/\/www.hama-bodenbelag.de\/shop\/wp-json\/wp\/v2\/types\/product"}],"replies":[{"embeddable":true,"href":"https:\/\/www.hama-bodenbelag.de\/shop\/wp-json\/wp\/v2\/comments?post=37546"}],"wp:featuredmedia":[{"embeddable":true,"href":"https:\/\/www.hama-bodenbelag.de\/shop\/wp-json\/wp\/v2\/media\/6034"}],"wp:attachment":[{"href":"https:\/\/www.hama-bodenbelag.de\/shop\/wp-json\/wp\/v2\/media?parent=37546"}],"wp:term":[{"taxonomy":"product_brand","embeddable":true,"href":"https:\/\/www.hama-bodenbelag.de\/shop\/wp-json\/wp\/v2\/product_brand?post=37546"},{"taxonomy":"product_cat","embeddable":true,"href":"https:\/\/www.hama-bodenbelag.de\/shop\/wp-json\/wp\/v2\/product_cat?post=37546"},{"taxonomy":"product_tag","embeddable":true,"href":"https:\/\/www.hama-bodenbelag.de\/shop\/wp-json\/wp\/v2\/product_tag?post=37546"}],"curies":[{"name":"wp","href":"https:\/\/api.w.org\/{rel}","templated":true}]}}