{"id":37688,"date":"2023-03-08T20:37:28","date_gmt":"2023-03-08T19:37:28","guid":{"rendered":"https:\/\/www.hama-bodenbelag.de\/shop\/https:\/www.hama-bodenbelag.de\/shop-hama\/produkt\/marburg-vliestapete-la-veneziana-31315-bambus-perlweiss\/"},"modified":"2023-03-17T00:07:07","modified_gmt":"2023-03-16T23:07:07","slug":"marburg-vliestapete-la-veneziana-31315-bambus-perlweiss","status":"publish","type":"product","link":"https:\/\/www.hama-bodenbelag.de\/shop\/shop\/wand\/tapeten\/marburg\/marburg-vliestapete-la-veneziana-31315-bambus-perlweiss\/","title":{"rendered":"Marburg Vliestapete La Veneziana 31315 Bambus (Perlwei\u00df)"},"content":{"rendered":"<p>Die Vliesoberfl\u00e4che der Tapete 31315 ist abwaschbar und durch die gute Lichtbest\u00e4ndigkeit werden Sie lange Freude an Ihrer neuen Tapete haben. Dank des Vliestr\u00e4gers l\u00e4sst sich die Vliestapete einfach anbringen indem die Wand eingekleistert wird und die Tapete nur angedr\u00fcckt werden muss. Schon gestalten Sie Ihrern Wohlf\u00fchlraum!<\/p>\n","protected":false},"excerpt":{"rendered":"<p>Die Marburger Tapetenfabrik entwirft mit der Vliestapete 31315 eine moderne, florale Tapete, die in jeden Raum passt. Das Design erinnert an einen Bambuswald. Das elegante Perlwei\u00df macht die Tapete gut kombinierbar und die gro\u00dfen Bambusbl\u00e4tter haben einen leichten Schimmer. Beachten Sie beim Kombinieren die anderen tollen Tapeten aus der La Veneziana 4 Kollektion, welche farblich genau abgestimmt sind!<\/p>\n","protected":false},"featured_media":8066,"comment_status":"closed","ping_status":"closed","template":"","meta":{"_acf_changed":false},"product_brand":[],"product_cat":[6826],"product_tag":[],"class_list":{"0":"post-37688","1":"product","2":"type-product","3":"status-publish","4":"has-post-thumbnail","6":"product_cat-marburg","7":"product_shipping_class-paketversand","8":"pa_abmessung-10-05-x-0-53-m","9":"pa_farbe-perlweiss","10":"pa_filterfarbe-weiss","11":"pa_hersteller-marburg","12":"pa_kollektion-la-veneziana-4","13":"pa_marke-marburg","14":"pa_material-vlies","15":"pa_muster-design-dekor-natur","16":"tm-no-options","18":"first","19":"instock","20":"taxable","21":"shipping-taxable","22":"purchasable","23":"product-type-simple"},"acf":[],"yoast_head":"<!-- This site is optimized with the Yoast SEO plugin v27.2 - https:\/\/yoast.com\/product\/yoast-seo-wordpress\/ -->\n<title>Marburg Vliestapete La Veneziana 31315 Bambus (Perlwei\u00df) - Shop Hama Bodenbelagstudio<\/title>\n<meta name=\"robots\" content=\"index, follow, max-snippet:-1, max-image-preview:large, max-video-preview:-1\" \/>\n<link rel=\"canonical\" href=\"https:\/\/www.hama-bodenbelag.de\/shop\/shop\/wand\/tapeten\/marburg\/marburg-vliestapete-la-veneziana-31315-bambus-perlweiss\/\" \/>\n<meta property=\"og:locale\" content=\"de_DE\" \/>\n<meta property=\"og:type\" content=\"article\" \/>\n<meta property=\"og:title\" content=\"Marburg Vliestapete La Veneziana 31315 Bambus (Perlwei\u00df) - Shop Hama Bodenbelagstudio\" \/>\n<meta property=\"og:description\" content=\"Die Marburger Tapetenfabrik entwirft mit der Vliestapete 31315 eine moderne, florale Tapete, die in jeden Raum passt. Das Design erinnert an einen Bambuswald. Das elegante Perlwei\u00df macht die Tapete gut kombinierbar und die gro\u00dfen Bambusbl\u00e4tter haben einen leichten Schimmer. Beachten Sie beim Kombinieren die anderen tollen Tapeten aus der La Veneziana 4 Kollektion, welche farblich genau abgestimmt sind!\" \/>\n<meta property=\"og:url\" content=\"https:\/\/www.hama-bodenbelag.de\/shop\/shop\/wand\/tapeten\/marburg\/marburg-vliestapete-la-veneziana-31315-bambus-perlweiss\/\" \/>\n<meta property=\"og:site_name\" content=\"Shop Hama Bodenbelagstudio\" \/>\n<meta property=\"article:publisher\" content=\"https:\/\/www.facebook.com\/hamamutterstadt\/\" \/>\n<meta property=\"article:modified_time\" content=\"2023-03-16T23:07:07+00:00\" \/>\n<meta property=\"og:image\" content=\"https:\/\/www.hama-bodenbelag.de\/shop\/wp-content\/uploads\/2020\/10\/marburg-marburg-vliestapete-la-veneziana-31315-bambus-perlweiss.jpg\" \/>\n\t<meta property=\"og:image:width\" content=\"800\" \/>\n\t<meta property=\"og:image:height\" content=\"1000\" \/>\n\t<meta property=\"og:image:type\" content=\"image\/jpeg\" \/>\n<meta name=\"twitter:card\" content=\"summary_large_image\" \/>\n<script type=\"application\/ld+json\" class=\"yoast-schema-graph\">{\"@context\":\"https:\/\/schema.org\",\"@graph\":[{\"@type\":\"WebPage\",\"@id\":\"https:\/\/www.hama-bodenbelag.de\/shop\/shop\/wand\/tapeten\/marburg\/marburg-vliestapete-la-veneziana-31315-bambus-perlweiss\/\",\"url\":\"https:\/\/www.hama-bodenbelag.de\/shop\/shop\/wand\/tapeten\/marburg\/marburg-vliestapete-la-veneziana-31315-bambus-perlweiss\/\",\"name\":\"Marburg Vliestapete La Veneziana 31315 Bambus (Perlwei\u00df) - Shop Hama Bodenbelagstudio\",\"isPartOf\":{\"@id\":\"https:\/\/www.hama-bodenbelag.de\/shop\/#website\"},\"primaryImageOfPage\":{\"@id\":\"https:\/\/www.hama-bodenbelag.de\/shop\/shop\/wand\/tapeten\/marburg\/marburg-vliestapete-la-veneziana-31315-bambus-perlweiss\/#primaryimage\"},\"image\":{\"@id\":\"https:\/\/www.hama-bodenbelag.de\/shop\/shop\/wand\/tapeten\/marburg\/marburg-vliestapete-la-veneziana-31315-bambus-perlweiss\/#primaryimage\"},\"thumbnailUrl\":\"https:\/\/www.hama-bodenbelag.de\/shop\/wp-content\/uploads\/2020\/10\/marburg-marburg-vliestapete-la-veneziana-31315-bambus-perlweiss.jpg\",\"datePublished\":\"2023-03-08T19:37:28+00:00\",\"dateModified\":\"2023-03-16T23:07:07+00:00\",\"breadcrumb\":{\"@id\":\"https:\/\/www.hama-bodenbelag.de\/shop\/shop\/wand\/tapeten\/marburg\/marburg-vliestapete-la-veneziana-31315-bambus-perlweiss\/#breadcrumb\"},\"inLanguage\":\"de\",\"potentialAction\":[{\"@type\":\"ReadAction\",\"target\":[\"https:\/\/www.hama-bodenbelag.de\/shop\/shop\/wand\/tapeten\/marburg\/marburg-vliestapete-la-veneziana-31315-bambus-perlweiss\/\"]}]},{\"@type\":\"ImageObject\",\"inLanguage\":\"de\",\"@id\":\"https:\/\/www.hama-bodenbelag.de\/shop\/shop\/wand\/tapeten\/marburg\/marburg-vliestapete-la-veneziana-31315-bambus-perlweiss\/#primaryimage\",\"url\":\"https:\/\/www.hama-bodenbelag.de\/shop\/wp-content\/uploads\/2020\/10\/marburg-marburg-vliestapete-la-veneziana-31315-bambus-perlweiss.jpg\",\"contentUrl\":\"https:\/\/www.hama-bodenbelag.de\/shop\/wp-content\/uploads\/2020\/10\/marburg-marburg-vliestapete-la-veneziana-31315-bambus-perlweiss.jpg\",\"width\":800,\"height\":1000},{\"@type\":\"BreadcrumbList\",\"@id\":\"https:\/\/www.hama-bodenbelag.de\/shop\/shop\/wand\/tapeten\/marburg\/marburg-vliestapete-la-veneziana-31315-bambus-perlweiss\/#breadcrumb\",\"itemListElement\":[{\"@type\":\"ListItem\",\"position\":1,\"name\":\"Startseite\",\"item\":\"https:\/\/www.hama-bodenbelag.de\/shop\/\"},{\"@type\":\"ListItem\",\"position\":2,\"name\":\"Shop\",\"item\":\"https:\/\/www.hama-bodenbelag.de\/shop\/shop\/\"},{\"@type\":\"ListItem\",\"position\":3,\"name\":\"Marburg Vliestapete La Veneziana 31315 Bambus (Perlwei\u00df)\"}]},{\"@type\":\"WebSite\",\"@id\":\"https:\/\/www.hama-bodenbelag.de\/shop\/#website\",\"url\":\"https:\/\/www.hama-bodenbelag.de\/shop\/\",\"name\":\"Shop Hama Bodenbelagstudio\",\"description\":\"Shop Hama Bodenbelagstudio Muttstadt\",\"publisher\":{\"@id\":\"https:\/\/www.hama-bodenbelag.de\/shop\/#organization\"},\"potentialAction\":[{\"@type\":\"SearchAction\",\"target\":{\"@type\":\"EntryPoint\",\"urlTemplate\":\"https:\/\/www.hama-bodenbelag.de\/shop\/?s={search_term_string}\"},\"query-input\":{\"@type\":\"PropertyValueSpecification\",\"valueRequired\":true,\"valueName\":\"search_term_string\"}}],\"inLanguage\":\"de\"},{\"@type\":\"Organization\",\"@id\":\"https:\/\/www.hama-bodenbelag.de\/shop\/#organization\",\"name\":\"Hama Bodenbelagstudio\",\"url\":\"https:\/\/www.hama-bodenbelag.de\/shop\/\",\"logo\":{\"@type\":\"ImageObject\",\"inLanguage\":\"de\",\"@id\":\"https:\/\/www.hama-bodenbelag.de\/shop\/#\/schema\/logo\/image\/\",\"url\":\"https:\/\/www.hama-bodenbelag.de\/wp-content\/uploads\/2018\/03\/Hama-Logo-mit-Mini_webjpg.jpg\",\"contentUrl\":\"https:\/\/www.hama-bodenbelag.de\/wp-content\/uploads\/2018\/03\/Hama-Logo-mit-Mini_webjpg.jpg\",\"width\":1945,\"height\":609,\"caption\":\"Hama Bodenbelagstudio\"},\"image\":{\"@id\":\"https:\/\/www.hama-bodenbelag.de\/shop\/#\/schema\/logo\/image\/\"},\"sameAs\":[\"https:\/\/www.facebook.com\/hamamutterstadt\/\"]}]}<\/script>\n<!-- \/ Yoast SEO plugin. -->","yoast_head_json":{"title":"Marburg Vliestapete La Veneziana 31315 Bambus (Perlwei\u00df) - Shop Hama Bodenbelagstudio","robots":{"index":"index","follow":"follow","max-snippet":"max-snippet:-1","max-image-preview":"max-image-preview:large","max-video-preview":"max-video-preview:-1"},"canonical":"https:\/\/www.hama-bodenbelag.de\/shop\/shop\/wand\/tapeten\/marburg\/marburg-vliestapete-la-veneziana-31315-bambus-perlweiss\/","og_locale":"de_DE","og_type":"article","og_title":"Marburg Vliestapete La Veneziana 31315 Bambus (Perlwei\u00df) - Shop Hama Bodenbelagstudio","og_description":"Die Marburger Tapetenfabrik entwirft mit der Vliestapete 31315 eine moderne, florale Tapete, die in jeden Raum passt. Das Design erinnert an einen Bambuswald. Das elegante Perlwei\u00df macht die Tapete gut kombinierbar und die gro\u00dfen Bambusbl\u00e4tter haben einen leichten Schimmer. Beachten Sie beim Kombinieren die anderen tollen Tapeten aus der La Veneziana 4 Kollektion, welche farblich genau abgestimmt sind!","og_url":"https:\/\/www.hama-bodenbelag.de\/shop\/shop\/wand\/tapeten\/marburg\/marburg-vliestapete-la-veneziana-31315-bambus-perlweiss\/","og_site_name":"Shop Hama Bodenbelagstudio","article_publisher":"https:\/\/www.facebook.com\/hamamutterstadt\/","article_modified_time":"2023-03-16T23:07:07+00:00","og_image":[{"width":800,"height":1000,"url":"https:\/\/www.hama-bodenbelag.de\/shop\/wp-content\/uploads\/2020\/10\/marburg-marburg-vliestapete-la-veneziana-31315-bambus-perlweiss.jpg","type":"image\/jpeg"}],"twitter_card":"summary_large_image","schema":{"@context":"https:\/\/schema.org","@graph":[{"@type":"WebPage","@id":"https:\/\/www.hama-bodenbelag.de\/shop\/shop\/wand\/tapeten\/marburg\/marburg-vliestapete-la-veneziana-31315-bambus-perlweiss\/","url":"https:\/\/www.hama-bodenbelag.de\/shop\/shop\/wand\/tapeten\/marburg\/marburg-vliestapete-la-veneziana-31315-bambus-perlweiss\/","name":"Marburg Vliestapete La Veneziana 31315 Bambus (Perlwei\u00df) - Shop Hama Bodenbelagstudio","isPartOf":{"@id":"https:\/\/www.hama-bodenbelag.de\/shop\/#website"},"primaryImageOfPage":{"@id":"https:\/\/www.hama-bodenbelag.de\/shop\/shop\/wand\/tapeten\/marburg\/marburg-vliestapete-la-veneziana-31315-bambus-perlweiss\/#primaryimage"},"image":{"@id":"https:\/\/www.hama-bodenbelag.de\/shop\/shop\/wand\/tapeten\/marburg\/marburg-vliestapete-la-veneziana-31315-bambus-perlweiss\/#primaryimage"},"thumbnailUrl":"https:\/\/www.hama-bodenbelag.de\/shop\/wp-content\/uploads\/2020\/10\/marburg-marburg-vliestapete-la-veneziana-31315-bambus-perlweiss.jpg","datePublished":"2023-03-08T19:37:28+00:00","dateModified":"2023-03-16T23:07:07+00:00","breadcrumb":{"@id":"https:\/\/www.hama-bodenbelag.de\/shop\/shop\/wand\/tapeten\/marburg\/marburg-vliestapete-la-veneziana-31315-bambus-perlweiss\/#breadcrumb"},"inLanguage":"de","potentialAction":[{"@type":"ReadAction","target":["https:\/\/www.hama-bodenbelag.de\/shop\/shop\/wand\/tapeten\/marburg\/marburg-vliestapete-la-veneziana-31315-bambus-perlweiss\/"]}]},{"@type":"ImageObject","inLanguage":"de","@id":"https:\/\/www.hama-bodenbelag.de\/shop\/shop\/wand\/tapeten\/marburg\/marburg-vliestapete-la-veneziana-31315-bambus-perlweiss\/#primaryimage","url":"https:\/\/www.hama-bodenbelag.de\/shop\/wp-content\/uploads\/2020\/10\/marburg-marburg-vliestapete-la-veneziana-31315-bambus-perlweiss.jpg","contentUrl":"https:\/\/www.hama-bodenbelag.de\/shop\/wp-content\/uploads\/2020\/10\/marburg-marburg-vliestapete-la-veneziana-31315-bambus-perlweiss.jpg","width":800,"height":1000},{"@type":"BreadcrumbList","@id":"https:\/\/www.hama-bodenbelag.de\/shop\/shop\/wand\/tapeten\/marburg\/marburg-vliestapete-la-veneziana-31315-bambus-perlweiss\/#breadcrumb","itemListElement":[{"@type":"ListItem","position":1,"name":"Startseite","item":"https:\/\/www.hama-bodenbelag.de\/shop\/"},{"@type":"ListItem","position":2,"name":"Shop","item":"https:\/\/www.hama-bodenbelag.de\/shop\/shop\/"},{"@type":"ListItem","position":3,"name":"Marburg Vliestapete La Veneziana 31315 Bambus (Perlwei\u00df)"}]},{"@type":"WebSite","@id":"https:\/\/www.hama-bodenbelag.de\/shop\/#website","url":"https:\/\/www.hama-bodenbelag.de\/shop\/","name":"Shop Hama Bodenbelagstudio","description":"Shop Hama Bodenbelagstudio Muttstadt","publisher":{"@id":"https:\/\/www.hama-bodenbelag.de\/shop\/#organization"},"potentialAction":[{"@type":"SearchAction","target":{"@type":"EntryPoint","urlTemplate":"https:\/\/www.hama-bodenbelag.de\/shop\/?s={search_term_string}"},"query-input":{"@type":"PropertyValueSpecification","valueRequired":true,"valueName":"search_term_string"}}],"inLanguage":"de"},{"@type":"Organization","@id":"https:\/\/www.hama-bodenbelag.de\/shop\/#organization","name":"Hama Bodenbelagstudio","url":"https:\/\/www.hama-bodenbelag.de\/shop\/","logo":{"@type":"ImageObject","inLanguage":"de","@id":"https:\/\/www.hama-bodenbelag.de\/shop\/#\/schema\/logo\/image\/","url":"https:\/\/www.hama-bodenbelag.de\/wp-content\/uploads\/2018\/03\/Hama-Logo-mit-Mini_webjpg.jpg","contentUrl":"https:\/\/www.hama-bodenbelag.de\/wp-content\/uploads\/2018\/03\/Hama-Logo-mit-Mini_webjpg.jpg","width":1945,"height":609,"caption":"Hama Bodenbelagstudio"},"image":{"@id":"https:\/\/www.hama-bodenbelag.de\/shop\/#\/schema\/logo\/image\/"},"sameAs":["https:\/\/www.facebook.com\/hamamutterstadt\/"]}]}},"jetpack_sharing_enabled":true,"_links":{"self":[{"href":"https:\/\/www.hama-bodenbelag.de\/shop\/wp-json\/wp\/v2\/product\/37688","targetHints":{"allow":["GET"]}}],"collection":[{"href":"https:\/\/www.hama-bodenbelag.de\/shop\/wp-json\/wp\/v2\/product"}],"about":[{"href":"https:\/\/www.hama-bodenbelag.de\/shop\/wp-json\/wp\/v2\/types\/product"}],"replies":[{"embeddable":true,"href":"https:\/\/www.hama-bodenbelag.de\/shop\/wp-json\/wp\/v2\/comments?post=37688"}],"wp:featuredmedia":[{"embeddable":true,"href":"https:\/\/www.hama-bodenbelag.de\/shop\/wp-json\/wp\/v2\/media\/8066"}],"wp:attachment":[{"href":"https:\/\/www.hama-bodenbelag.de\/shop\/wp-json\/wp\/v2\/media?parent=37688"}],"wp:term":[{"taxonomy":"product_brand","embeddable":true,"href":"https:\/\/www.hama-bodenbelag.de\/shop\/wp-json\/wp\/v2\/product_brand?post=37688"},{"taxonomy":"product_cat","embeddable":true,"href":"https:\/\/www.hama-bodenbelag.de\/shop\/wp-json\/wp\/v2\/product_cat?post=37688"},{"taxonomy":"product_tag","embeddable":true,"href":"https:\/\/www.hama-bodenbelag.de\/shop\/wp-json\/wp\/v2\/product_tag?post=37688"}],"curies":[{"name":"wp","href":"https:\/\/api.w.org\/{rel}","templated":true}]}}