{"id":37762,"date":"2023-03-08T20:40:41","date_gmt":"2023-03-08T19:40:41","guid":{"rendered":"https:\/\/www.hama-bodenbelag.de\/shop\/https:\/www.hama-bodenbelag.de\/shop-hama\/produkt\/eijffinger-vliestapete-carmen-392512-blaetterranken-gruen\/"},"modified":"2023-03-16T11:59:27","modified_gmt":"2023-03-16T10:59:27","slug":"eijffinger-vliestapete-carmen-392512-blaetterranken-gruen","status":"publish","type":"product","link":"https:\/\/www.hama-bodenbelag.de\/shop\/shop\/wand\/tapeten\/eijffinger\/eijffinger-vliestapete-carmen-392512-blaetterranken-gruen\/","title":{"rendered":"Eijffinger Vliestapete Carmen 392512 &#8211; Bl\u00e4tterranken (Gr\u00fcn)"},"content":{"rendered":"<p>Die Oberfl\u00e4che der Designtapete Carmen 392512 hat eine wundersch\u00f6ne Stempeloptik und eine zarte Struktur. Die verschiedenen frischen Gr\u00fcnt\u00f6ne setzten ein Highlight in Ihrem Wohnraum. Die Vliesoberfl\u00e4che ist waschbest\u00e4ndig und hat eine gute Lichtbest\u00e4ndigkeit. Tapezieren ist mit der Vliestapete aus dem Hause Eijffinger ein Kinderspiel dank des Smartpapers: Wand einkleistern, Tapete andr\u00fccken und schon ist Ihr Wohlf\u00fchlraum neu gestaltet. Der Vliestr\u00e4ger erm\u00f6glicht auch noch nach Jahren ein einfaches restloses Abziehen im trockenen Zustand. Lassen Sie sich von dem wundersch\u00f6nen Design \u00fcberzeugen!<\/p>\n","protected":false},"excerpt":{"rendered":"<p>Die Carmen 392512 Vliestapete aus dem Hause Eijffinger \u00fcberzeugt mit einem wundersch\u00f6nen Rankenmotiv.<\/p>\n","protected":false},"featured_media":22431,"comment_status":"closed","ping_status":"closed","template":"","meta":{"_acf_changed":false},"product_brand":[],"product_cat":[6631],"product_tag":[],"class_list":{"0":"post-37762","1":"product","2":"type-product","3":"status-publish","4":"has-post-thumbnail","6":"product_cat-eijffinger","7":"product_shipping_class-paketversand","8":"pa_abmessung-1000-x-68-5-cm","9":"pa_farbe-gruen","10":"pa_filterfarbe-gruen","11":"pa_hersteller-eijffinger","12":"pa_kollektion-carmen","13":"pa_marke-eijffinger","14":"pa_material-vlies","15":"pa_muster-design-dekor-floral","16":"tm-no-options","18":"first","19":"instock","20":"taxable","21":"shipping-taxable","22":"purchasable","23":"product-type-simple"},"acf":[],"yoast_head":"<!-- This site is optimized with the Yoast SEO plugin v27.2 - https:\/\/yoast.com\/product\/yoast-seo-wordpress\/ -->\n<title>Eijffinger Vliestapete Carmen 392512 - Bl\u00e4tterranken (Gr\u00fcn) - Shop Hama Bodenbelagstudio<\/title>\n<meta name=\"robots\" content=\"index, follow, max-snippet:-1, max-image-preview:large, max-video-preview:-1\" \/>\n<link rel=\"canonical\" href=\"https:\/\/www.hama-bodenbelag.de\/shop\/shop\/wand\/tapeten\/eijffinger\/eijffinger-vliestapete-carmen-392512-blaetterranken-gruen\/\" \/>\n<meta property=\"og:locale\" content=\"de_DE\" \/>\n<meta property=\"og:type\" content=\"article\" \/>\n<meta property=\"og:title\" content=\"Eijffinger Vliestapete Carmen 392512 - Bl\u00e4tterranken (Gr\u00fcn) - Shop Hama Bodenbelagstudio\" \/>\n<meta property=\"og:description\" content=\"Die Carmen 392512 Vliestapete aus dem Hause Eijffinger \u00fcberzeugt mit einem wundersch\u00f6nen Rankenmotiv.\" \/>\n<meta property=\"og:url\" content=\"https:\/\/www.hama-bodenbelag.de\/shop\/shop\/wand\/tapeten\/eijffinger\/eijffinger-vliestapete-carmen-392512-blaetterranken-gruen\/\" \/>\n<meta property=\"og:site_name\" content=\"Shop Hama Bodenbelagstudio\" \/>\n<meta property=\"article:publisher\" content=\"https:\/\/www.facebook.com\/hamamutterstadt\/\" \/>\n<meta property=\"article:modified_time\" content=\"2023-03-16T10:59:27+00:00\" \/>\n<meta property=\"og:image\" content=\"https:\/\/www.hama-bodenbelag.de\/shop\/wp-content\/uploads\/2023\/03\/eijffinger-eijffinger-vliestapete-carmen-392512-blatterranken-grun.jpg\" \/>\n\t<meta property=\"og:image:width\" content=\"1118\" \/>\n\t<meta property=\"og:image:height\" content=\"1382\" \/>\n\t<meta property=\"og:image:type\" content=\"image\/jpeg\" \/>\n<meta name=\"twitter:card\" content=\"summary_large_image\" \/>\n<script type=\"application\/ld+json\" class=\"yoast-schema-graph\">{\"@context\":\"https:\/\/schema.org\",\"@graph\":[{\"@type\":\"WebPage\",\"@id\":\"https:\/\/www.hama-bodenbelag.de\/shop\/shop\/wand\/tapeten\/eijffinger\/eijffinger-vliestapete-carmen-392512-blaetterranken-gruen\/\",\"url\":\"https:\/\/www.hama-bodenbelag.de\/shop\/shop\/wand\/tapeten\/eijffinger\/eijffinger-vliestapete-carmen-392512-blaetterranken-gruen\/\",\"name\":\"Eijffinger Vliestapete Carmen 392512 - Bl\u00e4tterranken (Gr\u00fcn) - Shop Hama Bodenbelagstudio\",\"isPartOf\":{\"@id\":\"https:\/\/www.hama-bodenbelag.de\/shop\/#website\"},\"primaryImageOfPage\":{\"@id\":\"https:\/\/www.hama-bodenbelag.de\/shop\/shop\/wand\/tapeten\/eijffinger\/eijffinger-vliestapete-carmen-392512-blaetterranken-gruen\/#primaryimage\"},\"image\":{\"@id\":\"https:\/\/www.hama-bodenbelag.de\/shop\/shop\/wand\/tapeten\/eijffinger\/eijffinger-vliestapete-carmen-392512-blaetterranken-gruen\/#primaryimage\"},\"thumbnailUrl\":\"https:\/\/www.hama-bodenbelag.de\/shop\/wp-content\/uploads\/2023\/03\/eijffinger-eijffinger-vliestapete-carmen-392512-blatterranken-grun.jpg\",\"datePublished\":\"2023-03-08T19:40:41+00:00\",\"dateModified\":\"2023-03-16T10:59:27+00:00\",\"breadcrumb\":{\"@id\":\"https:\/\/www.hama-bodenbelag.de\/shop\/shop\/wand\/tapeten\/eijffinger\/eijffinger-vliestapete-carmen-392512-blaetterranken-gruen\/#breadcrumb\"},\"inLanguage\":\"de\",\"potentialAction\":[{\"@type\":\"ReadAction\",\"target\":[\"https:\/\/www.hama-bodenbelag.de\/shop\/shop\/wand\/tapeten\/eijffinger\/eijffinger-vliestapete-carmen-392512-blaetterranken-gruen\/\"]}]},{\"@type\":\"ImageObject\",\"inLanguage\":\"de\",\"@id\":\"https:\/\/www.hama-bodenbelag.de\/shop\/shop\/wand\/tapeten\/eijffinger\/eijffinger-vliestapete-carmen-392512-blaetterranken-gruen\/#primaryimage\",\"url\":\"https:\/\/www.hama-bodenbelag.de\/shop\/wp-content\/uploads\/2023\/03\/eijffinger-eijffinger-vliestapete-carmen-392512-blatterranken-grun.jpg\",\"contentUrl\":\"https:\/\/www.hama-bodenbelag.de\/shop\/wp-content\/uploads\/2023\/03\/eijffinger-eijffinger-vliestapete-carmen-392512-blatterranken-grun.jpg\",\"width\":1118,\"height\":1382},{\"@type\":\"BreadcrumbList\",\"@id\":\"https:\/\/www.hama-bodenbelag.de\/shop\/shop\/wand\/tapeten\/eijffinger\/eijffinger-vliestapete-carmen-392512-blaetterranken-gruen\/#breadcrumb\",\"itemListElement\":[{\"@type\":\"ListItem\",\"position\":1,\"name\":\"Startseite\",\"item\":\"https:\/\/www.hama-bodenbelag.de\/shop\/\"},{\"@type\":\"ListItem\",\"position\":2,\"name\":\"Shop\",\"item\":\"https:\/\/www.hama-bodenbelag.de\/shop\/shop\/\"},{\"@type\":\"ListItem\",\"position\":3,\"name\":\"Eijffinger Vliestapete Carmen 392512 &#8211; Bl\u00e4tterranken (Gr\u00fcn)\"}]},{\"@type\":\"WebSite\",\"@id\":\"https:\/\/www.hama-bodenbelag.de\/shop\/#website\",\"url\":\"https:\/\/www.hama-bodenbelag.de\/shop\/\",\"name\":\"Shop Hama Bodenbelagstudio\",\"description\":\"Shop Hama Bodenbelagstudio Muttstadt\",\"publisher\":{\"@id\":\"https:\/\/www.hama-bodenbelag.de\/shop\/#organization\"},\"potentialAction\":[{\"@type\":\"SearchAction\",\"target\":{\"@type\":\"EntryPoint\",\"urlTemplate\":\"https:\/\/www.hama-bodenbelag.de\/shop\/?s={search_term_string}\"},\"query-input\":{\"@type\":\"PropertyValueSpecification\",\"valueRequired\":true,\"valueName\":\"search_term_string\"}}],\"inLanguage\":\"de\"},{\"@type\":\"Organization\",\"@id\":\"https:\/\/www.hama-bodenbelag.de\/shop\/#organization\",\"name\":\"Hama Bodenbelagstudio\",\"url\":\"https:\/\/www.hama-bodenbelag.de\/shop\/\",\"logo\":{\"@type\":\"ImageObject\",\"inLanguage\":\"de\",\"@id\":\"https:\/\/www.hama-bodenbelag.de\/shop\/#\/schema\/logo\/image\/\",\"url\":\"https:\/\/www.hama-bodenbelag.de\/wp-content\/uploads\/2018\/03\/Hama-Logo-mit-Mini_webjpg.jpg\",\"contentUrl\":\"https:\/\/www.hama-bodenbelag.de\/wp-content\/uploads\/2018\/03\/Hama-Logo-mit-Mini_webjpg.jpg\",\"width\":1945,\"height\":609,\"caption\":\"Hama Bodenbelagstudio\"},\"image\":{\"@id\":\"https:\/\/www.hama-bodenbelag.de\/shop\/#\/schema\/logo\/image\/\"},\"sameAs\":[\"https:\/\/www.facebook.com\/hamamutterstadt\/\"]}]}<\/script>\n<!-- \/ Yoast SEO plugin. -->","yoast_head_json":{"title":"Eijffinger Vliestapete Carmen 392512 - Bl\u00e4tterranken (Gr\u00fcn) - Shop Hama Bodenbelagstudio","robots":{"index":"index","follow":"follow","max-snippet":"max-snippet:-1","max-image-preview":"max-image-preview:large","max-video-preview":"max-video-preview:-1"},"canonical":"https:\/\/www.hama-bodenbelag.de\/shop\/shop\/wand\/tapeten\/eijffinger\/eijffinger-vliestapete-carmen-392512-blaetterranken-gruen\/","og_locale":"de_DE","og_type":"article","og_title":"Eijffinger Vliestapete Carmen 392512 - Bl\u00e4tterranken (Gr\u00fcn) - Shop Hama Bodenbelagstudio","og_description":"Die Carmen 392512 Vliestapete aus dem Hause Eijffinger \u00fcberzeugt mit einem wundersch\u00f6nen Rankenmotiv.","og_url":"https:\/\/www.hama-bodenbelag.de\/shop\/shop\/wand\/tapeten\/eijffinger\/eijffinger-vliestapete-carmen-392512-blaetterranken-gruen\/","og_site_name":"Shop Hama Bodenbelagstudio","article_publisher":"https:\/\/www.facebook.com\/hamamutterstadt\/","article_modified_time":"2023-03-16T10:59:27+00:00","og_image":[{"width":1118,"height":1382,"url":"https:\/\/www.hama-bodenbelag.de\/shop\/wp-content\/uploads\/2023\/03\/eijffinger-eijffinger-vliestapete-carmen-392512-blatterranken-grun.jpg","type":"image\/jpeg"}],"twitter_card":"summary_large_image","schema":{"@context":"https:\/\/schema.org","@graph":[{"@type":"WebPage","@id":"https:\/\/www.hama-bodenbelag.de\/shop\/shop\/wand\/tapeten\/eijffinger\/eijffinger-vliestapete-carmen-392512-blaetterranken-gruen\/","url":"https:\/\/www.hama-bodenbelag.de\/shop\/shop\/wand\/tapeten\/eijffinger\/eijffinger-vliestapete-carmen-392512-blaetterranken-gruen\/","name":"Eijffinger Vliestapete Carmen 392512 - Bl\u00e4tterranken (Gr\u00fcn) - Shop Hama Bodenbelagstudio","isPartOf":{"@id":"https:\/\/www.hama-bodenbelag.de\/shop\/#website"},"primaryImageOfPage":{"@id":"https:\/\/www.hama-bodenbelag.de\/shop\/shop\/wand\/tapeten\/eijffinger\/eijffinger-vliestapete-carmen-392512-blaetterranken-gruen\/#primaryimage"},"image":{"@id":"https:\/\/www.hama-bodenbelag.de\/shop\/shop\/wand\/tapeten\/eijffinger\/eijffinger-vliestapete-carmen-392512-blaetterranken-gruen\/#primaryimage"},"thumbnailUrl":"https:\/\/www.hama-bodenbelag.de\/shop\/wp-content\/uploads\/2023\/03\/eijffinger-eijffinger-vliestapete-carmen-392512-blatterranken-grun.jpg","datePublished":"2023-03-08T19:40:41+00:00","dateModified":"2023-03-16T10:59:27+00:00","breadcrumb":{"@id":"https:\/\/www.hama-bodenbelag.de\/shop\/shop\/wand\/tapeten\/eijffinger\/eijffinger-vliestapete-carmen-392512-blaetterranken-gruen\/#breadcrumb"},"inLanguage":"de","potentialAction":[{"@type":"ReadAction","target":["https:\/\/www.hama-bodenbelag.de\/shop\/shop\/wand\/tapeten\/eijffinger\/eijffinger-vliestapete-carmen-392512-blaetterranken-gruen\/"]}]},{"@type":"ImageObject","inLanguage":"de","@id":"https:\/\/www.hama-bodenbelag.de\/shop\/shop\/wand\/tapeten\/eijffinger\/eijffinger-vliestapete-carmen-392512-blaetterranken-gruen\/#primaryimage","url":"https:\/\/www.hama-bodenbelag.de\/shop\/wp-content\/uploads\/2023\/03\/eijffinger-eijffinger-vliestapete-carmen-392512-blatterranken-grun.jpg","contentUrl":"https:\/\/www.hama-bodenbelag.de\/shop\/wp-content\/uploads\/2023\/03\/eijffinger-eijffinger-vliestapete-carmen-392512-blatterranken-grun.jpg","width":1118,"height":1382},{"@type":"BreadcrumbList","@id":"https:\/\/www.hama-bodenbelag.de\/shop\/shop\/wand\/tapeten\/eijffinger\/eijffinger-vliestapete-carmen-392512-blaetterranken-gruen\/#breadcrumb","itemListElement":[{"@type":"ListItem","position":1,"name":"Startseite","item":"https:\/\/www.hama-bodenbelag.de\/shop\/"},{"@type":"ListItem","position":2,"name":"Shop","item":"https:\/\/www.hama-bodenbelag.de\/shop\/shop\/"},{"@type":"ListItem","position":3,"name":"Eijffinger Vliestapete Carmen 392512 &#8211; Bl\u00e4tterranken (Gr\u00fcn)"}]},{"@type":"WebSite","@id":"https:\/\/www.hama-bodenbelag.de\/shop\/#website","url":"https:\/\/www.hama-bodenbelag.de\/shop\/","name":"Shop Hama Bodenbelagstudio","description":"Shop Hama Bodenbelagstudio Muttstadt","publisher":{"@id":"https:\/\/www.hama-bodenbelag.de\/shop\/#organization"},"potentialAction":[{"@type":"SearchAction","target":{"@type":"EntryPoint","urlTemplate":"https:\/\/www.hama-bodenbelag.de\/shop\/?s={search_term_string}"},"query-input":{"@type":"PropertyValueSpecification","valueRequired":true,"valueName":"search_term_string"}}],"inLanguage":"de"},{"@type":"Organization","@id":"https:\/\/www.hama-bodenbelag.de\/shop\/#organization","name":"Hama Bodenbelagstudio","url":"https:\/\/www.hama-bodenbelag.de\/shop\/","logo":{"@type":"ImageObject","inLanguage":"de","@id":"https:\/\/www.hama-bodenbelag.de\/shop\/#\/schema\/logo\/image\/","url":"https:\/\/www.hama-bodenbelag.de\/wp-content\/uploads\/2018\/03\/Hama-Logo-mit-Mini_webjpg.jpg","contentUrl":"https:\/\/www.hama-bodenbelag.de\/wp-content\/uploads\/2018\/03\/Hama-Logo-mit-Mini_webjpg.jpg","width":1945,"height":609,"caption":"Hama Bodenbelagstudio"},"image":{"@id":"https:\/\/www.hama-bodenbelag.de\/shop\/#\/schema\/logo\/image\/"},"sameAs":["https:\/\/www.facebook.com\/hamamutterstadt\/"]}]}},"jetpack_sharing_enabled":true,"_links":{"self":[{"href":"https:\/\/www.hama-bodenbelag.de\/shop\/wp-json\/wp\/v2\/product\/37762","targetHints":{"allow":["GET"]}}],"collection":[{"href":"https:\/\/www.hama-bodenbelag.de\/shop\/wp-json\/wp\/v2\/product"}],"about":[{"href":"https:\/\/www.hama-bodenbelag.de\/shop\/wp-json\/wp\/v2\/types\/product"}],"replies":[{"embeddable":true,"href":"https:\/\/www.hama-bodenbelag.de\/shop\/wp-json\/wp\/v2\/comments?post=37762"}],"wp:featuredmedia":[{"embeddable":true,"href":"https:\/\/www.hama-bodenbelag.de\/shop\/wp-json\/wp\/v2\/media\/22431"}],"wp:attachment":[{"href":"https:\/\/www.hama-bodenbelag.de\/shop\/wp-json\/wp\/v2\/media?parent=37762"}],"wp:term":[{"taxonomy":"product_brand","embeddable":true,"href":"https:\/\/www.hama-bodenbelag.de\/shop\/wp-json\/wp\/v2\/product_brand?post=37762"},{"taxonomy":"product_cat","embeddable":true,"href":"https:\/\/www.hama-bodenbelag.de\/shop\/wp-json\/wp\/v2\/product_cat?post=37762"},{"taxonomy":"product_tag","embeddable":true,"href":"https:\/\/www.hama-bodenbelag.de\/shop\/wp-json\/wp\/v2\/product_tag?post=37762"}],"curies":[{"name":"wp","href":"https:\/\/api.w.org\/{rel}","templated":true}]}}