{"id":38052,"date":"2023-03-08T20:52:45","date_gmt":"2023-03-08T19:52:45","guid":{"rendered":"https:\/\/www.hama-bodenbelag.de\/shop\/https:\/www.hama-bodenbelag.de\/shop-hama\/produkt\/marburg-vliestapete-botanica-blumen-33953-hellblau-grau\/"},"modified":"2023-03-17T00:07:20","modified_gmt":"2023-03-16T23:07:20","slug":"marburg-vliestapete-botanica-blumen-33953-hellblau-grau","status":"publish","type":"product","link":"https:\/\/www.hama-bodenbelag.de\/shop\/shop\/wand\/tapeten\/marburg\/marburg-vliestapete-botanica-blumen-33953-hellblau-grau\/","title":{"rendered":"Marburg Vliestapete Botanica Blumen 33953 (Hellblau\/Grau)"},"content":{"rendered":"<p>Die florale Vliestapete hat die Vorteile, dass sie gut lichtbest\u00e4ndig und scheuerbest\u00e4ndig ist. Zudem l\u00e4sst sich diese Tapete sehr einfach tapezieren. Sie kleistern nur die Wand ein und dr\u00fccken die Tapete an. Fertig ist Ihre neugestaltete Wand.<\/p>\n","protected":false},"excerpt":{"rendered":"<p>Die Blumentapete 33953 aus der Kollektion Botanica ist in den Farben Grau und Hellblau gehalten. Das wundersch\u00f6ne, abwechslungsreiche florale Muster ist ein richtiger Eyecatcher. In der Kollektion gibt es die passenden Unitapeten, die farblich genau abgstimmt sind.<\/p>\n","protected":false},"featured_media":22973,"comment_status":"closed","ping_status":"closed","template":"","meta":{"_acf_changed":false},"product_brand":[],"product_cat":[6826],"product_tag":[],"class_list":{"0":"post-38052","1":"product","2":"type-product","3":"status-publish","4":"has-post-thumbnail","6":"product_cat-marburg","7":"product_shipping_class-paketversand","8":"pa_abmessung-10-05-x-0-53-m","9":"pa_farbe-hellblau-grau","10":"pa_filterfarbe-grau","11":"pa_hersteller-marburg","12":"pa_kollektion-botanica","13":"pa_marke-marburg","14":"pa_material-vlies","15":"pa_muster-design-dekor-floral","16":"tm-no-options","18":"first","19":"instock","20":"taxable","21":"shipping-taxable","22":"purchasable","23":"product-type-simple"},"acf":[],"yoast_head":"<!-- This site is optimized with the Yoast SEO plugin v27.2 - https:\/\/yoast.com\/product\/yoast-seo-wordpress\/ -->\n<title>Marburg Vliestapete Botanica Blumen 33953 (Hellblau\/Grau) - Shop Hama Bodenbelagstudio<\/title>\n<meta name=\"robots\" content=\"index, follow, max-snippet:-1, max-image-preview:large, max-video-preview:-1\" \/>\n<link rel=\"canonical\" href=\"https:\/\/www.hama-bodenbelag.de\/shop\/shop\/wand\/tapeten\/marburg\/marburg-vliestapete-botanica-blumen-33953-hellblau-grau\/\" \/>\n<meta property=\"og:locale\" content=\"de_DE\" \/>\n<meta property=\"og:type\" content=\"article\" \/>\n<meta property=\"og:title\" content=\"Marburg Vliestapete Botanica Blumen 33953 (Hellblau\/Grau) - Shop Hama Bodenbelagstudio\" \/>\n<meta property=\"og:description\" content=\"Die Blumentapete 33953 aus der Kollektion Botanica ist in den Farben Grau und Hellblau gehalten. Das wundersch\u00f6ne, abwechslungsreiche florale Muster ist ein richtiger Eyecatcher. In der Kollektion gibt es die passenden Unitapeten, die farblich genau abgstimmt sind.\" \/>\n<meta property=\"og:url\" content=\"https:\/\/www.hama-bodenbelag.de\/shop\/shop\/wand\/tapeten\/marburg\/marburg-vliestapete-botanica-blumen-33953-hellblau-grau\/\" \/>\n<meta property=\"og:site_name\" content=\"Shop Hama Bodenbelagstudio\" \/>\n<meta property=\"article:publisher\" content=\"https:\/\/www.facebook.com\/hamamutterstadt\/\" \/>\n<meta property=\"article:modified_time\" content=\"2023-03-16T23:07:20+00:00\" \/>\n<meta property=\"og:image\" content=\"https:\/\/www.hama-bodenbelag.de\/shop\/wp-content\/uploads\/2023\/03\/marburg-marburg-vliestapete-botanica-blumen-33953-hellblau-grau.jpg\" \/>\n\t<meta property=\"og:image:width\" content=\"1060\" \/>\n\t<meta property=\"og:image:height\" content=\"1280\" \/>\n\t<meta property=\"og:image:type\" content=\"image\/jpeg\" \/>\n<meta name=\"twitter:card\" content=\"summary_large_image\" \/>\n<script type=\"application\/ld+json\" class=\"yoast-schema-graph\">{\"@context\":\"https:\/\/schema.org\",\"@graph\":[{\"@type\":\"WebPage\",\"@id\":\"https:\/\/www.hama-bodenbelag.de\/shop\/shop\/wand\/tapeten\/marburg\/marburg-vliestapete-botanica-blumen-33953-hellblau-grau\/\",\"url\":\"https:\/\/www.hama-bodenbelag.de\/shop\/shop\/wand\/tapeten\/marburg\/marburg-vliestapete-botanica-blumen-33953-hellblau-grau\/\",\"name\":\"Marburg Vliestapete Botanica Blumen 33953 (Hellblau\/Grau) - Shop Hama Bodenbelagstudio\",\"isPartOf\":{\"@id\":\"https:\/\/www.hama-bodenbelag.de\/shop\/#website\"},\"primaryImageOfPage\":{\"@id\":\"https:\/\/www.hama-bodenbelag.de\/shop\/shop\/wand\/tapeten\/marburg\/marburg-vliestapete-botanica-blumen-33953-hellblau-grau\/#primaryimage\"},\"image\":{\"@id\":\"https:\/\/www.hama-bodenbelag.de\/shop\/shop\/wand\/tapeten\/marburg\/marburg-vliestapete-botanica-blumen-33953-hellblau-grau\/#primaryimage\"},\"thumbnailUrl\":\"https:\/\/www.hama-bodenbelag.de\/shop\/wp-content\/uploads\/2023\/03\/marburg-marburg-vliestapete-botanica-blumen-33953-hellblau-grau.jpg\",\"datePublished\":\"2023-03-08T19:52:45+00:00\",\"dateModified\":\"2023-03-16T23:07:20+00:00\",\"breadcrumb\":{\"@id\":\"https:\/\/www.hama-bodenbelag.de\/shop\/shop\/wand\/tapeten\/marburg\/marburg-vliestapete-botanica-blumen-33953-hellblau-grau\/#breadcrumb\"},\"inLanguage\":\"de\",\"potentialAction\":[{\"@type\":\"ReadAction\",\"target\":[\"https:\/\/www.hama-bodenbelag.de\/shop\/shop\/wand\/tapeten\/marburg\/marburg-vliestapete-botanica-blumen-33953-hellblau-grau\/\"]}]},{\"@type\":\"ImageObject\",\"inLanguage\":\"de\",\"@id\":\"https:\/\/www.hama-bodenbelag.de\/shop\/shop\/wand\/tapeten\/marburg\/marburg-vliestapete-botanica-blumen-33953-hellblau-grau\/#primaryimage\",\"url\":\"https:\/\/www.hama-bodenbelag.de\/shop\/wp-content\/uploads\/2023\/03\/marburg-marburg-vliestapete-botanica-blumen-33953-hellblau-grau.jpg\",\"contentUrl\":\"https:\/\/www.hama-bodenbelag.de\/shop\/wp-content\/uploads\/2023\/03\/marburg-marburg-vliestapete-botanica-blumen-33953-hellblau-grau.jpg\",\"width\":1060,\"height\":1280},{\"@type\":\"BreadcrumbList\",\"@id\":\"https:\/\/www.hama-bodenbelag.de\/shop\/shop\/wand\/tapeten\/marburg\/marburg-vliestapete-botanica-blumen-33953-hellblau-grau\/#breadcrumb\",\"itemListElement\":[{\"@type\":\"ListItem\",\"position\":1,\"name\":\"Startseite\",\"item\":\"https:\/\/www.hama-bodenbelag.de\/shop\/\"},{\"@type\":\"ListItem\",\"position\":2,\"name\":\"Shop\",\"item\":\"https:\/\/www.hama-bodenbelag.de\/shop\/shop\/\"},{\"@type\":\"ListItem\",\"position\":3,\"name\":\"Marburg Vliestapete Botanica Blumen 33953 (Hellblau\/Grau)\"}]},{\"@type\":\"WebSite\",\"@id\":\"https:\/\/www.hama-bodenbelag.de\/shop\/#website\",\"url\":\"https:\/\/www.hama-bodenbelag.de\/shop\/\",\"name\":\"Shop Hama Bodenbelagstudio\",\"description\":\"Shop Hama Bodenbelagstudio Muttstadt\",\"publisher\":{\"@id\":\"https:\/\/www.hama-bodenbelag.de\/shop\/#organization\"},\"potentialAction\":[{\"@type\":\"SearchAction\",\"target\":{\"@type\":\"EntryPoint\",\"urlTemplate\":\"https:\/\/www.hama-bodenbelag.de\/shop\/?s={search_term_string}\"},\"query-input\":{\"@type\":\"PropertyValueSpecification\",\"valueRequired\":true,\"valueName\":\"search_term_string\"}}],\"inLanguage\":\"de\"},{\"@type\":\"Organization\",\"@id\":\"https:\/\/www.hama-bodenbelag.de\/shop\/#organization\",\"name\":\"Hama Bodenbelagstudio\",\"url\":\"https:\/\/www.hama-bodenbelag.de\/shop\/\",\"logo\":{\"@type\":\"ImageObject\",\"inLanguage\":\"de\",\"@id\":\"https:\/\/www.hama-bodenbelag.de\/shop\/#\/schema\/logo\/image\/\",\"url\":\"https:\/\/www.hama-bodenbelag.de\/wp-content\/uploads\/2018\/03\/Hama-Logo-mit-Mini_webjpg.jpg\",\"contentUrl\":\"https:\/\/www.hama-bodenbelag.de\/wp-content\/uploads\/2018\/03\/Hama-Logo-mit-Mini_webjpg.jpg\",\"width\":1945,\"height\":609,\"caption\":\"Hama Bodenbelagstudio\"},\"image\":{\"@id\":\"https:\/\/www.hama-bodenbelag.de\/shop\/#\/schema\/logo\/image\/\"},\"sameAs\":[\"https:\/\/www.facebook.com\/hamamutterstadt\/\"]}]}<\/script>\n<!-- \/ Yoast SEO plugin. -->","yoast_head_json":{"title":"Marburg Vliestapete Botanica Blumen 33953 (Hellblau\/Grau) - Shop Hama Bodenbelagstudio","robots":{"index":"index","follow":"follow","max-snippet":"max-snippet:-1","max-image-preview":"max-image-preview:large","max-video-preview":"max-video-preview:-1"},"canonical":"https:\/\/www.hama-bodenbelag.de\/shop\/shop\/wand\/tapeten\/marburg\/marburg-vliestapete-botanica-blumen-33953-hellblau-grau\/","og_locale":"de_DE","og_type":"article","og_title":"Marburg Vliestapete Botanica Blumen 33953 (Hellblau\/Grau) - Shop Hama Bodenbelagstudio","og_description":"Die Blumentapete 33953 aus der Kollektion Botanica ist in den Farben Grau und Hellblau gehalten. Das wundersch\u00f6ne, abwechslungsreiche florale Muster ist ein richtiger Eyecatcher. In der Kollektion gibt es die passenden Unitapeten, die farblich genau abgstimmt sind.","og_url":"https:\/\/www.hama-bodenbelag.de\/shop\/shop\/wand\/tapeten\/marburg\/marburg-vliestapete-botanica-blumen-33953-hellblau-grau\/","og_site_name":"Shop Hama Bodenbelagstudio","article_publisher":"https:\/\/www.facebook.com\/hamamutterstadt\/","article_modified_time":"2023-03-16T23:07:20+00:00","og_image":[{"width":1060,"height":1280,"url":"https:\/\/www.hama-bodenbelag.de\/shop\/wp-content\/uploads\/2023\/03\/marburg-marburg-vliestapete-botanica-blumen-33953-hellblau-grau.jpg","type":"image\/jpeg"}],"twitter_card":"summary_large_image","schema":{"@context":"https:\/\/schema.org","@graph":[{"@type":"WebPage","@id":"https:\/\/www.hama-bodenbelag.de\/shop\/shop\/wand\/tapeten\/marburg\/marburg-vliestapete-botanica-blumen-33953-hellblau-grau\/","url":"https:\/\/www.hama-bodenbelag.de\/shop\/shop\/wand\/tapeten\/marburg\/marburg-vliestapete-botanica-blumen-33953-hellblau-grau\/","name":"Marburg Vliestapete Botanica Blumen 33953 (Hellblau\/Grau) - Shop Hama Bodenbelagstudio","isPartOf":{"@id":"https:\/\/www.hama-bodenbelag.de\/shop\/#website"},"primaryImageOfPage":{"@id":"https:\/\/www.hama-bodenbelag.de\/shop\/shop\/wand\/tapeten\/marburg\/marburg-vliestapete-botanica-blumen-33953-hellblau-grau\/#primaryimage"},"image":{"@id":"https:\/\/www.hama-bodenbelag.de\/shop\/shop\/wand\/tapeten\/marburg\/marburg-vliestapete-botanica-blumen-33953-hellblau-grau\/#primaryimage"},"thumbnailUrl":"https:\/\/www.hama-bodenbelag.de\/shop\/wp-content\/uploads\/2023\/03\/marburg-marburg-vliestapete-botanica-blumen-33953-hellblau-grau.jpg","datePublished":"2023-03-08T19:52:45+00:00","dateModified":"2023-03-16T23:07:20+00:00","breadcrumb":{"@id":"https:\/\/www.hama-bodenbelag.de\/shop\/shop\/wand\/tapeten\/marburg\/marburg-vliestapete-botanica-blumen-33953-hellblau-grau\/#breadcrumb"},"inLanguage":"de","potentialAction":[{"@type":"ReadAction","target":["https:\/\/www.hama-bodenbelag.de\/shop\/shop\/wand\/tapeten\/marburg\/marburg-vliestapete-botanica-blumen-33953-hellblau-grau\/"]}]},{"@type":"ImageObject","inLanguage":"de","@id":"https:\/\/www.hama-bodenbelag.de\/shop\/shop\/wand\/tapeten\/marburg\/marburg-vliestapete-botanica-blumen-33953-hellblau-grau\/#primaryimage","url":"https:\/\/www.hama-bodenbelag.de\/shop\/wp-content\/uploads\/2023\/03\/marburg-marburg-vliestapete-botanica-blumen-33953-hellblau-grau.jpg","contentUrl":"https:\/\/www.hama-bodenbelag.de\/shop\/wp-content\/uploads\/2023\/03\/marburg-marburg-vliestapete-botanica-blumen-33953-hellblau-grau.jpg","width":1060,"height":1280},{"@type":"BreadcrumbList","@id":"https:\/\/www.hama-bodenbelag.de\/shop\/shop\/wand\/tapeten\/marburg\/marburg-vliestapete-botanica-blumen-33953-hellblau-grau\/#breadcrumb","itemListElement":[{"@type":"ListItem","position":1,"name":"Startseite","item":"https:\/\/www.hama-bodenbelag.de\/shop\/"},{"@type":"ListItem","position":2,"name":"Shop","item":"https:\/\/www.hama-bodenbelag.de\/shop\/shop\/"},{"@type":"ListItem","position":3,"name":"Marburg Vliestapete Botanica Blumen 33953 (Hellblau\/Grau)"}]},{"@type":"WebSite","@id":"https:\/\/www.hama-bodenbelag.de\/shop\/#website","url":"https:\/\/www.hama-bodenbelag.de\/shop\/","name":"Shop Hama Bodenbelagstudio","description":"Shop Hama Bodenbelagstudio Muttstadt","publisher":{"@id":"https:\/\/www.hama-bodenbelag.de\/shop\/#organization"},"potentialAction":[{"@type":"SearchAction","target":{"@type":"EntryPoint","urlTemplate":"https:\/\/www.hama-bodenbelag.de\/shop\/?s={search_term_string}"},"query-input":{"@type":"PropertyValueSpecification","valueRequired":true,"valueName":"search_term_string"}}],"inLanguage":"de"},{"@type":"Organization","@id":"https:\/\/www.hama-bodenbelag.de\/shop\/#organization","name":"Hama Bodenbelagstudio","url":"https:\/\/www.hama-bodenbelag.de\/shop\/","logo":{"@type":"ImageObject","inLanguage":"de","@id":"https:\/\/www.hama-bodenbelag.de\/shop\/#\/schema\/logo\/image\/","url":"https:\/\/www.hama-bodenbelag.de\/wp-content\/uploads\/2018\/03\/Hama-Logo-mit-Mini_webjpg.jpg","contentUrl":"https:\/\/www.hama-bodenbelag.de\/wp-content\/uploads\/2018\/03\/Hama-Logo-mit-Mini_webjpg.jpg","width":1945,"height":609,"caption":"Hama Bodenbelagstudio"},"image":{"@id":"https:\/\/www.hama-bodenbelag.de\/shop\/#\/schema\/logo\/image\/"},"sameAs":["https:\/\/www.facebook.com\/hamamutterstadt\/"]}]}},"jetpack_sharing_enabled":true,"_links":{"self":[{"href":"https:\/\/www.hama-bodenbelag.de\/shop\/wp-json\/wp\/v2\/product\/38052","targetHints":{"allow":["GET"]}}],"collection":[{"href":"https:\/\/www.hama-bodenbelag.de\/shop\/wp-json\/wp\/v2\/product"}],"about":[{"href":"https:\/\/www.hama-bodenbelag.de\/shop\/wp-json\/wp\/v2\/types\/product"}],"replies":[{"embeddable":true,"href":"https:\/\/www.hama-bodenbelag.de\/shop\/wp-json\/wp\/v2\/comments?post=38052"}],"wp:featuredmedia":[{"embeddable":true,"href":"https:\/\/www.hama-bodenbelag.de\/shop\/wp-json\/wp\/v2\/media\/22973"}],"wp:attachment":[{"href":"https:\/\/www.hama-bodenbelag.de\/shop\/wp-json\/wp\/v2\/media?parent=38052"}],"wp:term":[{"taxonomy":"product_brand","embeddable":true,"href":"https:\/\/www.hama-bodenbelag.de\/shop\/wp-json\/wp\/v2\/product_brand?post=38052"},{"taxonomy":"product_cat","embeddable":true,"href":"https:\/\/www.hama-bodenbelag.de\/shop\/wp-json\/wp\/v2\/product_cat?post=38052"},{"taxonomy":"product_tag","embeddable":true,"href":"https:\/\/www.hama-bodenbelag.de\/shop\/wp-json\/wp\/v2\/product_tag?post=38052"}],"curies":[{"name":"wp","href":"https:\/\/api.w.org\/{rel}","templated":true}]}}