{"id":38147,"date":"2023-03-08T20:55:33","date_gmt":"2023-03-08T19:55:33","guid":{"rendered":"https:\/\/www.hama-bodenbelag.de\/shop\/https:\/www.hama-bodenbelag.de\/shop-hama\/produkt\/marburg-fototapete-smart-art-easy-blaetter-47206-gruen-rot\/"},"modified":"2023-03-17T00:07:25","modified_gmt":"2023-03-16T23:07:25","slug":"marburg-fototapete-smart-art-easy-blaetter-47206-gruen-rot","status":"publish","type":"product","link":"https:\/\/www.hama-bodenbelag.de\/shop\/shop\/wand\/tapeten\/marburg\/marburg-fototapete-smart-art-easy-blaetter-47206-gruen-rot\/","title":{"rendered":"Marburg Fototapete Smart Art Easy Bl\u00e4tter 47206 (Gr\u00fcn\/Rot)"},"content":{"rendered":"<p>Diese Fototapete wird mit dem Wandklebetechnik angebracht. D.h. Sie kleistern die Wand ein und dr\u00fccken dann die Tapete an die Wand. Das Wandbild besteht aus drei Bahnen und ist beliebig wiederholbar. Die gute Hochwaschbest\u00e4ndigkeit und gute Lichtbest\u00e4ndigkeit machen dieses Wandbild robust und langlebig.<\/p>\n","protected":false},"excerpt":{"rendered":"<p>Die modern gestaltete Fototapete 47206 zeigt l\u00e4ngliche Bl\u00e4tter in einem saftigen Gr\u00fcn kombiniert mit einem kr\u00e4ftigen Rot. Holen Sie sich ein St\u00fcck Natur an Ihre Wand!<\/p>\n","protected":false},"featured_media":23161,"comment_status":"closed","ping_status":"closed","template":"","meta":{"_acf_changed":false},"product_brand":[],"product_cat":[6826],"product_tag":[],"class_list":{"0":"post-38147","1":"product","2":"type-product","3":"status-publish","4":"has-post-thumbnail","6":"product_cat-marburg","7":"product_shipping_class-paketversand","8":"pa_abmessung-2-70-x-1-59-m","9":"pa_farbe-gruen-rot","10":"pa_filterfarbe-gruen","11":"pa_hersteller-marburg","12":"pa_kollektion-smart-art-easy","13":"pa_marke-marburg","14":"pa_material-vlies","15":"pa_muster-design-dekor-floral","16":"tm-no-options","18":"first","19":"instock","20":"taxable","21":"shipping-taxable","22":"purchasable","23":"product-type-simple"},"acf":[],"yoast_head":"<!-- This site is optimized with the Yoast SEO plugin v27.2 - https:\/\/yoast.com\/product\/yoast-seo-wordpress\/ -->\n<title>Marburg Fototapete Smart Art Easy Bl\u00e4tter 47206 (Gr\u00fcn\/Rot) - Shop Hama Bodenbelagstudio<\/title>\n<meta name=\"robots\" content=\"index, follow, max-snippet:-1, max-image-preview:large, max-video-preview:-1\" \/>\n<link rel=\"canonical\" href=\"https:\/\/www.hama-bodenbelag.de\/shop\/shop\/wand\/tapeten\/marburg\/marburg-fototapete-smart-art-easy-blaetter-47206-gruen-rot\/\" \/>\n<meta property=\"og:locale\" content=\"de_DE\" \/>\n<meta property=\"og:type\" content=\"article\" \/>\n<meta property=\"og:title\" content=\"Marburg Fototapete Smart Art Easy Bl\u00e4tter 47206 (Gr\u00fcn\/Rot) - Shop Hama Bodenbelagstudio\" \/>\n<meta property=\"og:description\" content=\"Die modern gestaltete Fototapete 47206 zeigt l\u00e4ngliche Bl\u00e4tter in einem saftigen Gr\u00fcn kombiniert mit einem kr\u00e4ftigen Rot. Holen Sie sich ein St\u00fcck Natur an Ihre Wand!\" \/>\n<meta property=\"og:url\" content=\"https:\/\/www.hama-bodenbelag.de\/shop\/shop\/wand\/tapeten\/marburg\/marburg-fototapete-smart-art-easy-blaetter-47206-gruen-rot\/\" \/>\n<meta property=\"og:site_name\" content=\"Shop Hama Bodenbelagstudio\" \/>\n<meta property=\"article:publisher\" content=\"https:\/\/www.facebook.com\/hamamutterstadt\/\" \/>\n<meta property=\"article:modified_time\" content=\"2023-03-16T23:07:25+00:00\" \/>\n<meta property=\"og:image\" content=\"https:\/\/www.hama-bodenbelag.de\/shop\/wp-content\/uploads\/2023\/03\/marburg-marburg-fototapete-smart-art-easy-blatter-47206-grun-rot.jpg\" \/>\n\t<meta property=\"og:image:width\" content=\"1131\" \/>\n\t<meta property=\"og:image:height\" content=\"1920\" \/>\n\t<meta property=\"og:image:type\" content=\"image\/jpeg\" \/>\n<meta name=\"twitter:card\" content=\"summary_large_image\" \/>\n<script type=\"application\/ld+json\" class=\"yoast-schema-graph\">{\"@context\":\"https:\/\/schema.org\",\"@graph\":[{\"@type\":\"WebPage\",\"@id\":\"https:\/\/www.hama-bodenbelag.de\/shop\/shop\/wand\/tapeten\/marburg\/marburg-fototapete-smart-art-easy-blaetter-47206-gruen-rot\/\",\"url\":\"https:\/\/www.hama-bodenbelag.de\/shop\/shop\/wand\/tapeten\/marburg\/marburg-fototapete-smart-art-easy-blaetter-47206-gruen-rot\/\",\"name\":\"Marburg Fototapete Smart Art Easy Bl\u00e4tter 47206 (Gr\u00fcn\/Rot) - Shop Hama Bodenbelagstudio\",\"isPartOf\":{\"@id\":\"https:\/\/www.hama-bodenbelag.de\/shop\/#website\"},\"primaryImageOfPage\":{\"@id\":\"https:\/\/www.hama-bodenbelag.de\/shop\/shop\/wand\/tapeten\/marburg\/marburg-fototapete-smart-art-easy-blaetter-47206-gruen-rot\/#primaryimage\"},\"image\":{\"@id\":\"https:\/\/www.hama-bodenbelag.de\/shop\/shop\/wand\/tapeten\/marburg\/marburg-fototapete-smart-art-easy-blaetter-47206-gruen-rot\/#primaryimage\"},\"thumbnailUrl\":\"https:\/\/www.hama-bodenbelag.de\/shop\/wp-content\/uploads\/2023\/03\/marburg-marburg-fototapete-smart-art-easy-blatter-47206-grun-rot.jpg\",\"datePublished\":\"2023-03-08T19:55:33+00:00\",\"dateModified\":\"2023-03-16T23:07:25+00:00\",\"breadcrumb\":{\"@id\":\"https:\/\/www.hama-bodenbelag.de\/shop\/shop\/wand\/tapeten\/marburg\/marburg-fototapete-smart-art-easy-blaetter-47206-gruen-rot\/#breadcrumb\"},\"inLanguage\":\"de\",\"potentialAction\":[{\"@type\":\"ReadAction\",\"target\":[\"https:\/\/www.hama-bodenbelag.de\/shop\/shop\/wand\/tapeten\/marburg\/marburg-fototapete-smart-art-easy-blaetter-47206-gruen-rot\/\"]}]},{\"@type\":\"ImageObject\",\"inLanguage\":\"de\",\"@id\":\"https:\/\/www.hama-bodenbelag.de\/shop\/shop\/wand\/tapeten\/marburg\/marburg-fototapete-smart-art-easy-blaetter-47206-gruen-rot\/#primaryimage\",\"url\":\"https:\/\/www.hama-bodenbelag.de\/shop\/wp-content\/uploads\/2023\/03\/marburg-marburg-fototapete-smart-art-easy-blatter-47206-grun-rot.jpg\",\"contentUrl\":\"https:\/\/www.hama-bodenbelag.de\/shop\/wp-content\/uploads\/2023\/03\/marburg-marburg-fototapete-smart-art-easy-blatter-47206-grun-rot.jpg\",\"width\":1131,\"height\":1920},{\"@type\":\"BreadcrumbList\",\"@id\":\"https:\/\/www.hama-bodenbelag.de\/shop\/shop\/wand\/tapeten\/marburg\/marburg-fototapete-smart-art-easy-blaetter-47206-gruen-rot\/#breadcrumb\",\"itemListElement\":[{\"@type\":\"ListItem\",\"position\":1,\"name\":\"Startseite\",\"item\":\"https:\/\/www.hama-bodenbelag.de\/shop\/\"},{\"@type\":\"ListItem\",\"position\":2,\"name\":\"Shop\",\"item\":\"https:\/\/www.hama-bodenbelag.de\/shop\/shop\/\"},{\"@type\":\"ListItem\",\"position\":3,\"name\":\"Marburg Fototapete Smart Art Easy Bl\u00e4tter 47206 (Gr\u00fcn\/Rot)\"}]},{\"@type\":\"WebSite\",\"@id\":\"https:\/\/www.hama-bodenbelag.de\/shop\/#website\",\"url\":\"https:\/\/www.hama-bodenbelag.de\/shop\/\",\"name\":\"Shop Hama Bodenbelagstudio\",\"description\":\"Shop Hama Bodenbelagstudio Muttstadt\",\"publisher\":{\"@id\":\"https:\/\/www.hama-bodenbelag.de\/shop\/#organization\"},\"potentialAction\":[{\"@type\":\"SearchAction\",\"target\":{\"@type\":\"EntryPoint\",\"urlTemplate\":\"https:\/\/www.hama-bodenbelag.de\/shop\/?s={search_term_string}\"},\"query-input\":{\"@type\":\"PropertyValueSpecification\",\"valueRequired\":true,\"valueName\":\"search_term_string\"}}],\"inLanguage\":\"de\"},{\"@type\":\"Organization\",\"@id\":\"https:\/\/www.hama-bodenbelag.de\/shop\/#organization\",\"name\":\"Hama Bodenbelagstudio\",\"url\":\"https:\/\/www.hama-bodenbelag.de\/shop\/\",\"logo\":{\"@type\":\"ImageObject\",\"inLanguage\":\"de\",\"@id\":\"https:\/\/www.hama-bodenbelag.de\/shop\/#\/schema\/logo\/image\/\",\"url\":\"https:\/\/www.hama-bodenbelag.de\/wp-content\/uploads\/2018\/03\/Hama-Logo-mit-Mini_webjpg.jpg\",\"contentUrl\":\"https:\/\/www.hama-bodenbelag.de\/wp-content\/uploads\/2018\/03\/Hama-Logo-mit-Mini_webjpg.jpg\",\"width\":1945,\"height\":609,\"caption\":\"Hama Bodenbelagstudio\"},\"image\":{\"@id\":\"https:\/\/www.hama-bodenbelag.de\/shop\/#\/schema\/logo\/image\/\"},\"sameAs\":[\"https:\/\/www.facebook.com\/hamamutterstadt\/\"]}]}<\/script>\n<!-- \/ Yoast SEO plugin. -->","yoast_head_json":{"title":"Marburg Fototapete Smart Art Easy Bl\u00e4tter 47206 (Gr\u00fcn\/Rot) - Shop Hama Bodenbelagstudio","robots":{"index":"index","follow":"follow","max-snippet":"max-snippet:-1","max-image-preview":"max-image-preview:large","max-video-preview":"max-video-preview:-1"},"canonical":"https:\/\/www.hama-bodenbelag.de\/shop\/shop\/wand\/tapeten\/marburg\/marburg-fototapete-smart-art-easy-blaetter-47206-gruen-rot\/","og_locale":"de_DE","og_type":"article","og_title":"Marburg Fototapete Smart Art Easy Bl\u00e4tter 47206 (Gr\u00fcn\/Rot) - Shop Hama Bodenbelagstudio","og_description":"Die modern gestaltete Fototapete 47206 zeigt l\u00e4ngliche Bl\u00e4tter in einem saftigen Gr\u00fcn kombiniert mit einem kr\u00e4ftigen Rot. Holen Sie sich ein St\u00fcck Natur an Ihre Wand!","og_url":"https:\/\/www.hama-bodenbelag.de\/shop\/shop\/wand\/tapeten\/marburg\/marburg-fototapete-smart-art-easy-blaetter-47206-gruen-rot\/","og_site_name":"Shop Hama Bodenbelagstudio","article_publisher":"https:\/\/www.facebook.com\/hamamutterstadt\/","article_modified_time":"2023-03-16T23:07:25+00:00","og_image":[{"width":1131,"height":1920,"url":"https:\/\/www.hama-bodenbelag.de\/shop\/wp-content\/uploads\/2023\/03\/marburg-marburg-fototapete-smart-art-easy-blatter-47206-grun-rot.jpg","type":"image\/jpeg"}],"twitter_card":"summary_large_image","schema":{"@context":"https:\/\/schema.org","@graph":[{"@type":"WebPage","@id":"https:\/\/www.hama-bodenbelag.de\/shop\/shop\/wand\/tapeten\/marburg\/marburg-fototapete-smart-art-easy-blaetter-47206-gruen-rot\/","url":"https:\/\/www.hama-bodenbelag.de\/shop\/shop\/wand\/tapeten\/marburg\/marburg-fototapete-smart-art-easy-blaetter-47206-gruen-rot\/","name":"Marburg Fototapete Smart Art Easy Bl\u00e4tter 47206 (Gr\u00fcn\/Rot) - Shop Hama Bodenbelagstudio","isPartOf":{"@id":"https:\/\/www.hama-bodenbelag.de\/shop\/#website"},"primaryImageOfPage":{"@id":"https:\/\/www.hama-bodenbelag.de\/shop\/shop\/wand\/tapeten\/marburg\/marburg-fototapete-smart-art-easy-blaetter-47206-gruen-rot\/#primaryimage"},"image":{"@id":"https:\/\/www.hama-bodenbelag.de\/shop\/shop\/wand\/tapeten\/marburg\/marburg-fototapete-smart-art-easy-blaetter-47206-gruen-rot\/#primaryimage"},"thumbnailUrl":"https:\/\/www.hama-bodenbelag.de\/shop\/wp-content\/uploads\/2023\/03\/marburg-marburg-fototapete-smart-art-easy-blatter-47206-grun-rot.jpg","datePublished":"2023-03-08T19:55:33+00:00","dateModified":"2023-03-16T23:07:25+00:00","breadcrumb":{"@id":"https:\/\/www.hama-bodenbelag.de\/shop\/shop\/wand\/tapeten\/marburg\/marburg-fototapete-smart-art-easy-blaetter-47206-gruen-rot\/#breadcrumb"},"inLanguage":"de","potentialAction":[{"@type":"ReadAction","target":["https:\/\/www.hama-bodenbelag.de\/shop\/shop\/wand\/tapeten\/marburg\/marburg-fototapete-smart-art-easy-blaetter-47206-gruen-rot\/"]}]},{"@type":"ImageObject","inLanguage":"de","@id":"https:\/\/www.hama-bodenbelag.de\/shop\/shop\/wand\/tapeten\/marburg\/marburg-fototapete-smart-art-easy-blaetter-47206-gruen-rot\/#primaryimage","url":"https:\/\/www.hama-bodenbelag.de\/shop\/wp-content\/uploads\/2023\/03\/marburg-marburg-fototapete-smart-art-easy-blatter-47206-grun-rot.jpg","contentUrl":"https:\/\/www.hama-bodenbelag.de\/shop\/wp-content\/uploads\/2023\/03\/marburg-marburg-fototapete-smart-art-easy-blatter-47206-grun-rot.jpg","width":1131,"height":1920},{"@type":"BreadcrumbList","@id":"https:\/\/www.hama-bodenbelag.de\/shop\/shop\/wand\/tapeten\/marburg\/marburg-fototapete-smart-art-easy-blaetter-47206-gruen-rot\/#breadcrumb","itemListElement":[{"@type":"ListItem","position":1,"name":"Startseite","item":"https:\/\/www.hama-bodenbelag.de\/shop\/"},{"@type":"ListItem","position":2,"name":"Shop","item":"https:\/\/www.hama-bodenbelag.de\/shop\/shop\/"},{"@type":"ListItem","position":3,"name":"Marburg Fototapete Smart Art Easy Bl\u00e4tter 47206 (Gr\u00fcn\/Rot)"}]},{"@type":"WebSite","@id":"https:\/\/www.hama-bodenbelag.de\/shop\/#website","url":"https:\/\/www.hama-bodenbelag.de\/shop\/","name":"Shop Hama Bodenbelagstudio","description":"Shop Hama Bodenbelagstudio Muttstadt","publisher":{"@id":"https:\/\/www.hama-bodenbelag.de\/shop\/#organization"},"potentialAction":[{"@type":"SearchAction","target":{"@type":"EntryPoint","urlTemplate":"https:\/\/www.hama-bodenbelag.de\/shop\/?s={search_term_string}"},"query-input":{"@type":"PropertyValueSpecification","valueRequired":true,"valueName":"search_term_string"}}],"inLanguage":"de"},{"@type":"Organization","@id":"https:\/\/www.hama-bodenbelag.de\/shop\/#organization","name":"Hama Bodenbelagstudio","url":"https:\/\/www.hama-bodenbelag.de\/shop\/","logo":{"@type":"ImageObject","inLanguage":"de","@id":"https:\/\/www.hama-bodenbelag.de\/shop\/#\/schema\/logo\/image\/","url":"https:\/\/www.hama-bodenbelag.de\/wp-content\/uploads\/2018\/03\/Hama-Logo-mit-Mini_webjpg.jpg","contentUrl":"https:\/\/www.hama-bodenbelag.de\/wp-content\/uploads\/2018\/03\/Hama-Logo-mit-Mini_webjpg.jpg","width":1945,"height":609,"caption":"Hama Bodenbelagstudio"},"image":{"@id":"https:\/\/www.hama-bodenbelag.de\/shop\/#\/schema\/logo\/image\/"},"sameAs":["https:\/\/www.facebook.com\/hamamutterstadt\/"]}]}},"jetpack_sharing_enabled":true,"_links":{"self":[{"href":"https:\/\/www.hama-bodenbelag.de\/shop\/wp-json\/wp\/v2\/product\/38147","targetHints":{"allow":["GET"]}}],"collection":[{"href":"https:\/\/www.hama-bodenbelag.de\/shop\/wp-json\/wp\/v2\/product"}],"about":[{"href":"https:\/\/www.hama-bodenbelag.de\/shop\/wp-json\/wp\/v2\/types\/product"}],"replies":[{"embeddable":true,"href":"https:\/\/www.hama-bodenbelag.de\/shop\/wp-json\/wp\/v2\/comments?post=38147"}],"wp:featuredmedia":[{"embeddable":true,"href":"https:\/\/www.hama-bodenbelag.de\/shop\/wp-json\/wp\/v2\/media\/23161"}],"wp:attachment":[{"href":"https:\/\/www.hama-bodenbelag.de\/shop\/wp-json\/wp\/v2\/media?parent=38147"}],"wp:term":[{"taxonomy":"product_brand","embeddable":true,"href":"https:\/\/www.hama-bodenbelag.de\/shop\/wp-json\/wp\/v2\/product_brand?post=38147"},{"taxonomy":"product_cat","embeddable":true,"href":"https:\/\/www.hama-bodenbelag.de\/shop\/wp-json\/wp\/v2\/product_cat?post=38147"},{"taxonomy":"product_tag","embeddable":true,"href":"https:\/\/www.hama-bodenbelag.de\/shop\/wp-json\/wp\/v2\/product_tag?post=38147"}],"curies":[{"name":"wp","href":"https:\/\/api.w.org\/{rel}","templated":true}]}}