{"id":38245,"date":"2023-03-08T20:58:24","date_gmt":"2023-03-08T19:58:24","guid":{"rendered":"https:\/\/www.hama-bodenbelag.de\/shop\/https:\/www.hama-bodenbelag.de\/shop-hama\/produkt\/rasch-textil-tapete-abaca-070230-zartes-seegrasgeflecht-hellgrau-blau\/"},"modified":"2023-03-16T12:02:02","modified_gmt":"2023-03-16T11:02:02","slug":"rasch-textil-tapete-abaca-070230-zartes-seegrasgeflecht-hellgrau-blau","status":"publish","type":"product","link":"https:\/\/www.hama-bodenbelag.de\/shop\/shop\/wand\/tapeten\/rasch-textil\/rasch-textil-tapete-abaca-070230-zartes-seegrasgeflecht-hellgrau-blau\/","title":{"rendered":"Rasch Textil Tapete Abaca 070230 &#8211; Zartes Seegrasgeflecht (Hellgrau\/Blau)"},"content":{"rendered":"<p>In dem Wunsch, besondere Wandbel\u00e4ge durch Verwendung echter Textilien herzustellen, hat RASCH-TEXTIL diese au\u00dfergew\u00f6hnlichen Naturtapeten in der Optik zarten Seegrasgeflechts geschaffen. Es ist gelungen, Strukturen herzustellen, die absolut plastisch und detailliert erscheinen. Bringen Sie wundersch\u00f6ne Stoffe und Gewebe an Ihre W\u00e4nde! Und dies auch noch kinderleicht und unkompliziert. Aufgrund des formstabilen Materials, wird es auch Tapezier-Neulingen einfach gemacht, die eigenen R\u00e4ume individuell zu gestalten. Kleistern Sie die vorgesehen Wand ein und dr\u00fccken Sie die Tapeten an. Selbst das Verschieben der einzelnen Bahnen ist zu diesem Zeitpunkt m\u00fchelos m\u00f6glich, so dass Ihnen auch ansatzfreies Anbringen gelingen wird.<\/p>\n","protected":false},"excerpt":{"rendered":"<p>Bei dieser hochwertigen Abaca 070230 Naturtapete, handelt es sich um Meterware. Bitte geben Sie die gew\u00fcnschte Meterl\u00e4nge ein. Maximall\u00e4nge pro Rolle betr\u00e4gt 25 Meter. Dar\u00fcber hinaus wird die Meteranzahl auf mehrere Rollen verteilt.<\/p>\n","protected":false},"featured_media":6309,"comment_status":"closed","ping_status":"closed","template":"","meta":{"_acf_changed":false},"product_brand":[],"product_cat":[7096],"product_tag":[],"class_list":{"0":"post-38245","1":"product","2":"type-product","3":"status-publish","4":"has-post-thumbnail","6":"product_cat-rasch-textil","7":"product_shipping_class-paketversand","8":"pa_farbe-hellgrau-blau","9":"pa_filterfarbe-grau","10":"pa_hersteller-rasch-textil","11":"pa_kollektion-abaca","12":"pa_marke-rasch-textil","13":"pa_material-naturtapete","14":"pa_muster-design-dekor-faux-uni","15":"tm-no-options","17":"first","18":"instock","19":"taxable","20":"shipping-taxable","21":"purchasable","22":"product-type-simple"},"acf":[],"yoast_head":"<!-- This site is optimized with the Yoast SEO plugin v27.2 - https:\/\/yoast.com\/product\/yoast-seo-wordpress\/ -->\n<title>Rasch Textil Tapete Abaca 070230 - Zartes Seegrasgeflecht (Hellgrau\/Blau) - Shop Hama Bodenbelagstudio<\/title>\n<meta name=\"robots\" content=\"index, follow, max-snippet:-1, max-image-preview:large, max-video-preview:-1\" \/>\n<link rel=\"canonical\" href=\"https:\/\/www.hama-bodenbelag.de\/shop\/shop\/wand\/tapeten\/rasch-textil\/rasch-textil-tapete-abaca-070230-zartes-seegrasgeflecht-hellgrau-blau\/\" \/>\n<meta property=\"og:locale\" content=\"de_DE\" \/>\n<meta property=\"og:type\" content=\"article\" \/>\n<meta property=\"og:title\" content=\"Rasch Textil Tapete Abaca 070230 - Zartes Seegrasgeflecht (Hellgrau\/Blau) - Shop Hama Bodenbelagstudio\" \/>\n<meta property=\"og:description\" content=\"Bei dieser hochwertigen Abaca 070230 Naturtapete, handelt es sich um Meterware. Bitte geben Sie die gew\u00fcnschte Meterl\u00e4nge ein. Maximall\u00e4nge pro Rolle betr\u00e4gt 25 Meter. Dar\u00fcber hinaus wird die Meteranzahl auf mehrere Rollen verteilt.\" \/>\n<meta property=\"og:url\" content=\"https:\/\/www.hama-bodenbelag.de\/shop\/shop\/wand\/tapeten\/rasch-textil\/rasch-textil-tapete-abaca-070230-zartes-seegrasgeflecht-hellgrau-blau\/\" \/>\n<meta property=\"og:site_name\" content=\"Shop Hama Bodenbelagstudio\" \/>\n<meta property=\"article:publisher\" content=\"https:\/\/www.facebook.com\/hamamutterstadt\/\" \/>\n<meta property=\"article:modified_time\" content=\"2023-03-16T11:02:02+00:00\" \/>\n<meta property=\"og:image\" content=\"https:\/\/www.hama-bodenbelag.de\/shop\/wp-content\/uploads\/2020\/10\/rasch-textil-rasch-textil-tapete-abaca-070230-zartes-seegrasgeflecht-hellgrau-blau.jpg\" \/>\n\t<meta property=\"og:image:width\" content=\"1186\" \/>\n\t<meta property=\"og:image:height\" content=\"794\" \/>\n\t<meta property=\"og:image:type\" content=\"image\/jpeg\" \/>\n<meta name=\"twitter:card\" content=\"summary_large_image\" \/>\n<meta name=\"twitter:label1\" content=\"Gesch\u00e4tzte Lesezeit\" \/>\n\t<meta name=\"twitter:data1\" content=\"1\u00a0Minute\" \/>\n<script type=\"application\/ld+json\" class=\"yoast-schema-graph\">{\"@context\":\"https:\/\/schema.org\",\"@graph\":[{\"@type\":\"WebPage\",\"@id\":\"https:\/\/www.hama-bodenbelag.de\/shop\/shop\/wand\/tapeten\/rasch-textil\/rasch-textil-tapete-abaca-070230-zartes-seegrasgeflecht-hellgrau-blau\/\",\"url\":\"https:\/\/www.hama-bodenbelag.de\/shop\/shop\/wand\/tapeten\/rasch-textil\/rasch-textil-tapete-abaca-070230-zartes-seegrasgeflecht-hellgrau-blau\/\",\"name\":\"Rasch Textil Tapete Abaca 070230 - Zartes Seegrasgeflecht (Hellgrau\/Blau) - Shop Hama Bodenbelagstudio\",\"isPartOf\":{\"@id\":\"https:\/\/www.hama-bodenbelag.de\/shop\/#website\"},\"primaryImageOfPage\":{\"@id\":\"https:\/\/www.hama-bodenbelag.de\/shop\/shop\/wand\/tapeten\/rasch-textil\/rasch-textil-tapete-abaca-070230-zartes-seegrasgeflecht-hellgrau-blau\/#primaryimage\"},\"image\":{\"@id\":\"https:\/\/www.hama-bodenbelag.de\/shop\/shop\/wand\/tapeten\/rasch-textil\/rasch-textil-tapete-abaca-070230-zartes-seegrasgeflecht-hellgrau-blau\/#primaryimage\"},\"thumbnailUrl\":\"https:\/\/www.hama-bodenbelag.de\/shop\/wp-content\/uploads\/2020\/10\/rasch-textil-rasch-textil-tapete-abaca-070230-zartes-seegrasgeflecht-hellgrau-blau.jpg\",\"datePublished\":\"2023-03-08T19:58:24+00:00\",\"dateModified\":\"2023-03-16T11:02:02+00:00\",\"breadcrumb\":{\"@id\":\"https:\/\/www.hama-bodenbelag.de\/shop\/shop\/wand\/tapeten\/rasch-textil\/rasch-textil-tapete-abaca-070230-zartes-seegrasgeflecht-hellgrau-blau\/#breadcrumb\"},\"inLanguage\":\"de\",\"potentialAction\":[{\"@type\":\"ReadAction\",\"target\":[\"https:\/\/www.hama-bodenbelag.de\/shop\/shop\/wand\/tapeten\/rasch-textil\/rasch-textil-tapete-abaca-070230-zartes-seegrasgeflecht-hellgrau-blau\/\"]}]},{\"@type\":\"ImageObject\",\"inLanguage\":\"de\",\"@id\":\"https:\/\/www.hama-bodenbelag.de\/shop\/shop\/wand\/tapeten\/rasch-textil\/rasch-textil-tapete-abaca-070230-zartes-seegrasgeflecht-hellgrau-blau\/#primaryimage\",\"url\":\"https:\/\/www.hama-bodenbelag.de\/shop\/wp-content\/uploads\/2020\/10\/rasch-textil-rasch-textil-tapete-abaca-070230-zartes-seegrasgeflecht-hellgrau-blau.jpg\",\"contentUrl\":\"https:\/\/www.hama-bodenbelag.de\/shop\/wp-content\/uploads\/2020\/10\/rasch-textil-rasch-textil-tapete-abaca-070230-zartes-seegrasgeflecht-hellgrau-blau.jpg\",\"width\":1186,\"height\":794},{\"@type\":\"BreadcrumbList\",\"@id\":\"https:\/\/www.hama-bodenbelag.de\/shop\/shop\/wand\/tapeten\/rasch-textil\/rasch-textil-tapete-abaca-070230-zartes-seegrasgeflecht-hellgrau-blau\/#breadcrumb\",\"itemListElement\":[{\"@type\":\"ListItem\",\"position\":1,\"name\":\"Startseite\",\"item\":\"https:\/\/www.hama-bodenbelag.de\/shop\/\"},{\"@type\":\"ListItem\",\"position\":2,\"name\":\"Shop\",\"item\":\"https:\/\/www.hama-bodenbelag.de\/shop\/shop\/\"},{\"@type\":\"ListItem\",\"position\":3,\"name\":\"Rasch Textil Tapete Abaca 070230 &#8211; Zartes Seegrasgeflecht (Hellgrau\/Blau)\"}]},{\"@type\":\"WebSite\",\"@id\":\"https:\/\/www.hama-bodenbelag.de\/shop\/#website\",\"url\":\"https:\/\/www.hama-bodenbelag.de\/shop\/\",\"name\":\"Shop Hama Bodenbelagstudio\",\"description\":\"Shop Hama Bodenbelagstudio Muttstadt\",\"publisher\":{\"@id\":\"https:\/\/www.hama-bodenbelag.de\/shop\/#organization\"},\"potentialAction\":[{\"@type\":\"SearchAction\",\"target\":{\"@type\":\"EntryPoint\",\"urlTemplate\":\"https:\/\/www.hama-bodenbelag.de\/shop\/?s={search_term_string}\"},\"query-input\":{\"@type\":\"PropertyValueSpecification\",\"valueRequired\":true,\"valueName\":\"search_term_string\"}}],\"inLanguage\":\"de\"},{\"@type\":\"Organization\",\"@id\":\"https:\/\/www.hama-bodenbelag.de\/shop\/#organization\",\"name\":\"Hama Bodenbelagstudio\",\"url\":\"https:\/\/www.hama-bodenbelag.de\/shop\/\",\"logo\":{\"@type\":\"ImageObject\",\"inLanguage\":\"de\",\"@id\":\"https:\/\/www.hama-bodenbelag.de\/shop\/#\/schema\/logo\/image\/\",\"url\":\"https:\/\/www.hama-bodenbelag.de\/wp-content\/uploads\/2018\/03\/Hama-Logo-mit-Mini_webjpg.jpg\",\"contentUrl\":\"https:\/\/www.hama-bodenbelag.de\/wp-content\/uploads\/2018\/03\/Hama-Logo-mit-Mini_webjpg.jpg\",\"width\":1945,\"height\":609,\"caption\":\"Hama Bodenbelagstudio\"},\"image\":{\"@id\":\"https:\/\/www.hama-bodenbelag.de\/shop\/#\/schema\/logo\/image\/\"},\"sameAs\":[\"https:\/\/www.facebook.com\/hamamutterstadt\/\"]}]}<\/script>\n<!-- \/ Yoast SEO plugin. -->","yoast_head_json":{"title":"Rasch Textil Tapete Abaca 070230 - Zartes Seegrasgeflecht (Hellgrau\/Blau) - Shop Hama Bodenbelagstudio","robots":{"index":"index","follow":"follow","max-snippet":"max-snippet:-1","max-image-preview":"max-image-preview:large","max-video-preview":"max-video-preview:-1"},"canonical":"https:\/\/www.hama-bodenbelag.de\/shop\/shop\/wand\/tapeten\/rasch-textil\/rasch-textil-tapete-abaca-070230-zartes-seegrasgeflecht-hellgrau-blau\/","og_locale":"de_DE","og_type":"article","og_title":"Rasch Textil Tapete Abaca 070230 - Zartes Seegrasgeflecht (Hellgrau\/Blau) - Shop Hama Bodenbelagstudio","og_description":"Bei dieser hochwertigen Abaca 070230 Naturtapete, handelt es sich um Meterware. Bitte geben Sie die gew\u00fcnschte Meterl\u00e4nge ein. Maximall\u00e4nge pro Rolle betr\u00e4gt 25 Meter. Dar\u00fcber hinaus wird die Meteranzahl auf mehrere Rollen verteilt.","og_url":"https:\/\/www.hama-bodenbelag.de\/shop\/shop\/wand\/tapeten\/rasch-textil\/rasch-textil-tapete-abaca-070230-zartes-seegrasgeflecht-hellgrau-blau\/","og_site_name":"Shop Hama Bodenbelagstudio","article_publisher":"https:\/\/www.facebook.com\/hamamutterstadt\/","article_modified_time":"2023-03-16T11:02:02+00:00","og_image":[{"width":1186,"height":794,"url":"https:\/\/www.hama-bodenbelag.de\/shop\/wp-content\/uploads\/2020\/10\/rasch-textil-rasch-textil-tapete-abaca-070230-zartes-seegrasgeflecht-hellgrau-blau.jpg","type":"image\/jpeg"}],"twitter_card":"summary_large_image","twitter_misc":{"Gesch\u00e4tzte Lesezeit":"1\u00a0Minute"},"schema":{"@context":"https:\/\/schema.org","@graph":[{"@type":"WebPage","@id":"https:\/\/www.hama-bodenbelag.de\/shop\/shop\/wand\/tapeten\/rasch-textil\/rasch-textil-tapete-abaca-070230-zartes-seegrasgeflecht-hellgrau-blau\/","url":"https:\/\/www.hama-bodenbelag.de\/shop\/shop\/wand\/tapeten\/rasch-textil\/rasch-textil-tapete-abaca-070230-zartes-seegrasgeflecht-hellgrau-blau\/","name":"Rasch Textil Tapete Abaca 070230 - Zartes Seegrasgeflecht (Hellgrau\/Blau) - Shop Hama Bodenbelagstudio","isPartOf":{"@id":"https:\/\/www.hama-bodenbelag.de\/shop\/#website"},"primaryImageOfPage":{"@id":"https:\/\/www.hama-bodenbelag.de\/shop\/shop\/wand\/tapeten\/rasch-textil\/rasch-textil-tapete-abaca-070230-zartes-seegrasgeflecht-hellgrau-blau\/#primaryimage"},"image":{"@id":"https:\/\/www.hama-bodenbelag.de\/shop\/shop\/wand\/tapeten\/rasch-textil\/rasch-textil-tapete-abaca-070230-zartes-seegrasgeflecht-hellgrau-blau\/#primaryimage"},"thumbnailUrl":"https:\/\/www.hama-bodenbelag.de\/shop\/wp-content\/uploads\/2020\/10\/rasch-textil-rasch-textil-tapete-abaca-070230-zartes-seegrasgeflecht-hellgrau-blau.jpg","datePublished":"2023-03-08T19:58:24+00:00","dateModified":"2023-03-16T11:02:02+00:00","breadcrumb":{"@id":"https:\/\/www.hama-bodenbelag.de\/shop\/shop\/wand\/tapeten\/rasch-textil\/rasch-textil-tapete-abaca-070230-zartes-seegrasgeflecht-hellgrau-blau\/#breadcrumb"},"inLanguage":"de","potentialAction":[{"@type":"ReadAction","target":["https:\/\/www.hama-bodenbelag.de\/shop\/shop\/wand\/tapeten\/rasch-textil\/rasch-textil-tapete-abaca-070230-zartes-seegrasgeflecht-hellgrau-blau\/"]}]},{"@type":"ImageObject","inLanguage":"de","@id":"https:\/\/www.hama-bodenbelag.de\/shop\/shop\/wand\/tapeten\/rasch-textil\/rasch-textil-tapete-abaca-070230-zartes-seegrasgeflecht-hellgrau-blau\/#primaryimage","url":"https:\/\/www.hama-bodenbelag.de\/shop\/wp-content\/uploads\/2020\/10\/rasch-textil-rasch-textil-tapete-abaca-070230-zartes-seegrasgeflecht-hellgrau-blau.jpg","contentUrl":"https:\/\/www.hama-bodenbelag.de\/shop\/wp-content\/uploads\/2020\/10\/rasch-textil-rasch-textil-tapete-abaca-070230-zartes-seegrasgeflecht-hellgrau-blau.jpg","width":1186,"height":794},{"@type":"BreadcrumbList","@id":"https:\/\/www.hama-bodenbelag.de\/shop\/shop\/wand\/tapeten\/rasch-textil\/rasch-textil-tapete-abaca-070230-zartes-seegrasgeflecht-hellgrau-blau\/#breadcrumb","itemListElement":[{"@type":"ListItem","position":1,"name":"Startseite","item":"https:\/\/www.hama-bodenbelag.de\/shop\/"},{"@type":"ListItem","position":2,"name":"Shop","item":"https:\/\/www.hama-bodenbelag.de\/shop\/shop\/"},{"@type":"ListItem","position":3,"name":"Rasch Textil Tapete Abaca 070230 &#8211; Zartes Seegrasgeflecht (Hellgrau\/Blau)"}]},{"@type":"WebSite","@id":"https:\/\/www.hama-bodenbelag.de\/shop\/#website","url":"https:\/\/www.hama-bodenbelag.de\/shop\/","name":"Shop Hama Bodenbelagstudio","description":"Shop Hama Bodenbelagstudio Muttstadt","publisher":{"@id":"https:\/\/www.hama-bodenbelag.de\/shop\/#organization"},"potentialAction":[{"@type":"SearchAction","target":{"@type":"EntryPoint","urlTemplate":"https:\/\/www.hama-bodenbelag.de\/shop\/?s={search_term_string}"},"query-input":{"@type":"PropertyValueSpecification","valueRequired":true,"valueName":"search_term_string"}}],"inLanguage":"de"},{"@type":"Organization","@id":"https:\/\/www.hama-bodenbelag.de\/shop\/#organization","name":"Hama Bodenbelagstudio","url":"https:\/\/www.hama-bodenbelag.de\/shop\/","logo":{"@type":"ImageObject","inLanguage":"de","@id":"https:\/\/www.hama-bodenbelag.de\/shop\/#\/schema\/logo\/image\/","url":"https:\/\/www.hama-bodenbelag.de\/wp-content\/uploads\/2018\/03\/Hama-Logo-mit-Mini_webjpg.jpg","contentUrl":"https:\/\/www.hama-bodenbelag.de\/wp-content\/uploads\/2018\/03\/Hama-Logo-mit-Mini_webjpg.jpg","width":1945,"height":609,"caption":"Hama Bodenbelagstudio"},"image":{"@id":"https:\/\/www.hama-bodenbelag.de\/shop\/#\/schema\/logo\/image\/"},"sameAs":["https:\/\/www.facebook.com\/hamamutterstadt\/"]}]}},"jetpack_sharing_enabled":true,"_links":{"self":[{"href":"https:\/\/www.hama-bodenbelag.de\/shop\/wp-json\/wp\/v2\/product\/38245","targetHints":{"allow":["GET"]}}],"collection":[{"href":"https:\/\/www.hama-bodenbelag.de\/shop\/wp-json\/wp\/v2\/product"}],"about":[{"href":"https:\/\/www.hama-bodenbelag.de\/shop\/wp-json\/wp\/v2\/types\/product"}],"replies":[{"embeddable":true,"href":"https:\/\/www.hama-bodenbelag.de\/shop\/wp-json\/wp\/v2\/comments?post=38245"}],"wp:featuredmedia":[{"embeddable":true,"href":"https:\/\/www.hama-bodenbelag.de\/shop\/wp-json\/wp\/v2\/media\/6309"}],"wp:attachment":[{"href":"https:\/\/www.hama-bodenbelag.de\/shop\/wp-json\/wp\/v2\/media?parent=38245"}],"wp:term":[{"taxonomy":"product_brand","embeddable":true,"href":"https:\/\/www.hama-bodenbelag.de\/shop\/wp-json\/wp\/v2\/product_brand?post=38245"},{"taxonomy":"product_cat","embeddable":true,"href":"https:\/\/www.hama-bodenbelag.de\/shop\/wp-json\/wp\/v2\/product_cat?post=38245"},{"taxonomy":"product_tag","embeddable":true,"href":"https:\/\/www.hama-bodenbelag.de\/shop\/wp-json\/wp\/v2\/product_tag?post=38245"}],"curies":[{"name":"wp","href":"https:\/\/api.w.org\/{rel}","templated":true}]}}