{"id":38249,"date":"2023-03-08T20:58:33","date_gmt":"2023-03-08T19:58:33","guid":{"rendered":"https:\/\/www.hama-bodenbelag.de\/shop\/https:\/www.hama-bodenbelag.de\/shop-hama\/produkt\/rasch-textil-tapete-nubia-085029-stofftapete-beigegrau\/"},"modified":"2023-03-16T12:02:03","modified_gmt":"2023-03-16T11:02:03","slug":"rasch-textil-tapete-nubia-085029-stofftapete-beigegrau","status":"publish","type":"product","link":"https:\/\/www.hama-bodenbelag.de\/shop\/shop\/wand\/tapeten\/rasch-textil\/rasch-textil-tapete-nubia-085029-stofftapete-beigegrau\/","title":{"rendered":"Rasch Textil Tapete Nubia 085029 &#8211; Stofftapete (Beigegrau)"},"content":{"rendered":"<p>Die Stofff\u00e4den verleihen der Nubia Textiltapete 085029 einen einzigartigen Charakter und machen jede Bahn zum Unikat. Durch die elegante  Farbgebung l\u00e4sst sie sich wunderbar kombinieren und erzeugt so ein harmonisches Raumbild. Und dank ihres hochwertigen Vliestr\u00e4gers, wird das Tapezieren zum Kinderspiel. Einfach die Wand einkleistern und die Tapete andr\u00fccken. Solange der Kleister noch feucht ist, l\u00e4sst sie sich noch verschieben, sodass sie immer 100% passgenau angebracht werden kann. Lassen Sie sich begeistern von dieser sch\u00f6nen Textiltapete 085029  von Rasch-Textil.<\/p>\n","protected":false},"excerpt":{"rendered":"<p>Wundersch\u00f6ne Unitapete mit echten eingearbeiteten Stoffen in Beigegrau.<\/p>\n","protected":false},"featured_media":6319,"comment_status":"closed","ping_status":"closed","template":"","meta":{"_acf_changed":false},"product_brand":[],"product_cat":[7096],"product_tag":[],"class_list":{"0":"post-38249","1":"product","2":"type-product","3":"status-publish","4":"has-post-thumbnail","6":"product_cat-rasch-textil","7":"product_shipping_class-paketversand","8":"pa_abmessung-1005-x-53-cm","9":"pa_farbe-beigegrau","10":"pa_filterfarbe-beige","11":"pa_hersteller-rasch-textil","12":"pa_kollektion-nubia","13":"pa_marke-rasch-textil","14":"pa_material-vlies","15":"pa_muster-design-dekor-unis","16":"tm-no-options","18":"first","19":"instock","20":"taxable","21":"shipping-taxable","22":"purchasable","23":"product-type-simple"},"acf":[],"yoast_head":"<!-- This site is optimized with the Yoast SEO plugin v27.2 - https:\/\/yoast.com\/product\/yoast-seo-wordpress\/ -->\n<title>Rasch Textil Tapete Nubia 085029 - Stofftapete (Beigegrau) - Shop Hama Bodenbelagstudio<\/title>\n<meta name=\"robots\" content=\"index, follow, max-snippet:-1, max-image-preview:large, max-video-preview:-1\" \/>\n<link rel=\"canonical\" href=\"https:\/\/www.hama-bodenbelag.de\/shop\/shop\/wand\/tapeten\/rasch-textil\/rasch-textil-tapete-nubia-085029-stofftapete-beigegrau\/\" \/>\n<meta property=\"og:locale\" content=\"de_DE\" \/>\n<meta property=\"og:type\" content=\"article\" \/>\n<meta property=\"og:title\" content=\"Rasch Textil Tapete Nubia 085029 - Stofftapete (Beigegrau) - Shop Hama Bodenbelagstudio\" \/>\n<meta property=\"og:description\" content=\"Wundersch\u00f6ne Unitapete mit echten eingearbeiteten Stoffen in Beigegrau.\" \/>\n<meta property=\"og:url\" content=\"https:\/\/www.hama-bodenbelag.de\/shop\/shop\/wand\/tapeten\/rasch-textil\/rasch-textil-tapete-nubia-085029-stofftapete-beigegrau\/\" \/>\n<meta property=\"og:site_name\" content=\"Shop Hama Bodenbelagstudio\" \/>\n<meta property=\"article:publisher\" content=\"https:\/\/www.facebook.com\/hamamutterstadt\/\" \/>\n<meta property=\"article:modified_time\" content=\"2023-03-16T11:02:03+00:00\" \/>\n<meta property=\"og:image\" content=\"https:\/\/www.hama-bodenbelag.de\/shop\/wp-content\/uploads\/2020\/10\/rasch-textil-rasch-textil-tapete-nubia-085029-stofftapete-beigegrau.jpg\" \/>\n\t<meta property=\"og:image:width\" content=\"1590\" \/>\n\t<meta property=\"og:image:height\" content=\"1920\" \/>\n\t<meta property=\"og:image:type\" content=\"image\/jpeg\" \/>\n<meta name=\"twitter:card\" content=\"summary_large_image\" \/>\n<script type=\"application\/ld+json\" class=\"yoast-schema-graph\">{\"@context\":\"https:\/\/schema.org\",\"@graph\":[{\"@type\":\"WebPage\",\"@id\":\"https:\/\/www.hama-bodenbelag.de\/shop\/shop\/wand\/tapeten\/rasch-textil\/rasch-textil-tapete-nubia-085029-stofftapete-beigegrau\/\",\"url\":\"https:\/\/www.hama-bodenbelag.de\/shop\/shop\/wand\/tapeten\/rasch-textil\/rasch-textil-tapete-nubia-085029-stofftapete-beigegrau\/\",\"name\":\"Rasch Textil Tapete Nubia 085029 - Stofftapete (Beigegrau) - Shop Hama Bodenbelagstudio\",\"isPartOf\":{\"@id\":\"https:\/\/www.hama-bodenbelag.de\/shop\/#website\"},\"primaryImageOfPage\":{\"@id\":\"https:\/\/www.hama-bodenbelag.de\/shop\/shop\/wand\/tapeten\/rasch-textil\/rasch-textil-tapete-nubia-085029-stofftapete-beigegrau\/#primaryimage\"},\"image\":{\"@id\":\"https:\/\/www.hama-bodenbelag.de\/shop\/shop\/wand\/tapeten\/rasch-textil\/rasch-textil-tapete-nubia-085029-stofftapete-beigegrau\/#primaryimage\"},\"thumbnailUrl\":\"https:\/\/www.hama-bodenbelag.de\/shop\/wp-content\/uploads\/2020\/10\/rasch-textil-rasch-textil-tapete-nubia-085029-stofftapete-beigegrau.jpg\",\"datePublished\":\"2023-03-08T19:58:33+00:00\",\"dateModified\":\"2023-03-16T11:02:03+00:00\",\"breadcrumb\":{\"@id\":\"https:\/\/www.hama-bodenbelag.de\/shop\/shop\/wand\/tapeten\/rasch-textil\/rasch-textil-tapete-nubia-085029-stofftapete-beigegrau\/#breadcrumb\"},\"inLanguage\":\"de\",\"potentialAction\":[{\"@type\":\"ReadAction\",\"target\":[\"https:\/\/www.hama-bodenbelag.de\/shop\/shop\/wand\/tapeten\/rasch-textil\/rasch-textil-tapete-nubia-085029-stofftapete-beigegrau\/\"]}]},{\"@type\":\"ImageObject\",\"inLanguage\":\"de\",\"@id\":\"https:\/\/www.hama-bodenbelag.de\/shop\/shop\/wand\/tapeten\/rasch-textil\/rasch-textil-tapete-nubia-085029-stofftapete-beigegrau\/#primaryimage\",\"url\":\"https:\/\/www.hama-bodenbelag.de\/shop\/wp-content\/uploads\/2020\/10\/rasch-textil-rasch-textil-tapete-nubia-085029-stofftapete-beigegrau.jpg\",\"contentUrl\":\"https:\/\/www.hama-bodenbelag.de\/shop\/wp-content\/uploads\/2020\/10\/rasch-textil-rasch-textil-tapete-nubia-085029-stofftapete-beigegrau.jpg\",\"width\":1590,\"height\":1920},{\"@type\":\"BreadcrumbList\",\"@id\":\"https:\/\/www.hama-bodenbelag.de\/shop\/shop\/wand\/tapeten\/rasch-textil\/rasch-textil-tapete-nubia-085029-stofftapete-beigegrau\/#breadcrumb\",\"itemListElement\":[{\"@type\":\"ListItem\",\"position\":1,\"name\":\"Startseite\",\"item\":\"https:\/\/www.hama-bodenbelag.de\/shop\/\"},{\"@type\":\"ListItem\",\"position\":2,\"name\":\"Shop\",\"item\":\"https:\/\/www.hama-bodenbelag.de\/shop\/shop\/\"},{\"@type\":\"ListItem\",\"position\":3,\"name\":\"Rasch Textil Tapete Nubia 085029 &#8211; Stofftapete (Beigegrau)\"}]},{\"@type\":\"WebSite\",\"@id\":\"https:\/\/www.hama-bodenbelag.de\/shop\/#website\",\"url\":\"https:\/\/www.hama-bodenbelag.de\/shop\/\",\"name\":\"Shop Hama Bodenbelagstudio\",\"description\":\"Shop Hama Bodenbelagstudio Muttstadt\",\"publisher\":{\"@id\":\"https:\/\/www.hama-bodenbelag.de\/shop\/#organization\"},\"potentialAction\":[{\"@type\":\"SearchAction\",\"target\":{\"@type\":\"EntryPoint\",\"urlTemplate\":\"https:\/\/www.hama-bodenbelag.de\/shop\/?s={search_term_string}\"},\"query-input\":{\"@type\":\"PropertyValueSpecification\",\"valueRequired\":true,\"valueName\":\"search_term_string\"}}],\"inLanguage\":\"de\"},{\"@type\":\"Organization\",\"@id\":\"https:\/\/www.hama-bodenbelag.de\/shop\/#organization\",\"name\":\"Hama Bodenbelagstudio\",\"url\":\"https:\/\/www.hama-bodenbelag.de\/shop\/\",\"logo\":{\"@type\":\"ImageObject\",\"inLanguage\":\"de\",\"@id\":\"https:\/\/www.hama-bodenbelag.de\/shop\/#\/schema\/logo\/image\/\",\"url\":\"https:\/\/www.hama-bodenbelag.de\/wp-content\/uploads\/2018\/03\/Hama-Logo-mit-Mini_webjpg.jpg\",\"contentUrl\":\"https:\/\/www.hama-bodenbelag.de\/wp-content\/uploads\/2018\/03\/Hama-Logo-mit-Mini_webjpg.jpg\",\"width\":1945,\"height\":609,\"caption\":\"Hama Bodenbelagstudio\"},\"image\":{\"@id\":\"https:\/\/www.hama-bodenbelag.de\/shop\/#\/schema\/logo\/image\/\"},\"sameAs\":[\"https:\/\/www.facebook.com\/hamamutterstadt\/\"]}]}<\/script>\n<!-- \/ Yoast SEO plugin. -->","yoast_head_json":{"title":"Rasch Textil Tapete Nubia 085029 - Stofftapete (Beigegrau) - Shop Hama Bodenbelagstudio","robots":{"index":"index","follow":"follow","max-snippet":"max-snippet:-1","max-image-preview":"max-image-preview:large","max-video-preview":"max-video-preview:-1"},"canonical":"https:\/\/www.hama-bodenbelag.de\/shop\/shop\/wand\/tapeten\/rasch-textil\/rasch-textil-tapete-nubia-085029-stofftapete-beigegrau\/","og_locale":"de_DE","og_type":"article","og_title":"Rasch Textil Tapete Nubia 085029 - Stofftapete (Beigegrau) - Shop Hama Bodenbelagstudio","og_description":"Wundersch\u00f6ne Unitapete mit echten eingearbeiteten Stoffen in Beigegrau.","og_url":"https:\/\/www.hama-bodenbelag.de\/shop\/shop\/wand\/tapeten\/rasch-textil\/rasch-textil-tapete-nubia-085029-stofftapete-beigegrau\/","og_site_name":"Shop Hama Bodenbelagstudio","article_publisher":"https:\/\/www.facebook.com\/hamamutterstadt\/","article_modified_time":"2023-03-16T11:02:03+00:00","og_image":[{"width":1590,"height":1920,"url":"https:\/\/www.hama-bodenbelag.de\/shop\/wp-content\/uploads\/2020\/10\/rasch-textil-rasch-textil-tapete-nubia-085029-stofftapete-beigegrau.jpg","type":"image\/jpeg"}],"twitter_card":"summary_large_image","schema":{"@context":"https:\/\/schema.org","@graph":[{"@type":"WebPage","@id":"https:\/\/www.hama-bodenbelag.de\/shop\/shop\/wand\/tapeten\/rasch-textil\/rasch-textil-tapete-nubia-085029-stofftapete-beigegrau\/","url":"https:\/\/www.hama-bodenbelag.de\/shop\/shop\/wand\/tapeten\/rasch-textil\/rasch-textil-tapete-nubia-085029-stofftapete-beigegrau\/","name":"Rasch Textil Tapete Nubia 085029 - Stofftapete (Beigegrau) - Shop Hama Bodenbelagstudio","isPartOf":{"@id":"https:\/\/www.hama-bodenbelag.de\/shop\/#website"},"primaryImageOfPage":{"@id":"https:\/\/www.hama-bodenbelag.de\/shop\/shop\/wand\/tapeten\/rasch-textil\/rasch-textil-tapete-nubia-085029-stofftapete-beigegrau\/#primaryimage"},"image":{"@id":"https:\/\/www.hama-bodenbelag.de\/shop\/shop\/wand\/tapeten\/rasch-textil\/rasch-textil-tapete-nubia-085029-stofftapete-beigegrau\/#primaryimage"},"thumbnailUrl":"https:\/\/www.hama-bodenbelag.de\/shop\/wp-content\/uploads\/2020\/10\/rasch-textil-rasch-textil-tapete-nubia-085029-stofftapete-beigegrau.jpg","datePublished":"2023-03-08T19:58:33+00:00","dateModified":"2023-03-16T11:02:03+00:00","breadcrumb":{"@id":"https:\/\/www.hama-bodenbelag.de\/shop\/shop\/wand\/tapeten\/rasch-textil\/rasch-textil-tapete-nubia-085029-stofftapete-beigegrau\/#breadcrumb"},"inLanguage":"de","potentialAction":[{"@type":"ReadAction","target":["https:\/\/www.hama-bodenbelag.de\/shop\/shop\/wand\/tapeten\/rasch-textil\/rasch-textil-tapete-nubia-085029-stofftapete-beigegrau\/"]}]},{"@type":"ImageObject","inLanguage":"de","@id":"https:\/\/www.hama-bodenbelag.de\/shop\/shop\/wand\/tapeten\/rasch-textil\/rasch-textil-tapete-nubia-085029-stofftapete-beigegrau\/#primaryimage","url":"https:\/\/www.hama-bodenbelag.de\/shop\/wp-content\/uploads\/2020\/10\/rasch-textil-rasch-textil-tapete-nubia-085029-stofftapete-beigegrau.jpg","contentUrl":"https:\/\/www.hama-bodenbelag.de\/shop\/wp-content\/uploads\/2020\/10\/rasch-textil-rasch-textil-tapete-nubia-085029-stofftapete-beigegrau.jpg","width":1590,"height":1920},{"@type":"BreadcrumbList","@id":"https:\/\/www.hama-bodenbelag.de\/shop\/shop\/wand\/tapeten\/rasch-textil\/rasch-textil-tapete-nubia-085029-stofftapete-beigegrau\/#breadcrumb","itemListElement":[{"@type":"ListItem","position":1,"name":"Startseite","item":"https:\/\/www.hama-bodenbelag.de\/shop\/"},{"@type":"ListItem","position":2,"name":"Shop","item":"https:\/\/www.hama-bodenbelag.de\/shop\/shop\/"},{"@type":"ListItem","position":3,"name":"Rasch Textil Tapete Nubia 085029 &#8211; Stofftapete (Beigegrau)"}]},{"@type":"WebSite","@id":"https:\/\/www.hama-bodenbelag.de\/shop\/#website","url":"https:\/\/www.hama-bodenbelag.de\/shop\/","name":"Shop Hama Bodenbelagstudio","description":"Shop Hama Bodenbelagstudio Muttstadt","publisher":{"@id":"https:\/\/www.hama-bodenbelag.de\/shop\/#organization"},"potentialAction":[{"@type":"SearchAction","target":{"@type":"EntryPoint","urlTemplate":"https:\/\/www.hama-bodenbelag.de\/shop\/?s={search_term_string}"},"query-input":{"@type":"PropertyValueSpecification","valueRequired":true,"valueName":"search_term_string"}}],"inLanguage":"de"},{"@type":"Organization","@id":"https:\/\/www.hama-bodenbelag.de\/shop\/#organization","name":"Hama Bodenbelagstudio","url":"https:\/\/www.hama-bodenbelag.de\/shop\/","logo":{"@type":"ImageObject","inLanguage":"de","@id":"https:\/\/www.hama-bodenbelag.de\/shop\/#\/schema\/logo\/image\/","url":"https:\/\/www.hama-bodenbelag.de\/wp-content\/uploads\/2018\/03\/Hama-Logo-mit-Mini_webjpg.jpg","contentUrl":"https:\/\/www.hama-bodenbelag.de\/wp-content\/uploads\/2018\/03\/Hama-Logo-mit-Mini_webjpg.jpg","width":1945,"height":609,"caption":"Hama Bodenbelagstudio"},"image":{"@id":"https:\/\/www.hama-bodenbelag.de\/shop\/#\/schema\/logo\/image\/"},"sameAs":["https:\/\/www.facebook.com\/hamamutterstadt\/"]}]}},"jetpack_sharing_enabled":true,"_links":{"self":[{"href":"https:\/\/www.hama-bodenbelag.de\/shop\/wp-json\/wp\/v2\/product\/38249","targetHints":{"allow":["GET"]}}],"collection":[{"href":"https:\/\/www.hama-bodenbelag.de\/shop\/wp-json\/wp\/v2\/product"}],"about":[{"href":"https:\/\/www.hama-bodenbelag.de\/shop\/wp-json\/wp\/v2\/types\/product"}],"replies":[{"embeddable":true,"href":"https:\/\/www.hama-bodenbelag.de\/shop\/wp-json\/wp\/v2\/comments?post=38249"}],"wp:featuredmedia":[{"embeddable":true,"href":"https:\/\/www.hama-bodenbelag.de\/shop\/wp-json\/wp\/v2\/media\/6319"}],"wp:attachment":[{"href":"https:\/\/www.hama-bodenbelag.de\/shop\/wp-json\/wp\/v2\/media?parent=38249"}],"wp:term":[{"taxonomy":"product_brand","embeddable":true,"href":"https:\/\/www.hama-bodenbelag.de\/shop\/wp-json\/wp\/v2\/product_brand?post=38249"},{"taxonomy":"product_cat","embeddable":true,"href":"https:\/\/www.hama-bodenbelag.de\/shop\/wp-json\/wp\/v2\/product_cat?post=38249"},{"taxonomy":"product_tag","embeddable":true,"href":"https:\/\/www.hama-bodenbelag.de\/shop\/wp-json\/wp\/v2\/product_tag?post=38249"}],"curies":[{"name":"wp","href":"https:\/\/api.w.org\/{rel}","templated":true}]}}