{"id":38297,"date":"2023-03-08T20:59:52","date_gmt":"2023-03-08T19:59:52","guid":{"rendered":"https:\/\/www.hama-bodenbelag.de\/shop\/https:\/www.hama-bodenbelag.de\/shop-hama\/produkt\/rasch-textil-tapete-288932-petite-fleur-4-bluetenmotiv-lila\/"},"modified":"2023-03-16T12:02:12","modified_gmt":"2023-03-16T11:02:12","slug":"rasch-textil-tapete-288932-petite-fleur-4-bluetenmotiv-lila","status":"publish","type":"product","link":"https:\/\/www.hama-bodenbelag.de\/shop\/shop\/wand\/tapeten\/rasch-textil\/rasch-textil-tapete-288932-petite-fleur-4-bluetenmotiv-lila\/","title":{"rendered":"Rasch Textil Tapete 288932 Petite Fleur 4 &#8211; Bl\u00fctenmotiv (Lila)"},"content":{"rendered":"<p>Die wundersch\u00f6nen und sehr detailreichen Bl\u00fcten der Vliestapete 289137 von rasch-Textil, werden Ihnen das wunderbare Gef\u00fchl des  Fr\u00fchlings verleihen! Das Bl\u00fctenmotiv im Landhausstil besticht durch tolle Farbkombination und perfekt ausgearbeiteten Details und harmoniert perfekt mit dem edlen, silbergestreiften Hintergrund. Und der sehr hochwertige Vliestr\u00e4ger, l\u00e4sst die Tapete zudem sehr robust und pflegeleicht werden. Auch das Anbringen der Tapete ist wunderbar einfach. Wand einkleistern, Tapete andr\u00fccken und solange der Kleister noch feucht ist, passgenau anbringen. Lassen Sie sich begeistern von der sch\u00f6nen Vliestapete 289137 mit Bl\u00fctenmotiv!<\/p>\n","protected":false},"excerpt":{"rendered":"<p>Sehr sch\u00f6ne Vliestapete mit elegantem Bl\u00fctenmotiv in Grau und Lila.<\/p>\n","protected":false},"featured_media":6556,"comment_status":"closed","ping_status":"closed","template":"","meta":{"_acf_changed":false},"product_brand":[],"product_cat":[7096],"product_tag":[],"class_list":{"0":"post-38297","1":"product","2":"type-product","3":"status-publish","4":"has-post-thumbnail","6":"product_cat-rasch-textil","7":"product_shipping_class-paketversand","8":"pa_abmessung-1005-x-53-cm","9":"pa_farbe-lila","10":"pa_filterfarbe-weiss","11":"pa_hersteller-rasch-textil","12":"pa_kollektion-petite-fleur-4","13":"pa_marke-rasch-textil","14":"pa_material-vlies","15":"pa_muster-design-dekor-floral","16":"tm-no-options","18":"first","19":"instock","20":"taxable","21":"shipping-taxable","22":"purchasable","23":"product-type-simple"},"acf":[],"yoast_head":"<!-- This site is optimized with the Yoast SEO plugin v27.2 - https:\/\/yoast.com\/product\/yoast-seo-wordpress\/ -->\n<title>Rasch Textil Tapete 288932 Petite Fleur 4 - Bl\u00fctenmotiv (Lila) - Shop Hama Bodenbelagstudio<\/title>\n<meta name=\"robots\" content=\"index, follow, max-snippet:-1, max-image-preview:large, max-video-preview:-1\" \/>\n<link rel=\"canonical\" href=\"https:\/\/www.hama-bodenbelag.de\/shop\/shop\/wand\/tapeten\/rasch-textil\/rasch-textil-tapete-288932-petite-fleur-4-bluetenmotiv-lila\/\" \/>\n<meta property=\"og:locale\" content=\"de_DE\" \/>\n<meta property=\"og:type\" content=\"article\" \/>\n<meta property=\"og:title\" content=\"Rasch Textil Tapete 288932 Petite Fleur 4 - Bl\u00fctenmotiv (Lila) - Shop Hama Bodenbelagstudio\" \/>\n<meta property=\"og:description\" content=\"Sehr sch\u00f6ne Vliestapete mit elegantem Bl\u00fctenmotiv in Grau und Lila.\" \/>\n<meta property=\"og:url\" content=\"https:\/\/www.hama-bodenbelag.de\/shop\/shop\/wand\/tapeten\/rasch-textil\/rasch-textil-tapete-288932-petite-fleur-4-bluetenmotiv-lila\/\" \/>\n<meta property=\"og:site_name\" content=\"Shop Hama Bodenbelagstudio\" \/>\n<meta property=\"article:publisher\" content=\"https:\/\/www.facebook.com\/hamamutterstadt\/\" \/>\n<meta property=\"article:modified_time\" content=\"2023-03-16T11:02:12+00:00\" \/>\n<meta property=\"og:image\" content=\"https:\/\/www.hama-bodenbelag.de\/shop\/wp-content\/uploads\/2020\/10\/rasch-textil-rasch-textil-tapete-288932-petite-fleur-4-blutenmotiv-lila.jpg\" \/>\n\t<meta property=\"og:image:width\" content=\"1920\" \/>\n\t<meta property=\"og:image:height\" content=\"1920\" \/>\n\t<meta property=\"og:image:type\" content=\"image\/jpeg\" \/>\n<meta name=\"twitter:card\" content=\"summary_large_image\" \/>\n<script type=\"application\/ld+json\" class=\"yoast-schema-graph\">{\"@context\":\"https:\/\/schema.org\",\"@graph\":[{\"@type\":\"WebPage\",\"@id\":\"https:\/\/www.hama-bodenbelag.de\/shop\/shop\/wand\/tapeten\/rasch-textil\/rasch-textil-tapete-288932-petite-fleur-4-bluetenmotiv-lila\/\",\"url\":\"https:\/\/www.hama-bodenbelag.de\/shop\/shop\/wand\/tapeten\/rasch-textil\/rasch-textil-tapete-288932-petite-fleur-4-bluetenmotiv-lila\/\",\"name\":\"Rasch Textil Tapete 288932 Petite Fleur 4 - Bl\u00fctenmotiv (Lila) - Shop Hama Bodenbelagstudio\",\"isPartOf\":{\"@id\":\"https:\/\/www.hama-bodenbelag.de\/shop\/#website\"},\"primaryImageOfPage\":{\"@id\":\"https:\/\/www.hama-bodenbelag.de\/shop\/shop\/wand\/tapeten\/rasch-textil\/rasch-textil-tapete-288932-petite-fleur-4-bluetenmotiv-lila\/#primaryimage\"},\"image\":{\"@id\":\"https:\/\/www.hama-bodenbelag.de\/shop\/shop\/wand\/tapeten\/rasch-textil\/rasch-textil-tapete-288932-petite-fleur-4-bluetenmotiv-lila\/#primaryimage\"},\"thumbnailUrl\":\"https:\/\/www.hama-bodenbelag.de\/shop\/wp-content\/uploads\/2020\/10\/rasch-textil-rasch-textil-tapete-288932-petite-fleur-4-blutenmotiv-lila.jpg\",\"datePublished\":\"2023-03-08T19:59:52+00:00\",\"dateModified\":\"2023-03-16T11:02:12+00:00\",\"breadcrumb\":{\"@id\":\"https:\/\/www.hama-bodenbelag.de\/shop\/shop\/wand\/tapeten\/rasch-textil\/rasch-textil-tapete-288932-petite-fleur-4-bluetenmotiv-lila\/#breadcrumb\"},\"inLanguage\":\"de\",\"potentialAction\":[{\"@type\":\"ReadAction\",\"target\":[\"https:\/\/www.hama-bodenbelag.de\/shop\/shop\/wand\/tapeten\/rasch-textil\/rasch-textil-tapete-288932-petite-fleur-4-bluetenmotiv-lila\/\"]}]},{\"@type\":\"ImageObject\",\"inLanguage\":\"de\",\"@id\":\"https:\/\/www.hama-bodenbelag.de\/shop\/shop\/wand\/tapeten\/rasch-textil\/rasch-textil-tapete-288932-petite-fleur-4-bluetenmotiv-lila\/#primaryimage\",\"url\":\"https:\/\/www.hama-bodenbelag.de\/shop\/wp-content\/uploads\/2020\/10\/rasch-textil-rasch-textil-tapete-288932-petite-fleur-4-blutenmotiv-lila.jpg\",\"contentUrl\":\"https:\/\/www.hama-bodenbelag.de\/shop\/wp-content\/uploads\/2020\/10\/rasch-textil-rasch-textil-tapete-288932-petite-fleur-4-blutenmotiv-lila.jpg\",\"width\":1920,\"height\":1920},{\"@type\":\"BreadcrumbList\",\"@id\":\"https:\/\/www.hama-bodenbelag.de\/shop\/shop\/wand\/tapeten\/rasch-textil\/rasch-textil-tapete-288932-petite-fleur-4-bluetenmotiv-lila\/#breadcrumb\",\"itemListElement\":[{\"@type\":\"ListItem\",\"position\":1,\"name\":\"Startseite\",\"item\":\"https:\/\/www.hama-bodenbelag.de\/shop\/\"},{\"@type\":\"ListItem\",\"position\":2,\"name\":\"Shop\",\"item\":\"https:\/\/www.hama-bodenbelag.de\/shop\/shop\/\"},{\"@type\":\"ListItem\",\"position\":3,\"name\":\"Rasch Textil Tapete 288932 Petite Fleur 4 &#8211; Bl\u00fctenmotiv (Lila)\"}]},{\"@type\":\"WebSite\",\"@id\":\"https:\/\/www.hama-bodenbelag.de\/shop\/#website\",\"url\":\"https:\/\/www.hama-bodenbelag.de\/shop\/\",\"name\":\"Shop Hama Bodenbelagstudio\",\"description\":\"Shop Hama Bodenbelagstudio Muttstadt\",\"publisher\":{\"@id\":\"https:\/\/www.hama-bodenbelag.de\/shop\/#organization\"},\"potentialAction\":[{\"@type\":\"SearchAction\",\"target\":{\"@type\":\"EntryPoint\",\"urlTemplate\":\"https:\/\/www.hama-bodenbelag.de\/shop\/?s={search_term_string}\"},\"query-input\":{\"@type\":\"PropertyValueSpecification\",\"valueRequired\":true,\"valueName\":\"search_term_string\"}}],\"inLanguage\":\"de\"},{\"@type\":\"Organization\",\"@id\":\"https:\/\/www.hama-bodenbelag.de\/shop\/#organization\",\"name\":\"Hama Bodenbelagstudio\",\"url\":\"https:\/\/www.hama-bodenbelag.de\/shop\/\",\"logo\":{\"@type\":\"ImageObject\",\"inLanguage\":\"de\",\"@id\":\"https:\/\/www.hama-bodenbelag.de\/shop\/#\/schema\/logo\/image\/\",\"url\":\"https:\/\/www.hama-bodenbelag.de\/wp-content\/uploads\/2018\/03\/Hama-Logo-mit-Mini_webjpg.jpg\",\"contentUrl\":\"https:\/\/www.hama-bodenbelag.de\/wp-content\/uploads\/2018\/03\/Hama-Logo-mit-Mini_webjpg.jpg\",\"width\":1945,\"height\":609,\"caption\":\"Hama Bodenbelagstudio\"},\"image\":{\"@id\":\"https:\/\/www.hama-bodenbelag.de\/shop\/#\/schema\/logo\/image\/\"},\"sameAs\":[\"https:\/\/www.facebook.com\/hamamutterstadt\/\"]}]}<\/script>\n<!-- \/ Yoast SEO plugin. -->","yoast_head_json":{"title":"Rasch Textil Tapete 288932 Petite Fleur 4 - Bl\u00fctenmotiv (Lila) - Shop Hama Bodenbelagstudio","robots":{"index":"index","follow":"follow","max-snippet":"max-snippet:-1","max-image-preview":"max-image-preview:large","max-video-preview":"max-video-preview:-1"},"canonical":"https:\/\/www.hama-bodenbelag.de\/shop\/shop\/wand\/tapeten\/rasch-textil\/rasch-textil-tapete-288932-petite-fleur-4-bluetenmotiv-lila\/","og_locale":"de_DE","og_type":"article","og_title":"Rasch Textil Tapete 288932 Petite Fleur 4 - Bl\u00fctenmotiv (Lila) - Shop Hama Bodenbelagstudio","og_description":"Sehr sch\u00f6ne Vliestapete mit elegantem Bl\u00fctenmotiv in Grau und Lila.","og_url":"https:\/\/www.hama-bodenbelag.de\/shop\/shop\/wand\/tapeten\/rasch-textil\/rasch-textil-tapete-288932-petite-fleur-4-bluetenmotiv-lila\/","og_site_name":"Shop Hama Bodenbelagstudio","article_publisher":"https:\/\/www.facebook.com\/hamamutterstadt\/","article_modified_time":"2023-03-16T11:02:12+00:00","og_image":[{"width":1920,"height":1920,"url":"https:\/\/www.hama-bodenbelag.de\/shop\/wp-content\/uploads\/2020\/10\/rasch-textil-rasch-textil-tapete-288932-petite-fleur-4-blutenmotiv-lila.jpg","type":"image\/jpeg"}],"twitter_card":"summary_large_image","schema":{"@context":"https:\/\/schema.org","@graph":[{"@type":"WebPage","@id":"https:\/\/www.hama-bodenbelag.de\/shop\/shop\/wand\/tapeten\/rasch-textil\/rasch-textil-tapete-288932-petite-fleur-4-bluetenmotiv-lila\/","url":"https:\/\/www.hama-bodenbelag.de\/shop\/shop\/wand\/tapeten\/rasch-textil\/rasch-textil-tapete-288932-petite-fleur-4-bluetenmotiv-lila\/","name":"Rasch Textil Tapete 288932 Petite Fleur 4 - Bl\u00fctenmotiv (Lila) - Shop Hama Bodenbelagstudio","isPartOf":{"@id":"https:\/\/www.hama-bodenbelag.de\/shop\/#website"},"primaryImageOfPage":{"@id":"https:\/\/www.hama-bodenbelag.de\/shop\/shop\/wand\/tapeten\/rasch-textil\/rasch-textil-tapete-288932-petite-fleur-4-bluetenmotiv-lila\/#primaryimage"},"image":{"@id":"https:\/\/www.hama-bodenbelag.de\/shop\/shop\/wand\/tapeten\/rasch-textil\/rasch-textil-tapete-288932-petite-fleur-4-bluetenmotiv-lila\/#primaryimage"},"thumbnailUrl":"https:\/\/www.hama-bodenbelag.de\/shop\/wp-content\/uploads\/2020\/10\/rasch-textil-rasch-textil-tapete-288932-petite-fleur-4-blutenmotiv-lila.jpg","datePublished":"2023-03-08T19:59:52+00:00","dateModified":"2023-03-16T11:02:12+00:00","breadcrumb":{"@id":"https:\/\/www.hama-bodenbelag.de\/shop\/shop\/wand\/tapeten\/rasch-textil\/rasch-textil-tapete-288932-petite-fleur-4-bluetenmotiv-lila\/#breadcrumb"},"inLanguage":"de","potentialAction":[{"@type":"ReadAction","target":["https:\/\/www.hama-bodenbelag.de\/shop\/shop\/wand\/tapeten\/rasch-textil\/rasch-textil-tapete-288932-petite-fleur-4-bluetenmotiv-lila\/"]}]},{"@type":"ImageObject","inLanguage":"de","@id":"https:\/\/www.hama-bodenbelag.de\/shop\/shop\/wand\/tapeten\/rasch-textil\/rasch-textil-tapete-288932-petite-fleur-4-bluetenmotiv-lila\/#primaryimage","url":"https:\/\/www.hama-bodenbelag.de\/shop\/wp-content\/uploads\/2020\/10\/rasch-textil-rasch-textil-tapete-288932-petite-fleur-4-blutenmotiv-lila.jpg","contentUrl":"https:\/\/www.hama-bodenbelag.de\/shop\/wp-content\/uploads\/2020\/10\/rasch-textil-rasch-textil-tapete-288932-petite-fleur-4-blutenmotiv-lila.jpg","width":1920,"height":1920},{"@type":"BreadcrumbList","@id":"https:\/\/www.hama-bodenbelag.de\/shop\/shop\/wand\/tapeten\/rasch-textil\/rasch-textil-tapete-288932-petite-fleur-4-bluetenmotiv-lila\/#breadcrumb","itemListElement":[{"@type":"ListItem","position":1,"name":"Startseite","item":"https:\/\/www.hama-bodenbelag.de\/shop\/"},{"@type":"ListItem","position":2,"name":"Shop","item":"https:\/\/www.hama-bodenbelag.de\/shop\/shop\/"},{"@type":"ListItem","position":3,"name":"Rasch Textil Tapete 288932 Petite Fleur 4 &#8211; Bl\u00fctenmotiv (Lila)"}]},{"@type":"WebSite","@id":"https:\/\/www.hama-bodenbelag.de\/shop\/#website","url":"https:\/\/www.hama-bodenbelag.de\/shop\/","name":"Shop Hama Bodenbelagstudio","description":"Shop Hama Bodenbelagstudio Muttstadt","publisher":{"@id":"https:\/\/www.hama-bodenbelag.de\/shop\/#organization"},"potentialAction":[{"@type":"SearchAction","target":{"@type":"EntryPoint","urlTemplate":"https:\/\/www.hama-bodenbelag.de\/shop\/?s={search_term_string}"},"query-input":{"@type":"PropertyValueSpecification","valueRequired":true,"valueName":"search_term_string"}}],"inLanguage":"de"},{"@type":"Organization","@id":"https:\/\/www.hama-bodenbelag.de\/shop\/#organization","name":"Hama Bodenbelagstudio","url":"https:\/\/www.hama-bodenbelag.de\/shop\/","logo":{"@type":"ImageObject","inLanguage":"de","@id":"https:\/\/www.hama-bodenbelag.de\/shop\/#\/schema\/logo\/image\/","url":"https:\/\/www.hama-bodenbelag.de\/wp-content\/uploads\/2018\/03\/Hama-Logo-mit-Mini_webjpg.jpg","contentUrl":"https:\/\/www.hama-bodenbelag.de\/wp-content\/uploads\/2018\/03\/Hama-Logo-mit-Mini_webjpg.jpg","width":1945,"height":609,"caption":"Hama Bodenbelagstudio"},"image":{"@id":"https:\/\/www.hama-bodenbelag.de\/shop\/#\/schema\/logo\/image\/"},"sameAs":["https:\/\/www.facebook.com\/hamamutterstadt\/"]}]}},"jetpack_sharing_enabled":true,"_links":{"self":[{"href":"https:\/\/www.hama-bodenbelag.de\/shop\/wp-json\/wp\/v2\/product\/38297","targetHints":{"allow":["GET"]}}],"collection":[{"href":"https:\/\/www.hama-bodenbelag.de\/shop\/wp-json\/wp\/v2\/product"}],"about":[{"href":"https:\/\/www.hama-bodenbelag.de\/shop\/wp-json\/wp\/v2\/types\/product"}],"replies":[{"embeddable":true,"href":"https:\/\/www.hama-bodenbelag.de\/shop\/wp-json\/wp\/v2\/comments?post=38297"}],"wp:featuredmedia":[{"embeddable":true,"href":"https:\/\/www.hama-bodenbelag.de\/shop\/wp-json\/wp\/v2\/media\/6556"}],"wp:attachment":[{"href":"https:\/\/www.hama-bodenbelag.de\/shop\/wp-json\/wp\/v2\/media?parent=38297"}],"wp:term":[{"taxonomy":"product_brand","embeddable":true,"href":"https:\/\/www.hama-bodenbelag.de\/shop\/wp-json\/wp\/v2\/product_brand?post=38297"},{"taxonomy":"product_cat","embeddable":true,"href":"https:\/\/www.hama-bodenbelag.de\/shop\/wp-json\/wp\/v2\/product_cat?post=38297"},{"taxonomy":"product_tag","embeddable":true,"href":"https:\/\/www.hama-bodenbelag.de\/shop\/wp-json\/wp\/v2\/product_tag?post=38297"}],"curies":[{"name":"wp","href":"https:\/\/api.w.org\/{rel}","templated":true}]}}