{"id":38319,"date":"2023-03-08T21:00:39","date_gmt":"2023-03-08T20:00:39","guid":{"rendered":"https:\/\/www.hama-bodenbelag.de\/shop\/https:\/www.hama-bodenbelag.de\/shop-hama\/produkt\/missoni-home-tap-oriental-garden-m1a10010-gruen\/"},"modified":"2023-03-17T00:07:37","modified_gmt":"2023-03-16T23:07:37","slug":"missoni-home-tap-oriental-garden-m1a10010-gruen","status":"publish","type":"product","link":"https:\/\/www.hama-bodenbelag.de\/shop\/shop\/wand\/tapeten\/missoni\/missoni-home-tap-oriental-garden-m1a10010-gruen\/","title":{"rendered":"Missoni Home Tap. Oriental Garden M1A10010 (Gr\u00fcn)"},"content":{"rendered":"<p>Bei dem unglaublich plastischen Blumen Motiv der Missoni Oriental Garden Tapete muss man schon zweimal hinsehen. Mindestens. Denn dieser absolut hochwertigen Missoni Home Designertapete kann sich niemand entziehen. Neben der beeindruckenden Farbbrillanz und kontrastreichen Motivinszenierung, ist es vor allem die qualitativ hochwertige Verarbeitung dieser Luxus Tapete, die das menschliche Auge staunen l\u00e4sst. Missoni hat sich selbst \u00fcbertroffen, mit den Oriental Garden Motivtapeten. Der hochwertige und formstabile Vliesr\u00fccken erm\u00f6glicht eine kinderleichte Anbringung und eine saubere Verarbeitung. Ob im Kinderzimmer, Ihrem Schlafzimmer oder im Wohnbereich, die Missoni Oriental Garden Tapten sind vielseitig einsetzbar, selbst in der K\u00fcche oder im Badezimmer. Fordern Sie gerne ein Muster dieses Kunstwerks an und \u00fcberzeugen Sie sich selbst, von Oriental Garden M1A10010.<\/p>\n","protected":false},"excerpt":{"rendered":"<p>Bei der Missoni Tapete Oriental Garden M1A10010 handelt es sich um eines der beeindruckenden Hauptmotive aus der ersten, atemberaubenden Tapetenkollektion von Missoni Home.<\/p>\n","protected":false},"featured_media":23410,"comment_status":"closed","ping_status":"closed","template":"","meta":{"_acf_changed":false},"product_brand":[],"product_cat":[7960],"product_tag":[],"class_list":{"0":"post-38319","1":"product","2":"type-product","3":"status-publish","4":"has-post-thumbnail","6":"product_cat-missoni","7":"product_shipping_class-paketversand","8":"pa_abmessung-1005-x-52-cm","9":"pa_farbe-gruen","10":"pa_filterfarbe-gruen","11":"pa_hersteller-missoni","12":"pa_kollektion-missoni-home","13":"pa_marke-missoni","14":"pa_material-vinyl-auf-vlies","15":"pa_muster-design-dekor-floral","16":"tm-no-options","18":"first","19":"instock","20":"taxable","21":"shipping-taxable","22":"purchasable","23":"product-type-simple"},"acf":[],"yoast_head":"<!-- This site is optimized with the Yoast SEO plugin v27.2 - https:\/\/yoast.com\/product\/yoast-seo-wordpress\/ -->\n<title>Missoni Home Tap. Oriental Garden M1A10010 (Gr\u00fcn) - Shop Hama Bodenbelagstudio<\/title>\n<meta name=\"robots\" content=\"index, follow, max-snippet:-1, max-image-preview:large, max-video-preview:-1\" \/>\n<link rel=\"canonical\" href=\"https:\/\/www.hama-bodenbelag.de\/shop\/shop\/wand\/tapeten\/missoni\/missoni-home-tap-oriental-garden-m1a10010-gruen\/\" \/>\n<meta property=\"og:locale\" content=\"de_DE\" \/>\n<meta property=\"og:type\" content=\"article\" \/>\n<meta property=\"og:title\" content=\"Missoni Home Tap. Oriental Garden M1A10010 (Gr\u00fcn) - Shop Hama Bodenbelagstudio\" \/>\n<meta property=\"og:description\" content=\"Bei der Missoni Tapete Oriental Garden M1A10010 handelt es sich um eines der beeindruckenden Hauptmotive aus der ersten, atemberaubenden Tapetenkollektion von Missoni Home.\" \/>\n<meta property=\"og:url\" content=\"https:\/\/www.hama-bodenbelag.de\/shop\/shop\/wand\/tapeten\/missoni\/missoni-home-tap-oriental-garden-m1a10010-gruen\/\" \/>\n<meta property=\"og:site_name\" content=\"Shop Hama Bodenbelagstudio\" \/>\n<meta property=\"article:publisher\" content=\"https:\/\/www.facebook.com\/hamamutterstadt\/\" \/>\n<meta property=\"article:modified_time\" content=\"2023-03-16T23:07:37+00:00\" \/>\n<meta property=\"og:image\" content=\"https:\/\/www.hama-bodenbelag.de\/shop\/wp-content\/uploads\/2023\/03\/missoni-missoni-home-tap-oriental-garden-m1a10010-grun.jpg\" \/>\n\t<meta property=\"og:image:width\" content=\"850\" \/>\n\t<meta property=\"og:image:height\" content=\"850\" \/>\n\t<meta property=\"og:image:type\" content=\"image\/jpeg\" \/>\n<meta name=\"twitter:card\" content=\"summary_large_image\" \/>\n<meta name=\"twitter:label1\" content=\"Gesch\u00e4tzte Lesezeit\" \/>\n\t<meta name=\"twitter:data1\" content=\"1\u00a0Minute\" \/>\n<script type=\"application\/ld+json\" class=\"yoast-schema-graph\">{\"@context\":\"https:\/\/schema.org\",\"@graph\":[{\"@type\":\"WebPage\",\"@id\":\"https:\/\/www.hama-bodenbelag.de\/shop\/shop\/wand\/tapeten\/missoni\/missoni-home-tap-oriental-garden-m1a10010-gruen\/\",\"url\":\"https:\/\/www.hama-bodenbelag.de\/shop\/shop\/wand\/tapeten\/missoni\/missoni-home-tap-oriental-garden-m1a10010-gruen\/\",\"name\":\"Missoni Home Tap. Oriental Garden M1A10010 (Gr\u00fcn) - Shop Hama Bodenbelagstudio\",\"isPartOf\":{\"@id\":\"https:\/\/www.hama-bodenbelag.de\/shop\/#website\"},\"primaryImageOfPage\":{\"@id\":\"https:\/\/www.hama-bodenbelag.de\/shop\/shop\/wand\/tapeten\/missoni\/missoni-home-tap-oriental-garden-m1a10010-gruen\/#primaryimage\"},\"image\":{\"@id\":\"https:\/\/www.hama-bodenbelag.de\/shop\/shop\/wand\/tapeten\/missoni\/missoni-home-tap-oriental-garden-m1a10010-gruen\/#primaryimage\"},\"thumbnailUrl\":\"https:\/\/www.hama-bodenbelag.de\/shop\/wp-content\/uploads\/2023\/03\/missoni-missoni-home-tap-oriental-garden-m1a10010-grun.jpg\",\"datePublished\":\"2023-03-08T20:00:39+00:00\",\"dateModified\":\"2023-03-16T23:07:37+00:00\",\"breadcrumb\":{\"@id\":\"https:\/\/www.hama-bodenbelag.de\/shop\/shop\/wand\/tapeten\/missoni\/missoni-home-tap-oriental-garden-m1a10010-gruen\/#breadcrumb\"},\"inLanguage\":\"de\",\"potentialAction\":[{\"@type\":\"ReadAction\",\"target\":[\"https:\/\/www.hama-bodenbelag.de\/shop\/shop\/wand\/tapeten\/missoni\/missoni-home-tap-oriental-garden-m1a10010-gruen\/\"]}]},{\"@type\":\"ImageObject\",\"inLanguage\":\"de\",\"@id\":\"https:\/\/www.hama-bodenbelag.de\/shop\/shop\/wand\/tapeten\/missoni\/missoni-home-tap-oriental-garden-m1a10010-gruen\/#primaryimage\",\"url\":\"https:\/\/www.hama-bodenbelag.de\/shop\/wp-content\/uploads\/2023\/03\/missoni-missoni-home-tap-oriental-garden-m1a10010-grun.jpg\",\"contentUrl\":\"https:\/\/www.hama-bodenbelag.de\/shop\/wp-content\/uploads\/2023\/03\/missoni-missoni-home-tap-oriental-garden-m1a10010-grun.jpg\",\"width\":850,\"height\":850},{\"@type\":\"BreadcrumbList\",\"@id\":\"https:\/\/www.hama-bodenbelag.de\/shop\/shop\/wand\/tapeten\/missoni\/missoni-home-tap-oriental-garden-m1a10010-gruen\/#breadcrumb\",\"itemListElement\":[{\"@type\":\"ListItem\",\"position\":1,\"name\":\"Startseite\",\"item\":\"https:\/\/www.hama-bodenbelag.de\/shop\/\"},{\"@type\":\"ListItem\",\"position\":2,\"name\":\"Shop\",\"item\":\"https:\/\/www.hama-bodenbelag.de\/shop\/shop\/\"},{\"@type\":\"ListItem\",\"position\":3,\"name\":\"Missoni Home Tap. Oriental Garden M1A10010 (Gr\u00fcn)\"}]},{\"@type\":\"WebSite\",\"@id\":\"https:\/\/www.hama-bodenbelag.de\/shop\/#website\",\"url\":\"https:\/\/www.hama-bodenbelag.de\/shop\/\",\"name\":\"Shop Hama Bodenbelagstudio\",\"description\":\"Shop Hama Bodenbelagstudio Muttstadt\",\"publisher\":{\"@id\":\"https:\/\/www.hama-bodenbelag.de\/shop\/#organization\"},\"potentialAction\":[{\"@type\":\"SearchAction\",\"target\":{\"@type\":\"EntryPoint\",\"urlTemplate\":\"https:\/\/www.hama-bodenbelag.de\/shop\/?s={search_term_string}\"},\"query-input\":{\"@type\":\"PropertyValueSpecification\",\"valueRequired\":true,\"valueName\":\"search_term_string\"}}],\"inLanguage\":\"de\"},{\"@type\":\"Organization\",\"@id\":\"https:\/\/www.hama-bodenbelag.de\/shop\/#organization\",\"name\":\"Hama Bodenbelagstudio\",\"url\":\"https:\/\/www.hama-bodenbelag.de\/shop\/\",\"logo\":{\"@type\":\"ImageObject\",\"inLanguage\":\"de\",\"@id\":\"https:\/\/www.hama-bodenbelag.de\/shop\/#\/schema\/logo\/image\/\",\"url\":\"https:\/\/www.hama-bodenbelag.de\/wp-content\/uploads\/2018\/03\/Hama-Logo-mit-Mini_webjpg.jpg\",\"contentUrl\":\"https:\/\/www.hama-bodenbelag.de\/wp-content\/uploads\/2018\/03\/Hama-Logo-mit-Mini_webjpg.jpg\",\"width\":1945,\"height\":609,\"caption\":\"Hama Bodenbelagstudio\"},\"image\":{\"@id\":\"https:\/\/www.hama-bodenbelag.de\/shop\/#\/schema\/logo\/image\/\"},\"sameAs\":[\"https:\/\/www.facebook.com\/hamamutterstadt\/\"]}]}<\/script>\n<!-- \/ Yoast SEO plugin. -->","yoast_head_json":{"title":"Missoni Home Tap. Oriental Garden M1A10010 (Gr\u00fcn) - Shop Hama Bodenbelagstudio","robots":{"index":"index","follow":"follow","max-snippet":"max-snippet:-1","max-image-preview":"max-image-preview:large","max-video-preview":"max-video-preview:-1"},"canonical":"https:\/\/www.hama-bodenbelag.de\/shop\/shop\/wand\/tapeten\/missoni\/missoni-home-tap-oriental-garden-m1a10010-gruen\/","og_locale":"de_DE","og_type":"article","og_title":"Missoni Home Tap. Oriental Garden M1A10010 (Gr\u00fcn) - Shop Hama Bodenbelagstudio","og_description":"Bei der Missoni Tapete Oriental Garden M1A10010 handelt es sich um eines der beeindruckenden Hauptmotive aus der ersten, atemberaubenden Tapetenkollektion von Missoni Home.","og_url":"https:\/\/www.hama-bodenbelag.de\/shop\/shop\/wand\/tapeten\/missoni\/missoni-home-tap-oriental-garden-m1a10010-gruen\/","og_site_name":"Shop Hama Bodenbelagstudio","article_publisher":"https:\/\/www.facebook.com\/hamamutterstadt\/","article_modified_time":"2023-03-16T23:07:37+00:00","og_image":[{"width":850,"height":850,"url":"https:\/\/www.hama-bodenbelag.de\/shop\/wp-content\/uploads\/2023\/03\/missoni-missoni-home-tap-oriental-garden-m1a10010-grun.jpg","type":"image\/jpeg"}],"twitter_card":"summary_large_image","twitter_misc":{"Gesch\u00e4tzte Lesezeit":"1\u00a0Minute"},"schema":{"@context":"https:\/\/schema.org","@graph":[{"@type":"WebPage","@id":"https:\/\/www.hama-bodenbelag.de\/shop\/shop\/wand\/tapeten\/missoni\/missoni-home-tap-oriental-garden-m1a10010-gruen\/","url":"https:\/\/www.hama-bodenbelag.de\/shop\/shop\/wand\/tapeten\/missoni\/missoni-home-tap-oriental-garden-m1a10010-gruen\/","name":"Missoni Home Tap. Oriental Garden M1A10010 (Gr\u00fcn) - Shop Hama Bodenbelagstudio","isPartOf":{"@id":"https:\/\/www.hama-bodenbelag.de\/shop\/#website"},"primaryImageOfPage":{"@id":"https:\/\/www.hama-bodenbelag.de\/shop\/shop\/wand\/tapeten\/missoni\/missoni-home-tap-oriental-garden-m1a10010-gruen\/#primaryimage"},"image":{"@id":"https:\/\/www.hama-bodenbelag.de\/shop\/shop\/wand\/tapeten\/missoni\/missoni-home-tap-oriental-garden-m1a10010-gruen\/#primaryimage"},"thumbnailUrl":"https:\/\/www.hama-bodenbelag.de\/shop\/wp-content\/uploads\/2023\/03\/missoni-missoni-home-tap-oriental-garden-m1a10010-grun.jpg","datePublished":"2023-03-08T20:00:39+00:00","dateModified":"2023-03-16T23:07:37+00:00","breadcrumb":{"@id":"https:\/\/www.hama-bodenbelag.de\/shop\/shop\/wand\/tapeten\/missoni\/missoni-home-tap-oriental-garden-m1a10010-gruen\/#breadcrumb"},"inLanguage":"de","potentialAction":[{"@type":"ReadAction","target":["https:\/\/www.hama-bodenbelag.de\/shop\/shop\/wand\/tapeten\/missoni\/missoni-home-tap-oriental-garden-m1a10010-gruen\/"]}]},{"@type":"ImageObject","inLanguage":"de","@id":"https:\/\/www.hama-bodenbelag.de\/shop\/shop\/wand\/tapeten\/missoni\/missoni-home-tap-oriental-garden-m1a10010-gruen\/#primaryimage","url":"https:\/\/www.hama-bodenbelag.de\/shop\/wp-content\/uploads\/2023\/03\/missoni-missoni-home-tap-oriental-garden-m1a10010-grun.jpg","contentUrl":"https:\/\/www.hama-bodenbelag.de\/shop\/wp-content\/uploads\/2023\/03\/missoni-missoni-home-tap-oriental-garden-m1a10010-grun.jpg","width":850,"height":850},{"@type":"BreadcrumbList","@id":"https:\/\/www.hama-bodenbelag.de\/shop\/shop\/wand\/tapeten\/missoni\/missoni-home-tap-oriental-garden-m1a10010-gruen\/#breadcrumb","itemListElement":[{"@type":"ListItem","position":1,"name":"Startseite","item":"https:\/\/www.hama-bodenbelag.de\/shop\/"},{"@type":"ListItem","position":2,"name":"Shop","item":"https:\/\/www.hama-bodenbelag.de\/shop\/shop\/"},{"@type":"ListItem","position":3,"name":"Missoni Home Tap. Oriental Garden M1A10010 (Gr\u00fcn)"}]},{"@type":"WebSite","@id":"https:\/\/www.hama-bodenbelag.de\/shop\/#website","url":"https:\/\/www.hama-bodenbelag.de\/shop\/","name":"Shop Hama Bodenbelagstudio","description":"Shop Hama Bodenbelagstudio Muttstadt","publisher":{"@id":"https:\/\/www.hama-bodenbelag.de\/shop\/#organization"},"potentialAction":[{"@type":"SearchAction","target":{"@type":"EntryPoint","urlTemplate":"https:\/\/www.hama-bodenbelag.de\/shop\/?s={search_term_string}"},"query-input":{"@type":"PropertyValueSpecification","valueRequired":true,"valueName":"search_term_string"}}],"inLanguage":"de"},{"@type":"Organization","@id":"https:\/\/www.hama-bodenbelag.de\/shop\/#organization","name":"Hama Bodenbelagstudio","url":"https:\/\/www.hama-bodenbelag.de\/shop\/","logo":{"@type":"ImageObject","inLanguage":"de","@id":"https:\/\/www.hama-bodenbelag.de\/shop\/#\/schema\/logo\/image\/","url":"https:\/\/www.hama-bodenbelag.de\/wp-content\/uploads\/2018\/03\/Hama-Logo-mit-Mini_webjpg.jpg","contentUrl":"https:\/\/www.hama-bodenbelag.de\/wp-content\/uploads\/2018\/03\/Hama-Logo-mit-Mini_webjpg.jpg","width":1945,"height":609,"caption":"Hama Bodenbelagstudio"},"image":{"@id":"https:\/\/www.hama-bodenbelag.de\/shop\/#\/schema\/logo\/image\/"},"sameAs":["https:\/\/www.facebook.com\/hamamutterstadt\/"]}]}},"jetpack_sharing_enabled":true,"_links":{"self":[{"href":"https:\/\/www.hama-bodenbelag.de\/shop\/wp-json\/wp\/v2\/product\/38319","targetHints":{"allow":["GET"]}}],"collection":[{"href":"https:\/\/www.hama-bodenbelag.de\/shop\/wp-json\/wp\/v2\/product"}],"about":[{"href":"https:\/\/www.hama-bodenbelag.de\/shop\/wp-json\/wp\/v2\/types\/product"}],"replies":[{"embeddable":true,"href":"https:\/\/www.hama-bodenbelag.de\/shop\/wp-json\/wp\/v2\/comments?post=38319"}],"wp:featuredmedia":[{"embeddable":true,"href":"https:\/\/www.hama-bodenbelag.de\/shop\/wp-json\/wp\/v2\/media\/23410"}],"wp:attachment":[{"href":"https:\/\/www.hama-bodenbelag.de\/shop\/wp-json\/wp\/v2\/media?parent=38319"}],"wp:term":[{"taxonomy":"product_brand","embeddable":true,"href":"https:\/\/www.hama-bodenbelag.de\/shop\/wp-json\/wp\/v2\/product_brand?post=38319"},{"taxonomy":"product_cat","embeddable":true,"href":"https:\/\/www.hama-bodenbelag.de\/shop\/wp-json\/wp\/v2\/product_cat?post=38319"},{"taxonomy":"product_tag","embeddable":true,"href":"https:\/\/www.hama-bodenbelag.de\/shop\/wp-json\/wp\/v2\/product_tag?post=38319"}],"curies":[{"name":"wp","href":"https:\/\/api.w.org\/{rel}","templated":true}]}}