{"id":38324,"date":"2023-03-08T21:00:49","date_gmt":"2023-03-08T20:00:49","guid":{"rendered":"https:\/\/www.hama-bodenbelag.de\/shop\/https:\/www.hama-bodenbelag.de\/shop-hama\/produkt\/missoni-home-tap-mini-chevron-m1a10021-blau-grau\/"},"modified":"2023-03-17T00:07:38","modified_gmt":"2023-03-16T23:07:38","slug":"missoni-home-tap-mini-chevron-m1a10021-blau-grau","status":"publish","type":"product","link":"https:\/\/www.hama-bodenbelag.de\/shop\/shop\/wand\/tapeten\/missoni\/missoni-home-tap-mini-chevron-m1a10021-blau-grau\/","title":{"rendered":"Missoni Home Tap. Mini Chevron M1A10021 (Blau\/Grau)"},"content":{"rendered":"<p>Mini Chevron von MISSONI ist nicht nur in f\u00fcnf wundersch\u00f6nen Farben erh\u00e4ltlich. Sondern l\u00e4dt praktisch zum Mix and Match mit anderen Tapeten der MISSONI-Kollektion ein. Eine zarte, matte Oberfl\u00e4che gibt Ihnen die M\u00f6glichkeit, Farben, Schatten, Nuancen und Kontraste ganz individuell in Szene zu setzen. Kombinieren Sie ausgefallene Vorh\u00e4nge in \u00fcppigen Farben, bunte Kissen und moderne M\u00f6bel. Oder bringen Sie Ihre zarte, sanfte Seite zum Vorschein und bringen Sie Mini Chevron mit femininen Spitzenvorh\u00e4ngen und antiken Schr\u00e4nken zusammen. Pastellfarbenen Kissenbez\u00fcgen und luftig, leichter Dekoration. Wozu auch immer Sie sich entscheiden. Die Vliestapete Mini Chevron passt sich jeder Vorstellung m\u00fchelos an und wird zum Modehighlight f\u00fcr Ihre W\u00e4nde. Denn ist es nicht so, dass Mode f\u00fcr das Haus ebenso wichtig ist, wie f\u00fcr Ihre eigene Garderobe? Ziehen Sie Ihre W\u00e4nde so an, dass Ihre Individualit\u00e4t noch hervorgehoben und zum ausgepr\u00e4gten Statement wird. Die neuen Vliestapeten der weltbekannten MISSONI Designer machen es Ihnen zudem durch unkomplizierte Handhabung leicht. Kleistern Sie die vorgesehene Wand ein und bringen Sie die Tapetenbahnen an. Korrekturen am Rapport lassen sich ganz einfach von Hand vornehmen. Fordern auch Sie ein Muster an und \u00fcberzeugen Sie sich selbst von Mini Chevron M1A10021 in hellem Blau\/Grau.<\/p>\n","protected":false},"excerpt":{"rendered":"<p>Eine zeitlose, erlesene Vliestapete in hellem Blau\/Grau mit kleinem Zick-Zack-Muster.<\/p>\n","protected":false},"featured_media":23420,"comment_status":"closed","ping_status":"closed","template":"","meta":{"_acf_changed":false},"product_brand":[],"product_cat":[7960],"product_tag":[],"class_list":{"0":"post-38324","1":"product","2":"type-product","3":"status-publish","4":"has-post-thumbnail","6":"product_cat-missoni","7":"product_shipping_class-paketversand","8":"pa_abmessung-1005-x-52-cm","9":"pa_farbe-blau-grau","10":"pa_filterfarbe-grau","11":"pa_hersteller-missoni","12":"pa_kollektion-missoni-home","13":"pa_marke-missoni","14":"pa_material-vinyl-auf-vlies","15":"pa_muster-design-dekor-vintage","16":"tm-no-options","18":"first","19":"instock","20":"taxable","21":"shipping-taxable","22":"purchasable","23":"product-type-simple"},"acf":[],"yoast_head":"<!-- This site is optimized with the Yoast SEO plugin v27.2 - https:\/\/yoast.com\/product\/yoast-seo-wordpress\/ -->\n<title>Missoni Home Tap. Mini Chevron M1A10021 (Blau\/Grau) - Shop Hama Bodenbelagstudio<\/title>\n<meta name=\"robots\" content=\"index, follow, max-snippet:-1, max-image-preview:large, max-video-preview:-1\" \/>\n<link rel=\"canonical\" href=\"https:\/\/www.hama-bodenbelag.de\/shop\/shop\/wand\/tapeten\/missoni\/missoni-home-tap-mini-chevron-m1a10021-blau-grau\/\" \/>\n<meta property=\"og:locale\" content=\"de_DE\" \/>\n<meta property=\"og:type\" content=\"article\" \/>\n<meta property=\"og:title\" content=\"Missoni Home Tap. Mini Chevron M1A10021 (Blau\/Grau) - Shop Hama Bodenbelagstudio\" \/>\n<meta property=\"og:description\" content=\"Eine zeitlose, erlesene Vliestapete in hellem Blau\/Grau mit kleinem Zick-Zack-Muster.\" \/>\n<meta property=\"og:url\" content=\"https:\/\/www.hama-bodenbelag.de\/shop\/shop\/wand\/tapeten\/missoni\/missoni-home-tap-mini-chevron-m1a10021-blau-grau\/\" \/>\n<meta property=\"og:site_name\" content=\"Shop Hama Bodenbelagstudio\" \/>\n<meta property=\"article:publisher\" content=\"https:\/\/www.facebook.com\/hamamutterstadt\/\" \/>\n<meta property=\"article:modified_time\" content=\"2023-03-16T23:07:38+00:00\" \/>\n<meta property=\"og:image\" content=\"https:\/\/www.hama-bodenbelag.de\/shop\/wp-content\/uploads\/2023\/03\/missoni-missoni-home-tap-mini-chevron-m1a10021-blau-grau.jpg\" \/>\n\t<meta property=\"og:image:width\" content=\"850\" \/>\n\t<meta property=\"og:image:height\" content=\"850\" \/>\n\t<meta property=\"og:image:type\" content=\"image\/jpeg\" \/>\n<meta name=\"twitter:card\" content=\"summary_large_image\" \/>\n<meta name=\"twitter:label1\" content=\"Gesch\u00e4tzte Lesezeit\" \/>\n\t<meta name=\"twitter:data1\" content=\"1\u00a0Minute\" \/>\n<script type=\"application\/ld+json\" class=\"yoast-schema-graph\">{\"@context\":\"https:\/\/schema.org\",\"@graph\":[{\"@type\":\"WebPage\",\"@id\":\"https:\/\/www.hama-bodenbelag.de\/shop\/shop\/wand\/tapeten\/missoni\/missoni-home-tap-mini-chevron-m1a10021-blau-grau\/\",\"url\":\"https:\/\/www.hama-bodenbelag.de\/shop\/shop\/wand\/tapeten\/missoni\/missoni-home-tap-mini-chevron-m1a10021-blau-grau\/\",\"name\":\"Missoni Home Tap. Mini Chevron M1A10021 (Blau\/Grau) - Shop Hama Bodenbelagstudio\",\"isPartOf\":{\"@id\":\"https:\/\/www.hama-bodenbelag.de\/shop\/#website\"},\"primaryImageOfPage\":{\"@id\":\"https:\/\/www.hama-bodenbelag.de\/shop\/shop\/wand\/tapeten\/missoni\/missoni-home-tap-mini-chevron-m1a10021-blau-grau\/#primaryimage\"},\"image\":{\"@id\":\"https:\/\/www.hama-bodenbelag.de\/shop\/shop\/wand\/tapeten\/missoni\/missoni-home-tap-mini-chevron-m1a10021-blau-grau\/#primaryimage\"},\"thumbnailUrl\":\"https:\/\/www.hama-bodenbelag.de\/shop\/wp-content\/uploads\/2023\/03\/missoni-missoni-home-tap-mini-chevron-m1a10021-blau-grau.jpg\",\"datePublished\":\"2023-03-08T20:00:49+00:00\",\"dateModified\":\"2023-03-16T23:07:38+00:00\",\"breadcrumb\":{\"@id\":\"https:\/\/www.hama-bodenbelag.de\/shop\/shop\/wand\/tapeten\/missoni\/missoni-home-tap-mini-chevron-m1a10021-blau-grau\/#breadcrumb\"},\"inLanguage\":\"de\",\"potentialAction\":[{\"@type\":\"ReadAction\",\"target\":[\"https:\/\/www.hama-bodenbelag.de\/shop\/shop\/wand\/tapeten\/missoni\/missoni-home-tap-mini-chevron-m1a10021-blau-grau\/\"]}]},{\"@type\":\"ImageObject\",\"inLanguage\":\"de\",\"@id\":\"https:\/\/www.hama-bodenbelag.de\/shop\/shop\/wand\/tapeten\/missoni\/missoni-home-tap-mini-chevron-m1a10021-blau-grau\/#primaryimage\",\"url\":\"https:\/\/www.hama-bodenbelag.de\/shop\/wp-content\/uploads\/2023\/03\/missoni-missoni-home-tap-mini-chevron-m1a10021-blau-grau.jpg\",\"contentUrl\":\"https:\/\/www.hama-bodenbelag.de\/shop\/wp-content\/uploads\/2023\/03\/missoni-missoni-home-tap-mini-chevron-m1a10021-blau-grau.jpg\",\"width\":850,\"height\":850},{\"@type\":\"BreadcrumbList\",\"@id\":\"https:\/\/www.hama-bodenbelag.de\/shop\/shop\/wand\/tapeten\/missoni\/missoni-home-tap-mini-chevron-m1a10021-blau-grau\/#breadcrumb\",\"itemListElement\":[{\"@type\":\"ListItem\",\"position\":1,\"name\":\"Startseite\",\"item\":\"https:\/\/www.hama-bodenbelag.de\/shop\/\"},{\"@type\":\"ListItem\",\"position\":2,\"name\":\"Shop\",\"item\":\"https:\/\/www.hama-bodenbelag.de\/shop\/shop\/\"},{\"@type\":\"ListItem\",\"position\":3,\"name\":\"Missoni Home Tap. Mini Chevron M1A10021 (Blau\/Grau)\"}]},{\"@type\":\"WebSite\",\"@id\":\"https:\/\/www.hama-bodenbelag.de\/shop\/#website\",\"url\":\"https:\/\/www.hama-bodenbelag.de\/shop\/\",\"name\":\"Shop Hama Bodenbelagstudio\",\"description\":\"Shop Hama Bodenbelagstudio Muttstadt\",\"publisher\":{\"@id\":\"https:\/\/www.hama-bodenbelag.de\/shop\/#organization\"},\"potentialAction\":[{\"@type\":\"SearchAction\",\"target\":{\"@type\":\"EntryPoint\",\"urlTemplate\":\"https:\/\/www.hama-bodenbelag.de\/shop\/?s={search_term_string}\"},\"query-input\":{\"@type\":\"PropertyValueSpecification\",\"valueRequired\":true,\"valueName\":\"search_term_string\"}}],\"inLanguage\":\"de\"},{\"@type\":\"Organization\",\"@id\":\"https:\/\/www.hama-bodenbelag.de\/shop\/#organization\",\"name\":\"Hama Bodenbelagstudio\",\"url\":\"https:\/\/www.hama-bodenbelag.de\/shop\/\",\"logo\":{\"@type\":\"ImageObject\",\"inLanguage\":\"de\",\"@id\":\"https:\/\/www.hama-bodenbelag.de\/shop\/#\/schema\/logo\/image\/\",\"url\":\"https:\/\/www.hama-bodenbelag.de\/wp-content\/uploads\/2018\/03\/Hama-Logo-mit-Mini_webjpg.jpg\",\"contentUrl\":\"https:\/\/www.hama-bodenbelag.de\/wp-content\/uploads\/2018\/03\/Hama-Logo-mit-Mini_webjpg.jpg\",\"width\":1945,\"height\":609,\"caption\":\"Hama Bodenbelagstudio\"},\"image\":{\"@id\":\"https:\/\/www.hama-bodenbelag.de\/shop\/#\/schema\/logo\/image\/\"},\"sameAs\":[\"https:\/\/www.facebook.com\/hamamutterstadt\/\"]}]}<\/script>\n<!-- \/ Yoast SEO plugin. -->","yoast_head_json":{"title":"Missoni Home Tap. Mini Chevron M1A10021 (Blau\/Grau) - Shop Hama Bodenbelagstudio","robots":{"index":"index","follow":"follow","max-snippet":"max-snippet:-1","max-image-preview":"max-image-preview:large","max-video-preview":"max-video-preview:-1"},"canonical":"https:\/\/www.hama-bodenbelag.de\/shop\/shop\/wand\/tapeten\/missoni\/missoni-home-tap-mini-chevron-m1a10021-blau-grau\/","og_locale":"de_DE","og_type":"article","og_title":"Missoni Home Tap. Mini Chevron M1A10021 (Blau\/Grau) - Shop Hama Bodenbelagstudio","og_description":"Eine zeitlose, erlesene Vliestapete in hellem Blau\/Grau mit kleinem Zick-Zack-Muster.","og_url":"https:\/\/www.hama-bodenbelag.de\/shop\/shop\/wand\/tapeten\/missoni\/missoni-home-tap-mini-chevron-m1a10021-blau-grau\/","og_site_name":"Shop Hama Bodenbelagstudio","article_publisher":"https:\/\/www.facebook.com\/hamamutterstadt\/","article_modified_time":"2023-03-16T23:07:38+00:00","og_image":[{"width":850,"height":850,"url":"https:\/\/www.hama-bodenbelag.de\/shop\/wp-content\/uploads\/2023\/03\/missoni-missoni-home-tap-mini-chevron-m1a10021-blau-grau.jpg","type":"image\/jpeg"}],"twitter_card":"summary_large_image","twitter_misc":{"Gesch\u00e4tzte Lesezeit":"1\u00a0Minute"},"schema":{"@context":"https:\/\/schema.org","@graph":[{"@type":"WebPage","@id":"https:\/\/www.hama-bodenbelag.de\/shop\/shop\/wand\/tapeten\/missoni\/missoni-home-tap-mini-chevron-m1a10021-blau-grau\/","url":"https:\/\/www.hama-bodenbelag.de\/shop\/shop\/wand\/tapeten\/missoni\/missoni-home-tap-mini-chevron-m1a10021-blau-grau\/","name":"Missoni Home Tap. Mini Chevron M1A10021 (Blau\/Grau) - Shop Hama Bodenbelagstudio","isPartOf":{"@id":"https:\/\/www.hama-bodenbelag.de\/shop\/#website"},"primaryImageOfPage":{"@id":"https:\/\/www.hama-bodenbelag.de\/shop\/shop\/wand\/tapeten\/missoni\/missoni-home-tap-mini-chevron-m1a10021-blau-grau\/#primaryimage"},"image":{"@id":"https:\/\/www.hama-bodenbelag.de\/shop\/shop\/wand\/tapeten\/missoni\/missoni-home-tap-mini-chevron-m1a10021-blau-grau\/#primaryimage"},"thumbnailUrl":"https:\/\/www.hama-bodenbelag.de\/shop\/wp-content\/uploads\/2023\/03\/missoni-missoni-home-tap-mini-chevron-m1a10021-blau-grau.jpg","datePublished":"2023-03-08T20:00:49+00:00","dateModified":"2023-03-16T23:07:38+00:00","breadcrumb":{"@id":"https:\/\/www.hama-bodenbelag.de\/shop\/shop\/wand\/tapeten\/missoni\/missoni-home-tap-mini-chevron-m1a10021-blau-grau\/#breadcrumb"},"inLanguage":"de","potentialAction":[{"@type":"ReadAction","target":["https:\/\/www.hama-bodenbelag.de\/shop\/shop\/wand\/tapeten\/missoni\/missoni-home-tap-mini-chevron-m1a10021-blau-grau\/"]}]},{"@type":"ImageObject","inLanguage":"de","@id":"https:\/\/www.hama-bodenbelag.de\/shop\/shop\/wand\/tapeten\/missoni\/missoni-home-tap-mini-chevron-m1a10021-blau-grau\/#primaryimage","url":"https:\/\/www.hama-bodenbelag.de\/shop\/wp-content\/uploads\/2023\/03\/missoni-missoni-home-tap-mini-chevron-m1a10021-blau-grau.jpg","contentUrl":"https:\/\/www.hama-bodenbelag.de\/shop\/wp-content\/uploads\/2023\/03\/missoni-missoni-home-tap-mini-chevron-m1a10021-blau-grau.jpg","width":850,"height":850},{"@type":"BreadcrumbList","@id":"https:\/\/www.hama-bodenbelag.de\/shop\/shop\/wand\/tapeten\/missoni\/missoni-home-tap-mini-chevron-m1a10021-blau-grau\/#breadcrumb","itemListElement":[{"@type":"ListItem","position":1,"name":"Startseite","item":"https:\/\/www.hama-bodenbelag.de\/shop\/"},{"@type":"ListItem","position":2,"name":"Shop","item":"https:\/\/www.hama-bodenbelag.de\/shop\/shop\/"},{"@type":"ListItem","position":3,"name":"Missoni Home Tap. Mini Chevron M1A10021 (Blau\/Grau)"}]},{"@type":"WebSite","@id":"https:\/\/www.hama-bodenbelag.de\/shop\/#website","url":"https:\/\/www.hama-bodenbelag.de\/shop\/","name":"Shop Hama Bodenbelagstudio","description":"Shop Hama Bodenbelagstudio Muttstadt","publisher":{"@id":"https:\/\/www.hama-bodenbelag.de\/shop\/#organization"},"potentialAction":[{"@type":"SearchAction","target":{"@type":"EntryPoint","urlTemplate":"https:\/\/www.hama-bodenbelag.de\/shop\/?s={search_term_string}"},"query-input":{"@type":"PropertyValueSpecification","valueRequired":true,"valueName":"search_term_string"}}],"inLanguage":"de"},{"@type":"Organization","@id":"https:\/\/www.hama-bodenbelag.de\/shop\/#organization","name":"Hama Bodenbelagstudio","url":"https:\/\/www.hama-bodenbelag.de\/shop\/","logo":{"@type":"ImageObject","inLanguage":"de","@id":"https:\/\/www.hama-bodenbelag.de\/shop\/#\/schema\/logo\/image\/","url":"https:\/\/www.hama-bodenbelag.de\/wp-content\/uploads\/2018\/03\/Hama-Logo-mit-Mini_webjpg.jpg","contentUrl":"https:\/\/www.hama-bodenbelag.de\/wp-content\/uploads\/2018\/03\/Hama-Logo-mit-Mini_webjpg.jpg","width":1945,"height":609,"caption":"Hama Bodenbelagstudio"},"image":{"@id":"https:\/\/www.hama-bodenbelag.de\/shop\/#\/schema\/logo\/image\/"},"sameAs":["https:\/\/www.facebook.com\/hamamutterstadt\/"]}]}},"jetpack_sharing_enabled":true,"_links":{"self":[{"href":"https:\/\/www.hama-bodenbelag.de\/shop\/wp-json\/wp\/v2\/product\/38324","targetHints":{"allow":["GET"]}}],"collection":[{"href":"https:\/\/www.hama-bodenbelag.de\/shop\/wp-json\/wp\/v2\/product"}],"about":[{"href":"https:\/\/www.hama-bodenbelag.de\/shop\/wp-json\/wp\/v2\/types\/product"}],"replies":[{"embeddable":true,"href":"https:\/\/www.hama-bodenbelag.de\/shop\/wp-json\/wp\/v2\/comments?post=38324"}],"wp:featuredmedia":[{"embeddable":true,"href":"https:\/\/www.hama-bodenbelag.de\/shop\/wp-json\/wp\/v2\/media\/23420"}],"wp:attachment":[{"href":"https:\/\/www.hama-bodenbelag.de\/shop\/wp-json\/wp\/v2\/media?parent=38324"}],"wp:term":[{"taxonomy":"product_brand","embeddable":true,"href":"https:\/\/www.hama-bodenbelag.de\/shop\/wp-json\/wp\/v2\/product_brand?post=38324"},{"taxonomy":"product_cat","embeddable":true,"href":"https:\/\/www.hama-bodenbelag.de\/shop\/wp-json\/wp\/v2\/product_cat?post=38324"},{"taxonomy":"product_tag","embeddable":true,"href":"https:\/\/www.hama-bodenbelag.de\/shop\/wp-json\/wp\/v2\/product_tag?post=38324"}],"curies":[{"name":"wp","href":"https:\/\/api.w.org\/{rel}","templated":true}]}}