{"id":38335,"date":"2023-03-08T21:01:11","date_gmt":"2023-03-08T20:01:11","guid":{"rendered":"https:\/\/www.hama-bodenbelag.de\/shop\/https:\/www.hama-bodenbelag.de\/shop-hama\/produkt\/missoni-home-tap-plain-mini-chevron-m1a10037-sandbeige\/"},"modified":"2023-03-17T00:07:38","modified_gmt":"2023-03-16T23:07:38","slug":"missoni-home-tap-plain-mini-chevron-m1a10037-sandbeige","status":"publish","type":"product","link":"https:\/\/www.hama-bodenbelag.de\/shop\/shop\/wand\/tapeten\/missoni\/missoni-home-tap-plain-mini-chevron-m1a10037-sandbeige\/","title":{"rendered":"Missoni Home Tap. Plain Mini Chevron M1A10037 (Sandbeige)"},"content":{"rendered":"<p>Dunkleres Sandbeige, macht die M1A10035 Plain Mini Chevron Unitapete zum Highlight jeden Raums. Die matte Oberfl\u00e4chenstruktur l\u00e4sst sich individuell mit den Mustertapeten der MISSONI Home Kollektion kombinieren, so dass Ihr ganzes Zuhause effektvoll erstrahlen wird. Oder tapezieren Sie vollkommen m\u00fchelos ein ganzes Zimmer in pudrig, sattem Beige. Die weltber\u00fchmten Designer von MISSONI haben sich bei der Home Kollektion an ihren Stoffen und Textilien orientiert, die sonst auf den Laufstegen in Paris und Mailand gezeigt werden. Nur, dass diesmal keine Kleidung entworfen wurde, sondern intensiv gef\u00e4rbte Wandbel\u00e4ge, die optisch wundersch\u00f6n in Szene gesetzt werden k\u00f6nnen. Schenken Sie nicht nur Ihrem Kleiderschrank sommerlich, frische Farben. Sondern auch Ihrem Zuhause. 100 Prozent MISSONI stehen f\u00fcr 100 Prozent Qualit\u00e4t und Stil. Fordern Sie gerne ein Muster an und lassen Sie sich \u00fcberzeugen.<\/p>\n","protected":false},"excerpt":{"rendered":"<p>Eine ausdrucksstarke Unitapete in Leinenoptik.<\/p>\n","protected":false},"featured_media":23442,"comment_status":"closed","ping_status":"closed","template":"","meta":{"_acf_changed":false},"product_brand":[],"product_cat":[7960],"product_tag":[],"class_list":{"0":"post-38335","1":"product","2":"type-product","3":"status-publish","4":"has-post-thumbnail","6":"product_cat-missoni","7":"product_shipping_class-paketversand","8":"pa_abmessung-1005-x-52-cm","9":"pa_farbe-sandbeige","10":"pa_filterfarbe-beige","11":"pa_hersteller-missoni","12":"pa_kollektion-missoni-home","13":"pa_marke-missoni","14":"pa_material-vinyl-auf-vlies","15":"pa_muster-design-dekor-unis","16":"tm-no-options","18":"first","19":"instock","20":"taxable","21":"shipping-taxable","22":"purchasable","23":"product-type-simple"},"acf":[],"yoast_head":"<!-- This site is optimized with the Yoast SEO plugin v27.2 - https:\/\/yoast.com\/product\/yoast-seo-wordpress\/ -->\n<title>Missoni Home Tap. Plain Mini Chevron M1A10037 (Sandbeige) - Shop Hama Bodenbelagstudio<\/title>\n<meta name=\"robots\" content=\"index, follow, max-snippet:-1, max-image-preview:large, max-video-preview:-1\" \/>\n<link rel=\"canonical\" href=\"https:\/\/www.hama-bodenbelag.de\/shop\/shop\/wand\/tapeten\/missoni\/missoni-home-tap-plain-mini-chevron-m1a10037-sandbeige\/\" \/>\n<meta property=\"og:locale\" content=\"de_DE\" \/>\n<meta property=\"og:type\" content=\"article\" \/>\n<meta property=\"og:title\" content=\"Missoni Home Tap. Plain Mini Chevron M1A10037 (Sandbeige) - Shop Hama Bodenbelagstudio\" \/>\n<meta property=\"og:description\" content=\"Eine ausdrucksstarke Unitapete in Leinenoptik.\" \/>\n<meta property=\"og:url\" content=\"https:\/\/www.hama-bodenbelag.de\/shop\/shop\/wand\/tapeten\/missoni\/missoni-home-tap-plain-mini-chevron-m1a10037-sandbeige\/\" \/>\n<meta property=\"og:site_name\" content=\"Shop Hama Bodenbelagstudio\" \/>\n<meta property=\"article:publisher\" content=\"https:\/\/www.facebook.com\/hamamutterstadt\/\" \/>\n<meta property=\"article:modified_time\" content=\"2023-03-16T23:07:38+00:00\" \/>\n<meta property=\"og:image\" content=\"https:\/\/www.hama-bodenbelag.de\/shop\/wp-content\/uploads\/2023\/03\/missoni-missoni-home-tap-plain-mini-chevron-m1a10037-sandbeige.jpg\" \/>\n\t<meta property=\"og:image:width\" content=\"850\" \/>\n\t<meta property=\"og:image:height\" content=\"850\" \/>\n\t<meta property=\"og:image:type\" content=\"image\/jpeg\" \/>\n<meta name=\"twitter:card\" content=\"summary_large_image\" \/>\n<meta name=\"twitter:label1\" content=\"Gesch\u00e4tzte Lesezeit\" \/>\n\t<meta name=\"twitter:data1\" content=\"1\u00a0Minute\" \/>\n<script type=\"application\/ld+json\" class=\"yoast-schema-graph\">{\"@context\":\"https:\/\/schema.org\",\"@graph\":[{\"@type\":\"WebPage\",\"@id\":\"https:\/\/www.hama-bodenbelag.de\/shop\/shop\/wand\/tapeten\/missoni\/missoni-home-tap-plain-mini-chevron-m1a10037-sandbeige\/\",\"url\":\"https:\/\/www.hama-bodenbelag.de\/shop\/shop\/wand\/tapeten\/missoni\/missoni-home-tap-plain-mini-chevron-m1a10037-sandbeige\/\",\"name\":\"Missoni Home Tap. Plain Mini Chevron M1A10037 (Sandbeige) - Shop Hama Bodenbelagstudio\",\"isPartOf\":{\"@id\":\"https:\/\/www.hama-bodenbelag.de\/shop\/#website\"},\"primaryImageOfPage\":{\"@id\":\"https:\/\/www.hama-bodenbelag.de\/shop\/shop\/wand\/tapeten\/missoni\/missoni-home-tap-plain-mini-chevron-m1a10037-sandbeige\/#primaryimage\"},\"image\":{\"@id\":\"https:\/\/www.hama-bodenbelag.de\/shop\/shop\/wand\/tapeten\/missoni\/missoni-home-tap-plain-mini-chevron-m1a10037-sandbeige\/#primaryimage\"},\"thumbnailUrl\":\"https:\/\/www.hama-bodenbelag.de\/shop\/wp-content\/uploads\/2023\/03\/missoni-missoni-home-tap-plain-mini-chevron-m1a10037-sandbeige.jpg\",\"datePublished\":\"2023-03-08T20:01:11+00:00\",\"dateModified\":\"2023-03-16T23:07:38+00:00\",\"breadcrumb\":{\"@id\":\"https:\/\/www.hama-bodenbelag.de\/shop\/shop\/wand\/tapeten\/missoni\/missoni-home-tap-plain-mini-chevron-m1a10037-sandbeige\/#breadcrumb\"},\"inLanguage\":\"de\",\"potentialAction\":[{\"@type\":\"ReadAction\",\"target\":[\"https:\/\/www.hama-bodenbelag.de\/shop\/shop\/wand\/tapeten\/missoni\/missoni-home-tap-plain-mini-chevron-m1a10037-sandbeige\/\"]}]},{\"@type\":\"ImageObject\",\"inLanguage\":\"de\",\"@id\":\"https:\/\/www.hama-bodenbelag.de\/shop\/shop\/wand\/tapeten\/missoni\/missoni-home-tap-plain-mini-chevron-m1a10037-sandbeige\/#primaryimage\",\"url\":\"https:\/\/www.hama-bodenbelag.de\/shop\/wp-content\/uploads\/2023\/03\/missoni-missoni-home-tap-plain-mini-chevron-m1a10037-sandbeige.jpg\",\"contentUrl\":\"https:\/\/www.hama-bodenbelag.de\/shop\/wp-content\/uploads\/2023\/03\/missoni-missoni-home-tap-plain-mini-chevron-m1a10037-sandbeige.jpg\",\"width\":850,\"height\":850},{\"@type\":\"BreadcrumbList\",\"@id\":\"https:\/\/www.hama-bodenbelag.de\/shop\/shop\/wand\/tapeten\/missoni\/missoni-home-tap-plain-mini-chevron-m1a10037-sandbeige\/#breadcrumb\",\"itemListElement\":[{\"@type\":\"ListItem\",\"position\":1,\"name\":\"Startseite\",\"item\":\"https:\/\/www.hama-bodenbelag.de\/shop\/\"},{\"@type\":\"ListItem\",\"position\":2,\"name\":\"Shop\",\"item\":\"https:\/\/www.hama-bodenbelag.de\/shop\/shop\/\"},{\"@type\":\"ListItem\",\"position\":3,\"name\":\"Missoni Home Tap. Plain Mini Chevron M1A10037 (Sandbeige)\"}]},{\"@type\":\"WebSite\",\"@id\":\"https:\/\/www.hama-bodenbelag.de\/shop\/#website\",\"url\":\"https:\/\/www.hama-bodenbelag.de\/shop\/\",\"name\":\"Shop Hama Bodenbelagstudio\",\"description\":\"Shop Hama Bodenbelagstudio Muttstadt\",\"publisher\":{\"@id\":\"https:\/\/www.hama-bodenbelag.de\/shop\/#organization\"},\"potentialAction\":[{\"@type\":\"SearchAction\",\"target\":{\"@type\":\"EntryPoint\",\"urlTemplate\":\"https:\/\/www.hama-bodenbelag.de\/shop\/?s={search_term_string}\"},\"query-input\":{\"@type\":\"PropertyValueSpecification\",\"valueRequired\":true,\"valueName\":\"search_term_string\"}}],\"inLanguage\":\"de\"},{\"@type\":\"Organization\",\"@id\":\"https:\/\/www.hama-bodenbelag.de\/shop\/#organization\",\"name\":\"Hama Bodenbelagstudio\",\"url\":\"https:\/\/www.hama-bodenbelag.de\/shop\/\",\"logo\":{\"@type\":\"ImageObject\",\"inLanguage\":\"de\",\"@id\":\"https:\/\/www.hama-bodenbelag.de\/shop\/#\/schema\/logo\/image\/\",\"url\":\"https:\/\/www.hama-bodenbelag.de\/wp-content\/uploads\/2018\/03\/Hama-Logo-mit-Mini_webjpg.jpg\",\"contentUrl\":\"https:\/\/www.hama-bodenbelag.de\/wp-content\/uploads\/2018\/03\/Hama-Logo-mit-Mini_webjpg.jpg\",\"width\":1945,\"height\":609,\"caption\":\"Hama Bodenbelagstudio\"},\"image\":{\"@id\":\"https:\/\/www.hama-bodenbelag.de\/shop\/#\/schema\/logo\/image\/\"},\"sameAs\":[\"https:\/\/www.facebook.com\/hamamutterstadt\/\"]}]}<\/script>\n<!-- \/ Yoast SEO plugin. -->","yoast_head_json":{"title":"Missoni Home Tap. Plain Mini Chevron M1A10037 (Sandbeige) - Shop Hama Bodenbelagstudio","robots":{"index":"index","follow":"follow","max-snippet":"max-snippet:-1","max-image-preview":"max-image-preview:large","max-video-preview":"max-video-preview:-1"},"canonical":"https:\/\/www.hama-bodenbelag.de\/shop\/shop\/wand\/tapeten\/missoni\/missoni-home-tap-plain-mini-chevron-m1a10037-sandbeige\/","og_locale":"de_DE","og_type":"article","og_title":"Missoni Home Tap. Plain Mini Chevron M1A10037 (Sandbeige) - Shop Hama Bodenbelagstudio","og_description":"Eine ausdrucksstarke Unitapete in Leinenoptik.","og_url":"https:\/\/www.hama-bodenbelag.de\/shop\/shop\/wand\/tapeten\/missoni\/missoni-home-tap-plain-mini-chevron-m1a10037-sandbeige\/","og_site_name":"Shop Hama Bodenbelagstudio","article_publisher":"https:\/\/www.facebook.com\/hamamutterstadt\/","article_modified_time":"2023-03-16T23:07:38+00:00","og_image":[{"width":850,"height":850,"url":"https:\/\/www.hama-bodenbelag.de\/shop\/wp-content\/uploads\/2023\/03\/missoni-missoni-home-tap-plain-mini-chevron-m1a10037-sandbeige.jpg","type":"image\/jpeg"}],"twitter_card":"summary_large_image","twitter_misc":{"Gesch\u00e4tzte Lesezeit":"1\u00a0Minute"},"schema":{"@context":"https:\/\/schema.org","@graph":[{"@type":"WebPage","@id":"https:\/\/www.hama-bodenbelag.de\/shop\/shop\/wand\/tapeten\/missoni\/missoni-home-tap-plain-mini-chevron-m1a10037-sandbeige\/","url":"https:\/\/www.hama-bodenbelag.de\/shop\/shop\/wand\/tapeten\/missoni\/missoni-home-tap-plain-mini-chevron-m1a10037-sandbeige\/","name":"Missoni Home Tap. Plain Mini Chevron M1A10037 (Sandbeige) - Shop Hama Bodenbelagstudio","isPartOf":{"@id":"https:\/\/www.hama-bodenbelag.de\/shop\/#website"},"primaryImageOfPage":{"@id":"https:\/\/www.hama-bodenbelag.de\/shop\/shop\/wand\/tapeten\/missoni\/missoni-home-tap-plain-mini-chevron-m1a10037-sandbeige\/#primaryimage"},"image":{"@id":"https:\/\/www.hama-bodenbelag.de\/shop\/shop\/wand\/tapeten\/missoni\/missoni-home-tap-plain-mini-chevron-m1a10037-sandbeige\/#primaryimage"},"thumbnailUrl":"https:\/\/www.hama-bodenbelag.de\/shop\/wp-content\/uploads\/2023\/03\/missoni-missoni-home-tap-plain-mini-chevron-m1a10037-sandbeige.jpg","datePublished":"2023-03-08T20:01:11+00:00","dateModified":"2023-03-16T23:07:38+00:00","breadcrumb":{"@id":"https:\/\/www.hama-bodenbelag.de\/shop\/shop\/wand\/tapeten\/missoni\/missoni-home-tap-plain-mini-chevron-m1a10037-sandbeige\/#breadcrumb"},"inLanguage":"de","potentialAction":[{"@type":"ReadAction","target":["https:\/\/www.hama-bodenbelag.de\/shop\/shop\/wand\/tapeten\/missoni\/missoni-home-tap-plain-mini-chevron-m1a10037-sandbeige\/"]}]},{"@type":"ImageObject","inLanguage":"de","@id":"https:\/\/www.hama-bodenbelag.de\/shop\/shop\/wand\/tapeten\/missoni\/missoni-home-tap-plain-mini-chevron-m1a10037-sandbeige\/#primaryimage","url":"https:\/\/www.hama-bodenbelag.de\/shop\/wp-content\/uploads\/2023\/03\/missoni-missoni-home-tap-plain-mini-chevron-m1a10037-sandbeige.jpg","contentUrl":"https:\/\/www.hama-bodenbelag.de\/shop\/wp-content\/uploads\/2023\/03\/missoni-missoni-home-tap-plain-mini-chevron-m1a10037-sandbeige.jpg","width":850,"height":850},{"@type":"BreadcrumbList","@id":"https:\/\/www.hama-bodenbelag.de\/shop\/shop\/wand\/tapeten\/missoni\/missoni-home-tap-plain-mini-chevron-m1a10037-sandbeige\/#breadcrumb","itemListElement":[{"@type":"ListItem","position":1,"name":"Startseite","item":"https:\/\/www.hama-bodenbelag.de\/shop\/"},{"@type":"ListItem","position":2,"name":"Shop","item":"https:\/\/www.hama-bodenbelag.de\/shop\/shop\/"},{"@type":"ListItem","position":3,"name":"Missoni Home Tap. Plain Mini Chevron M1A10037 (Sandbeige)"}]},{"@type":"WebSite","@id":"https:\/\/www.hama-bodenbelag.de\/shop\/#website","url":"https:\/\/www.hama-bodenbelag.de\/shop\/","name":"Shop Hama Bodenbelagstudio","description":"Shop Hama Bodenbelagstudio Muttstadt","publisher":{"@id":"https:\/\/www.hama-bodenbelag.de\/shop\/#organization"},"potentialAction":[{"@type":"SearchAction","target":{"@type":"EntryPoint","urlTemplate":"https:\/\/www.hama-bodenbelag.de\/shop\/?s={search_term_string}"},"query-input":{"@type":"PropertyValueSpecification","valueRequired":true,"valueName":"search_term_string"}}],"inLanguage":"de"},{"@type":"Organization","@id":"https:\/\/www.hama-bodenbelag.de\/shop\/#organization","name":"Hama Bodenbelagstudio","url":"https:\/\/www.hama-bodenbelag.de\/shop\/","logo":{"@type":"ImageObject","inLanguage":"de","@id":"https:\/\/www.hama-bodenbelag.de\/shop\/#\/schema\/logo\/image\/","url":"https:\/\/www.hama-bodenbelag.de\/wp-content\/uploads\/2018\/03\/Hama-Logo-mit-Mini_webjpg.jpg","contentUrl":"https:\/\/www.hama-bodenbelag.de\/wp-content\/uploads\/2018\/03\/Hama-Logo-mit-Mini_webjpg.jpg","width":1945,"height":609,"caption":"Hama Bodenbelagstudio"},"image":{"@id":"https:\/\/www.hama-bodenbelag.de\/shop\/#\/schema\/logo\/image\/"},"sameAs":["https:\/\/www.facebook.com\/hamamutterstadt\/"]}]}},"jetpack_sharing_enabled":true,"_links":{"self":[{"href":"https:\/\/www.hama-bodenbelag.de\/shop\/wp-json\/wp\/v2\/product\/38335","targetHints":{"allow":["GET"]}}],"collection":[{"href":"https:\/\/www.hama-bodenbelag.de\/shop\/wp-json\/wp\/v2\/product"}],"about":[{"href":"https:\/\/www.hama-bodenbelag.de\/shop\/wp-json\/wp\/v2\/types\/product"}],"replies":[{"embeddable":true,"href":"https:\/\/www.hama-bodenbelag.de\/shop\/wp-json\/wp\/v2\/comments?post=38335"}],"wp:featuredmedia":[{"embeddable":true,"href":"https:\/\/www.hama-bodenbelag.de\/shop\/wp-json\/wp\/v2\/media\/23442"}],"wp:attachment":[{"href":"https:\/\/www.hama-bodenbelag.de\/shop\/wp-json\/wp\/v2\/media?parent=38335"}],"wp:term":[{"taxonomy":"product_brand","embeddable":true,"href":"https:\/\/www.hama-bodenbelag.de\/shop\/wp-json\/wp\/v2\/product_brand?post=38335"},{"taxonomy":"product_cat","embeddable":true,"href":"https:\/\/www.hama-bodenbelag.de\/shop\/wp-json\/wp\/v2\/product_cat?post=38335"},{"taxonomy":"product_tag","embeddable":true,"href":"https:\/\/www.hama-bodenbelag.de\/shop\/wp-json\/wp\/v2\/product_tag?post=38335"}],"curies":[{"name":"wp","href":"https:\/\/api.w.org\/{rel}","templated":true}]}}