{"id":38357,"date":"2023-03-08T21:01:50","date_gmt":"2023-03-08T20:01:50","guid":{"rendered":"https:\/\/www.hama-bodenbelag.de\/shop\/https:\/www.hama-bodenbelag.de\/shop-hama\/produkt\/missoni-home-panel-dreamland-m1b20094-bunt-gruen\/"},"modified":"2023-03-17T00:07:39","modified_gmt":"2023-03-16T23:07:39","slug":"missoni-home-panel-dreamland-m1b20094-bunt-gruen","status":"publish","type":"product","link":"https:\/\/www.hama-bodenbelag.de\/shop\/shop\/wand\/tapeten\/missoni\/missoni-home-panel-dreamland-m1b20094-bunt-gruen\/","title":{"rendered":"Missoni Home Panel Dreamland M1B20094 (Bunt\/Gr\u00fcn)"},"content":{"rendered":"<p>In ein Traumland, dass Ihre Wohnung selbst in einen Traum verwandeln wird. Das neue Panel der ber\u00fchmten MISSONI Designer, verzaubert mit ausgepr\u00e4gtem Muster und prachtvollen Farben. Hinzu kommt eine stilvolle, matte Leinenoptik. Genau wie beim Kunstwerk eines Malers, wird erst bei l\u00e4ngerem Betrachten deutlich, welche Motive zu erkennen sind. Gesichter, abstrakte V\u00f6gel, kreative Farbspritzer aus T\u00fcrkis, Lila, Orange. Entdecken Sie selbst. Setzen Sie mit Dreamland Ihre Tr\u00e4ume gekonnt in Szene und gestalten Sie Ihr Zuhause so lebendig und lebensfroh wie Sie selbst es sind. Leuchtend Bunt. Au\u00dfergew\u00f6hnlich. Selbstbewusst. Energetisch. Zudem wird das zweiteilige Panel alleine schon durch die Ma\u00dfe von 2,00m x 3,30m garantiert zum absoluten Eyecatcher in Ihren R\u00e4umen.<\/p>\n","protected":false},"excerpt":{"rendered":"<p>Dreamland M1B20094 entf\u00fchrt Sie in ein beinahe psychedelisches, zauberhaftes Kunstwerk.<\/p>\n","protected":false},"featured_media":23486,"comment_status":"closed","ping_status":"closed","template":"","meta":{"_acf_changed":false},"product_brand":[],"product_cat":[7960],"product_tag":[],"class_list":{"0":"post-38357","1":"product","2":"type-product","3":"status-publish","4":"has-post-thumbnail","6":"product_cat-missoni","7":"product_shipping_class-paketversand","8":"pa_abmessung-200-x-330-cm","9":"pa_farbe-bunt-gruen","10":"pa_filterfarbe-bunt","11":"pa_hersteller-missoni","12":"pa_kollektion-missoni-home","13":"pa_marke-missoni","14":"pa_material-vinyl-auf-vlies","15":"pa_muster-design-dekor-panels","16":"tm-no-options","18":"first","19":"instock","20":"taxable","21":"shipping-taxable","22":"purchasable","23":"product-type-simple"},"acf":[],"yoast_head":"<!-- This site is optimized with the Yoast SEO plugin v27.2 - https:\/\/yoast.com\/product\/yoast-seo-wordpress\/ -->\n<title>Missoni Home Panel Dreamland M1B20094 (Bunt\/Gr\u00fcn) - Shop Hama Bodenbelagstudio<\/title>\n<meta name=\"robots\" content=\"index, follow, max-snippet:-1, max-image-preview:large, max-video-preview:-1\" \/>\n<link rel=\"canonical\" href=\"https:\/\/www.hama-bodenbelag.de\/shop\/shop\/wand\/tapeten\/missoni\/missoni-home-panel-dreamland-m1b20094-bunt-gruen\/\" \/>\n<meta property=\"og:locale\" content=\"de_DE\" \/>\n<meta property=\"og:type\" content=\"article\" \/>\n<meta property=\"og:title\" content=\"Missoni Home Panel Dreamland M1B20094 (Bunt\/Gr\u00fcn) - Shop Hama Bodenbelagstudio\" \/>\n<meta property=\"og:description\" content=\"Dreamland M1B20094 entf\u00fchrt Sie in ein beinahe psychedelisches, zauberhaftes Kunstwerk.\" \/>\n<meta property=\"og:url\" content=\"https:\/\/www.hama-bodenbelag.de\/shop\/shop\/wand\/tapeten\/missoni\/missoni-home-panel-dreamland-m1b20094-bunt-gruen\/\" \/>\n<meta property=\"og:site_name\" content=\"Shop Hama Bodenbelagstudio\" \/>\n<meta property=\"article:publisher\" content=\"https:\/\/www.facebook.com\/hamamutterstadt\/\" \/>\n<meta property=\"article:modified_time\" content=\"2023-03-16T23:07:39+00:00\" \/>\n<meta property=\"og:image\" content=\"https:\/\/www.hama-bodenbelag.de\/shop\/wp-content\/uploads\/2023\/03\/missoni-missoni-home-panel-dreamland-m1b20094-bunt-grun.jpg\" \/>\n\t<meta property=\"og:image:width\" content=\"283\" \/>\n\t<meta property=\"og:image:height\" content=\"935\" \/>\n\t<meta property=\"og:image:type\" content=\"image\/jpeg\" \/>\n<meta name=\"twitter:card\" content=\"summary_large_image\" \/>\n<meta name=\"twitter:label1\" content=\"Gesch\u00e4tzte Lesezeit\" \/>\n\t<meta name=\"twitter:data1\" content=\"1\u00a0Minute\" \/>\n<script type=\"application\/ld+json\" class=\"yoast-schema-graph\">{\"@context\":\"https:\/\/schema.org\",\"@graph\":[{\"@type\":\"WebPage\",\"@id\":\"https:\/\/www.hama-bodenbelag.de\/shop\/shop\/wand\/tapeten\/missoni\/missoni-home-panel-dreamland-m1b20094-bunt-gruen\/\",\"url\":\"https:\/\/www.hama-bodenbelag.de\/shop\/shop\/wand\/tapeten\/missoni\/missoni-home-panel-dreamland-m1b20094-bunt-gruen\/\",\"name\":\"Missoni Home Panel Dreamland M1B20094 (Bunt\/Gr\u00fcn) - Shop Hama Bodenbelagstudio\",\"isPartOf\":{\"@id\":\"https:\/\/www.hama-bodenbelag.de\/shop\/#website\"},\"primaryImageOfPage\":{\"@id\":\"https:\/\/www.hama-bodenbelag.de\/shop\/shop\/wand\/tapeten\/missoni\/missoni-home-panel-dreamland-m1b20094-bunt-gruen\/#primaryimage\"},\"image\":{\"@id\":\"https:\/\/www.hama-bodenbelag.de\/shop\/shop\/wand\/tapeten\/missoni\/missoni-home-panel-dreamland-m1b20094-bunt-gruen\/#primaryimage\"},\"thumbnailUrl\":\"https:\/\/www.hama-bodenbelag.de\/shop\/wp-content\/uploads\/2023\/03\/missoni-missoni-home-panel-dreamland-m1b20094-bunt-grun.jpg\",\"datePublished\":\"2023-03-08T20:01:50+00:00\",\"dateModified\":\"2023-03-16T23:07:39+00:00\",\"breadcrumb\":{\"@id\":\"https:\/\/www.hama-bodenbelag.de\/shop\/shop\/wand\/tapeten\/missoni\/missoni-home-panel-dreamland-m1b20094-bunt-gruen\/#breadcrumb\"},\"inLanguage\":\"de\",\"potentialAction\":[{\"@type\":\"ReadAction\",\"target\":[\"https:\/\/www.hama-bodenbelag.de\/shop\/shop\/wand\/tapeten\/missoni\/missoni-home-panel-dreamland-m1b20094-bunt-gruen\/\"]}]},{\"@type\":\"ImageObject\",\"inLanguage\":\"de\",\"@id\":\"https:\/\/www.hama-bodenbelag.de\/shop\/shop\/wand\/tapeten\/missoni\/missoni-home-panel-dreamland-m1b20094-bunt-gruen\/#primaryimage\",\"url\":\"https:\/\/www.hama-bodenbelag.de\/shop\/wp-content\/uploads\/2023\/03\/missoni-missoni-home-panel-dreamland-m1b20094-bunt-grun.jpg\",\"contentUrl\":\"https:\/\/www.hama-bodenbelag.de\/shop\/wp-content\/uploads\/2023\/03\/missoni-missoni-home-panel-dreamland-m1b20094-bunt-grun.jpg\",\"width\":283,\"height\":935},{\"@type\":\"BreadcrumbList\",\"@id\":\"https:\/\/www.hama-bodenbelag.de\/shop\/shop\/wand\/tapeten\/missoni\/missoni-home-panel-dreamland-m1b20094-bunt-gruen\/#breadcrumb\",\"itemListElement\":[{\"@type\":\"ListItem\",\"position\":1,\"name\":\"Startseite\",\"item\":\"https:\/\/www.hama-bodenbelag.de\/shop\/\"},{\"@type\":\"ListItem\",\"position\":2,\"name\":\"Shop\",\"item\":\"https:\/\/www.hama-bodenbelag.de\/shop\/shop\/\"},{\"@type\":\"ListItem\",\"position\":3,\"name\":\"Missoni Home Panel Dreamland M1B20094 (Bunt\/Gr\u00fcn)\"}]},{\"@type\":\"WebSite\",\"@id\":\"https:\/\/www.hama-bodenbelag.de\/shop\/#website\",\"url\":\"https:\/\/www.hama-bodenbelag.de\/shop\/\",\"name\":\"Shop Hama Bodenbelagstudio\",\"description\":\"Shop Hama Bodenbelagstudio Muttstadt\",\"publisher\":{\"@id\":\"https:\/\/www.hama-bodenbelag.de\/shop\/#organization\"},\"potentialAction\":[{\"@type\":\"SearchAction\",\"target\":{\"@type\":\"EntryPoint\",\"urlTemplate\":\"https:\/\/www.hama-bodenbelag.de\/shop\/?s={search_term_string}\"},\"query-input\":{\"@type\":\"PropertyValueSpecification\",\"valueRequired\":true,\"valueName\":\"search_term_string\"}}],\"inLanguage\":\"de\"},{\"@type\":\"Organization\",\"@id\":\"https:\/\/www.hama-bodenbelag.de\/shop\/#organization\",\"name\":\"Hama Bodenbelagstudio\",\"url\":\"https:\/\/www.hama-bodenbelag.de\/shop\/\",\"logo\":{\"@type\":\"ImageObject\",\"inLanguage\":\"de\",\"@id\":\"https:\/\/www.hama-bodenbelag.de\/shop\/#\/schema\/logo\/image\/\",\"url\":\"https:\/\/www.hama-bodenbelag.de\/wp-content\/uploads\/2018\/03\/Hama-Logo-mit-Mini_webjpg.jpg\",\"contentUrl\":\"https:\/\/www.hama-bodenbelag.de\/wp-content\/uploads\/2018\/03\/Hama-Logo-mit-Mini_webjpg.jpg\",\"width\":1945,\"height\":609,\"caption\":\"Hama Bodenbelagstudio\"},\"image\":{\"@id\":\"https:\/\/www.hama-bodenbelag.de\/shop\/#\/schema\/logo\/image\/\"},\"sameAs\":[\"https:\/\/www.facebook.com\/hamamutterstadt\/\"]}]}<\/script>\n<!-- \/ Yoast SEO plugin. -->","yoast_head_json":{"title":"Missoni Home Panel Dreamland M1B20094 (Bunt\/Gr\u00fcn) - Shop Hama Bodenbelagstudio","robots":{"index":"index","follow":"follow","max-snippet":"max-snippet:-1","max-image-preview":"max-image-preview:large","max-video-preview":"max-video-preview:-1"},"canonical":"https:\/\/www.hama-bodenbelag.de\/shop\/shop\/wand\/tapeten\/missoni\/missoni-home-panel-dreamland-m1b20094-bunt-gruen\/","og_locale":"de_DE","og_type":"article","og_title":"Missoni Home Panel Dreamland M1B20094 (Bunt\/Gr\u00fcn) - Shop Hama Bodenbelagstudio","og_description":"Dreamland M1B20094 entf\u00fchrt Sie in ein beinahe psychedelisches, zauberhaftes Kunstwerk.","og_url":"https:\/\/www.hama-bodenbelag.de\/shop\/shop\/wand\/tapeten\/missoni\/missoni-home-panel-dreamland-m1b20094-bunt-gruen\/","og_site_name":"Shop Hama Bodenbelagstudio","article_publisher":"https:\/\/www.facebook.com\/hamamutterstadt\/","article_modified_time":"2023-03-16T23:07:39+00:00","og_image":[{"width":283,"height":935,"url":"https:\/\/www.hama-bodenbelag.de\/shop\/wp-content\/uploads\/2023\/03\/missoni-missoni-home-panel-dreamland-m1b20094-bunt-grun.jpg","type":"image\/jpeg"}],"twitter_card":"summary_large_image","twitter_misc":{"Gesch\u00e4tzte Lesezeit":"1\u00a0Minute"},"schema":{"@context":"https:\/\/schema.org","@graph":[{"@type":"WebPage","@id":"https:\/\/www.hama-bodenbelag.de\/shop\/shop\/wand\/tapeten\/missoni\/missoni-home-panel-dreamland-m1b20094-bunt-gruen\/","url":"https:\/\/www.hama-bodenbelag.de\/shop\/shop\/wand\/tapeten\/missoni\/missoni-home-panel-dreamland-m1b20094-bunt-gruen\/","name":"Missoni Home Panel Dreamland M1B20094 (Bunt\/Gr\u00fcn) - Shop Hama Bodenbelagstudio","isPartOf":{"@id":"https:\/\/www.hama-bodenbelag.de\/shop\/#website"},"primaryImageOfPage":{"@id":"https:\/\/www.hama-bodenbelag.de\/shop\/shop\/wand\/tapeten\/missoni\/missoni-home-panel-dreamland-m1b20094-bunt-gruen\/#primaryimage"},"image":{"@id":"https:\/\/www.hama-bodenbelag.de\/shop\/shop\/wand\/tapeten\/missoni\/missoni-home-panel-dreamland-m1b20094-bunt-gruen\/#primaryimage"},"thumbnailUrl":"https:\/\/www.hama-bodenbelag.de\/shop\/wp-content\/uploads\/2023\/03\/missoni-missoni-home-panel-dreamland-m1b20094-bunt-grun.jpg","datePublished":"2023-03-08T20:01:50+00:00","dateModified":"2023-03-16T23:07:39+00:00","breadcrumb":{"@id":"https:\/\/www.hama-bodenbelag.de\/shop\/shop\/wand\/tapeten\/missoni\/missoni-home-panel-dreamland-m1b20094-bunt-gruen\/#breadcrumb"},"inLanguage":"de","potentialAction":[{"@type":"ReadAction","target":["https:\/\/www.hama-bodenbelag.de\/shop\/shop\/wand\/tapeten\/missoni\/missoni-home-panel-dreamland-m1b20094-bunt-gruen\/"]}]},{"@type":"ImageObject","inLanguage":"de","@id":"https:\/\/www.hama-bodenbelag.de\/shop\/shop\/wand\/tapeten\/missoni\/missoni-home-panel-dreamland-m1b20094-bunt-gruen\/#primaryimage","url":"https:\/\/www.hama-bodenbelag.de\/shop\/wp-content\/uploads\/2023\/03\/missoni-missoni-home-panel-dreamland-m1b20094-bunt-grun.jpg","contentUrl":"https:\/\/www.hama-bodenbelag.de\/shop\/wp-content\/uploads\/2023\/03\/missoni-missoni-home-panel-dreamland-m1b20094-bunt-grun.jpg","width":283,"height":935},{"@type":"BreadcrumbList","@id":"https:\/\/www.hama-bodenbelag.de\/shop\/shop\/wand\/tapeten\/missoni\/missoni-home-panel-dreamland-m1b20094-bunt-gruen\/#breadcrumb","itemListElement":[{"@type":"ListItem","position":1,"name":"Startseite","item":"https:\/\/www.hama-bodenbelag.de\/shop\/"},{"@type":"ListItem","position":2,"name":"Shop","item":"https:\/\/www.hama-bodenbelag.de\/shop\/shop\/"},{"@type":"ListItem","position":3,"name":"Missoni Home Panel Dreamland M1B20094 (Bunt\/Gr\u00fcn)"}]},{"@type":"WebSite","@id":"https:\/\/www.hama-bodenbelag.de\/shop\/#website","url":"https:\/\/www.hama-bodenbelag.de\/shop\/","name":"Shop Hama Bodenbelagstudio","description":"Shop Hama Bodenbelagstudio Muttstadt","publisher":{"@id":"https:\/\/www.hama-bodenbelag.de\/shop\/#organization"},"potentialAction":[{"@type":"SearchAction","target":{"@type":"EntryPoint","urlTemplate":"https:\/\/www.hama-bodenbelag.de\/shop\/?s={search_term_string}"},"query-input":{"@type":"PropertyValueSpecification","valueRequired":true,"valueName":"search_term_string"}}],"inLanguage":"de"},{"@type":"Organization","@id":"https:\/\/www.hama-bodenbelag.de\/shop\/#organization","name":"Hama Bodenbelagstudio","url":"https:\/\/www.hama-bodenbelag.de\/shop\/","logo":{"@type":"ImageObject","inLanguage":"de","@id":"https:\/\/www.hama-bodenbelag.de\/shop\/#\/schema\/logo\/image\/","url":"https:\/\/www.hama-bodenbelag.de\/wp-content\/uploads\/2018\/03\/Hama-Logo-mit-Mini_webjpg.jpg","contentUrl":"https:\/\/www.hama-bodenbelag.de\/wp-content\/uploads\/2018\/03\/Hama-Logo-mit-Mini_webjpg.jpg","width":1945,"height":609,"caption":"Hama Bodenbelagstudio"},"image":{"@id":"https:\/\/www.hama-bodenbelag.de\/shop\/#\/schema\/logo\/image\/"},"sameAs":["https:\/\/www.facebook.com\/hamamutterstadt\/"]}]}},"jetpack_sharing_enabled":true,"_links":{"self":[{"href":"https:\/\/www.hama-bodenbelag.de\/shop\/wp-json\/wp\/v2\/product\/38357","targetHints":{"allow":["GET"]}}],"collection":[{"href":"https:\/\/www.hama-bodenbelag.de\/shop\/wp-json\/wp\/v2\/product"}],"about":[{"href":"https:\/\/www.hama-bodenbelag.de\/shop\/wp-json\/wp\/v2\/types\/product"}],"replies":[{"embeddable":true,"href":"https:\/\/www.hama-bodenbelag.de\/shop\/wp-json\/wp\/v2\/comments?post=38357"}],"wp:featuredmedia":[{"embeddable":true,"href":"https:\/\/www.hama-bodenbelag.de\/shop\/wp-json\/wp\/v2\/media\/23486"}],"wp:attachment":[{"href":"https:\/\/www.hama-bodenbelag.de\/shop\/wp-json\/wp\/v2\/media?parent=38357"}],"wp:term":[{"taxonomy":"product_brand","embeddable":true,"href":"https:\/\/www.hama-bodenbelag.de\/shop\/wp-json\/wp\/v2\/product_brand?post=38357"},{"taxonomy":"product_cat","embeddable":true,"href":"https:\/\/www.hama-bodenbelag.de\/shop\/wp-json\/wp\/v2\/product_cat?post=38357"},{"taxonomy":"product_tag","embeddable":true,"href":"https:\/\/www.hama-bodenbelag.de\/shop\/wp-json\/wp\/v2\/product_tag?post=38357"}],"curies":[{"name":"wp","href":"https:\/\/api.w.org\/{rel}","templated":true}]}}