{"id":38424,"date":"2023-03-08T21:03:52","date_gmt":"2023-03-08T20:03:52","guid":{"rendered":"https:\/\/www.hama-bodenbelag.de\/shop\/https:\/www.hama-bodenbelag.de\/shop-hama\/produkt\/accent-ace56491345-tapete-wellenstruktur-beige\/"},"modified":"2023-03-17T00:06:44","modified_gmt":"2023-03-16T23:06:44","slug":"accent-ace56491345-tapete-wellenstruktur-beige","status":"publish","type":"product","link":"https:\/\/www.hama-bodenbelag.de\/shop\/shop\/wand\/tapeten\/caselio\/accent-ace56491345-tapete-wellenstruktur-beige\/","title":{"rendered":"Accent &#8211; ACE56491345 Tapete: Wellenstruktur (Beige)"},"content":{"rendered":"<p>Die passenden Uni-Tapete zu den Wandbildern aus der ACCENT Kollektion von Caselio. Farbe wurde speziell f\u00fcr harmonisierenden Kombinantionm\u00f6glichkeiten mit den Panels der ACCENT Kollektion entwickelt. Mit Hilfe dieser Kombinationsm\u00f6glichkeiten wird eine einzelne Tapetenbahn zum Dekorationsobjekt.<\/p>\n","protected":false},"excerpt":{"rendered":"<p>Die Tapeten der Kollektion ACCENT lassen sich perfekt mit den Panels der gleichnamigen Kollektion kombinieren. Die hochwertigen Duplex Tapeten verfehlen aber auch alleine nicht an Wirkung. Ob Glitzer-Uni, Metallic Optik oder raffinierte Strukturen &#8211; Sie werden staunen, was Unitapten zu bieten haben.<\/p>\n","protected":false},"featured_media":6669,"comment_status":"closed","ping_status":"closed","template":"","meta":{"_acf_changed":false},"product_brand":[],"product_cat":[7961],"product_tag":[],"class_list":{"0":"post-38424","1":"product","2":"type-product","3":"status-publish","4":"has-post-thumbnail","6":"product_cat-caselio","7":"product_shipping_class-paketversand","8":"pa_abmessung-10-05-x-0-53-m","9":"pa_farbe-beige","10":"pa_filterfarbe-beige","11":"pa_hersteller-caselio","12":"pa_kollektion-accent","13":"pa_marke-caselio","14":"pa_material-vlies","15":"pa_muster-design-dekor-unis","16":"tm-no-options","18":"first","19":"instock","20":"taxable","21":"shipping-taxable","22":"purchasable","23":"product-type-simple"},"acf":[],"yoast_head":"<!-- This site is optimized with the Yoast SEO plugin v27.2 - https:\/\/yoast.com\/product\/yoast-seo-wordpress\/ -->\n<title>Accent - ACE56491345 Tapete: Wellenstruktur (Beige) - Shop Hama Bodenbelagstudio<\/title>\n<meta name=\"robots\" content=\"index, follow, max-snippet:-1, max-image-preview:large, max-video-preview:-1\" \/>\n<link rel=\"canonical\" href=\"https:\/\/www.hama-bodenbelag.de\/shop\/shop\/wand\/tapeten\/caselio\/accent-ace56491345-tapete-wellenstruktur-beige\/\" \/>\n<meta property=\"og:locale\" content=\"de_DE\" \/>\n<meta property=\"og:type\" content=\"article\" \/>\n<meta property=\"og:title\" content=\"Accent - ACE56491345 Tapete: Wellenstruktur (Beige) - Shop Hama Bodenbelagstudio\" \/>\n<meta property=\"og:description\" content=\"Die Tapeten der Kollektion ACCENT lassen sich perfekt mit den Panels der gleichnamigen Kollektion kombinieren. Die hochwertigen Duplex Tapeten verfehlen aber auch alleine nicht an Wirkung. Ob Glitzer-Uni, Metallic Optik oder raffinierte Strukturen - Sie werden staunen, was Unitapten zu bieten haben.\" \/>\n<meta property=\"og:url\" content=\"https:\/\/www.hama-bodenbelag.de\/shop\/shop\/wand\/tapeten\/caselio\/accent-ace56491345-tapete-wellenstruktur-beige\/\" \/>\n<meta property=\"og:site_name\" content=\"Shop Hama Bodenbelagstudio\" \/>\n<meta property=\"article:publisher\" content=\"https:\/\/www.facebook.com\/hamamutterstadt\/\" \/>\n<meta property=\"article:modified_time\" content=\"2023-03-16T23:06:44+00:00\" \/>\n<meta property=\"og:image\" content=\"https:\/\/www.hama-bodenbelag.de\/shop\/wp-content\/uploads\/2020\/10\/caselio-accent-ace56491345-tapete-wellenstruktur-beige.jpg\" \/>\n\t<meta property=\"og:image:width\" content=\"1920\" \/>\n\t<meta property=\"og:image:height\" content=\"1582\" \/>\n\t<meta property=\"og:image:type\" content=\"image\/jpeg\" \/>\n<meta name=\"twitter:card\" content=\"summary_large_image\" \/>\n<script type=\"application\/ld+json\" class=\"yoast-schema-graph\">{\"@context\":\"https:\/\/schema.org\",\"@graph\":[{\"@type\":\"WebPage\",\"@id\":\"https:\/\/www.hama-bodenbelag.de\/shop\/shop\/wand\/tapeten\/caselio\/accent-ace56491345-tapete-wellenstruktur-beige\/\",\"url\":\"https:\/\/www.hama-bodenbelag.de\/shop\/shop\/wand\/tapeten\/caselio\/accent-ace56491345-tapete-wellenstruktur-beige\/\",\"name\":\"Accent - ACE56491345 Tapete: Wellenstruktur (Beige) - Shop Hama Bodenbelagstudio\",\"isPartOf\":{\"@id\":\"https:\/\/www.hama-bodenbelag.de\/shop\/#website\"},\"primaryImageOfPage\":{\"@id\":\"https:\/\/www.hama-bodenbelag.de\/shop\/shop\/wand\/tapeten\/caselio\/accent-ace56491345-tapete-wellenstruktur-beige\/#primaryimage\"},\"image\":{\"@id\":\"https:\/\/www.hama-bodenbelag.de\/shop\/shop\/wand\/tapeten\/caselio\/accent-ace56491345-tapete-wellenstruktur-beige\/#primaryimage\"},\"thumbnailUrl\":\"https:\/\/www.hama-bodenbelag.de\/shop\/wp-content\/uploads\/2020\/10\/caselio-accent-ace56491345-tapete-wellenstruktur-beige.jpg\",\"datePublished\":\"2023-03-08T20:03:52+00:00\",\"dateModified\":\"2023-03-16T23:06:44+00:00\",\"breadcrumb\":{\"@id\":\"https:\/\/www.hama-bodenbelag.de\/shop\/shop\/wand\/tapeten\/caselio\/accent-ace56491345-tapete-wellenstruktur-beige\/#breadcrumb\"},\"inLanguage\":\"de\",\"potentialAction\":[{\"@type\":\"ReadAction\",\"target\":[\"https:\/\/www.hama-bodenbelag.de\/shop\/shop\/wand\/tapeten\/caselio\/accent-ace56491345-tapete-wellenstruktur-beige\/\"]}]},{\"@type\":\"ImageObject\",\"inLanguage\":\"de\",\"@id\":\"https:\/\/www.hama-bodenbelag.de\/shop\/shop\/wand\/tapeten\/caselio\/accent-ace56491345-tapete-wellenstruktur-beige\/#primaryimage\",\"url\":\"https:\/\/www.hama-bodenbelag.de\/shop\/wp-content\/uploads\/2020\/10\/caselio-accent-ace56491345-tapete-wellenstruktur-beige.jpg\",\"contentUrl\":\"https:\/\/www.hama-bodenbelag.de\/shop\/wp-content\/uploads\/2020\/10\/caselio-accent-ace56491345-tapete-wellenstruktur-beige.jpg\",\"width\":1920,\"height\":1582},{\"@type\":\"BreadcrumbList\",\"@id\":\"https:\/\/www.hama-bodenbelag.de\/shop\/shop\/wand\/tapeten\/caselio\/accent-ace56491345-tapete-wellenstruktur-beige\/#breadcrumb\",\"itemListElement\":[{\"@type\":\"ListItem\",\"position\":1,\"name\":\"Startseite\",\"item\":\"https:\/\/www.hama-bodenbelag.de\/shop\/\"},{\"@type\":\"ListItem\",\"position\":2,\"name\":\"Shop\",\"item\":\"https:\/\/www.hama-bodenbelag.de\/shop\/shop\/\"},{\"@type\":\"ListItem\",\"position\":3,\"name\":\"Accent &#8211; ACE56491345 Tapete: Wellenstruktur (Beige)\"}]},{\"@type\":\"WebSite\",\"@id\":\"https:\/\/www.hama-bodenbelag.de\/shop\/#website\",\"url\":\"https:\/\/www.hama-bodenbelag.de\/shop\/\",\"name\":\"Shop Hama Bodenbelagstudio\",\"description\":\"Shop Hama Bodenbelagstudio Muttstadt\",\"publisher\":{\"@id\":\"https:\/\/www.hama-bodenbelag.de\/shop\/#organization\"},\"potentialAction\":[{\"@type\":\"SearchAction\",\"target\":{\"@type\":\"EntryPoint\",\"urlTemplate\":\"https:\/\/www.hama-bodenbelag.de\/shop\/?s={search_term_string}\"},\"query-input\":{\"@type\":\"PropertyValueSpecification\",\"valueRequired\":true,\"valueName\":\"search_term_string\"}}],\"inLanguage\":\"de\"},{\"@type\":\"Organization\",\"@id\":\"https:\/\/www.hama-bodenbelag.de\/shop\/#organization\",\"name\":\"Hama Bodenbelagstudio\",\"url\":\"https:\/\/www.hama-bodenbelag.de\/shop\/\",\"logo\":{\"@type\":\"ImageObject\",\"inLanguage\":\"de\",\"@id\":\"https:\/\/www.hama-bodenbelag.de\/shop\/#\/schema\/logo\/image\/\",\"url\":\"https:\/\/www.hama-bodenbelag.de\/wp-content\/uploads\/2018\/03\/Hama-Logo-mit-Mini_webjpg.jpg\",\"contentUrl\":\"https:\/\/www.hama-bodenbelag.de\/wp-content\/uploads\/2018\/03\/Hama-Logo-mit-Mini_webjpg.jpg\",\"width\":1945,\"height\":609,\"caption\":\"Hama Bodenbelagstudio\"},\"image\":{\"@id\":\"https:\/\/www.hama-bodenbelag.de\/shop\/#\/schema\/logo\/image\/\"},\"sameAs\":[\"https:\/\/www.facebook.com\/hamamutterstadt\/\"]}]}<\/script>\n<!-- \/ Yoast SEO plugin. -->","yoast_head_json":{"title":"Accent - ACE56491345 Tapete: Wellenstruktur (Beige) - Shop Hama Bodenbelagstudio","robots":{"index":"index","follow":"follow","max-snippet":"max-snippet:-1","max-image-preview":"max-image-preview:large","max-video-preview":"max-video-preview:-1"},"canonical":"https:\/\/www.hama-bodenbelag.de\/shop\/shop\/wand\/tapeten\/caselio\/accent-ace56491345-tapete-wellenstruktur-beige\/","og_locale":"de_DE","og_type":"article","og_title":"Accent - ACE56491345 Tapete: Wellenstruktur (Beige) - Shop Hama Bodenbelagstudio","og_description":"Die Tapeten der Kollektion ACCENT lassen sich perfekt mit den Panels der gleichnamigen Kollektion kombinieren. Die hochwertigen Duplex Tapeten verfehlen aber auch alleine nicht an Wirkung. Ob Glitzer-Uni, Metallic Optik oder raffinierte Strukturen - Sie werden staunen, was Unitapten zu bieten haben.","og_url":"https:\/\/www.hama-bodenbelag.de\/shop\/shop\/wand\/tapeten\/caselio\/accent-ace56491345-tapete-wellenstruktur-beige\/","og_site_name":"Shop Hama Bodenbelagstudio","article_publisher":"https:\/\/www.facebook.com\/hamamutterstadt\/","article_modified_time":"2023-03-16T23:06:44+00:00","og_image":[{"width":1920,"height":1582,"url":"https:\/\/www.hama-bodenbelag.de\/shop\/wp-content\/uploads\/2020\/10\/caselio-accent-ace56491345-tapete-wellenstruktur-beige.jpg","type":"image\/jpeg"}],"twitter_card":"summary_large_image","schema":{"@context":"https:\/\/schema.org","@graph":[{"@type":"WebPage","@id":"https:\/\/www.hama-bodenbelag.de\/shop\/shop\/wand\/tapeten\/caselio\/accent-ace56491345-tapete-wellenstruktur-beige\/","url":"https:\/\/www.hama-bodenbelag.de\/shop\/shop\/wand\/tapeten\/caselio\/accent-ace56491345-tapete-wellenstruktur-beige\/","name":"Accent - ACE56491345 Tapete: Wellenstruktur (Beige) - Shop Hama Bodenbelagstudio","isPartOf":{"@id":"https:\/\/www.hama-bodenbelag.de\/shop\/#website"},"primaryImageOfPage":{"@id":"https:\/\/www.hama-bodenbelag.de\/shop\/shop\/wand\/tapeten\/caselio\/accent-ace56491345-tapete-wellenstruktur-beige\/#primaryimage"},"image":{"@id":"https:\/\/www.hama-bodenbelag.de\/shop\/shop\/wand\/tapeten\/caselio\/accent-ace56491345-tapete-wellenstruktur-beige\/#primaryimage"},"thumbnailUrl":"https:\/\/www.hama-bodenbelag.de\/shop\/wp-content\/uploads\/2020\/10\/caselio-accent-ace56491345-tapete-wellenstruktur-beige.jpg","datePublished":"2023-03-08T20:03:52+00:00","dateModified":"2023-03-16T23:06:44+00:00","breadcrumb":{"@id":"https:\/\/www.hama-bodenbelag.de\/shop\/shop\/wand\/tapeten\/caselio\/accent-ace56491345-tapete-wellenstruktur-beige\/#breadcrumb"},"inLanguage":"de","potentialAction":[{"@type":"ReadAction","target":["https:\/\/www.hama-bodenbelag.de\/shop\/shop\/wand\/tapeten\/caselio\/accent-ace56491345-tapete-wellenstruktur-beige\/"]}]},{"@type":"ImageObject","inLanguage":"de","@id":"https:\/\/www.hama-bodenbelag.de\/shop\/shop\/wand\/tapeten\/caselio\/accent-ace56491345-tapete-wellenstruktur-beige\/#primaryimage","url":"https:\/\/www.hama-bodenbelag.de\/shop\/wp-content\/uploads\/2020\/10\/caselio-accent-ace56491345-tapete-wellenstruktur-beige.jpg","contentUrl":"https:\/\/www.hama-bodenbelag.de\/shop\/wp-content\/uploads\/2020\/10\/caselio-accent-ace56491345-tapete-wellenstruktur-beige.jpg","width":1920,"height":1582},{"@type":"BreadcrumbList","@id":"https:\/\/www.hama-bodenbelag.de\/shop\/shop\/wand\/tapeten\/caselio\/accent-ace56491345-tapete-wellenstruktur-beige\/#breadcrumb","itemListElement":[{"@type":"ListItem","position":1,"name":"Startseite","item":"https:\/\/www.hama-bodenbelag.de\/shop\/"},{"@type":"ListItem","position":2,"name":"Shop","item":"https:\/\/www.hama-bodenbelag.de\/shop\/shop\/"},{"@type":"ListItem","position":3,"name":"Accent &#8211; ACE56491345 Tapete: Wellenstruktur (Beige)"}]},{"@type":"WebSite","@id":"https:\/\/www.hama-bodenbelag.de\/shop\/#website","url":"https:\/\/www.hama-bodenbelag.de\/shop\/","name":"Shop Hama Bodenbelagstudio","description":"Shop Hama Bodenbelagstudio Muttstadt","publisher":{"@id":"https:\/\/www.hama-bodenbelag.de\/shop\/#organization"},"potentialAction":[{"@type":"SearchAction","target":{"@type":"EntryPoint","urlTemplate":"https:\/\/www.hama-bodenbelag.de\/shop\/?s={search_term_string}"},"query-input":{"@type":"PropertyValueSpecification","valueRequired":true,"valueName":"search_term_string"}}],"inLanguage":"de"},{"@type":"Organization","@id":"https:\/\/www.hama-bodenbelag.de\/shop\/#organization","name":"Hama Bodenbelagstudio","url":"https:\/\/www.hama-bodenbelag.de\/shop\/","logo":{"@type":"ImageObject","inLanguage":"de","@id":"https:\/\/www.hama-bodenbelag.de\/shop\/#\/schema\/logo\/image\/","url":"https:\/\/www.hama-bodenbelag.de\/wp-content\/uploads\/2018\/03\/Hama-Logo-mit-Mini_webjpg.jpg","contentUrl":"https:\/\/www.hama-bodenbelag.de\/wp-content\/uploads\/2018\/03\/Hama-Logo-mit-Mini_webjpg.jpg","width":1945,"height":609,"caption":"Hama Bodenbelagstudio"},"image":{"@id":"https:\/\/www.hama-bodenbelag.de\/shop\/#\/schema\/logo\/image\/"},"sameAs":["https:\/\/www.facebook.com\/hamamutterstadt\/"]}]}},"jetpack_sharing_enabled":true,"_links":{"self":[{"href":"https:\/\/www.hama-bodenbelag.de\/shop\/wp-json\/wp\/v2\/product\/38424","targetHints":{"allow":["GET"]}}],"collection":[{"href":"https:\/\/www.hama-bodenbelag.de\/shop\/wp-json\/wp\/v2\/product"}],"about":[{"href":"https:\/\/www.hama-bodenbelag.de\/shop\/wp-json\/wp\/v2\/types\/product"}],"replies":[{"embeddable":true,"href":"https:\/\/www.hama-bodenbelag.de\/shop\/wp-json\/wp\/v2\/comments?post=38424"}],"wp:featuredmedia":[{"embeddable":true,"href":"https:\/\/www.hama-bodenbelag.de\/shop\/wp-json\/wp\/v2\/media\/6669"}],"wp:attachment":[{"href":"https:\/\/www.hama-bodenbelag.de\/shop\/wp-json\/wp\/v2\/media?parent=38424"}],"wp:term":[{"taxonomy":"product_brand","embeddable":true,"href":"https:\/\/www.hama-bodenbelag.de\/shop\/wp-json\/wp\/v2\/product_brand?post=38424"},{"taxonomy":"product_cat","embeddable":true,"href":"https:\/\/www.hama-bodenbelag.de\/shop\/wp-json\/wp\/v2\/product_cat?post=38424"},{"taxonomy":"product_tag","embeddable":true,"href":"https:\/\/www.hama-bodenbelag.de\/shop\/wp-json\/wp\/v2\/product_tag?post=38424"}],"curies":[{"name":"wp","href":"https:\/\/api.w.org\/{rel}","templated":true}]}}