{"id":39082,"date":"2023-03-08T22:13:03","date_gmt":"2023-03-08T21:13:03","guid":{"rendered":"https:\/\/www.hama-bodenbelag.de\/shop\/https:\/www.hama-bodenbelag.de\/shop-hama\/produkt\/astra-hochflor-teppich-savona-gitter-creme-190-x-133-cm\/"},"modified":"2023-03-16T10:57:56","modified_gmt":"2023-03-16T09:57:56","slug":"astra-hochflor-teppich-savona-gitter-creme-190-x-133-cm","status":"publish","type":"product","link":"https:\/\/www.hama-bodenbelag.de\/shop\/shop\/boden\/teppiche\/astra\/astra-hochflor-teppich-savona-gitter-creme-190-x-133-cm\/","title":{"rendered":"Astra Hochflor Teppich Savona &#8211; Gitter (Creme; 190 x 133 cm)"},"content":{"rendered":"<p>Der Savona 193 kommt in f\u00fcnf verschiedenen Farben, verziert mit einem wundersch\u00f6nen und dezenten Gitterdesign daher. Aufgrund der gro\u00dfen Farb- und Gr\u00f6\u00dfenauswahl, finden Sie f\u00fcr jeden Raum immer den passenden Teppich.  Der edle Flor des Savona 193 kommt mit einer beeindruckenden H\u00f6he von 19mm daher und besteht zu 100% aus Polyproypen Soft Fris\u00e9e. Polypropylen ist eine der beliebtesten Teppichfasern, da sie besonders weich ist und sich vergleichsweise wenig elektrostatisch aufl\u00e4dt. Zudem ist sie besonders Luftdurchl\u00e4ssig, so dass sich der Teppich Savona 193 auch bestens f\u00fcr Fu\u00dfbodenheizung eignet. Ausgezeichnet mit dem beliebten \u00d6kotex Siegel, beweist der Savona seine gesundheitliche Unbedenklichkeit. Auf diesem Teppich werden Sie sich sofort zuhause f\u00fchlen!<\/p>\n","protected":false},"excerpt":{"rendered":"<p>Savona 193 \u2013 Ein edler Teppich mit besonders weichem Flor und Gittermuster, welcher Ihre Wohnung in eine harmonische Atmosph\u00e4re tauchen wird!<\/p>\n","protected":false},"featured_media":3065,"comment_status":"closed","ping_status":"closed","template":"","meta":{"_acf_changed":false},"product_brand":[],"product_cat":[7297],"product_tag":[],"class_list":{"0":"post-39082","1":"product","2":"type-product","3":"status-publish","4":"has-post-thumbnail","6":"product_cat-astra","7":"product_shipping_class-paketversand","8":"pa_abmessung-190-x-133-cm","9":"pa_farbe-creme","10":"pa_filterfarbe-beige","11":"pa_florhoehe-7331","12":"pa_form-rechteckig","13":"pa_hersteller-astra","14":"pa_herstellungsart-maschinell-gewebt","15":"pa_kollektion-individual","16":"pa_marke-astra","17":"pa_material-100-polypropylen","18":"pa_muster-design-dekor-meliert","19":"tm-no-options","21":"first","22":"instock","23":"taxable","24":"shipping-taxable","25":"purchasable","26":"product-type-simple"},"acf":[],"yoast_head":"<!-- This site is optimized with the Yoast SEO plugin v27.2 - https:\/\/yoast.com\/product\/yoast-seo-wordpress\/ -->\n<title>Astra Hochflor Teppich Savona - Gitter (Creme; 190 x 133 cm) - Shop Hama Bodenbelagstudio<\/title>\n<meta name=\"robots\" content=\"index, follow, max-snippet:-1, max-image-preview:large, max-video-preview:-1\" \/>\n<link rel=\"canonical\" href=\"https:\/\/www.hama-bodenbelag.de\/shop\/shop\/boden\/teppiche\/astra\/astra-hochflor-teppich-savona-gitter-creme-190-x-133-cm\/\" \/>\n<meta property=\"og:locale\" content=\"de_DE\" \/>\n<meta property=\"og:type\" content=\"article\" \/>\n<meta property=\"og:title\" content=\"Astra Hochflor Teppich Savona - Gitter (Creme; 190 x 133 cm) - Shop Hama Bodenbelagstudio\" \/>\n<meta property=\"og:description\" content=\"Savona 193 \u2013 Ein edler Teppich mit besonders weichem Flor und Gittermuster, welcher Ihre Wohnung in eine harmonische Atmosph\u00e4re tauchen wird!\" \/>\n<meta property=\"og:url\" content=\"https:\/\/www.hama-bodenbelag.de\/shop\/shop\/boden\/teppiche\/astra\/astra-hochflor-teppich-savona-gitter-creme-190-x-133-cm\/\" \/>\n<meta property=\"og:site_name\" content=\"Shop Hama Bodenbelagstudio\" \/>\n<meta property=\"article:publisher\" content=\"https:\/\/www.facebook.com\/hamamutterstadt\/\" \/>\n<meta property=\"article:modified_time\" content=\"2023-03-16T09:57:56+00:00\" \/>\n<meta property=\"og:image\" content=\"https:\/\/www.hama-bodenbelag.de\/shop\/wp-content\/uploads\/2020\/10\/astra-astra-hochflor-teppich-savona-gitter-creme.jpg\" \/>\n\t<meta property=\"og:image:width\" content=\"1440\" \/>\n\t<meta property=\"og:image:height\" content=\"1920\" \/>\n\t<meta property=\"og:image:type\" content=\"image\/jpeg\" \/>\n<meta name=\"twitter:card\" content=\"summary_large_image\" \/>\n<meta name=\"twitter:label1\" content=\"Gesch\u00e4tzte Lesezeit\" \/>\n\t<meta name=\"twitter:data1\" content=\"1\u00a0Minute\" \/>\n<script type=\"application\/ld+json\" class=\"yoast-schema-graph\">{\"@context\":\"https:\/\/schema.org\",\"@graph\":[{\"@type\":\"WebPage\",\"@id\":\"https:\/\/www.hama-bodenbelag.de\/shop\/shop\/boden\/teppiche\/astra\/astra-hochflor-teppich-savona-gitter-creme-190-x-133-cm\/\",\"url\":\"https:\/\/www.hama-bodenbelag.de\/shop\/shop\/boden\/teppiche\/astra\/astra-hochflor-teppich-savona-gitter-creme-190-x-133-cm\/\",\"name\":\"Astra Hochflor Teppich Savona - Gitter (Creme; 190 x 133 cm) - Shop Hama Bodenbelagstudio\",\"isPartOf\":{\"@id\":\"https:\/\/www.hama-bodenbelag.de\/shop\/#website\"},\"primaryImageOfPage\":{\"@id\":\"https:\/\/www.hama-bodenbelag.de\/shop\/shop\/boden\/teppiche\/astra\/astra-hochflor-teppich-savona-gitter-creme-190-x-133-cm\/#primaryimage\"},\"image\":{\"@id\":\"https:\/\/www.hama-bodenbelag.de\/shop\/shop\/boden\/teppiche\/astra\/astra-hochflor-teppich-savona-gitter-creme-190-x-133-cm\/#primaryimage\"},\"thumbnailUrl\":\"https:\/\/www.hama-bodenbelag.de\/shop\/wp-content\/uploads\/2020\/10\/astra-astra-hochflor-teppich-savona-gitter-creme.jpg\",\"datePublished\":\"2023-03-08T21:13:03+00:00\",\"dateModified\":\"2023-03-16T09:57:56+00:00\",\"breadcrumb\":{\"@id\":\"https:\/\/www.hama-bodenbelag.de\/shop\/shop\/boden\/teppiche\/astra\/astra-hochflor-teppich-savona-gitter-creme-190-x-133-cm\/#breadcrumb\"},\"inLanguage\":\"de\",\"potentialAction\":[{\"@type\":\"ReadAction\",\"target\":[\"https:\/\/www.hama-bodenbelag.de\/shop\/shop\/boden\/teppiche\/astra\/astra-hochflor-teppich-savona-gitter-creme-190-x-133-cm\/\"]}]},{\"@type\":\"ImageObject\",\"inLanguage\":\"de\",\"@id\":\"https:\/\/www.hama-bodenbelag.de\/shop\/shop\/boden\/teppiche\/astra\/astra-hochflor-teppich-savona-gitter-creme-190-x-133-cm\/#primaryimage\",\"url\":\"https:\/\/www.hama-bodenbelag.de\/shop\/wp-content\/uploads\/2020\/10\/astra-astra-hochflor-teppich-savona-gitter-creme.jpg\",\"contentUrl\":\"https:\/\/www.hama-bodenbelag.de\/shop\/wp-content\/uploads\/2020\/10\/astra-astra-hochflor-teppich-savona-gitter-creme.jpg\",\"width\":1440,\"height\":1920},{\"@type\":\"BreadcrumbList\",\"@id\":\"https:\/\/www.hama-bodenbelag.de\/shop\/shop\/boden\/teppiche\/astra\/astra-hochflor-teppich-savona-gitter-creme-190-x-133-cm\/#breadcrumb\",\"itemListElement\":[{\"@type\":\"ListItem\",\"position\":1,\"name\":\"Startseite\",\"item\":\"https:\/\/www.hama-bodenbelag.de\/shop\/\"},{\"@type\":\"ListItem\",\"position\":2,\"name\":\"Shop\",\"item\":\"https:\/\/www.hama-bodenbelag.de\/shop\/shop\/\"},{\"@type\":\"ListItem\",\"position\":3,\"name\":\"Astra Hochflor Teppich Savona &#8211; Gitter (Creme; 190 x 133 cm)\"}]},{\"@type\":\"WebSite\",\"@id\":\"https:\/\/www.hama-bodenbelag.de\/shop\/#website\",\"url\":\"https:\/\/www.hama-bodenbelag.de\/shop\/\",\"name\":\"Shop Hama Bodenbelagstudio\",\"description\":\"Shop Hama Bodenbelagstudio Muttstadt\",\"publisher\":{\"@id\":\"https:\/\/www.hama-bodenbelag.de\/shop\/#organization\"},\"potentialAction\":[{\"@type\":\"SearchAction\",\"target\":{\"@type\":\"EntryPoint\",\"urlTemplate\":\"https:\/\/www.hama-bodenbelag.de\/shop\/?s={search_term_string}\"},\"query-input\":{\"@type\":\"PropertyValueSpecification\",\"valueRequired\":true,\"valueName\":\"search_term_string\"}}],\"inLanguage\":\"de\"},{\"@type\":\"Organization\",\"@id\":\"https:\/\/www.hama-bodenbelag.de\/shop\/#organization\",\"name\":\"Hama Bodenbelagstudio\",\"url\":\"https:\/\/www.hama-bodenbelag.de\/shop\/\",\"logo\":{\"@type\":\"ImageObject\",\"inLanguage\":\"de\",\"@id\":\"https:\/\/www.hama-bodenbelag.de\/shop\/#\/schema\/logo\/image\/\",\"url\":\"https:\/\/www.hama-bodenbelag.de\/wp-content\/uploads\/2018\/03\/Hama-Logo-mit-Mini_webjpg.jpg\",\"contentUrl\":\"https:\/\/www.hama-bodenbelag.de\/wp-content\/uploads\/2018\/03\/Hama-Logo-mit-Mini_webjpg.jpg\",\"width\":1945,\"height\":609,\"caption\":\"Hama Bodenbelagstudio\"},\"image\":{\"@id\":\"https:\/\/www.hama-bodenbelag.de\/shop\/#\/schema\/logo\/image\/\"},\"sameAs\":[\"https:\/\/www.facebook.com\/hamamutterstadt\/\"]}]}<\/script>\n<!-- \/ Yoast SEO plugin. -->","yoast_head_json":{"title":"Astra Hochflor Teppich Savona - Gitter (Creme; 190 x 133 cm) - Shop Hama Bodenbelagstudio","robots":{"index":"index","follow":"follow","max-snippet":"max-snippet:-1","max-image-preview":"max-image-preview:large","max-video-preview":"max-video-preview:-1"},"canonical":"https:\/\/www.hama-bodenbelag.de\/shop\/shop\/boden\/teppiche\/astra\/astra-hochflor-teppich-savona-gitter-creme-190-x-133-cm\/","og_locale":"de_DE","og_type":"article","og_title":"Astra Hochflor Teppich Savona - Gitter (Creme; 190 x 133 cm) - Shop Hama Bodenbelagstudio","og_description":"Savona 193 \u2013 Ein edler Teppich mit besonders weichem Flor und Gittermuster, welcher Ihre Wohnung in eine harmonische Atmosph\u00e4re tauchen wird!","og_url":"https:\/\/www.hama-bodenbelag.de\/shop\/shop\/boden\/teppiche\/astra\/astra-hochflor-teppich-savona-gitter-creme-190-x-133-cm\/","og_site_name":"Shop Hama Bodenbelagstudio","article_publisher":"https:\/\/www.facebook.com\/hamamutterstadt\/","article_modified_time":"2023-03-16T09:57:56+00:00","og_image":[{"width":1440,"height":1920,"url":"https:\/\/www.hama-bodenbelag.de\/shop\/wp-content\/uploads\/2020\/10\/astra-astra-hochflor-teppich-savona-gitter-creme.jpg","type":"image\/jpeg"}],"twitter_card":"summary_large_image","twitter_misc":{"Gesch\u00e4tzte Lesezeit":"1\u00a0Minute"},"schema":{"@context":"https:\/\/schema.org","@graph":[{"@type":"WebPage","@id":"https:\/\/www.hama-bodenbelag.de\/shop\/shop\/boden\/teppiche\/astra\/astra-hochflor-teppich-savona-gitter-creme-190-x-133-cm\/","url":"https:\/\/www.hama-bodenbelag.de\/shop\/shop\/boden\/teppiche\/astra\/astra-hochflor-teppich-savona-gitter-creme-190-x-133-cm\/","name":"Astra Hochflor Teppich Savona - Gitter (Creme; 190 x 133 cm) - Shop Hama Bodenbelagstudio","isPartOf":{"@id":"https:\/\/www.hama-bodenbelag.de\/shop\/#website"},"primaryImageOfPage":{"@id":"https:\/\/www.hama-bodenbelag.de\/shop\/shop\/boden\/teppiche\/astra\/astra-hochflor-teppich-savona-gitter-creme-190-x-133-cm\/#primaryimage"},"image":{"@id":"https:\/\/www.hama-bodenbelag.de\/shop\/shop\/boden\/teppiche\/astra\/astra-hochflor-teppich-savona-gitter-creme-190-x-133-cm\/#primaryimage"},"thumbnailUrl":"https:\/\/www.hama-bodenbelag.de\/shop\/wp-content\/uploads\/2020\/10\/astra-astra-hochflor-teppich-savona-gitter-creme.jpg","datePublished":"2023-03-08T21:13:03+00:00","dateModified":"2023-03-16T09:57:56+00:00","breadcrumb":{"@id":"https:\/\/www.hama-bodenbelag.de\/shop\/shop\/boden\/teppiche\/astra\/astra-hochflor-teppich-savona-gitter-creme-190-x-133-cm\/#breadcrumb"},"inLanguage":"de","potentialAction":[{"@type":"ReadAction","target":["https:\/\/www.hama-bodenbelag.de\/shop\/shop\/boden\/teppiche\/astra\/astra-hochflor-teppich-savona-gitter-creme-190-x-133-cm\/"]}]},{"@type":"ImageObject","inLanguage":"de","@id":"https:\/\/www.hama-bodenbelag.de\/shop\/shop\/boden\/teppiche\/astra\/astra-hochflor-teppich-savona-gitter-creme-190-x-133-cm\/#primaryimage","url":"https:\/\/www.hama-bodenbelag.de\/shop\/wp-content\/uploads\/2020\/10\/astra-astra-hochflor-teppich-savona-gitter-creme.jpg","contentUrl":"https:\/\/www.hama-bodenbelag.de\/shop\/wp-content\/uploads\/2020\/10\/astra-astra-hochflor-teppich-savona-gitter-creme.jpg","width":1440,"height":1920},{"@type":"BreadcrumbList","@id":"https:\/\/www.hama-bodenbelag.de\/shop\/shop\/boden\/teppiche\/astra\/astra-hochflor-teppich-savona-gitter-creme-190-x-133-cm\/#breadcrumb","itemListElement":[{"@type":"ListItem","position":1,"name":"Startseite","item":"https:\/\/www.hama-bodenbelag.de\/shop\/"},{"@type":"ListItem","position":2,"name":"Shop","item":"https:\/\/www.hama-bodenbelag.de\/shop\/shop\/"},{"@type":"ListItem","position":3,"name":"Astra Hochflor Teppich Savona &#8211; Gitter (Creme; 190 x 133 cm)"}]},{"@type":"WebSite","@id":"https:\/\/www.hama-bodenbelag.de\/shop\/#website","url":"https:\/\/www.hama-bodenbelag.de\/shop\/","name":"Shop Hama Bodenbelagstudio","description":"Shop Hama Bodenbelagstudio Muttstadt","publisher":{"@id":"https:\/\/www.hama-bodenbelag.de\/shop\/#organization"},"potentialAction":[{"@type":"SearchAction","target":{"@type":"EntryPoint","urlTemplate":"https:\/\/www.hama-bodenbelag.de\/shop\/?s={search_term_string}"},"query-input":{"@type":"PropertyValueSpecification","valueRequired":true,"valueName":"search_term_string"}}],"inLanguage":"de"},{"@type":"Organization","@id":"https:\/\/www.hama-bodenbelag.de\/shop\/#organization","name":"Hama Bodenbelagstudio","url":"https:\/\/www.hama-bodenbelag.de\/shop\/","logo":{"@type":"ImageObject","inLanguage":"de","@id":"https:\/\/www.hama-bodenbelag.de\/shop\/#\/schema\/logo\/image\/","url":"https:\/\/www.hama-bodenbelag.de\/wp-content\/uploads\/2018\/03\/Hama-Logo-mit-Mini_webjpg.jpg","contentUrl":"https:\/\/www.hama-bodenbelag.de\/wp-content\/uploads\/2018\/03\/Hama-Logo-mit-Mini_webjpg.jpg","width":1945,"height":609,"caption":"Hama Bodenbelagstudio"},"image":{"@id":"https:\/\/www.hama-bodenbelag.de\/shop\/#\/schema\/logo\/image\/"},"sameAs":["https:\/\/www.facebook.com\/hamamutterstadt\/"]}]}},"jetpack_sharing_enabled":true,"_links":{"self":[{"href":"https:\/\/www.hama-bodenbelag.de\/shop\/wp-json\/wp\/v2\/product\/39082","targetHints":{"allow":["GET"]}}],"collection":[{"href":"https:\/\/www.hama-bodenbelag.de\/shop\/wp-json\/wp\/v2\/product"}],"about":[{"href":"https:\/\/www.hama-bodenbelag.de\/shop\/wp-json\/wp\/v2\/types\/product"}],"replies":[{"embeddable":true,"href":"https:\/\/www.hama-bodenbelag.de\/shop\/wp-json\/wp\/v2\/comments?post=39082"}],"wp:featuredmedia":[{"embeddable":true,"href":"https:\/\/www.hama-bodenbelag.de\/shop\/wp-json\/wp\/v2\/media\/3065"}],"wp:attachment":[{"href":"https:\/\/www.hama-bodenbelag.de\/shop\/wp-json\/wp\/v2\/media?parent=39082"}],"wp:term":[{"taxonomy":"product_brand","embeddable":true,"href":"https:\/\/www.hama-bodenbelag.de\/shop\/wp-json\/wp\/v2\/product_brand?post=39082"},{"taxonomy":"product_cat","embeddable":true,"href":"https:\/\/www.hama-bodenbelag.de\/shop\/wp-json\/wp\/v2\/product_cat?post=39082"},{"taxonomy":"product_tag","embeddable":true,"href":"https:\/\/www.hama-bodenbelag.de\/shop\/wp-json\/wp\/v2\/product_tag?post=39082"}],"curies":[{"name":"wp","href":"https:\/\/api.w.org\/{rel}","templated":true}]}}