{"id":40134,"date":"2023-03-08T22:43:45","date_gmt":"2023-03-08T21:43:45","guid":{"rendered":"https:\/\/www.hama-bodenbelag.de\/shop\/https:\/www.hama-bodenbelag.de\/shop-hama\/produkt\/ldp-teppich-wilton-rugs-leather-president-7217-250-x-250-cm\/"},"modified":"2023-03-16T11:05:38","modified_gmt":"2023-03-16T10:05:38","slug":"ldp-teppich-wilton-rugs-leather-president-7217-250-x-250-cm","status":"publish","type":"product","link":"https:\/\/www.hama-bodenbelag.de\/shop\/shop\/boden\/teppiche\/ldp\/ldp-teppich-wilton-rugs-leather-president-7217-250-x-250-cm\/","title":{"rendered":"LDP Teppich Wilton Rugs Leather president (7217; 250 x 250 cm)"},"content":{"rendered":"<p>Die Kombination des eingen\u00e4hten Lederstreifen und dem unvergleichlich weichen Wollflor l\u00e4sst den Louis de poortere Teppichs Leather 3999 in einem hellen Wei\u00dfton zu einem wirklich ganz besonderen Teppich werden! Mit einer H\u00f6he von 17.5mm z\u00e4hlt der Leather 3999 in der Qualit\u00e4t President bereits zu den Hochflorteppichen, somit f\u00fcgt er sich wunderbar in die meisten Wohnkonzepte nahtlos ein. Den Leather 3999 erhalten Sie in sagenhaften 15 wunderbar nat\u00fcrlichen Farben und diese jeweils in 16 verschiedenen Gr\u00f6\u00dfen. So werden Sie garantiert immer den perfekten Teppich f\u00fcr Ihre Wohnung finden. Mit dem Leather 3999 von Louis de poortere helfen Sie auch der Umwelt, denn der Teppichr\u00fccken besteht zu 100% aus recyceltem Polyester! Der eingen\u00e4hte Lederstreifen, verleiht dem Leather einen luxuri\u00f6sen Touch, so dass der Teppich Leather 3999 in einem hellen Wei\u00dfeton von Louis de poortere Ihrer Wohnung eine besonders edle Atmosph\u00e4re verleihen wird. \u00dcberzeugen Sie sich selbst von dem wundersch\u00f6nen Wilton Rugs Velours Teppich Leather 3999 aus dem Hause Louis de poortere!<\/p>\n","protected":false},"excerpt":{"rendered":"<p>Louis de poortere Wilton Rugs Teppich 3999 Leather president \u2013 Kuschelig weiche Oberfl\u00e4che mit einem elegant eingen\u00e4hten Lederstreifen!<\/p>\n","protected":false},"featured_media":25299,"comment_status":"closed","ping_status":"closed","template":"","meta":{"_acf_changed":false},"product_brand":[],"product_cat":[7959],"product_tag":[],"class_list":{"0":"post-40134","1":"product","2":"type-product","3":"status-publish","4":"has-post-thumbnail","6":"product_cat-ldp","7":"product_shipping_class-paketversand","8":"pa_abmessung-250-x-250-cm","9":"pa_farbe-7496","10":"pa_filterfarbe-grau","11":"pa_form-quadratisch","12":"pa_hersteller-louis-de-poortere","13":"pa_herstellungsart-wilton","14":"pa_kollektion-leather","15":"pa_marke-louis-de-poortere","16":"pa_material-98-wolle-2-leder","17":"pa_muster-design-dekor-bordueren","18":"tm-no-options","20":"first","21":"instock","22":"taxable","23":"shipping-taxable","24":"purchasable","25":"product-type-simple"},"acf":[],"yoast_head":"<!-- This site is optimized with the Yoast SEO plugin v27.2 - https:\/\/yoast.com\/product\/yoast-seo-wordpress\/ -->\n<title>LDP Teppich Wilton Rugs Leather president (7217; 250 x 250 cm) - Shop Hama Bodenbelagstudio<\/title>\n<meta name=\"robots\" content=\"index, follow, max-snippet:-1, max-image-preview:large, max-video-preview:-1\" \/>\n<link rel=\"canonical\" href=\"https:\/\/www.hama-bodenbelag.de\/shop\/shop\/boden\/teppiche\/ldp\/ldp-teppich-wilton-rugs-leather-president-7217-250-x-250-cm\/\" \/>\n<meta property=\"og:locale\" content=\"de_DE\" \/>\n<meta property=\"og:type\" content=\"article\" \/>\n<meta property=\"og:title\" content=\"LDP Teppich Wilton Rugs Leather president (7217; 250 x 250 cm) - Shop Hama Bodenbelagstudio\" \/>\n<meta property=\"og:description\" content=\"Louis de poortere Wilton Rugs Teppich 3999 Leather president \u2013 Kuschelig weiche Oberfl\u00e4che mit einem elegant eingen\u00e4hten Lederstreifen!\" \/>\n<meta property=\"og:url\" content=\"https:\/\/www.hama-bodenbelag.de\/shop\/shop\/boden\/teppiche\/ldp\/ldp-teppich-wilton-rugs-leather-president-7217-250-x-250-cm\/\" \/>\n<meta property=\"og:site_name\" content=\"Shop Hama Bodenbelagstudio\" \/>\n<meta property=\"article:publisher\" content=\"https:\/\/www.facebook.com\/hamamutterstadt\/\" \/>\n<meta property=\"article:modified_time\" content=\"2023-03-16T10:05:38+00:00\" \/>\n<meta property=\"og:image\" content=\"https:\/\/www.hama-bodenbelag.de\/shop\/wp-content\/uploads\/2023\/03\/louis-de-poortere-ldp-teppich-wilton-rugs-leather-president-7217.jpg\" \/>\n\t<meta property=\"og:image:width\" content=\"1920\" \/>\n\t<meta property=\"og:image:height\" content=\"1397\" \/>\n\t<meta property=\"og:image:type\" content=\"image\/jpeg\" \/>\n<meta name=\"twitter:card\" content=\"summary_large_image\" \/>\n<meta name=\"twitter:label1\" content=\"Gesch\u00e4tzte Lesezeit\" \/>\n\t<meta name=\"twitter:data1\" content=\"1\u00a0Minute\" \/>\n<script type=\"application\/ld+json\" class=\"yoast-schema-graph\">{\"@context\":\"https:\/\/schema.org\",\"@graph\":[{\"@type\":\"WebPage\",\"@id\":\"https:\/\/www.hama-bodenbelag.de\/shop\/shop\/boden\/teppiche\/ldp\/ldp-teppich-wilton-rugs-leather-president-7217-250-x-250-cm\/\",\"url\":\"https:\/\/www.hama-bodenbelag.de\/shop\/shop\/boden\/teppiche\/ldp\/ldp-teppich-wilton-rugs-leather-president-7217-250-x-250-cm\/\",\"name\":\"LDP Teppich Wilton Rugs Leather president (7217; 250 x 250 cm) - Shop Hama Bodenbelagstudio\",\"isPartOf\":{\"@id\":\"https:\/\/www.hama-bodenbelag.de\/shop\/#website\"},\"primaryImageOfPage\":{\"@id\":\"https:\/\/www.hama-bodenbelag.de\/shop\/shop\/boden\/teppiche\/ldp\/ldp-teppich-wilton-rugs-leather-president-7217-250-x-250-cm\/#primaryimage\"},\"image\":{\"@id\":\"https:\/\/www.hama-bodenbelag.de\/shop\/shop\/boden\/teppiche\/ldp\/ldp-teppich-wilton-rugs-leather-president-7217-250-x-250-cm\/#primaryimage\"},\"thumbnailUrl\":\"https:\/\/www.hama-bodenbelag.de\/shop\/wp-content\/uploads\/2023\/03\/louis-de-poortere-ldp-teppich-wilton-rugs-leather-president-7217.jpg\",\"datePublished\":\"2023-03-08T21:43:45+00:00\",\"dateModified\":\"2023-03-16T10:05:38+00:00\",\"breadcrumb\":{\"@id\":\"https:\/\/www.hama-bodenbelag.de\/shop\/shop\/boden\/teppiche\/ldp\/ldp-teppich-wilton-rugs-leather-president-7217-250-x-250-cm\/#breadcrumb\"},\"inLanguage\":\"de\",\"potentialAction\":[{\"@type\":\"ReadAction\",\"target\":[\"https:\/\/www.hama-bodenbelag.de\/shop\/shop\/boden\/teppiche\/ldp\/ldp-teppich-wilton-rugs-leather-president-7217-250-x-250-cm\/\"]}]},{\"@type\":\"ImageObject\",\"inLanguage\":\"de\",\"@id\":\"https:\/\/www.hama-bodenbelag.de\/shop\/shop\/boden\/teppiche\/ldp\/ldp-teppich-wilton-rugs-leather-president-7217-250-x-250-cm\/#primaryimage\",\"url\":\"https:\/\/www.hama-bodenbelag.de\/shop\/wp-content\/uploads\/2023\/03\/louis-de-poortere-ldp-teppich-wilton-rugs-leather-president-7217.jpg\",\"contentUrl\":\"https:\/\/www.hama-bodenbelag.de\/shop\/wp-content\/uploads\/2023\/03\/louis-de-poortere-ldp-teppich-wilton-rugs-leather-president-7217.jpg\",\"width\":1920,\"height\":1397},{\"@type\":\"BreadcrumbList\",\"@id\":\"https:\/\/www.hama-bodenbelag.de\/shop\/shop\/boden\/teppiche\/ldp\/ldp-teppich-wilton-rugs-leather-president-7217-250-x-250-cm\/#breadcrumb\",\"itemListElement\":[{\"@type\":\"ListItem\",\"position\":1,\"name\":\"Startseite\",\"item\":\"https:\/\/www.hama-bodenbelag.de\/shop\/\"},{\"@type\":\"ListItem\",\"position\":2,\"name\":\"Shop\",\"item\":\"https:\/\/www.hama-bodenbelag.de\/shop\/shop\/\"},{\"@type\":\"ListItem\",\"position\":3,\"name\":\"LDP Teppich Wilton Rugs Leather president (7217; 250 x 250 cm)\"}]},{\"@type\":\"WebSite\",\"@id\":\"https:\/\/www.hama-bodenbelag.de\/shop\/#website\",\"url\":\"https:\/\/www.hama-bodenbelag.de\/shop\/\",\"name\":\"Shop Hama Bodenbelagstudio\",\"description\":\"Shop Hama Bodenbelagstudio Muttstadt\",\"publisher\":{\"@id\":\"https:\/\/www.hama-bodenbelag.de\/shop\/#organization\"},\"potentialAction\":[{\"@type\":\"SearchAction\",\"target\":{\"@type\":\"EntryPoint\",\"urlTemplate\":\"https:\/\/www.hama-bodenbelag.de\/shop\/?s={search_term_string}\"},\"query-input\":{\"@type\":\"PropertyValueSpecification\",\"valueRequired\":true,\"valueName\":\"search_term_string\"}}],\"inLanguage\":\"de\"},{\"@type\":\"Organization\",\"@id\":\"https:\/\/www.hama-bodenbelag.de\/shop\/#organization\",\"name\":\"Hama Bodenbelagstudio\",\"url\":\"https:\/\/www.hama-bodenbelag.de\/shop\/\",\"logo\":{\"@type\":\"ImageObject\",\"inLanguage\":\"de\",\"@id\":\"https:\/\/www.hama-bodenbelag.de\/shop\/#\/schema\/logo\/image\/\",\"url\":\"https:\/\/www.hama-bodenbelag.de\/wp-content\/uploads\/2018\/03\/Hama-Logo-mit-Mini_webjpg.jpg\",\"contentUrl\":\"https:\/\/www.hama-bodenbelag.de\/wp-content\/uploads\/2018\/03\/Hama-Logo-mit-Mini_webjpg.jpg\",\"width\":1945,\"height\":609,\"caption\":\"Hama Bodenbelagstudio\"},\"image\":{\"@id\":\"https:\/\/www.hama-bodenbelag.de\/shop\/#\/schema\/logo\/image\/\"},\"sameAs\":[\"https:\/\/www.facebook.com\/hamamutterstadt\/\"]}]}<\/script>\n<!-- \/ Yoast SEO plugin. -->","yoast_head_json":{"title":"LDP Teppich Wilton Rugs Leather president (7217; 250 x 250 cm) - Shop Hama Bodenbelagstudio","robots":{"index":"index","follow":"follow","max-snippet":"max-snippet:-1","max-image-preview":"max-image-preview:large","max-video-preview":"max-video-preview:-1"},"canonical":"https:\/\/www.hama-bodenbelag.de\/shop\/shop\/boden\/teppiche\/ldp\/ldp-teppich-wilton-rugs-leather-president-7217-250-x-250-cm\/","og_locale":"de_DE","og_type":"article","og_title":"LDP Teppich Wilton Rugs Leather president (7217; 250 x 250 cm) - Shop Hama Bodenbelagstudio","og_description":"Louis de poortere Wilton Rugs Teppich 3999 Leather president \u2013 Kuschelig weiche Oberfl\u00e4che mit einem elegant eingen\u00e4hten Lederstreifen!","og_url":"https:\/\/www.hama-bodenbelag.de\/shop\/shop\/boden\/teppiche\/ldp\/ldp-teppich-wilton-rugs-leather-president-7217-250-x-250-cm\/","og_site_name":"Shop Hama Bodenbelagstudio","article_publisher":"https:\/\/www.facebook.com\/hamamutterstadt\/","article_modified_time":"2023-03-16T10:05:38+00:00","og_image":[{"width":1920,"height":1397,"url":"https:\/\/www.hama-bodenbelag.de\/shop\/wp-content\/uploads\/2023\/03\/louis-de-poortere-ldp-teppich-wilton-rugs-leather-president-7217.jpg","type":"image\/jpeg"}],"twitter_card":"summary_large_image","twitter_misc":{"Gesch\u00e4tzte Lesezeit":"1\u00a0Minute"},"schema":{"@context":"https:\/\/schema.org","@graph":[{"@type":"WebPage","@id":"https:\/\/www.hama-bodenbelag.de\/shop\/shop\/boden\/teppiche\/ldp\/ldp-teppich-wilton-rugs-leather-president-7217-250-x-250-cm\/","url":"https:\/\/www.hama-bodenbelag.de\/shop\/shop\/boden\/teppiche\/ldp\/ldp-teppich-wilton-rugs-leather-president-7217-250-x-250-cm\/","name":"LDP Teppich Wilton Rugs Leather president (7217; 250 x 250 cm) - Shop Hama Bodenbelagstudio","isPartOf":{"@id":"https:\/\/www.hama-bodenbelag.de\/shop\/#website"},"primaryImageOfPage":{"@id":"https:\/\/www.hama-bodenbelag.de\/shop\/shop\/boden\/teppiche\/ldp\/ldp-teppich-wilton-rugs-leather-president-7217-250-x-250-cm\/#primaryimage"},"image":{"@id":"https:\/\/www.hama-bodenbelag.de\/shop\/shop\/boden\/teppiche\/ldp\/ldp-teppich-wilton-rugs-leather-president-7217-250-x-250-cm\/#primaryimage"},"thumbnailUrl":"https:\/\/www.hama-bodenbelag.de\/shop\/wp-content\/uploads\/2023\/03\/louis-de-poortere-ldp-teppich-wilton-rugs-leather-president-7217.jpg","datePublished":"2023-03-08T21:43:45+00:00","dateModified":"2023-03-16T10:05:38+00:00","breadcrumb":{"@id":"https:\/\/www.hama-bodenbelag.de\/shop\/shop\/boden\/teppiche\/ldp\/ldp-teppich-wilton-rugs-leather-president-7217-250-x-250-cm\/#breadcrumb"},"inLanguage":"de","potentialAction":[{"@type":"ReadAction","target":["https:\/\/www.hama-bodenbelag.de\/shop\/shop\/boden\/teppiche\/ldp\/ldp-teppich-wilton-rugs-leather-president-7217-250-x-250-cm\/"]}]},{"@type":"ImageObject","inLanguage":"de","@id":"https:\/\/www.hama-bodenbelag.de\/shop\/shop\/boden\/teppiche\/ldp\/ldp-teppich-wilton-rugs-leather-president-7217-250-x-250-cm\/#primaryimage","url":"https:\/\/www.hama-bodenbelag.de\/shop\/wp-content\/uploads\/2023\/03\/louis-de-poortere-ldp-teppich-wilton-rugs-leather-president-7217.jpg","contentUrl":"https:\/\/www.hama-bodenbelag.de\/shop\/wp-content\/uploads\/2023\/03\/louis-de-poortere-ldp-teppich-wilton-rugs-leather-president-7217.jpg","width":1920,"height":1397},{"@type":"BreadcrumbList","@id":"https:\/\/www.hama-bodenbelag.de\/shop\/shop\/boden\/teppiche\/ldp\/ldp-teppich-wilton-rugs-leather-president-7217-250-x-250-cm\/#breadcrumb","itemListElement":[{"@type":"ListItem","position":1,"name":"Startseite","item":"https:\/\/www.hama-bodenbelag.de\/shop\/"},{"@type":"ListItem","position":2,"name":"Shop","item":"https:\/\/www.hama-bodenbelag.de\/shop\/shop\/"},{"@type":"ListItem","position":3,"name":"LDP Teppich Wilton Rugs Leather president (7217; 250 x 250 cm)"}]},{"@type":"WebSite","@id":"https:\/\/www.hama-bodenbelag.de\/shop\/#website","url":"https:\/\/www.hama-bodenbelag.de\/shop\/","name":"Shop Hama Bodenbelagstudio","description":"Shop Hama Bodenbelagstudio Muttstadt","publisher":{"@id":"https:\/\/www.hama-bodenbelag.de\/shop\/#organization"},"potentialAction":[{"@type":"SearchAction","target":{"@type":"EntryPoint","urlTemplate":"https:\/\/www.hama-bodenbelag.de\/shop\/?s={search_term_string}"},"query-input":{"@type":"PropertyValueSpecification","valueRequired":true,"valueName":"search_term_string"}}],"inLanguage":"de"},{"@type":"Organization","@id":"https:\/\/www.hama-bodenbelag.de\/shop\/#organization","name":"Hama Bodenbelagstudio","url":"https:\/\/www.hama-bodenbelag.de\/shop\/","logo":{"@type":"ImageObject","inLanguage":"de","@id":"https:\/\/www.hama-bodenbelag.de\/shop\/#\/schema\/logo\/image\/","url":"https:\/\/www.hama-bodenbelag.de\/wp-content\/uploads\/2018\/03\/Hama-Logo-mit-Mini_webjpg.jpg","contentUrl":"https:\/\/www.hama-bodenbelag.de\/wp-content\/uploads\/2018\/03\/Hama-Logo-mit-Mini_webjpg.jpg","width":1945,"height":609,"caption":"Hama Bodenbelagstudio"},"image":{"@id":"https:\/\/www.hama-bodenbelag.de\/shop\/#\/schema\/logo\/image\/"},"sameAs":["https:\/\/www.facebook.com\/hamamutterstadt\/"]}]}},"jetpack_sharing_enabled":true,"_links":{"self":[{"href":"https:\/\/www.hama-bodenbelag.de\/shop\/wp-json\/wp\/v2\/product\/40134","targetHints":{"allow":["GET"]}}],"collection":[{"href":"https:\/\/www.hama-bodenbelag.de\/shop\/wp-json\/wp\/v2\/product"}],"about":[{"href":"https:\/\/www.hama-bodenbelag.de\/shop\/wp-json\/wp\/v2\/types\/product"}],"replies":[{"embeddable":true,"href":"https:\/\/www.hama-bodenbelag.de\/shop\/wp-json\/wp\/v2\/comments?post=40134"}],"wp:featuredmedia":[{"embeddable":true,"href":"https:\/\/www.hama-bodenbelag.de\/shop\/wp-json\/wp\/v2\/media\/25299"}],"wp:attachment":[{"href":"https:\/\/www.hama-bodenbelag.de\/shop\/wp-json\/wp\/v2\/media?parent=40134"}],"wp:term":[{"taxonomy":"product_brand","embeddable":true,"href":"https:\/\/www.hama-bodenbelag.de\/shop\/wp-json\/wp\/v2\/product_brand?post=40134"},{"taxonomy":"product_cat","embeddable":true,"href":"https:\/\/www.hama-bodenbelag.de\/shop\/wp-json\/wp\/v2\/product_cat?post=40134"},{"taxonomy":"product_tag","embeddable":true,"href":"https:\/\/www.hama-bodenbelag.de\/shop\/wp-json\/wp\/v2\/product_tag?post=40134"}],"curies":[{"name":"wp","href":"https:\/\/api.w.org\/{rel}","templated":true}]}}