{"id":40538,"date":"2023-03-08T22:55:56","date_gmt":"2023-03-08T21:55:56","guid":{"rendered":"https:\/\/www.hama-bodenbelag.de\/shop\/https:\/www.hama-bodenbelag.de\/shop-hama\/produkt\/ldp-teppich-wilton-rugs-carved-president-7023-300-x-450-cm\/"},"modified":"2023-03-16T11:09:50","modified_gmt":"2023-03-16T10:09:50","slug":"ldp-teppich-wilton-rugs-carved-president-7023-300-x-450-cm","status":"publish","type":"product","link":"https:\/\/www.hama-bodenbelag.de\/shop\/shop\/boden\/teppiche\/ldp\/ldp-teppich-wilton-rugs-carved-president-7023-300-x-450-cm\/","title":{"rendered":"LDP Teppich Wilton Rugs Carved president (7023; 300 x 450 cm)"},"content":{"rendered":"<p>Die elegant eingeschnittene Linie verleiht dem Carved Teppich 5999 in einem hellen Beigeton von Louis de poortere ein besonders edles und anmutiges Aussehen. Dank der gro\u00dfen Auswahl aus 15 wundersch\u00f6n harmonischen Farben und jeweils 16 verschiedenen Gr\u00f6\u00dfen, l\u00e4sst sich f\u00fcr jedes Raumkonzept immer genau der passende Carved Teppich finden! Mit dem Louis de poortere Teppich Carved 5999 in einem hellen Beigeton helfen Sie sogar der Umwelt, denn der edle Teppichr\u00fccken besteht zu 100% aus recyceltem Polyester! In der Qualit\u00e4t President ist der Flor 17,5 mm hoch und besteht aus 100% feinster Wolle und ist somit besonders weich und kuschelig. So l\u00e4sst sich der beige Louis de poortere Wollteppich Carved 5999 in nahezu jedes Wohnkonzept nahtlos integrieren! Lassen Sie sich verzaubern von dem wundersch\u00f6nen Wilton Rugs Wollteppich Carved 5999 von Louis de poortere.<\/p>\n","protected":false},"excerpt":{"rendered":"<p>Louis de poortere Wilton Rugs Teppich 5999 Carved president \u2013 Wundersch\u00f6ner Teppich mit dezent eingeschnittener Linie!<\/p>\n","protected":false},"featured_media":25724,"comment_status":"closed","ping_status":"closed","template":"","meta":{"_acf_changed":false},"product_brand":[],"product_cat":[7959],"product_tag":[],"class_list":{"0":"post-40538","1":"product","2":"type-product","3":"status-publish","4":"has-post-thumbnail","6":"product_cat-ldp","7":"product_shipping_class-paketversand","8":"pa_abmessung-300-x-450-cm","9":"pa_farbe-7494","10":"pa_filterfarbe-beige","11":"pa_form-rechteckig","12":"pa_hersteller-louis-de-poortere","13":"pa_herstellungsart-wilton","14":"pa_kollektion-carved","15":"pa_marke-louis-de-poortere","16":"pa_material-100-wolle","17":"pa_muster-design-dekor-bordueren","18":"tm-no-options","20":"first","21":"instock","22":"taxable","23":"shipping-taxable","24":"purchasable","25":"product-type-simple"},"acf":[],"yoast_head":"<!-- This site is optimized with the Yoast SEO plugin v27.2 - https:\/\/yoast.com\/product\/yoast-seo-wordpress\/ -->\n<title>LDP Teppich Wilton Rugs Carved president (7023; 300 x 450 cm) - Shop Hama Bodenbelagstudio<\/title>\n<meta name=\"robots\" content=\"index, follow, max-snippet:-1, max-image-preview:large, max-video-preview:-1\" \/>\n<link rel=\"canonical\" href=\"https:\/\/www.hama-bodenbelag.de\/shop\/shop\/boden\/teppiche\/ldp\/ldp-teppich-wilton-rugs-carved-president-7023-300-x-450-cm\/\" \/>\n<meta property=\"og:locale\" content=\"de_DE\" \/>\n<meta property=\"og:type\" content=\"article\" \/>\n<meta property=\"og:title\" content=\"LDP Teppich Wilton Rugs Carved president (7023; 300 x 450 cm) - Shop Hama Bodenbelagstudio\" \/>\n<meta property=\"og:description\" content=\"Louis de poortere Wilton Rugs Teppich 5999 Carved president \u2013 Wundersch\u00f6ner Teppich mit dezent eingeschnittener Linie!\" \/>\n<meta property=\"og:url\" content=\"https:\/\/www.hama-bodenbelag.de\/shop\/shop\/boden\/teppiche\/ldp\/ldp-teppich-wilton-rugs-carved-president-7023-300-x-450-cm\/\" \/>\n<meta property=\"og:site_name\" content=\"Shop Hama Bodenbelagstudio\" \/>\n<meta property=\"article:publisher\" content=\"https:\/\/www.facebook.com\/hamamutterstadt\/\" \/>\n<meta property=\"article:modified_time\" content=\"2023-03-16T10:09:50+00:00\" \/>\n<meta property=\"og:image\" content=\"https:\/\/www.hama-bodenbelag.de\/shop\/wp-content\/uploads\/2023\/03\/louis-de-poortere-ldp-teppich-wilton-rugs-carved-president-7023.jpg\" \/>\n\t<meta property=\"og:image:width\" content=\"1920\" \/>\n\t<meta property=\"og:image:height\" content=\"1282\" \/>\n\t<meta property=\"og:image:type\" content=\"image\/jpeg\" \/>\n<meta name=\"twitter:card\" content=\"summary_large_image\" \/>\n<meta name=\"twitter:label1\" content=\"Gesch\u00e4tzte Lesezeit\" \/>\n\t<meta name=\"twitter:data1\" content=\"1\u00a0Minute\" \/>\n<script type=\"application\/ld+json\" class=\"yoast-schema-graph\">{\"@context\":\"https:\/\/schema.org\",\"@graph\":[{\"@type\":\"WebPage\",\"@id\":\"https:\/\/www.hama-bodenbelag.de\/shop\/shop\/boden\/teppiche\/ldp\/ldp-teppich-wilton-rugs-carved-president-7023-300-x-450-cm\/\",\"url\":\"https:\/\/www.hama-bodenbelag.de\/shop\/shop\/boden\/teppiche\/ldp\/ldp-teppich-wilton-rugs-carved-president-7023-300-x-450-cm\/\",\"name\":\"LDP Teppich Wilton Rugs Carved president (7023; 300 x 450 cm) - Shop Hama Bodenbelagstudio\",\"isPartOf\":{\"@id\":\"https:\/\/www.hama-bodenbelag.de\/shop\/#website\"},\"primaryImageOfPage\":{\"@id\":\"https:\/\/www.hama-bodenbelag.de\/shop\/shop\/boden\/teppiche\/ldp\/ldp-teppich-wilton-rugs-carved-president-7023-300-x-450-cm\/#primaryimage\"},\"image\":{\"@id\":\"https:\/\/www.hama-bodenbelag.de\/shop\/shop\/boden\/teppiche\/ldp\/ldp-teppich-wilton-rugs-carved-president-7023-300-x-450-cm\/#primaryimage\"},\"thumbnailUrl\":\"https:\/\/www.hama-bodenbelag.de\/shop\/wp-content\/uploads\/2023\/03\/louis-de-poortere-ldp-teppich-wilton-rugs-carved-president-7023.jpg\",\"datePublished\":\"2023-03-08T21:55:56+00:00\",\"dateModified\":\"2023-03-16T10:09:50+00:00\",\"breadcrumb\":{\"@id\":\"https:\/\/www.hama-bodenbelag.de\/shop\/shop\/boden\/teppiche\/ldp\/ldp-teppich-wilton-rugs-carved-president-7023-300-x-450-cm\/#breadcrumb\"},\"inLanguage\":\"de\",\"potentialAction\":[{\"@type\":\"ReadAction\",\"target\":[\"https:\/\/www.hama-bodenbelag.de\/shop\/shop\/boden\/teppiche\/ldp\/ldp-teppich-wilton-rugs-carved-president-7023-300-x-450-cm\/\"]}]},{\"@type\":\"ImageObject\",\"inLanguage\":\"de\",\"@id\":\"https:\/\/www.hama-bodenbelag.de\/shop\/shop\/boden\/teppiche\/ldp\/ldp-teppich-wilton-rugs-carved-president-7023-300-x-450-cm\/#primaryimage\",\"url\":\"https:\/\/www.hama-bodenbelag.de\/shop\/wp-content\/uploads\/2023\/03\/louis-de-poortere-ldp-teppich-wilton-rugs-carved-president-7023.jpg\",\"contentUrl\":\"https:\/\/www.hama-bodenbelag.de\/shop\/wp-content\/uploads\/2023\/03\/louis-de-poortere-ldp-teppich-wilton-rugs-carved-president-7023.jpg\",\"width\":1920,\"height\":1282},{\"@type\":\"BreadcrumbList\",\"@id\":\"https:\/\/www.hama-bodenbelag.de\/shop\/shop\/boden\/teppiche\/ldp\/ldp-teppich-wilton-rugs-carved-president-7023-300-x-450-cm\/#breadcrumb\",\"itemListElement\":[{\"@type\":\"ListItem\",\"position\":1,\"name\":\"Startseite\",\"item\":\"https:\/\/www.hama-bodenbelag.de\/shop\/\"},{\"@type\":\"ListItem\",\"position\":2,\"name\":\"Shop\",\"item\":\"https:\/\/www.hama-bodenbelag.de\/shop\/shop\/\"},{\"@type\":\"ListItem\",\"position\":3,\"name\":\"LDP Teppich Wilton Rugs Carved president (7023; 300 x 450 cm)\"}]},{\"@type\":\"WebSite\",\"@id\":\"https:\/\/www.hama-bodenbelag.de\/shop\/#website\",\"url\":\"https:\/\/www.hama-bodenbelag.de\/shop\/\",\"name\":\"Shop Hama Bodenbelagstudio\",\"description\":\"Shop Hama Bodenbelagstudio Muttstadt\",\"publisher\":{\"@id\":\"https:\/\/www.hama-bodenbelag.de\/shop\/#organization\"},\"potentialAction\":[{\"@type\":\"SearchAction\",\"target\":{\"@type\":\"EntryPoint\",\"urlTemplate\":\"https:\/\/www.hama-bodenbelag.de\/shop\/?s={search_term_string}\"},\"query-input\":{\"@type\":\"PropertyValueSpecification\",\"valueRequired\":true,\"valueName\":\"search_term_string\"}}],\"inLanguage\":\"de\"},{\"@type\":\"Organization\",\"@id\":\"https:\/\/www.hama-bodenbelag.de\/shop\/#organization\",\"name\":\"Hama Bodenbelagstudio\",\"url\":\"https:\/\/www.hama-bodenbelag.de\/shop\/\",\"logo\":{\"@type\":\"ImageObject\",\"inLanguage\":\"de\",\"@id\":\"https:\/\/www.hama-bodenbelag.de\/shop\/#\/schema\/logo\/image\/\",\"url\":\"https:\/\/www.hama-bodenbelag.de\/wp-content\/uploads\/2018\/03\/Hama-Logo-mit-Mini_webjpg.jpg\",\"contentUrl\":\"https:\/\/www.hama-bodenbelag.de\/wp-content\/uploads\/2018\/03\/Hama-Logo-mit-Mini_webjpg.jpg\",\"width\":1945,\"height\":609,\"caption\":\"Hama Bodenbelagstudio\"},\"image\":{\"@id\":\"https:\/\/www.hama-bodenbelag.de\/shop\/#\/schema\/logo\/image\/\"},\"sameAs\":[\"https:\/\/www.facebook.com\/hamamutterstadt\/\"]}]}<\/script>\n<!-- \/ Yoast SEO plugin. -->","yoast_head_json":{"title":"LDP Teppich Wilton Rugs Carved president (7023; 300 x 450 cm) - Shop Hama Bodenbelagstudio","robots":{"index":"index","follow":"follow","max-snippet":"max-snippet:-1","max-image-preview":"max-image-preview:large","max-video-preview":"max-video-preview:-1"},"canonical":"https:\/\/www.hama-bodenbelag.de\/shop\/shop\/boden\/teppiche\/ldp\/ldp-teppich-wilton-rugs-carved-president-7023-300-x-450-cm\/","og_locale":"de_DE","og_type":"article","og_title":"LDP Teppich Wilton Rugs Carved president (7023; 300 x 450 cm) - Shop Hama Bodenbelagstudio","og_description":"Louis de poortere Wilton Rugs Teppich 5999 Carved president \u2013 Wundersch\u00f6ner Teppich mit dezent eingeschnittener Linie!","og_url":"https:\/\/www.hama-bodenbelag.de\/shop\/shop\/boden\/teppiche\/ldp\/ldp-teppich-wilton-rugs-carved-president-7023-300-x-450-cm\/","og_site_name":"Shop Hama Bodenbelagstudio","article_publisher":"https:\/\/www.facebook.com\/hamamutterstadt\/","article_modified_time":"2023-03-16T10:09:50+00:00","og_image":[{"width":1920,"height":1282,"url":"https:\/\/www.hama-bodenbelag.de\/shop\/wp-content\/uploads\/2023\/03\/louis-de-poortere-ldp-teppich-wilton-rugs-carved-president-7023.jpg","type":"image\/jpeg"}],"twitter_card":"summary_large_image","twitter_misc":{"Gesch\u00e4tzte Lesezeit":"1\u00a0Minute"},"schema":{"@context":"https:\/\/schema.org","@graph":[{"@type":"WebPage","@id":"https:\/\/www.hama-bodenbelag.de\/shop\/shop\/boden\/teppiche\/ldp\/ldp-teppich-wilton-rugs-carved-president-7023-300-x-450-cm\/","url":"https:\/\/www.hama-bodenbelag.de\/shop\/shop\/boden\/teppiche\/ldp\/ldp-teppich-wilton-rugs-carved-president-7023-300-x-450-cm\/","name":"LDP Teppich Wilton Rugs Carved president (7023; 300 x 450 cm) - Shop Hama Bodenbelagstudio","isPartOf":{"@id":"https:\/\/www.hama-bodenbelag.de\/shop\/#website"},"primaryImageOfPage":{"@id":"https:\/\/www.hama-bodenbelag.de\/shop\/shop\/boden\/teppiche\/ldp\/ldp-teppich-wilton-rugs-carved-president-7023-300-x-450-cm\/#primaryimage"},"image":{"@id":"https:\/\/www.hama-bodenbelag.de\/shop\/shop\/boden\/teppiche\/ldp\/ldp-teppich-wilton-rugs-carved-president-7023-300-x-450-cm\/#primaryimage"},"thumbnailUrl":"https:\/\/www.hama-bodenbelag.de\/shop\/wp-content\/uploads\/2023\/03\/louis-de-poortere-ldp-teppich-wilton-rugs-carved-president-7023.jpg","datePublished":"2023-03-08T21:55:56+00:00","dateModified":"2023-03-16T10:09:50+00:00","breadcrumb":{"@id":"https:\/\/www.hama-bodenbelag.de\/shop\/shop\/boden\/teppiche\/ldp\/ldp-teppich-wilton-rugs-carved-president-7023-300-x-450-cm\/#breadcrumb"},"inLanguage":"de","potentialAction":[{"@type":"ReadAction","target":["https:\/\/www.hama-bodenbelag.de\/shop\/shop\/boden\/teppiche\/ldp\/ldp-teppich-wilton-rugs-carved-president-7023-300-x-450-cm\/"]}]},{"@type":"ImageObject","inLanguage":"de","@id":"https:\/\/www.hama-bodenbelag.de\/shop\/shop\/boden\/teppiche\/ldp\/ldp-teppich-wilton-rugs-carved-president-7023-300-x-450-cm\/#primaryimage","url":"https:\/\/www.hama-bodenbelag.de\/shop\/wp-content\/uploads\/2023\/03\/louis-de-poortere-ldp-teppich-wilton-rugs-carved-president-7023.jpg","contentUrl":"https:\/\/www.hama-bodenbelag.de\/shop\/wp-content\/uploads\/2023\/03\/louis-de-poortere-ldp-teppich-wilton-rugs-carved-president-7023.jpg","width":1920,"height":1282},{"@type":"BreadcrumbList","@id":"https:\/\/www.hama-bodenbelag.de\/shop\/shop\/boden\/teppiche\/ldp\/ldp-teppich-wilton-rugs-carved-president-7023-300-x-450-cm\/#breadcrumb","itemListElement":[{"@type":"ListItem","position":1,"name":"Startseite","item":"https:\/\/www.hama-bodenbelag.de\/shop\/"},{"@type":"ListItem","position":2,"name":"Shop","item":"https:\/\/www.hama-bodenbelag.de\/shop\/shop\/"},{"@type":"ListItem","position":3,"name":"LDP Teppich Wilton Rugs Carved president (7023; 300 x 450 cm)"}]},{"@type":"WebSite","@id":"https:\/\/www.hama-bodenbelag.de\/shop\/#website","url":"https:\/\/www.hama-bodenbelag.de\/shop\/","name":"Shop Hama Bodenbelagstudio","description":"Shop Hama Bodenbelagstudio Muttstadt","publisher":{"@id":"https:\/\/www.hama-bodenbelag.de\/shop\/#organization"},"potentialAction":[{"@type":"SearchAction","target":{"@type":"EntryPoint","urlTemplate":"https:\/\/www.hama-bodenbelag.de\/shop\/?s={search_term_string}"},"query-input":{"@type":"PropertyValueSpecification","valueRequired":true,"valueName":"search_term_string"}}],"inLanguage":"de"},{"@type":"Organization","@id":"https:\/\/www.hama-bodenbelag.de\/shop\/#organization","name":"Hama Bodenbelagstudio","url":"https:\/\/www.hama-bodenbelag.de\/shop\/","logo":{"@type":"ImageObject","inLanguage":"de","@id":"https:\/\/www.hama-bodenbelag.de\/shop\/#\/schema\/logo\/image\/","url":"https:\/\/www.hama-bodenbelag.de\/wp-content\/uploads\/2018\/03\/Hama-Logo-mit-Mini_webjpg.jpg","contentUrl":"https:\/\/www.hama-bodenbelag.de\/wp-content\/uploads\/2018\/03\/Hama-Logo-mit-Mini_webjpg.jpg","width":1945,"height":609,"caption":"Hama Bodenbelagstudio"},"image":{"@id":"https:\/\/www.hama-bodenbelag.de\/shop\/#\/schema\/logo\/image\/"},"sameAs":["https:\/\/www.facebook.com\/hamamutterstadt\/"]}]}},"jetpack_sharing_enabled":true,"_links":{"self":[{"href":"https:\/\/www.hama-bodenbelag.de\/shop\/wp-json\/wp\/v2\/product\/40538","targetHints":{"allow":["GET"]}}],"collection":[{"href":"https:\/\/www.hama-bodenbelag.de\/shop\/wp-json\/wp\/v2\/product"}],"about":[{"href":"https:\/\/www.hama-bodenbelag.de\/shop\/wp-json\/wp\/v2\/types\/product"}],"replies":[{"embeddable":true,"href":"https:\/\/www.hama-bodenbelag.de\/shop\/wp-json\/wp\/v2\/comments?post=40538"}],"wp:featuredmedia":[{"embeddable":true,"href":"https:\/\/www.hama-bodenbelag.de\/shop\/wp-json\/wp\/v2\/media\/25724"}],"wp:attachment":[{"href":"https:\/\/www.hama-bodenbelag.de\/shop\/wp-json\/wp\/v2\/media?parent=40538"}],"wp:term":[{"taxonomy":"product_brand","embeddable":true,"href":"https:\/\/www.hama-bodenbelag.de\/shop\/wp-json\/wp\/v2\/product_brand?post=40538"},{"taxonomy":"product_cat","embeddable":true,"href":"https:\/\/www.hama-bodenbelag.de\/shop\/wp-json\/wp\/v2\/product_cat?post=40538"},{"taxonomy":"product_tag","embeddable":true,"href":"https:\/\/www.hama-bodenbelag.de\/shop\/wp-json\/wp\/v2\/product_tag?post=40538"}],"curies":[{"name":"wp","href":"https:\/\/api.w.org\/{rel}","templated":true}]}}