{"id":41484,"date":"2023-03-08T23:24:47","date_gmt":"2023-03-08T22:24:47","guid":{"rendered":"https:\/\/www.hama-bodenbelag.de\/shop\/https:\/www.hama-bodenbelag.de\/shop-hama\/produkt\/louis-de-poortere-ornamentteppich-generation-beige-sky-200-x-280-cm\/"},"modified":"2023-03-16T11:16:50","modified_gmt":"2023-03-16T10:16:50","slug":"louis-de-poortere-ornamentteppich-generation-beige-sky-200-x-280-cm","status":"publish","type":"product","link":"https:\/\/www.hama-bodenbelag.de\/shop\/shop\/boden\/teppiche\/ldp\/louis-de-poortere-ornamentteppich-generation-beige-sky-200-x-280-cm\/","title":{"rendered":"Louis de poortere Ornamentteppich Generation (Beige Sky; 200 x 280 cm)"},"content":{"rendered":"<p>Mehrere Texturschichten mit sch\u00f6nen Details verleihen dem Louis de poortere Webteppich Generation 8633 einen besonders edlen Vintagelook. Der handgewebte Teppich Generation 8633 von Louis de poortere, vereint Ornamentmotive mit einem dezenten Bord\u00fcrendesign in einem wundersch\u00f6nen Vintagelook, der Sie begeistern wird! Der Generation 8633 bringt dank seiner Farbgestaltung ein traumhaft elegantes Ambiente mit und l\u00e4sst Ihr Wohnzimmer, Schlafzimmer, Flur oder K\u00fcche in einem neuen Glanz erstrahlen! Die Anti Rutsch Beschichtung des Generation 8633 sorgt zudem f\u00fcr sicheren Halt. Lassen Sie sich begeistern von diesem wundersch\u00f6nen Webteppich Generation 8633 aus dem Hause Louis de poortere!<\/p>\n","protected":false},"excerpt":{"rendered":"<p>Louis de poortere Teppich Generation 8633 &#8211; Wundersch\u00f6ner Webteppich in einem traumhaften Vintage Design!<\/p>\n","protected":false},"featured_media":26739,"comment_status":"closed","ping_status":"closed","template":"","meta":{"_acf_changed":false},"product_brand":[],"product_cat":[7959],"product_tag":[],"class_list":{"0":"post-41484","1":"product","2":"type-product","3":"status-publish","4":"has-post-thumbnail","6":"product_cat-ldp","7":"product_shipping_class-paketversand","8":"pa_abmessung-200-x-280-cm","9":"pa_farbe-beige-sky","10":"pa_filterfarbe-beige","11":"pa_form-rechteckig","12":"pa_hersteller-louis-de-poortere","13":"pa_kollektion-fading-world","14":"pa_marke-louis-de-poortere","15":"pa_material-100-baumwolle","16":"pa_muster-design-dekor-ornament","17":"tm-no-options","19":"first","20":"instock","21":"taxable","22":"shipping-taxable","23":"purchasable","24":"product-type-simple"},"acf":[],"yoast_head":"<!-- This site is optimized with the Yoast SEO plugin v27.2 - https:\/\/yoast.com\/product\/yoast-seo-wordpress\/ -->\n<title>Louis de poortere Ornamentteppich Generation (Beige Sky; 200 x 280 cm) - Shop Hama Bodenbelagstudio<\/title>\n<meta name=\"robots\" content=\"index, follow, max-snippet:-1, max-image-preview:large, max-video-preview:-1\" \/>\n<link rel=\"canonical\" href=\"https:\/\/www.hama-bodenbelag.de\/shop\/shop\/boden\/teppiche\/ldp\/louis-de-poortere-ornamentteppich-generation-beige-sky-200-x-280-cm\/\" \/>\n<meta property=\"og:locale\" content=\"de_DE\" \/>\n<meta property=\"og:type\" content=\"article\" \/>\n<meta property=\"og:title\" content=\"Louis de poortere Ornamentteppich Generation (Beige Sky; 200 x 280 cm) - Shop Hama Bodenbelagstudio\" \/>\n<meta property=\"og:description\" content=\"Louis de poortere Teppich Generation 8633 - Wundersch\u00f6ner Webteppich in einem traumhaften Vintage Design!\" \/>\n<meta property=\"og:url\" content=\"https:\/\/www.hama-bodenbelag.de\/shop\/shop\/boden\/teppiche\/ldp\/louis-de-poortere-ornamentteppich-generation-beige-sky-200-x-280-cm\/\" \/>\n<meta property=\"og:site_name\" content=\"Shop Hama Bodenbelagstudio\" \/>\n<meta property=\"article:publisher\" content=\"https:\/\/www.facebook.com\/hamamutterstadt\/\" \/>\n<meta property=\"article:modified_time\" content=\"2023-03-16T10:16:50+00:00\" \/>\n<meta property=\"og:image\" content=\"https:\/\/www.hama-bodenbelag.de\/shop\/wp-content\/uploads\/2023\/03\/louis-de-poortere-louis-de-poortere-ornamentteppich-generation-beige-sky.jpg\" \/>\n\t<meta property=\"og:image:width\" content=\"1344\" \/>\n\t<meta property=\"og:image:height\" content=\"1920\" \/>\n\t<meta property=\"og:image:type\" content=\"image\/jpeg\" \/>\n<meta name=\"twitter:card\" content=\"summary_large_image\" \/>\n<script type=\"application\/ld+json\" class=\"yoast-schema-graph\">{\"@context\":\"https:\/\/schema.org\",\"@graph\":[{\"@type\":\"WebPage\",\"@id\":\"https:\/\/www.hama-bodenbelag.de\/shop\/shop\/boden\/teppiche\/ldp\/louis-de-poortere-ornamentteppich-generation-beige-sky-200-x-280-cm\/\",\"url\":\"https:\/\/www.hama-bodenbelag.de\/shop\/shop\/boden\/teppiche\/ldp\/louis-de-poortere-ornamentteppich-generation-beige-sky-200-x-280-cm\/\",\"name\":\"Louis de poortere Ornamentteppich Generation (Beige Sky; 200 x 280 cm) - Shop Hama Bodenbelagstudio\",\"isPartOf\":{\"@id\":\"https:\/\/www.hama-bodenbelag.de\/shop\/#website\"},\"primaryImageOfPage\":{\"@id\":\"https:\/\/www.hama-bodenbelag.de\/shop\/shop\/boden\/teppiche\/ldp\/louis-de-poortere-ornamentteppich-generation-beige-sky-200-x-280-cm\/#primaryimage\"},\"image\":{\"@id\":\"https:\/\/www.hama-bodenbelag.de\/shop\/shop\/boden\/teppiche\/ldp\/louis-de-poortere-ornamentteppich-generation-beige-sky-200-x-280-cm\/#primaryimage\"},\"thumbnailUrl\":\"https:\/\/www.hama-bodenbelag.de\/shop\/wp-content\/uploads\/2023\/03\/louis-de-poortere-louis-de-poortere-ornamentteppich-generation-beige-sky.jpg\",\"datePublished\":\"2023-03-08T22:24:47+00:00\",\"dateModified\":\"2023-03-16T10:16:50+00:00\",\"breadcrumb\":{\"@id\":\"https:\/\/www.hama-bodenbelag.de\/shop\/shop\/boden\/teppiche\/ldp\/louis-de-poortere-ornamentteppich-generation-beige-sky-200-x-280-cm\/#breadcrumb\"},\"inLanguage\":\"de\",\"potentialAction\":[{\"@type\":\"ReadAction\",\"target\":[\"https:\/\/www.hama-bodenbelag.de\/shop\/shop\/boden\/teppiche\/ldp\/louis-de-poortere-ornamentteppich-generation-beige-sky-200-x-280-cm\/\"]}]},{\"@type\":\"ImageObject\",\"inLanguage\":\"de\",\"@id\":\"https:\/\/www.hama-bodenbelag.de\/shop\/shop\/boden\/teppiche\/ldp\/louis-de-poortere-ornamentteppich-generation-beige-sky-200-x-280-cm\/#primaryimage\",\"url\":\"https:\/\/www.hama-bodenbelag.de\/shop\/wp-content\/uploads\/2023\/03\/louis-de-poortere-louis-de-poortere-ornamentteppich-generation-beige-sky.jpg\",\"contentUrl\":\"https:\/\/www.hama-bodenbelag.de\/shop\/wp-content\/uploads\/2023\/03\/louis-de-poortere-louis-de-poortere-ornamentteppich-generation-beige-sky.jpg\",\"width\":1344,\"height\":1920},{\"@type\":\"BreadcrumbList\",\"@id\":\"https:\/\/www.hama-bodenbelag.de\/shop\/shop\/boden\/teppiche\/ldp\/louis-de-poortere-ornamentteppich-generation-beige-sky-200-x-280-cm\/#breadcrumb\",\"itemListElement\":[{\"@type\":\"ListItem\",\"position\":1,\"name\":\"Startseite\",\"item\":\"https:\/\/www.hama-bodenbelag.de\/shop\/\"},{\"@type\":\"ListItem\",\"position\":2,\"name\":\"Shop\",\"item\":\"https:\/\/www.hama-bodenbelag.de\/shop\/shop\/\"},{\"@type\":\"ListItem\",\"position\":3,\"name\":\"Louis de poortere Ornamentteppich Generation (Beige Sky; 200 x 280 cm)\"}]},{\"@type\":\"WebSite\",\"@id\":\"https:\/\/www.hama-bodenbelag.de\/shop\/#website\",\"url\":\"https:\/\/www.hama-bodenbelag.de\/shop\/\",\"name\":\"Shop Hama Bodenbelagstudio\",\"description\":\"Shop Hama Bodenbelagstudio Muttstadt\",\"publisher\":{\"@id\":\"https:\/\/www.hama-bodenbelag.de\/shop\/#organization\"},\"potentialAction\":[{\"@type\":\"SearchAction\",\"target\":{\"@type\":\"EntryPoint\",\"urlTemplate\":\"https:\/\/www.hama-bodenbelag.de\/shop\/?s={search_term_string}\"},\"query-input\":{\"@type\":\"PropertyValueSpecification\",\"valueRequired\":true,\"valueName\":\"search_term_string\"}}],\"inLanguage\":\"de\"},{\"@type\":\"Organization\",\"@id\":\"https:\/\/www.hama-bodenbelag.de\/shop\/#organization\",\"name\":\"Hama Bodenbelagstudio\",\"url\":\"https:\/\/www.hama-bodenbelag.de\/shop\/\",\"logo\":{\"@type\":\"ImageObject\",\"inLanguage\":\"de\",\"@id\":\"https:\/\/www.hama-bodenbelag.de\/shop\/#\/schema\/logo\/image\/\",\"url\":\"https:\/\/www.hama-bodenbelag.de\/wp-content\/uploads\/2018\/03\/Hama-Logo-mit-Mini_webjpg.jpg\",\"contentUrl\":\"https:\/\/www.hama-bodenbelag.de\/wp-content\/uploads\/2018\/03\/Hama-Logo-mit-Mini_webjpg.jpg\",\"width\":1945,\"height\":609,\"caption\":\"Hama Bodenbelagstudio\"},\"image\":{\"@id\":\"https:\/\/www.hama-bodenbelag.de\/shop\/#\/schema\/logo\/image\/\"},\"sameAs\":[\"https:\/\/www.facebook.com\/hamamutterstadt\/\"]}]}<\/script>\n<!-- \/ Yoast SEO plugin. -->","yoast_head_json":{"title":"Louis de poortere Ornamentteppich Generation (Beige Sky; 200 x 280 cm) - Shop Hama Bodenbelagstudio","robots":{"index":"index","follow":"follow","max-snippet":"max-snippet:-1","max-image-preview":"max-image-preview:large","max-video-preview":"max-video-preview:-1"},"canonical":"https:\/\/www.hama-bodenbelag.de\/shop\/shop\/boden\/teppiche\/ldp\/louis-de-poortere-ornamentteppich-generation-beige-sky-200-x-280-cm\/","og_locale":"de_DE","og_type":"article","og_title":"Louis de poortere Ornamentteppich Generation (Beige Sky; 200 x 280 cm) - Shop Hama Bodenbelagstudio","og_description":"Louis de poortere Teppich Generation 8633 - Wundersch\u00f6ner Webteppich in einem traumhaften Vintage Design!","og_url":"https:\/\/www.hama-bodenbelag.de\/shop\/shop\/boden\/teppiche\/ldp\/louis-de-poortere-ornamentteppich-generation-beige-sky-200-x-280-cm\/","og_site_name":"Shop Hama Bodenbelagstudio","article_publisher":"https:\/\/www.facebook.com\/hamamutterstadt\/","article_modified_time":"2023-03-16T10:16:50+00:00","og_image":[{"width":1344,"height":1920,"url":"https:\/\/www.hama-bodenbelag.de\/shop\/wp-content\/uploads\/2023\/03\/louis-de-poortere-louis-de-poortere-ornamentteppich-generation-beige-sky.jpg","type":"image\/jpeg"}],"twitter_card":"summary_large_image","schema":{"@context":"https:\/\/schema.org","@graph":[{"@type":"WebPage","@id":"https:\/\/www.hama-bodenbelag.de\/shop\/shop\/boden\/teppiche\/ldp\/louis-de-poortere-ornamentteppich-generation-beige-sky-200-x-280-cm\/","url":"https:\/\/www.hama-bodenbelag.de\/shop\/shop\/boden\/teppiche\/ldp\/louis-de-poortere-ornamentteppich-generation-beige-sky-200-x-280-cm\/","name":"Louis de poortere Ornamentteppich Generation (Beige Sky; 200 x 280 cm) - Shop Hama Bodenbelagstudio","isPartOf":{"@id":"https:\/\/www.hama-bodenbelag.de\/shop\/#website"},"primaryImageOfPage":{"@id":"https:\/\/www.hama-bodenbelag.de\/shop\/shop\/boden\/teppiche\/ldp\/louis-de-poortere-ornamentteppich-generation-beige-sky-200-x-280-cm\/#primaryimage"},"image":{"@id":"https:\/\/www.hama-bodenbelag.de\/shop\/shop\/boden\/teppiche\/ldp\/louis-de-poortere-ornamentteppich-generation-beige-sky-200-x-280-cm\/#primaryimage"},"thumbnailUrl":"https:\/\/www.hama-bodenbelag.de\/shop\/wp-content\/uploads\/2023\/03\/louis-de-poortere-louis-de-poortere-ornamentteppich-generation-beige-sky.jpg","datePublished":"2023-03-08T22:24:47+00:00","dateModified":"2023-03-16T10:16:50+00:00","breadcrumb":{"@id":"https:\/\/www.hama-bodenbelag.de\/shop\/shop\/boden\/teppiche\/ldp\/louis-de-poortere-ornamentteppich-generation-beige-sky-200-x-280-cm\/#breadcrumb"},"inLanguage":"de","potentialAction":[{"@type":"ReadAction","target":["https:\/\/www.hama-bodenbelag.de\/shop\/shop\/boden\/teppiche\/ldp\/louis-de-poortere-ornamentteppich-generation-beige-sky-200-x-280-cm\/"]}]},{"@type":"ImageObject","inLanguage":"de","@id":"https:\/\/www.hama-bodenbelag.de\/shop\/shop\/boden\/teppiche\/ldp\/louis-de-poortere-ornamentteppich-generation-beige-sky-200-x-280-cm\/#primaryimage","url":"https:\/\/www.hama-bodenbelag.de\/shop\/wp-content\/uploads\/2023\/03\/louis-de-poortere-louis-de-poortere-ornamentteppich-generation-beige-sky.jpg","contentUrl":"https:\/\/www.hama-bodenbelag.de\/shop\/wp-content\/uploads\/2023\/03\/louis-de-poortere-louis-de-poortere-ornamentteppich-generation-beige-sky.jpg","width":1344,"height":1920},{"@type":"BreadcrumbList","@id":"https:\/\/www.hama-bodenbelag.de\/shop\/shop\/boden\/teppiche\/ldp\/louis-de-poortere-ornamentteppich-generation-beige-sky-200-x-280-cm\/#breadcrumb","itemListElement":[{"@type":"ListItem","position":1,"name":"Startseite","item":"https:\/\/www.hama-bodenbelag.de\/shop\/"},{"@type":"ListItem","position":2,"name":"Shop","item":"https:\/\/www.hama-bodenbelag.de\/shop\/shop\/"},{"@type":"ListItem","position":3,"name":"Louis de poortere Ornamentteppich Generation (Beige Sky; 200 x 280 cm)"}]},{"@type":"WebSite","@id":"https:\/\/www.hama-bodenbelag.de\/shop\/#website","url":"https:\/\/www.hama-bodenbelag.de\/shop\/","name":"Shop Hama Bodenbelagstudio","description":"Shop Hama Bodenbelagstudio Muttstadt","publisher":{"@id":"https:\/\/www.hama-bodenbelag.de\/shop\/#organization"},"potentialAction":[{"@type":"SearchAction","target":{"@type":"EntryPoint","urlTemplate":"https:\/\/www.hama-bodenbelag.de\/shop\/?s={search_term_string}"},"query-input":{"@type":"PropertyValueSpecification","valueRequired":true,"valueName":"search_term_string"}}],"inLanguage":"de"},{"@type":"Organization","@id":"https:\/\/www.hama-bodenbelag.de\/shop\/#organization","name":"Hama Bodenbelagstudio","url":"https:\/\/www.hama-bodenbelag.de\/shop\/","logo":{"@type":"ImageObject","inLanguage":"de","@id":"https:\/\/www.hama-bodenbelag.de\/shop\/#\/schema\/logo\/image\/","url":"https:\/\/www.hama-bodenbelag.de\/wp-content\/uploads\/2018\/03\/Hama-Logo-mit-Mini_webjpg.jpg","contentUrl":"https:\/\/www.hama-bodenbelag.de\/wp-content\/uploads\/2018\/03\/Hama-Logo-mit-Mini_webjpg.jpg","width":1945,"height":609,"caption":"Hama Bodenbelagstudio"},"image":{"@id":"https:\/\/www.hama-bodenbelag.de\/shop\/#\/schema\/logo\/image\/"},"sameAs":["https:\/\/www.facebook.com\/hamamutterstadt\/"]}]}},"jetpack_sharing_enabled":true,"_links":{"self":[{"href":"https:\/\/www.hama-bodenbelag.de\/shop\/wp-json\/wp\/v2\/product\/41484","targetHints":{"allow":["GET"]}}],"collection":[{"href":"https:\/\/www.hama-bodenbelag.de\/shop\/wp-json\/wp\/v2\/product"}],"about":[{"href":"https:\/\/www.hama-bodenbelag.de\/shop\/wp-json\/wp\/v2\/types\/product"}],"replies":[{"embeddable":true,"href":"https:\/\/www.hama-bodenbelag.de\/shop\/wp-json\/wp\/v2\/comments?post=41484"}],"wp:featuredmedia":[{"embeddable":true,"href":"https:\/\/www.hama-bodenbelag.de\/shop\/wp-json\/wp\/v2\/media\/26739"}],"wp:attachment":[{"href":"https:\/\/www.hama-bodenbelag.de\/shop\/wp-json\/wp\/v2\/media?parent=41484"}],"wp:term":[{"taxonomy":"product_brand","embeddable":true,"href":"https:\/\/www.hama-bodenbelag.de\/shop\/wp-json\/wp\/v2\/product_brand?post=41484"},{"taxonomy":"product_cat","embeddable":true,"href":"https:\/\/www.hama-bodenbelag.de\/shop\/wp-json\/wp\/v2\/product_cat?post=41484"},{"taxonomy":"product_tag","embeddable":true,"href":"https:\/\/www.hama-bodenbelag.de\/shop\/wp-json\/wp\/v2\/product_tag?post=41484"}],"curies":[{"name":"wp","href":"https:\/\/api.w.org\/{rel}","templated":true}]}}