{"id":42379,"date":"2023-03-08T23:52:11","date_gmt":"2023-03-08T22:52:11","guid":{"rendered":"https:\/\/www.hama-bodenbelag.de\/shop\/https:\/www.hama-bodenbelag.de\/shop-hama\/produkt\/schoener-wohnen-webteppich-alura-beige-grau-300-x-200-cm\/"},"modified":"2023-03-16T10:55:11","modified_gmt":"2023-03-16T09:55:11","slug":"schoener-wohnen-webteppich-alura-beige-grau-300-x-200-cm","status":"publish","type":"product","link":"https:\/\/www.hama-bodenbelag.de\/shop\/shop\/boden\/teppiche\/astra\/schoener-wohnen-webteppich-alura-beige-grau-300-x-200-cm\/","title":{"rendered":"Sch\u00f6ner Wohnen Webteppich Alura (Beige\/Grau; 300 x 200 cm)"},"content":{"rendered":"<p>Der Viskose-Woll- Teppich ALURA von SCH\u00d6NER WOHNEN besticht durch sein besonders softes Feeling und seinem eleganten Streifendesign besonders edel und wird dank seiner sch\u00f6nen Zottel an jeder Ecke zu einem echten Highlight in Ihrer Wohnung! Sein modernes Design wirkt dank der edlen Erdt\u00f6nen besonders harmonisch und ist so etwas ganz besonderes f\u00fcr den modernen-urbanen Geschmack! Der 8mm hohe Flor des handgewebten Teppichs ALURA von SCH\u00d6HNER WOHNEN, kommt in einer Viskose\/Wolle Mischung, welche nicht nur besonders Weich ist, sondern auch eine unvergleichliche Farbigkeit besitzt. Da sowohl Viskose als auch Wolle besonders luftdurchl\u00e4ssige Materialien sind, eignet sich der SCH\u00d6NER WOHNEN Teppich ALURA besonders gut f\u00fcr Fu\u00dfbodenheizungen. Erh\u00e4ltlich in drei Standartgr\u00f6\u00dfen sowie im Wunschma\u00df bis zu einer Gr\u00f6\u00dfe von 300x500cm, finden Sie f\u00fcr jeden Raum immer die passende Teppichgr\u00f6\u00dfe!<\/p>\n","protected":false},"excerpt":{"rendered":"<p>Handgewebter SCH\u00d6HNER WOHNEN Teppich ALURA \u2013 Dezente Erdt\u00f6ne und ein weicher Touch lassen auch in Ihrer Wohnung eine harmonsiche Atmosph\u00e4re erstrahlen.<\/p>\n","protected":false},"featured_media":10067,"comment_status":"closed","ping_status":"closed","template":"","meta":{"_acf_changed":false},"product_brand":[],"product_cat":[7297],"product_tag":[],"class_list":{"0":"post-42379","1":"product","2":"type-product","3":"status-publish","4":"has-post-thumbnail","6":"product_cat-astra","7":"product_shipping_class-paketversand","8":"pa_abmessung-300-x-200-cm","9":"pa_farbe-beige-grau","10":"pa_filterfarbe-beige","11":"pa_form-rechteckig","12":"pa_hersteller-astra","13":"pa_herstellungsart-hangewebt","14":"pa_kollektion-handgearbeitete-teppiche","15":"pa_marke-schoener-wohnen","16":"pa_material-75-viskose-25-wolle","17":"pa_muster-design-dekor-streifen","18":"tm-no-options","20":"first","21":"instock","22":"taxable","23":"shipping-taxable","24":"purchasable","25":"product-type-simple"},"acf":[],"yoast_head":"<!-- This site is optimized with the Yoast SEO plugin v27.2 - https:\/\/yoast.com\/product\/yoast-seo-wordpress\/ -->\n<title>Sch\u00f6ner Wohnen Webteppich Alura (Beige\/Grau; 300 x 200 cm) - Shop Hama Bodenbelagstudio<\/title>\n<meta name=\"robots\" content=\"index, follow, max-snippet:-1, max-image-preview:large, max-video-preview:-1\" \/>\n<link rel=\"canonical\" href=\"https:\/\/www.hama-bodenbelag.de\/shop\/shop\/boden\/teppiche\/astra\/schoener-wohnen-webteppich-alura-beige-grau-300-x-200-cm\/\" \/>\n<meta property=\"og:locale\" content=\"de_DE\" \/>\n<meta property=\"og:type\" content=\"article\" \/>\n<meta property=\"og:title\" content=\"Sch\u00f6ner Wohnen Webteppich Alura (Beige\/Grau; 300 x 200 cm) - Shop Hama Bodenbelagstudio\" \/>\n<meta property=\"og:description\" content=\"Handgewebter SCH\u00d6HNER WOHNEN Teppich ALURA \u2013 Dezente Erdt\u00f6ne und ein weicher Touch lassen auch in Ihrer Wohnung eine harmonsiche Atmosph\u00e4re erstrahlen.\" \/>\n<meta property=\"og:url\" content=\"https:\/\/www.hama-bodenbelag.de\/shop\/shop\/boden\/teppiche\/astra\/schoener-wohnen-webteppich-alura-beige-grau-300-x-200-cm\/\" \/>\n<meta property=\"og:site_name\" content=\"Shop Hama Bodenbelagstudio\" \/>\n<meta property=\"article:publisher\" content=\"https:\/\/www.facebook.com\/hamamutterstadt\/\" \/>\n<meta property=\"article:modified_time\" content=\"2023-03-16T09:55:11+00:00\" \/>\n<meta property=\"og:image\" content=\"https:\/\/www.hama-bodenbelag.de\/shop\/wp-content\/uploads\/2020\/10\/schoner-wohnen-schoner-wohnen-webteppich-alura-beige-grau.jpg\" \/>\n\t<meta property=\"og:image:width\" content=\"1283\" \/>\n\t<meta property=\"og:image:height\" content=\"1920\" \/>\n\t<meta property=\"og:image:type\" content=\"image\/jpeg\" \/>\n<meta name=\"twitter:card\" content=\"summary_large_image\" \/>\n<meta name=\"twitter:label1\" content=\"Gesch\u00e4tzte Lesezeit\" \/>\n\t<meta name=\"twitter:data1\" content=\"1\u00a0Minute\" \/>\n<script type=\"application\/ld+json\" class=\"yoast-schema-graph\">{\"@context\":\"https:\/\/schema.org\",\"@graph\":[{\"@type\":\"WebPage\",\"@id\":\"https:\/\/www.hama-bodenbelag.de\/shop\/shop\/boden\/teppiche\/astra\/schoener-wohnen-webteppich-alura-beige-grau-300-x-200-cm\/\",\"url\":\"https:\/\/www.hama-bodenbelag.de\/shop\/shop\/boden\/teppiche\/astra\/schoener-wohnen-webteppich-alura-beige-grau-300-x-200-cm\/\",\"name\":\"Sch\u00f6ner Wohnen Webteppich Alura (Beige\/Grau; 300 x 200 cm) - Shop Hama Bodenbelagstudio\",\"isPartOf\":{\"@id\":\"https:\/\/www.hama-bodenbelag.de\/shop\/#website\"},\"primaryImageOfPage\":{\"@id\":\"https:\/\/www.hama-bodenbelag.de\/shop\/shop\/boden\/teppiche\/astra\/schoener-wohnen-webteppich-alura-beige-grau-300-x-200-cm\/#primaryimage\"},\"image\":{\"@id\":\"https:\/\/www.hama-bodenbelag.de\/shop\/shop\/boden\/teppiche\/astra\/schoener-wohnen-webteppich-alura-beige-grau-300-x-200-cm\/#primaryimage\"},\"thumbnailUrl\":\"https:\/\/www.hama-bodenbelag.de\/shop\/wp-content\/uploads\/2020\/10\/schoner-wohnen-schoner-wohnen-webteppich-alura-beige-grau.jpg\",\"datePublished\":\"2023-03-08T22:52:11+00:00\",\"dateModified\":\"2023-03-16T09:55:11+00:00\",\"breadcrumb\":{\"@id\":\"https:\/\/www.hama-bodenbelag.de\/shop\/shop\/boden\/teppiche\/astra\/schoener-wohnen-webteppich-alura-beige-grau-300-x-200-cm\/#breadcrumb\"},\"inLanguage\":\"de\",\"potentialAction\":[{\"@type\":\"ReadAction\",\"target\":[\"https:\/\/www.hama-bodenbelag.de\/shop\/shop\/boden\/teppiche\/astra\/schoener-wohnen-webteppich-alura-beige-grau-300-x-200-cm\/\"]}]},{\"@type\":\"ImageObject\",\"inLanguage\":\"de\",\"@id\":\"https:\/\/www.hama-bodenbelag.de\/shop\/shop\/boden\/teppiche\/astra\/schoener-wohnen-webteppich-alura-beige-grau-300-x-200-cm\/#primaryimage\",\"url\":\"https:\/\/www.hama-bodenbelag.de\/shop\/wp-content\/uploads\/2020\/10\/schoner-wohnen-schoner-wohnen-webteppich-alura-beige-grau.jpg\",\"contentUrl\":\"https:\/\/www.hama-bodenbelag.de\/shop\/wp-content\/uploads\/2020\/10\/schoner-wohnen-schoner-wohnen-webteppich-alura-beige-grau.jpg\",\"width\":1283,\"height\":1920},{\"@type\":\"BreadcrumbList\",\"@id\":\"https:\/\/www.hama-bodenbelag.de\/shop\/shop\/boden\/teppiche\/astra\/schoener-wohnen-webteppich-alura-beige-grau-300-x-200-cm\/#breadcrumb\",\"itemListElement\":[{\"@type\":\"ListItem\",\"position\":1,\"name\":\"Startseite\",\"item\":\"https:\/\/www.hama-bodenbelag.de\/shop\/\"},{\"@type\":\"ListItem\",\"position\":2,\"name\":\"Shop\",\"item\":\"https:\/\/www.hama-bodenbelag.de\/shop\/shop\/\"},{\"@type\":\"ListItem\",\"position\":3,\"name\":\"Sch\u00f6ner Wohnen Webteppich Alura (Beige\/Grau; 300 x 200 cm)\"}]},{\"@type\":\"WebSite\",\"@id\":\"https:\/\/www.hama-bodenbelag.de\/shop\/#website\",\"url\":\"https:\/\/www.hama-bodenbelag.de\/shop\/\",\"name\":\"Shop Hama Bodenbelagstudio\",\"description\":\"Shop Hama Bodenbelagstudio Muttstadt\",\"publisher\":{\"@id\":\"https:\/\/www.hama-bodenbelag.de\/shop\/#organization\"},\"potentialAction\":[{\"@type\":\"SearchAction\",\"target\":{\"@type\":\"EntryPoint\",\"urlTemplate\":\"https:\/\/www.hama-bodenbelag.de\/shop\/?s={search_term_string}\"},\"query-input\":{\"@type\":\"PropertyValueSpecification\",\"valueRequired\":true,\"valueName\":\"search_term_string\"}}],\"inLanguage\":\"de\"},{\"@type\":\"Organization\",\"@id\":\"https:\/\/www.hama-bodenbelag.de\/shop\/#organization\",\"name\":\"Hama Bodenbelagstudio\",\"url\":\"https:\/\/www.hama-bodenbelag.de\/shop\/\",\"logo\":{\"@type\":\"ImageObject\",\"inLanguage\":\"de\",\"@id\":\"https:\/\/www.hama-bodenbelag.de\/shop\/#\/schema\/logo\/image\/\",\"url\":\"https:\/\/www.hama-bodenbelag.de\/wp-content\/uploads\/2018\/03\/Hama-Logo-mit-Mini_webjpg.jpg\",\"contentUrl\":\"https:\/\/www.hama-bodenbelag.de\/wp-content\/uploads\/2018\/03\/Hama-Logo-mit-Mini_webjpg.jpg\",\"width\":1945,\"height\":609,\"caption\":\"Hama Bodenbelagstudio\"},\"image\":{\"@id\":\"https:\/\/www.hama-bodenbelag.de\/shop\/#\/schema\/logo\/image\/\"},\"sameAs\":[\"https:\/\/www.facebook.com\/hamamutterstadt\/\"]}]}<\/script>\n<!-- \/ Yoast SEO plugin. -->","yoast_head_json":{"title":"Sch\u00f6ner Wohnen Webteppich Alura (Beige\/Grau; 300 x 200 cm) - Shop Hama Bodenbelagstudio","robots":{"index":"index","follow":"follow","max-snippet":"max-snippet:-1","max-image-preview":"max-image-preview:large","max-video-preview":"max-video-preview:-1"},"canonical":"https:\/\/www.hama-bodenbelag.de\/shop\/shop\/boden\/teppiche\/astra\/schoener-wohnen-webteppich-alura-beige-grau-300-x-200-cm\/","og_locale":"de_DE","og_type":"article","og_title":"Sch\u00f6ner Wohnen Webteppich Alura (Beige\/Grau; 300 x 200 cm) - Shop Hama Bodenbelagstudio","og_description":"Handgewebter SCH\u00d6HNER WOHNEN Teppich ALURA \u2013 Dezente Erdt\u00f6ne und ein weicher Touch lassen auch in Ihrer Wohnung eine harmonsiche Atmosph\u00e4re erstrahlen.","og_url":"https:\/\/www.hama-bodenbelag.de\/shop\/shop\/boden\/teppiche\/astra\/schoener-wohnen-webteppich-alura-beige-grau-300-x-200-cm\/","og_site_name":"Shop Hama Bodenbelagstudio","article_publisher":"https:\/\/www.facebook.com\/hamamutterstadt\/","article_modified_time":"2023-03-16T09:55:11+00:00","og_image":[{"width":1283,"height":1920,"url":"https:\/\/www.hama-bodenbelag.de\/shop\/wp-content\/uploads\/2020\/10\/schoner-wohnen-schoner-wohnen-webteppich-alura-beige-grau.jpg","type":"image\/jpeg"}],"twitter_card":"summary_large_image","twitter_misc":{"Gesch\u00e4tzte Lesezeit":"1\u00a0Minute"},"schema":{"@context":"https:\/\/schema.org","@graph":[{"@type":"WebPage","@id":"https:\/\/www.hama-bodenbelag.de\/shop\/shop\/boden\/teppiche\/astra\/schoener-wohnen-webteppich-alura-beige-grau-300-x-200-cm\/","url":"https:\/\/www.hama-bodenbelag.de\/shop\/shop\/boden\/teppiche\/astra\/schoener-wohnen-webteppich-alura-beige-grau-300-x-200-cm\/","name":"Sch\u00f6ner Wohnen Webteppich Alura (Beige\/Grau; 300 x 200 cm) - Shop Hama Bodenbelagstudio","isPartOf":{"@id":"https:\/\/www.hama-bodenbelag.de\/shop\/#website"},"primaryImageOfPage":{"@id":"https:\/\/www.hama-bodenbelag.de\/shop\/shop\/boden\/teppiche\/astra\/schoener-wohnen-webteppich-alura-beige-grau-300-x-200-cm\/#primaryimage"},"image":{"@id":"https:\/\/www.hama-bodenbelag.de\/shop\/shop\/boden\/teppiche\/astra\/schoener-wohnen-webteppich-alura-beige-grau-300-x-200-cm\/#primaryimage"},"thumbnailUrl":"https:\/\/www.hama-bodenbelag.de\/shop\/wp-content\/uploads\/2020\/10\/schoner-wohnen-schoner-wohnen-webteppich-alura-beige-grau.jpg","datePublished":"2023-03-08T22:52:11+00:00","dateModified":"2023-03-16T09:55:11+00:00","breadcrumb":{"@id":"https:\/\/www.hama-bodenbelag.de\/shop\/shop\/boden\/teppiche\/astra\/schoener-wohnen-webteppich-alura-beige-grau-300-x-200-cm\/#breadcrumb"},"inLanguage":"de","potentialAction":[{"@type":"ReadAction","target":["https:\/\/www.hama-bodenbelag.de\/shop\/shop\/boden\/teppiche\/astra\/schoener-wohnen-webteppich-alura-beige-grau-300-x-200-cm\/"]}]},{"@type":"ImageObject","inLanguage":"de","@id":"https:\/\/www.hama-bodenbelag.de\/shop\/shop\/boden\/teppiche\/astra\/schoener-wohnen-webteppich-alura-beige-grau-300-x-200-cm\/#primaryimage","url":"https:\/\/www.hama-bodenbelag.de\/shop\/wp-content\/uploads\/2020\/10\/schoner-wohnen-schoner-wohnen-webteppich-alura-beige-grau.jpg","contentUrl":"https:\/\/www.hama-bodenbelag.de\/shop\/wp-content\/uploads\/2020\/10\/schoner-wohnen-schoner-wohnen-webteppich-alura-beige-grau.jpg","width":1283,"height":1920},{"@type":"BreadcrumbList","@id":"https:\/\/www.hama-bodenbelag.de\/shop\/shop\/boden\/teppiche\/astra\/schoener-wohnen-webteppich-alura-beige-grau-300-x-200-cm\/#breadcrumb","itemListElement":[{"@type":"ListItem","position":1,"name":"Startseite","item":"https:\/\/www.hama-bodenbelag.de\/shop\/"},{"@type":"ListItem","position":2,"name":"Shop","item":"https:\/\/www.hama-bodenbelag.de\/shop\/shop\/"},{"@type":"ListItem","position":3,"name":"Sch\u00f6ner Wohnen Webteppich Alura (Beige\/Grau; 300 x 200 cm)"}]},{"@type":"WebSite","@id":"https:\/\/www.hama-bodenbelag.de\/shop\/#website","url":"https:\/\/www.hama-bodenbelag.de\/shop\/","name":"Shop Hama Bodenbelagstudio","description":"Shop Hama Bodenbelagstudio Muttstadt","publisher":{"@id":"https:\/\/www.hama-bodenbelag.de\/shop\/#organization"},"potentialAction":[{"@type":"SearchAction","target":{"@type":"EntryPoint","urlTemplate":"https:\/\/www.hama-bodenbelag.de\/shop\/?s={search_term_string}"},"query-input":{"@type":"PropertyValueSpecification","valueRequired":true,"valueName":"search_term_string"}}],"inLanguage":"de"},{"@type":"Organization","@id":"https:\/\/www.hama-bodenbelag.de\/shop\/#organization","name":"Hama Bodenbelagstudio","url":"https:\/\/www.hama-bodenbelag.de\/shop\/","logo":{"@type":"ImageObject","inLanguage":"de","@id":"https:\/\/www.hama-bodenbelag.de\/shop\/#\/schema\/logo\/image\/","url":"https:\/\/www.hama-bodenbelag.de\/wp-content\/uploads\/2018\/03\/Hama-Logo-mit-Mini_webjpg.jpg","contentUrl":"https:\/\/www.hama-bodenbelag.de\/wp-content\/uploads\/2018\/03\/Hama-Logo-mit-Mini_webjpg.jpg","width":1945,"height":609,"caption":"Hama Bodenbelagstudio"},"image":{"@id":"https:\/\/www.hama-bodenbelag.de\/shop\/#\/schema\/logo\/image\/"},"sameAs":["https:\/\/www.facebook.com\/hamamutterstadt\/"]}]}},"jetpack_sharing_enabled":true,"_links":{"self":[{"href":"https:\/\/www.hama-bodenbelag.de\/shop\/wp-json\/wp\/v2\/product\/42379","targetHints":{"allow":["GET"]}}],"collection":[{"href":"https:\/\/www.hama-bodenbelag.de\/shop\/wp-json\/wp\/v2\/product"}],"about":[{"href":"https:\/\/www.hama-bodenbelag.de\/shop\/wp-json\/wp\/v2\/types\/product"}],"replies":[{"embeddable":true,"href":"https:\/\/www.hama-bodenbelag.de\/shop\/wp-json\/wp\/v2\/comments?post=42379"}],"wp:featuredmedia":[{"embeddable":true,"href":"https:\/\/www.hama-bodenbelag.de\/shop\/wp-json\/wp\/v2\/media\/10067"}],"wp:attachment":[{"href":"https:\/\/www.hama-bodenbelag.de\/shop\/wp-json\/wp\/v2\/media?parent=42379"}],"wp:term":[{"taxonomy":"product_brand","embeddable":true,"href":"https:\/\/www.hama-bodenbelag.de\/shop\/wp-json\/wp\/v2\/product_brand?post=42379"},{"taxonomy":"product_cat","embeddable":true,"href":"https:\/\/www.hama-bodenbelag.de\/shop\/wp-json\/wp\/v2\/product_cat?post=42379"},{"taxonomy":"product_tag","embeddable":true,"href":"https:\/\/www.hama-bodenbelag.de\/shop\/wp-json\/wp\/v2\/product_tag?post=42379"}],"curies":[{"name":"wp","href":"https:\/\/api.w.org\/{rel}","templated":true}]}}