{"id":42450,"date":"2023-03-08T23:54:20","date_gmt":"2023-03-08T22:54:20","guid":{"rendered":"https:\/\/www.hama-bodenbelag.de\/shop\/https:\/www.hama-bodenbelag.de\/shop-hama\/produkt\/schoener-wohnen-flachgewebeteppich-alessa-streifen-beige-200-x-140-cm\/"},"modified":"2023-03-16T10:55:27","modified_gmt":"2023-03-16T09:55:27","slug":"schoener-wohnen-flachgewebeteppich-alessa-streifen-beige-200-x-140-cm","status":"publish","type":"product","link":"https:\/\/www.hama-bodenbelag.de\/shop\/shop\/boden\/teppiche\/astra\/schoener-wohnen-flachgewebeteppich-alessa-streifen-beige-200-x-140-cm\/","title":{"rendered":"SCH\u00d6NER WOHNEN Flachgewebeteppich &#8211; Alessa Streifen (Beige; 200 x 140 cm)"},"content":{"rendered":"<p>Der Flachgewebeteppich Alessa bringt durch seine unterschiedlich schimmernde Garnstruktur einen besonderen Glanz mit sich. Hier entscheiden Sie sich f\u00fcr Beige, es gibt noch weiter drei stilsicher Farben. Egal in welchen Raum Sie den Alessa 6023 legen m\u00f6chten, er wertet jeden Raum m\u00fchelos auf. \u00dcberzeugen Sie sich davon und w\u00e4hlen aus drei Standardgr\u00f6\u00dfen oder bestellen Ihr pers\u00f6nliches Sonderma\u00df. Dann dauert es ca. 90 Tage, bis Ihr neues Glanzst\u00fcck handgewebt ist und Ihr Zuhause strahlen l\u00e4sst. Der Alessa Teppich ist Fu\u00dfbodenheizung geeignet und zur Reinigung wird ein Staubsauger mit Flachd\u00fcse empfohlen.<\/p>\n","protected":false},"excerpt":{"rendered":"<p>Der beige Alessa aus der SCH\u00d6NER WOHNEN Kollektion wertet Ihr Zuhause m\u00fchelos auf.<\/p>\n","protected":false},"featured_media":10170,"comment_status":"closed","ping_status":"closed","template":"","meta":{"_acf_changed":false},"product_brand":[],"product_cat":[7297],"product_tag":[],"class_list":{"0":"post-42450","1":"product","2":"type-product","3":"status-publish","4":"has-post-thumbnail","6":"product_cat-astra","7":"product_shipping_class-paketversand","8":"pa_abmessung-200-x-140-cm","9":"pa_farbe-beige","10":"pa_filterfarbe-beige","11":"pa_florhoehe-7601","12":"pa_hersteller-astra","13":"pa_kollektion-handgearbeitete-teppiche","14":"pa_marke-schoener-wohnen","15":"pa_material-100-viskose","16":"pa_muster-design-dekor-streifen","17":"tm-no-options","19":"first","20":"instock","21":"taxable","22":"shipping-taxable","23":"purchasable","24":"product-type-simple"},"acf":[],"yoast_head":"<!-- This site is optimized with the Yoast SEO plugin v27.2 - https:\/\/yoast.com\/product\/yoast-seo-wordpress\/ -->\n<title>SCH\u00d6NER WOHNEN Flachgewebeteppich - Alessa Streifen (Beige; 200 x 140 cm) - Shop Hama Bodenbelagstudio<\/title>\n<meta name=\"robots\" content=\"index, follow, max-snippet:-1, max-image-preview:large, max-video-preview:-1\" \/>\n<link rel=\"canonical\" href=\"https:\/\/www.hama-bodenbelag.de\/shop\/shop\/boden\/teppiche\/astra\/schoener-wohnen-flachgewebeteppich-alessa-streifen-beige-200-x-140-cm\/\" \/>\n<meta property=\"og:locale\" content=\"de_DE\" \/>\n<meta property=\"og:type\" content=\"article\" \/>\n<meta property=\"og:title\" content=\"SCH\u00d6NER WOHNEN Flachgewebeteppich - Alessa Streifen (Beige; 200 x 140 cm) - Shop Hama Bodenbelagstudio\" \/>\n<meta property=\"og:description\" content=\"Der beige Alessa aus der SCH\u00d6NER WOHNEN Kollektion wertet Ihr Zuhause m\u00fchelos auf.\" \/>\n<meta property=\"og:url\" content=\"https:\/\/www.hama-bodenbelag.de\/shop\/shop\/boden\/teppiche\/astra\/schoener-wohnen-flachgewebeteppich-alessa-streifen-beige-200-x-140-cm\/\" \/>\n<meta property=\"og:site_name\" content=\"Shop Hama Bodenbelagstudio\" \/>\n<meta property=\"article:publisher\" content=\"https:\/\/www.facebook.com\/hamamutterstadt\/\" \/>\n<meta property=\"article:modified_time\" content=\"2023-03-16T09:55:27+00:00\" \/>\n<meta property=\"og:image\" content=\"https:\/\/www.hama-bodenbelag.de\/shop\/wp-content\/uploads\/2020\/10\/schoner-wohnen-schoner-wohnen-flachgewebeteppich-alessa-streifen-beige.jpg\" \/>\n\t<meta property=\"og:image:width\" content=\"1393\" \/>\n\t<meta property=\"og:image:height\" content=\"1920\" \/>\n\t<meta property=\"og:image:type\" content=\"image\/jpeg\" \/>\n<meta name=\"twitter:card\" content=\"summary_large_image\" \/>\n<script type=\"application\/ld+json\" class=\"yoast-schema-graph\">{\"@context\":\"https:\/\/schema.org\",\"@graph\":[{\"@type\":\"WebPage\",\"@id\":\"https:\/\/www.hama-bodenbelag.de\/shop\/shop\/boden\/teppiche\/astra\/schoener-wohnen-flachgewebeteppich-alessa-streifen-beige-200-x-140-cm\/\",\"url\":\"https:\/\/www.hama-bodenbelag.de\/shop\/shop\/boden\/teppiche\/astra\/schoener-wohnen-flachgewebeteppich-alessa-streifen-beige-200-x-140-cm\/\",\"name\":\"SCH\u00d6NER WOHNEN Flachgewebeteppich - Alessa Streifen (Beige; 200 x 140 cm) - Shop Hama Bodenbelagstudio\",\"isPartOf\":{\"@id\":\"https:\/\/www.hama-bodenbelag.de\/shop\/#website\"},\"primaryImageOfPage\":{\"@id\":\"https:\/\/www.hama-bodenbelag.de\/shop\/shop\/boden\/teppiche\/astra\/schoener-wohnen-flachgewebeteppich-alessa-streifen-beige-200-x-140-cm\/#primaryimage\"},\"image\":{\"@id\":\"https:\/\/www.hama-bodenbelag.de\/shop\/shop\/boden\/teppiche\/astra\/schoener-wohnen-flachgewebeteppich-alessa-streifen-beige-200-x-140-cm\/#primaryimage\"},\"thumbnailUrl\":\"https:\/\/www.hama-bodenbelag.de\/shop\/wp-content\/uploads\/2020\/10\/schoner-wohnen-schoner-wohnen-flachgewebeteppich-alessa-streifen-beige.jpg\",\"datePublished\":\"2023-03-08T22:54:20+00:00\",\"dateModified\":\"2023-03-16T09:55:27+00:00\",\"breadcrumb\":{\"@id\":\"https:\/\/www.hama-bodenbelag.de\/shop\/shop\/boden\/teppiche\/astra\/schoener-wohnen-flachgewebeteppich-alessa-streifen-beige-200-x-140-cm\/#breadcrumb\"},\"inLanguage\":\"de\",\"potentialAction\":[{\"@type\":\"ReadAction\",\"target\":[\"https:\/\/www.hama-bodenbelag.de\/shop\/shop\/boden\/teppiche\/astra\/schoener-wohnen-flachgewebeteppich-alessa-streifen-beige-200-x-140-cm\/\"]}]},{\"@type\":\"ImageObject\",\"inLanguage\":\"de\",\"@id\":\"https:\/\/www.hama-bodenbelag.de\/shop\/shop\/boden\/teppiche\/astra\/schoener-wohnen-flachgewebeteppich-alessa-streifen-beige-200-x-140-cm\/#primaryimage\",\"url\":\"https:\/\/www.hama-bodenbelag.de\/shop\/wp-content\/uploads\/2020\/10\/schoner-wohnen-schoner-wohnen-flachgewebeteppich-alessa-streifen-beige.jpg\",\"contentUrl\":\"https:\/\/www.hama-bodenbelag.de\/shop\/wp-content\/uploads\/2020\/10\/schoner-wohnen-schoner-wohnen-flachgewebeteppich-alessa-streifen-beige.jpg\",\"width\":1393,\"height\":1920},{\"@type\":\"BreadcrumbList\",\"@id\":\"https:\/\/www.hama-bodenbelag.de\/shop\/shop\/boden\/teppiche\/astra\/schoener-wohnen-flachgewebeteppich-alessa-streifen-beige-200-x-140-cm\/#breadcrumb\",\"itemListElement\":[{\"@type\":\"ListItem\",\"position\":1,\"name\":\"Startseite\",\"item\":\"https:\/\/www.hama-bodenbelag.de\/shop\/\"},{\"@type\":\"ListItem\",\"position\":2,\"name\":\"Shop\",\"item\":\"https:\/\/www.hama-bodenbelag.de\/shop\/shop\/\"},{\"@type\":\"ListItem\",\"position\":3,\"name\":\"SCH\u00d6NER WOHNEN Flachgewebeteppich &#8211; Alessa Streifen (Beige; 200 x 140 cm)\"}]},{\"@type\":\"WebSite\",\"@id\":\"https:\/\/www.hama-bodenbelag.de\/shop\/#website\",\"url\":\"https:\/\/www.hama-bodenbelag.de\/shop\/\",\"name\":\"Shop Hama Bodenbelagstudio\",\"description\":\"Shop Hama Bodenbelagstudio Muttstadt\",\"publisher\":{\"@id\":\"https:\/\/www.hama-bodenbelag.de\/shop\/#organization\"},\"potentialAction\":[{\"@type\":\"SearchAction\",\"target\":{\"@type\":\"EntryPoint\",\"urlTemplate\":\"https:\/\/www.hama-bodenbelag.de\/shop\/?s={search_term_string}\"},\"query-input\":{\"@type\":\"PropertyValueSpecification\",\"valueRequired\":true,\"valueName\":\"search_term_string\"}}],\"inLanguage\":\"de\"},{\"@type\":\"Organization\",\"@id\":\"https:\/\/www.hama-bodenbelag.de\/shop\/#organization\",\"name\":\"Hama Bodenbelagstudio\",\"url\":\"https:\/\/www.hama-bodenbelag.de\/shop\/\",\"logo\":{\"@type\":\"ImageObject\",\"inLanguage\":\"de\",\"@id\":\"https:\/\/www.hama-bodenbelag.de\/shop\/#\/schema\/logo\/image\/\",\"url\":\"https:\/\/www.hama-bodenbelag.de\/wp-content\/uploads\/2018\/03\/Hama-Logo-mit-Mini_webjpg.jpg\",\"contentUrl\":\"https:\/\/www.hama-bodenbelag.de\/wp-content\/uploads\/2018\/03\/Hama-Logo-mit-Mini_webjpg.jpg\",\"width\":1945,\"height\":609,\"caption\":\"Hama Bodenbelagstudio\"},\"image\":{\"@id\":\"https:\/\/www.hama-bodenbelag.de\/shop\/#\/schema\/logo\/image\/\"},\"sameAs\":[\"https:\/\/www.facebook.com\/hamamutterstadt\/\"]}]}<\/script>\n<!-- \/ Yoast SEO plugin. -->","yoast_head_json":{"title":"SCH\u00d6NER WOHNEN Flachgewebeteppich - Alessa Streifen (Beige; 200 x 140 cm) - Shop Hama Bodenbelagstudio","robots":{"index":"index","follow":"follow","max-snippet":"max-snippet:-1","max-image-preview":"max-image-preview:large","max-video-preview":"max-video-preview:-1"},"canonical":"https:\/\/www.hama-bodenbelag.de\/shop\/shop\/boden\/teppiche\/astra\/schoener-wohnen-flachgewebeteppich-alessa-streifen-beige-200-x-140-cm\/","og_locale":"de_DE","og_type":"article","og_title":"SCH\u00d6NER WOHNEN Flachgewebeteppich - Alessa Streifen (Beige; 200 x 140 cm) - Shop Hama Bodenbelagstudio","og_description":"Der beige Alessa aus der SCH\u00d6NER WOHNEN Kollektion wertet Ihr Zuhause m\u00fchelos auf.","og_url":"https:\/\/www.hama-bodenbelag.de\/shop\/shop\/boden\/teppiche\/astra\/schoener-wohnen-flachgewebeteppich-alessa-streifen-beige-200-x-140-cm\/","og_site_name":"Shop Hama Bodenbelagstudio","article_publisher":"https:\/\/www.facebook.com\/hamamutterstadt\/","article_modified_time":"2023-03-16T09:55:27+00:00","og_image":[{"width":1393,"height":1920,"url":"https:\/\/www.hama-bodenbelag.de\/shop\/wp-content\/uploads\/2020\/10\/schoner-wohnen-schoner-wohnen-flachgewebeteppich-alessa-streifen-beige.jpg","type":"image\/jpeg"}],"twitter_card":"summary_large_image","schema":{"@context":"https:\/\/schema.org","@graph":[{"@type":"WebPage","@id":"https:\/\/www.hama-bodenbelag.de\/shop\/shop\/boden\/teppiche\/astra\/schoener-wohnen-flachgewebeteppich-alessa-streifen-beige-200-x-140-cm\/","url":"https:\/\/www.hama-bodenbelag.de\/shop\/shop\/boden\/teppiche\/astra\/schoener-wohnen-flachgewebeteppich-alessa-streifen-beige-200-x-140-cm\/","name":"SCH\u00d6NER WOHNEN Flachgewebeteppich - Alessa Streifen (Beige; 200 x 140 cm) - Shop Hama Bodenbelagstudio","isPartOf":{"@id":"https:\/\/www.hama-bodenbelag.de\/shop\/#website"},"primaryImageOfPage":{"@id":"https:\/\/www.hama-bodenbelag.de\/shop\/shop\/boden\/teppiche\/astra\/schoener-wohnen-flachgewebeteppich-alessa-streifen-beige-200-x-140-cm\/#primaryimage"},"image":{"@id":"https:\/\/www.hama-bodenbelag.de\/shop\/shop\/boden\/teppiche\/astra\/schoener-wohnen-flachgewebeteppich-alessa-streifen-beige-200-x-140-cm\/#primaryimage"},"thumbnailUrl":"https:\/\/www.hama-bodenbelag.de\/shop\/wp-content\/uploads\/2020\/10\/schoner-wohnen-schoner-wohnen-flachgewebeteppich-alessa-streifen-beige.jpg","datePublished":"2023-03-08T22:54:20+00:00","dateModified":"2023-03-16T09:55:27+00:00","breadcrumb":{"@id":"https:\/\/www.hama-bodenbelag.de\/shop\/shop\/boden\/teppiche\/astra\/schoener-wohnen-flachgewebeteppich-alessa-streifen-beige-200-x-140-cm\/#breadcrumb"},"inLanguage":"de","potentialAction":[{"@type":"ReadAction","target":["https:\/\/www.hama-bodenbelag.de\/shop\/shop\/boden\/teppiche\/astra\/schoener-wohnen-flachgewebeteppich-alessa-streifen-beige-200-x-140-cm\/"]}]},{"@type":"ImageObject","inLanguage":"de","@id":"https:\/\/www.hama-bodenbelag.de\/shop\/shop\/boden\/teppiche\/astra\/schoener-wohnen-flachgewebeteppich-alessa-streifen-beige-200-x-140-cm\/#primaryimage","url":"https:\/\/www.hama-bodenbelag.de\/shop\/wp-content\/uploads\/2020\/10\/schoner-wohnen-schoner-wohnen-flachgewebeteppich-alessa-streifen-beige.jpg","contentUrl":"https:\/\/www.hama-bodenbelag.de\/shop\/wp-content\/uploads\/2020\/10\/schoner-wohnen-schoner-wohnen-flachgewebeteppich-alessa-streifen-beige.jpg","width":1393,"height":1920},{"@type":"BreadcrumbList","@id":"https:\/\/www.hama-bodenbelag.de\/shop\/shop\/boden\/teppiche\/astra\/schoener-wohnen-flachgewebeteppich-alessa-streifen-beige-200-x-140-cm\/#breadcrumb","itemListElement":[{"@type":"ListItem","position":1,"name":"Startseite","item":"https:\/\/www.hama-bodenbelag.de\/shop\/"},{"@type":"ListItem","position":2,"name":"Shop","item":"https:\/\/www.hama-bodenbelag.de\/shop\/shop\/"},{"@type":"ListItem","position":3,"name":"SCH\u00d6NER WOHNEN Flachgewebeteppich &#8211; Alessa Streifen (Beige; 200 x 140 cm)"}]},{"@type":"WebSite","@id":"https:\/\/www.hama-bodenbelag.de\/shop\/#website","url":"https:\/\/www.hama-bodenbelag.de\/shop\/","name":"Shop Hama Bodenbelagstudio","description":"Shop Hama Bodenbelagstudio Muttstadt","publisher":{"@id":"https:\/\/www.hama-bodenbelag.de\/shop\/#organization"},"potentialAction":[{"@type":"SearchAction","target":{"@type":"EntryPoint","urlTemplate":"https:\/\/www.hama-bodenbelag.de\/shop\/?s={search_term_string}"},"query-input":{"@type":"PropertyValueSpecification","valueRequired":true,"valueName":"search_term_string"}}],"inLanguage":"de"},{"@type":"Organization","@id":"https:\/\/www.hama-bodenbelag.de\/shop\/#organization","name":"Hama Bodenbelagstudio","url":"https:\/\/www.hama-bodenbelag.de\/shop\/","logo":{"@type":"ImageObject","inLanguage":"de","@id":"https:\/\/www.hama-bodenbelag.de\/shop\/#\/schema\/logo\/image\/","url":"https:\/\/www.hama-bodenbelag.de\/wp-content\/uploads\/2018\/03\/Hama-Logo-mit-Mini_webjpg.jpg","contentUrl":"https:\/\/www.hama-bodenbelag.de\/wp-content\/uploads\/2018\/03\/Hama-Logo-mit-Mini_webjpg.jpg","width":1945,"height":609,"caption":"Hama Bodenbelagstudio"},"image":{"@id":"https:\/\/www.hama-bodenbelag.de\/shop\/#\/schema\/logo\/image\/"},"sameAs":["https:\/\/www.facebook.com\/hamamutterstadt\/"]}]}},"jetpack_sharing_enabled":true,"_links":{"self":[{"href":"https:\/\/www.hama-bodenbelag.de\/shop\/wp-json\/wp\/v2\/product\/42450","targetHints":{"allow":["GET"]}}],"collection":[{"href":"https:\/\/www.hama-bodenbelag.de\/shop\/wp-json\/wp\/v2\/product"}],"about":[{"href":"https:\/\/www.hama-bodenbelag.de\/shop\/wp-json\/wp\/v2\/types\/product"}],"replies":[{"embeddable":true,"href":"https:\/\/www.hama-bodenbelag.de\/shop\/wp-json\/wp\/v2\/comments?post=42450"}],"wp:featuredmedia":[{"embeddable":true,"href":"https:\/\/www.hama-bodenbelag.de\/shop\/wp-json\/wp\/v2\/media\/10170"}],"wp:attachment":[{"href":"https:\/\/www.hama-bodenbelag.de\/shop\/wp-json\/wp\/v2\/media?parent=42450"}],"wp:term":[{"taxonomy":"product_brand","embeddable":true,"href":"https:\/\/www.hama-bodenbelag.de\/shop\/wp-json\/wp\/v2\/product_brand?post=42450"},{"taxonomy":"product_cat","embeddable":true,"href":"https:\/\/www.hama-bodenbelag.de\/shop\/wp-json\/wp\/v2\/product_cat?post=42450"},{"taxonomy":"product_tag","embeddable":true,"href":"https:\/\/www.hama-bodenbelag.de\/shop\/wp-json\/wp\/v2\/product_tag?post=42450"}],"curies":[{"name":"wp","href":"https:\/\/api.w.org\/{rel}","templated":true}]}}