{"id":43204,"date":"2023-03-09T00:19:21","date_gmt":"2023-03-08T23:19:21","guid":{"rendered":"https:\/\/www.hama-bodenbelag.de\/shop\/https:\/www.hama-bodenbelag.de\/shop-hama\/produkt\/schoener-wohnen-teppich-attraction-gitter-gold-150-x-80-cm\/"},"modified":"2023-03-16T10:56:07","modified_gmt":"2023-03-16T09:56:07","slug":"schoener-wohnen-teppich-attraction-gitter-gold-150-x-80-cm","status":"publish","type":"product","link":"https:\/\/www.hama-bodenbelag.de\/shop\/shop\/boden\/teppiche\/astra\/schoener-wohnen-teppich-attraction-gitter-gold-150-x-80-cm\/","title":{"rendered":"Sch\u00f6ner Wohnen Teppich Attraction Gitter (Gold; 150 x 80 cm)"},"content":{"rendered":"<p>Ein kleingemustertes Gitterdesign in einem angenehmen Farbton mit goldenen Farbakzenten, dass eines der insgeamt f\u00fcnf Designs des Attraction Teppichs. Die zarte Farbgebung und das wundersch\u00f6ne Design passen in unterschiedliche Wohnkonzepte. Sie haben die Auswahl aus vier Standartgr\u00f6\u00dfen oder Sie w\u00e4hlen ein Wunschma\u00df, welches genau zu Ihrem Lieblingsraum passt. Die Qualit\u00e4t Attraction ist pflegeleicht und f\u00fcr R\u00e4ume mit Fu\u00dfbodenheizung geeignet.<\/p>\n","protected":false},"excerpt":{"rendered":"<p>Der Teppich Attraction aus der Sch\u00f6ner Wohnen Kollektion \u00fcberzeugt mit modernen Designs und einem Hauch von Farbe.<\/p>\n","protected":false},"featured_media":28206,"comment_status":"closed","ping_status":"closed","template":"","meta":{"_acf_changed":false},"product_brand":[],"product_cat":[7297],"product_tag":[],"class_list":{"0":"post-43204","1":"product","2":"type-product","3":"status-publish","4":"has-post-thumbnail","6":"product_cat-astra","7":"product_shipping_class-paketversand","8":"pa_abmessung-150-x-80-cm","9":"pa_farbe-gold","10":"pa_filterfarbe-beige","11":"pa_florhoehe-7304","12":"pa_form-rechteckig","13":"pa_hersteller-astra","14":"pa_marke-schoener-wohnen","15":"pa_material-50-polypropylen-50-polyester","16":"pa_muster-design-dekor-karo","17":"tm-no-options","19":"first","20":"instock","21":"taxable","22":"shipping-taxable","23":"purchasable","24":"product-type-simple"},"acf":[],"yoast_head":"<!-- This site is optimized with the Yoast SEO plugin v27.2 - https:\/\/yoast.com\/product\/yoast-seo-wordpress\/ -->\n<title>Sch\u00f6ner Wohnen Teppich Attraction Gitter (Gold; 150 x 80 cm) - Shop Hama Bodenbelagstudio<\/title>\n<meta name=\"robots\" content=\"index, follow, max-snippet:-1, max-image-preview:large, max-video-preview:-1\" \/>\n<link rel=\"canonical\" href=\"https:\/\/www.hama-bodenbelag.de\/shop\/shop\/boden\/teppiche\/astra\/schoener-wohnen-teppich-attraction-gitter-gold-150-x-80-cm\/\" \/>\n<meta property=\"og:locale\" content=\"de_DE\" \/>\n<meta property=\"og:type\" content=\"article\" \/>\n<meta property=\"og:title\" content=\"Sch\u00f6ner Wohnen Teppich Attraction Gitter (Gold; 150 x 80 cm) - Shop Hama Bodenbelagstudio\" \/>\n<meta property=\"og:description\" content=\"Der Teppich Attraction aus der Sch\u00f6ner Wohnen Kollektion \u00fcberzeugt mit modernen Designs und einem Hauch von Farbe.\" \/>\n<meta property=\"og:url\" content=\"https:\/\/www.hama-bodenbelag.de\/shop\/shop\/boden\/teppiche\/astra\/schoener-wohnen-teppich-attraction-gitter-gold-150-x-80-cm\/\" \/>\n<meta property=\"og:site_name\" content=\"Shop Hama Bodenbelagstudio\" \/>\n<meta property=\"article:publisher\" content=\"https:\/\/www.facebook.com\/hamamutterstadt\/\" \/>\n<meta property=\"article:modified_time\" content=\"2023-03-16T09:56:07+00:00\" \/>\n<meta property=\"og:image\" content=\"https:\/\/www.hama-bodenbelag.de\/shop\/wp-content\/uploads\/2023\/03\/schoner-wohnen-schoner-wohnen-teppich-attraction-gitter-gold.jpg\" \/>\n\t<meta property=\"og:image:width\" content=\"102\" \/>\n\t<meta property=\"og:image:height\" content=\"144\" \/>\n\t<meta property=\"og:image:type\" content=\"image\/jpeg\" \/>\n<meta name=\"twitter:card\" content=\"summary_large_image\" \/>\n<script type=\"application\/ld+json\" class=\"yoast-schema-graph\">{\"@context\":\"https:\/\/schema.org\",\"@graph\":[{\"@type\":\"WebPage\",\"@id\":\"https:\/\/www.hama-bodenbelag.de\/shop\/shop\/boden\/teppiche\/astra\/schoener-wohnen-teppich-attraction-gitter-gold-150-x-80-cm\/\",\"url\":\"https:\/\/www.hama-bodenbelag.de\/shop\/shop\/boden\/teppiche\/astra\/schoener-wohnen-teppich-attraction-gitter-gold-150-x-80-cm\/\",\"name\":\"Sch\u00f6ner Wohnen Teppich Attraction Gitter (Gold; 150 x 80 cm) - Shop Hama Bodenbelagstudio\",\"isPartOf\":{\"@id\":\"https:\/\/www.hama-bodenbelag.de\/shop\/#website\"},\"primaryImageOfPage\":{\"@id\":\"https:\/\/www.hama-bodenbelag.de\/shop\/shop\/boden\/teppiche\/astra\/schoener-wohnen-teppich-attraction-gitter-gold-150-x-80-cm\/#primaryimage\"},\"image\":{\"@id\":\"https:\/\/www.hama-bodenbelag.de\/shop\/shop\/boden\/teppiche\/astra\/schoener-wohnen-teppich-attraction-gitter-gold-150-x-80-cm\/#primaryimage\"},\"thumbnailUrl\":\"https:\/\/www.hama-bodenbelag.de\/shop\/wp-content\/uploads\/2023\/03\/schoner-wohnen-schoner-wohnen-teppich-attraction-gitter-gold.jpg\",\"datePublished\":\"2023-03-08T23:19:21+00:00\",\"dateModified\":\"2023-03-16T09:56:07+00:00\",\"breadcrumb\":{\"@id\":\"https:\/\/www.hama-bodenbelag.de\/shop\/shop\/boden\/teppiche\/astra\/schoener-wohnen-teppich-attraction-gitter-gold-150-x-80-cm\/#breadcrumb\"},\"inLanguage\":\"de\",\"potentialAction\":[{\"@type\":\"ReadAction\",\"target\":[\"https:\/\/www.hama-bodenbelag.de\/shop\/shop\/boden\/teppiche\/astra\/schoener-wohnen-teppich-attraction-gitter-gold-150-x-80-cm\/\"]}]},{\"@type\":\"ImageObject\",\"inLanguage\":\"de\",\"@id\":\"https:\/\/www.hama-bodenbelag.de\/shop\/shop\/boden\/teppiche\/astra\/schoener-wohnen-teppich-attraction-gitter-gold-150-x-80-cm\/#primaryimage\",\"url\":\"https:\/\/www.hama-bodenbelag.de\/shop\/wp-content\/uploads\/2023\/03\/schoner-wohnen-schoner-wohnen-teppich-attraction-gitter-gold.jpg\",\"contentUrl\":\"https:\/\/www.hama-bodenbelag.de\/shop\/wp-content\/uploads\/2023\/03\/schoner-wohnen-schoner-wohnen-teppich-attraction-gitter-gold.jpg\",\"width\":102,\"height\":144},{\"@type\":\"BreadcrumbList\",\"@id\":\"https:\/\/www.hama-bodenbelag.de\/shop\/shop\/boden\/teppiche\/astra\/schoener-wohnen-teppich-attraction-gitter-gold-150-x-80-cm\/#breadcrumb\",\"itemListElement\":[{\"@type\":\"ListItem\",\"position\":1,\"name\":\"Startseite\",\"item\":\"https:\/\/www.hama-bodenbelag.de\/shop\/\"},{\"@type\":\"ListItem\",\"position\":2,\"name\":\"Shop\",\"item\":\"https:\/\/www.hama-bodenbelag.de\/shop\/shop\/\"},{\"@type\":\"ListItem\",\"position\":3,\"name\":\"Sch\u00f6ner Wohnen Teppich Attraction Gitter (Gold; 150 x 80 cm)\"}]},{\"@type\":\"WebSite\",\"@id\":\"https:\/\/www.hama-bodenbelag.de\/shop\/#website\",\"url\":\"https:\/\/www.hama-bodenbelag.de\/shop\/\",\"name\":\"Shop Hama Bodenbelagstudio\",\"description\":\"Shop Hama Bodenbelagstudio Muttstadt\",\"publisher\":{\"@id\":\"https:\/\/www.hama-bodenbelag.de\/shop\/#organization\"},\"potentialAction\":[{\"@type\":\"SearchAction\",\"target\":{\"@type\":\"EntryPoint\",\"urlTemplate\":\"https:\/\/www.hama-bodenbelag.de\/shop\/?s={search_term_string}\"},\"query-input\":{\"@type\":\"PropertyValueSpecification\",\"valueRequired\":true,\"valueName\":\"search_term_string\"}}],\"inLanguage\":\"de\"},{\"@type\":\"Organization\",\"@id\":\"https:\/\/www.hama-bodenbelag.de\/shop\/#organization\",\"name\":\"Hama Bodenbelagstudio\",\"url\":\"https:\/\/www.hama-bodenbelag.de\/shop\/\",\"logo\":{\"@type\":\"ImageObject\",\"inLanguage\":\"de\",\"@id\":\"https:\/\/www.hama-bodenbelag.de\/shop\/#\/schema\/logo\/image\/\",\"url\":\"https:\/\/www.hama-bodenbelag.de\/wp-content\/uploads\/2018\/03\/Hama-Logo-mit-Mini_webjpg.jpg\",\"contentUrl\":\"https:\/\/www.hama-bodenbelag.de\/wp-content\/uploads\/2018\/03\/Hama-Logo-mit-Mini_webjpg.jpg\",\"width\":1945,\"height\":609,\"caption\":\"Hama Bodenbelagstudio\"},\"image\":{\"@id\":\"https:\/\/www.hama-bodenbelag.de\/shop\/#\/schema\/logo\/image\/\"},\"sameAs\":[\"https:\/\/www.facebook.com\/hamamutterstadt\/\"]}]}<\/script>\n<!-- \/ Yoast SEO plugin. -->","yoast_head_json":{"title":"Sch\u00f6ner Wohnen Teppich Attraction Gitter (Gold; 150 x 80 cm) - Shop Hama Bodenbelagstudio","robots":{"index":"index","follow":"follow","max-snippet":"max-snippet:-1","max-image-preview":"max-image-preview:large","max-video-preview":"max-video-preview:-1"},"canonical":"https:\/\/www.hama-bodenbelag.de\/shop\/shop\/boden\/teppiche\/astra\/schoener-wohnen-teppich-attraction-gitter-gold-150-x-80-cm\/","og_locale":"de_DE","og_type":"article","og_title":"Sch\u00f6ner Wohnen Teppich Attraction Gitter (Gold; 150 x 80 cm) - Shop Hama Bodenbelagstudio","og_description":"Der Teppich Attraction aus der Sch\u00f6ner Wohnen Kollektion \u00fcberzeugt mit modernen Designs und einem Hauch von Farbe.","og_url":"https:\/\/www.hama-bodenbelag.de\/shop\/shop\/boden\/teppiche\/astra\/schoener-wohnen-teppich-attraction-gitter-gold-150-x-80-cm\/","og_site_name":"Shop Hama Bodenbelagstudio","article_publisher":"https:\/\/www.facebook.com\/hamamutterstadt\/","article_modified_time":"2023-03-16T09:56:07+00:00","og_image":[{"width":102,"height":144,"url":"https:\/\/www.hama-bodenbelag.de\/shop\/wp-content\/uploads\/2023\/03\/schoner-wohnen-schoner-wohnen-teppich-attraction-gitter-gold.jpg","type":"image\/jpeg"}],"twitter_card":"summary_large_image","schema":{"@context":"https:\/\/schema.org","@graph":[{"@type":"WebPage","@id":"https:\/\/www.hama-bodenbelag.de\/shop\/shop\/boden\/teppiche\/astra\/schoener-wohnen-teppich-attraction-gitter-gold-150-x-80-cm\/","url":"https:\/\/www.hama-bodenbelag.de\/shop\/shop\/boden\/teppiche\/astra\/schoener-wohnen-teppich-attraction-gitter-gold-150-x-80-cm\/","name":"Sch\u00f6ner Wohnen Teppich Attraction Gitter (Gold; 150 x 80 cm) - Shop Hama Bodenbelagstudio","isPartOf":{"@id":"https:\/\/www.hama-bodenbelag.de\/shop\/#website"},"primaryImageOfPage":{"@id":"https:\/\/www.hama-bodenbelag.de\/shop\/shop\/boden\/teppiche\/astra\/schoener-wohnen-teppich-attraction-gitter-gold-150-x-80-cm\/#primaryimage"},"image":{"@id":"https:\/\/www.hama-bodenbelag.de\/shop\/shop\/boden\/teppiche\/astra\/schoener-wohnen-teppich-attraction-gitter-gold-150-x-80-cm\/#primaryimage"},"thumbnailUrl":"https:\/\/www.hama-bodenbelag.de\/shop\/wp-content\/uploads\/2023\/03\/schoner-wohnen-schoner-wohnen-teppich-attraction-gitter-gold.jpg","datePublished":"2023-03-08T23:19:21+00:00","dateModified":"2023-03-16T09:56:07+00:00","breadcrumb":{"@id":"https:\/\/www.hama-bodenbelag.de\/shop\/shop\/boden\/teppiche\/astra\/schoener-wohnen-teppich-attraction-gitter-gold-150-x-80-cm\/#breadcrumb"},"inLanguage":"de","potentialAction":[{"@type":"ReadAction","target":["https:\/\/www.hama-bodenbelag.de\/shop\/shop\/boden\/teppiche\/astra\/schoener-wohnen-teppich-attraction-gitter-gold-150-x-80-cm\/"]}]},{"@type":"ImageObject","inLanguage":"de","@id":"https:\/\/www.hama-bodenbelag.de\/shop\/shop\/boden\/teppiche\/astra\/schoener-wohnen-teppich-attraction-gitter-gold-150-x-80-cm\/#primaryimage","url":"https:\/\/www.hama-bodenbelag.de\/shop\/wp-content\/uploads\/2023\/03\/schoner-wohnen-schoner-wohnen-teppich-attraction-gitter-gold.jpg","contentUrl":"https:\/\/www.hama-bodenbelag.de\/shop\/wp-content\/uploads\/2023\/03\/schoner-wohnen-schoner-wohnen-teppich-attraction-gitter-gold.jpg","width":102,"height":144},{"@type":"BreadcrumbList","@id":"https:\/\/www.hama-bodenbelag.de\/shop\/shop\/boden\/teppiche\/astra\/schoener-wohnen-teppich-attraction-gitter-gold-150-x-80-cm\/#breadcrumb","itemListElement":[{"@type":"ListItem","position":1,"name":"Startseite","item":"https:\/\/www.hama-bodenbelag.de\/shop\/"},{"@type":"ListItem","position":2,"name":"Shop","item":"https:\/\/www.hama-bodenbelag.de\/shop\/shop\/"},{"@type":"ListItem","position":3,"name":"Sch\u00f6ner Wohnen Teppich Attraction Gitter (Gold; 150 x 80 cm)"}]},{"@type":"WebSite","@id":"https:\/\/www.hama-bodenbelag.de\/shop\/#website","url":"https:\/\/www.hama-bodenbelag.de\/shop\/","name":"Shop Hama Bodenbelagstudio","description":"Shop Hama Bodenbelagstudio Muttstadt","publisher":{"@id":"https:\/\/www.hama-bodenbelag.de\/shop\/#organization"},"potentialAction":[{"@type":"SearchAction","target":{"@type":"EntryPoint","urlTemplate":"https:\/\/www.hama-bodenbelag.de\/shop\/?s={search_term_string}"},"query-input":{"@type":"PropertyValueSpecification","valueRequired":true,"valueName":"search_term_string"}}],"inLanguage":"de"},{"@type":"Organization","@id":"https:\/\/www.hama-bodenbelag.de\/shop\/#organization","name":"Hama Bodenbelagstudio","url":"https:\/\/www.hama-bodenbelag.de\/shop\/","logo":{"@type":"ImageObject","inLanguage":"de","@id":"https:\/\/www.hama-bodenbelag.de\/shop\/#\/schema\/logo\/image\/","url":"https:\/\/www.hama-bodenbelag.de\/wp-content\/uploads\/2018\/03\/Hama-Logo-mit-Mini_webjpg.jpg","contentUrl":"https:\/\/www.hama-bodenbelag.de\/wp-content\/uploads\/2018\/03\/Hama-Logo-mit-Mini_webjpg.jpg","width":1945,"height":609,"caption":"Hama Bodenbelagstudio"},"image":{"@id":"https:\/\/www.hama-bodenbelag.de\/shop\/#\/schema\/logo\/image\/"},"sameAs":["https:\/\/www.facebook.com\/hamamutterstadt\/"]}]}},"jetpack_sharing_enabled":true,"_links":{"self":[{"href":"https:\/\/www.hama-bodenbelag.de\/shop\/wp-json\/wp\/v2\/product\/43204","targetHints":{"allow":["GET"]}}],"collection":[{"href":"https:\/\/www.hama-bodenbelag.de\/shop\/wp-json\/wp\/v2\/product"}],"about":[{"href":"https:\/\/www.hama-bodenbelag.de\/shop\/wp-json\/wp\/v2\/types\/product"}],"replies":[{"embeddable":true,"href":"https:\/\/www.hama-bodenbelag.de\/shop\/wp-json\/wp\/v2\/comments?post=43204"}],"wp:featuredmedia":[{"embeddable":true,"href":"https:\/\/www.hama-bodenbelag.de\/shop\/wp-json\/wp\/v2\/media\/28206"}],"wp:attachment":[{"href":"https:\/\/www.hama-bodenbelag.de\/shop\/wp-json\/wp\/v2\/media?parent=43204"}],"wp:term":[{"taxonomy":"product_brand","embeddable":true,"href":"https:\/\/www.hama-bodenbelag.de\/shop\/wp-json\/wp\/v2\/product_brand?post=43204"},{"taxonomy":"product_cat","embeddable":true,"href":"https:\/\/www.hama-bodenbelag.de\/shop\/wp-json\/wp\/v2\/product_cat?post=43204"},{"taxonomy":"product_tag","embeddable":true,"href":"https:\/\/www.hama-bodenbelag.de\/shop\/wp-json\/wp\/v2\/product_tag?post=43204"}],"curies":[{"name":"wp","href":"https:\/\/api.w.org\/{rel}","templated":true}]}}