{"id":43331,"date":"2023-03-09T00:23:25","date_gmt":"2023-03-08T23:23:25","guid":{"rendered":"https:\/\/www.hama-bodenbelag.de\/shop\/https:\/www.hama-bodenbelag.de\/shop-hama\/produkt\/astra-designteppich-positano-borduere-d-213-beige-290-x-200-cm\/"},"modified":"2023-03-16T10:56:56","modified_gmt":"2023-03-16T09:56:56","slug":"astra-designteppich-positano-borduere-d-213-beige-290-x-200-cm","status":"publish","type":"product","link":"https:\/\/www.hama-bodenbelag.de\/shop\/shop\/boden\/teppiche\/astra\/astra-designteppich-positano-borduere-d-213-beige-290-x-200-cm\/","title":{"rendered":"Astra Designteppich Positano Bord\u00fcre D.213 (Beige; 290 x 200 cm)"},"content":{"rendered":"<p>Das detailreiche Bord\u00fcrendesign den Positano Teppichs ist in den Farben Beige und Blau gehalten. Der weiche und elegante Flor \u00fcberzeugt bei diesem Teppich. Es gibt den Positano in vier Standartgr\u00f6\u00dfen und auch in sechs weiteren Designs. Der Teppich ist dank der Materialien pflegeleicht und kann in R\u00e4umen mit Fu\u00dfbodenheizung genutzt werden.<\/p>\n","protected":false},"excerpt":{"rendered":"<p>Die Designteppiche der Positano Qualit\u00e4t haben eine ganz tolle Haptik und f\u00fcgen sich wunderbar in Ihren Wohnraum ein.<\/p>\n","protected":false},"featured_media":28370,"comment_status":"closed","ping_status":"closed","template":"","meta":{"_acf_changed":false},"product_brand":[],"product_cat":[7297],"product_tag":[],"class_list":{"0":"post-43331","1":"product","2":"type-product","3":"status-publish","4":"has-post-thumbnail","6":"product_cat-astra","7":"product_shipping_class-paketversand","8":"pa_abmessung-290-x-200-cm","9":"pa_farbe-beige","10":"pa_filterfarbe-beige","11":"pa_florhoehe-7661","12":"pa_form-rechteckig","13":"pa_hersteller-astra","14":"pa_kollektion-designteppiche","15":"pa_marke-astra","16":"pa_material-50-viskose-50-polyester","17":"pa_muster-design-dekor-bordueren","18":"tm-no-options","20":"first","21":"instock","22":"taxable","23":"shipping-taxable","24":"purchasable","25":"product-type-simple"},"acf":[],"yoast_head":"<!-- This site is optimized with the Yoast SEO plugin v27.2 - https:\/\/yoast.com\/product\/yoast-seo-wordpress\/ -->\n<title>Astra Designteppich Positano Bord\u00fcre D.213 (Beige; 290 x 200 cm) - Shop Hama Bodenbelagstudio<\/title>\n<meta name=\"robots\" content=\"index, follow, max-snippet:-1, max-image-preview:large, max-video-preview:-1\" \/>\n<link rel=\"canonical\" href=\"https:\/\/www.hama-bodenbelag.de\/shop\/shop\/boden\/teppiche\/astra\/astra-designteppich-positano-borduere-d-213-beige-290-x-200-cm\/\" \/>\n<meta property=\"og:locale\" content=\"de_DE\" \/>\n<meta property=\"og:type\" content=\"article\" \/>\n<meta property=\"og:title\" content=\"Astra Designteppich Positano Bord\u00fcre D.213 (Beige; 290 x 200 cm) - Shop Hama Bodenbelagstudio\" \/>\n<meta property=\"og:description\" content=\"Die Designteppiche der Positano Qualit\u00e4t haben eine ganz tolle Haptik und f\u00fcgen sich wunderbar in Ihren Wohnraum ein.\" \/>\n<meta property=\"og:url\" content=\"https:\/\/www.hama-bodenbelag.de\/shop\/shop\/boden\/teppiche\/astra\/astra-designteppich-positano-borduere-d-213-beige-290-x-200-cm\/\" \/>\n<meta property=\"og:site_name\" content=\"Shop Hama Bodenbelagstudio\" \/>\n<meta property=\"article:publisher\" content=\"https:\/\/www.facebook.com\/hamamutterstadt\/\" \/>\n<meta property=\"article:modified_time\" content=\"2023-03-16T09:56:56+00:00\" \/>\n<meta property=\"og:image\" content=\"https:\/\/www.hama-bodenbelag.de\/shop\/wp-content\/uploads\/2023\/03\/astra-astra-designteppich-positano-bordure-d-213-beige.jpg\" \/>\n\t<meta property=\"og:image:width\" content=\"1291\" \/>\n\t<meta property=\"og:image:height\" content=\"1920\" \/>\n\t<meta property=\"og:image:type\" content=\"image\/jpeg\" \/>\n<meta name=\"twitter:card\" content=\"summary_large_image\" \/>\n<script type=\"application\/ld+json\" class=\"yoast-schema-graph\">{\"@context\":\"https:\/\/schema.org\",\"@graph\":[{\"@type\":\"WebPage\",\"@id\":\"https:\/\/www.hama-bodenbelag.de\/shop\/shop\/boden\/teppiche\/astra\/astra-designteppich-positano-borduere-d-213-beige-290-x-200-cm\/\",\"url\":\"https:\/\/www.hama-bodenbelag.de\/shop\/shop\/boden\/teppiche\/astra\/astra-designteppich-positano-borduere-d-213-beige-290-x-200-cm\/\",\"name\":\"Astra Designteppich Positano Bord\u00fcre D.213 (Beige; 290 x 200 cm) - Shop Hama Bodenbelagstudio\",\"isPartOf\":{\"@id\":\"https:\/\/www.hama-bodenbelag.de\/shop\/#website\"},\"primaryImageOfPage\":{\"@id\":\"https:\/\/www.hama-bodenbelag.de\/shop\/shop\/boden\/teppiche\/astra\/astra-designteppich-positano-borduere-d-213-beige-290-x-200-cm\/#primaryimage\"},\"image\":{\"@id\":\"https:\/\/www.hama-bodenbelag.de\/shop\/shop\/boden\/teppiche\/astra\/astra-designteppich-positano-borduere-d-213-beige-290-x-200-cm\/#primaryimage\"},\"thumbnailUrl\":\"https:\/\/www.hama-bodenbelag.de\/shop\/wp-content\/uploads\/2023\/03\/astra-astra-designteppich-positano-bordure-d-213-beige.jpg\",\"datePublished\":\"2023-03-08T23:23:25+00:00\",\"dateModified\":\"2023-03-16T09:56:56+00:00\",\"breadcrumb\":{\"@id\":\"https:\/\/www.hama-bodenbelag.de\/shop\/shop\/boden\/teppiche\/astra\/astra-designteppich-positano-borduere-d-213-beige-290-x-200-cm\/#breadcrumb\"},\"inLanguage\":\"de\",\"potentialAction\":[{\"@type\":\"ReadAction\",\"target\":[\"https:\/\/www.hama-bodenbelag.de\/shop\/shop\/boden\/teppiche\/astra\/astra-designteppich-positano-borduere-d-213-beige-290-x-200-cm\/\"]}]},{\"@type\":\"ImageObject\",\"inLanguage\":\"de\",\"@id\":\"https:\/\/www.hama-bodenbelag.de\/shop\/shop\/boden\/teppiche\/astra\/astra-designteppich-positano-borduere-d-213-beige-290-x-200-cm\/#primaryimage\",\"url\":\"https:\/\/www.hama-bodenbelag.de\/shop\/wp-content\/uploads\/2023\/03\/astra-astra-designteppich-positano-bordure-d-213-beige.jpg\",\"contentUrl\":\"https:\/\/www.hama-bodenbelag.de\/shop\/wp-content\/uploads\/2023\/03\/astra-astra-designteppich-positano-bordure-d-213-beige.jpg\",\"width\":1291,\"height\":1920},{\"@type\":\"BreadcrumbList\",\"@id\":\"https:\/\/www.hama-bodenbelag.de\/shop\/shop\/boden\/teppiche\/astra\/astra-designteppich-positano-borduere-d-213-beige-290-x-200-cm\/#breadcrumb\",\"itemListElement\":[{\"@type\":\"ListItem\",\"position\":1,\"name\":\"Startseite\",\"item\":\"https:\/\/www.hama-bodenbelag.de\/shop\/\"},{\"@type\":\"ListItem\",\"position\":2,\"name\":\"Shop\",\"item\":\"https:\/\/www.hama-bodenbelag.de\/shop\/shop\/\"},{\"@type\":\"ListItem\",\"position\":3,\"name\":\"Astra Designteppich Positano Bord\u00fcre D.213 (Beige; 290 x 200 cm)\"}]},{\"@type\":\"WebSite\",\"@id\":\"https:\/\/www.hama-bodenbelag.de\/shop\/#website\",\"url\":\"https:\/\/www.hama-bodenbelag.de\/shop\/\",\"name\":\"Shop Hama Bodenbelagstudio\",\"description\":\"Shop Hama Bodenbelagstudio Muttstadt\",\"publisher\":{\"@id\":\"https:\/\/www.hama-bodenbelag.de\/shop\/#organization\"},\"potentialAction\":[{\"@type\":\"SearchAction\",\"target\":{\"@type\":\"EntryPoint\",\"urlTemplate\":\"https:\/\/www.hama-bodenbelag.de\/shop\/?s={search_term_string}\"},\"query-input\":{\"@type\":\"PropertyValueSpecification\",\"valueRequired\":true,\"valueName\":\"search_term_string\"}}],\"inLanguage\":\"de\"},{\"@type\":\"Organization\",\"@id\":\"https:\/\/www.hama-bodenbelag.de\/shop\/#organization\",\"name\":\"Hama Bodenbelagstudio\",\"url\":\"https:\/\/www.hama-bodenbelag.de\/shop\/\",\"logo\":{\"@type\":\"ImageObject\",\"inLanguage\":\"de\",\"@id\":\"https:\/\/www.hama-bodenbelag.de\/shop\/#\/schema\/logo\/image\/\",\"url\":\"https:\/\/www.hama-bodenbelag.de\/wp-content\/uploads\/2018\/03\/Hama-Logo-mit-Mini_webjpg.jpg\",\"contentUrl\":\"https:\/\/www.hama-bodenbelag.de\/wp-content\/uploads\/2018\/03\/Hama-Logo-mit-Mini_webjpg.jpg\",\"width\":1945,\"height\":609,\"caption\":\"Hama Bodenbelagstudio\"},\"image\":{\"@id\":\"https:\/\/www.hama-bodenbelag.de\/shop\/#\/schema\/logo\/image\/\"},\"sameAs\":[\"https:\/\/www.facebook.com\/hamamutterstadt\/\"]}]}<\/script>\n<!-- \/ Yoast SEO plugin. -->","yoast_head_json":{"title":"Astra Designteppich Positano Bord\u00fcre D.213 (Beige; 290 x 200 cm) - Shop Hama Bodenbelagstudio","robots":{"index":"index","follow":"follow","max-snippet":"max-snippet:-1","max-image-preview":"max-image-preview:large","max-video-preview":"max-video-preview:-1"},"canonical":"https:\/\/www.hama-bodenbelag.de\/shop\/shop\/boden\/teppiche\/astra\/astra-designteppich-positano-borduere-d-213-beige-290-x-200-cm\/","og_locale":"de_DE","og_type":"article","og_title":"Astra Designteppich Positano Bord\u00fcre D.213 (Beige; 290 x 200 cm) - Shop Hama Bodenbelagstudio","og_description":"Die Designteppiche der Positano Qualit\u00e4t haben eine ganz tolle Haptik und f\u00fcgen sich wunderbar in Ihren Wohnraum ein.","og_url":"https:\/\/www.hama-bodenbelag.de\/shop\/shop\/boden\/teppiche\/astra\/astra-designteppich-positano-borduere-d-213-beige-290-x-200-cm\/","og_site_name":"Shop Hama Bodenbelagstudio","article_publisher":"https:\/\/www.facebook.com\/hamamutterstadt\/","article_modified_time":"2023-03-16T09:56:56+00:00","og_image":[{"width":1291,"height":1920,"url":"https:\/\/www.hama-bodenbelag.de\/shop\/wp-content\/uploads\/2023\/03\/astra-astra-designteppich-positano-bordure-d-213-beige.jpg","type":"image\/jpeg"}],"twitter_card":"summary_large_image","schema":{"@context":"https:\/\/schema.org","@graph":[{"@type":"WebPage","@id":"https:\/\/www.hama-bodenbelag.de\/shop\/shop\/boden\/teppiche\/astra\/astra-designteppich-positano-borduere-d-213-beige-290-x-200-cm\/","url":"https:\/\/www.hama-bodenbelag.de\/shop\/shop\/boden\/teppiche\/astra\/astra-designteppich-positano-borduere-d-213-beige-290-x-200-cm\/","name":"Astra Designteppich Positano Bord\u00fcre D.213 (Beige; 290 x 200 cm) - Shop Hama Bodenbelagstudio","isPartOf":{"@id":"https:\/\/www.hama-bodenbelag.de\/shop\/#website"},"primaryImageOfPage":{"@id":"https:\/\/www.hama-bodenbelag.de\/shop\/shop\/boden\/teppiche\/astra\/astra-designteppich-positano-borduere-d-213-beige-290-x-200-cm\/#primaryimage"},"image":{"@id":"https:\/\/www.hama-bodenbelag.de\/shop\/shop\/boden\/teppiche\/astra\/astra-designteppich-positano-borduere-d-213-beige-290-x-200-cm\/#primaryimage"},"thumbnailUrl":"https:\/\/www.hama-bodenbelag.de\/shop\/wp-content\/uploads\/2023\/03\/astra-astra-designteppich-positano-bordure-d-213-beige.jpg","datePublished":"2023-03-08T23:23:25+00:00","dateModified":"2023-03-16T09:56:56+00:00","breadcrumb":{"@id":"https:\/\/www.hama-bodenbelag.de\/shop\/shop\/boden\/teppiche\/astra\/astra-designteppich-positano-borduere-d-213-beige-290-x-200-cm\/#breadcrumb"},"inLanguage":"de","potentialAction":[{"@type":"ReadAction","target":["https:\/\/www.hama-bodenbelag.de\/shop\/shop\/boden\/teppiche\/astra\/astra-designteppich-positano-borduere-d-213-beige-290-x-200-cm\/"]}]},{"@type":"ImageObject","inLanguage":"de","@id":"https:\/\/www.hama-bodenbelag.de\/shop\/shop\/boden\/teppiche\/astra\/astra-designteppich-positano-borduere-d-213-beige-290-x-200-cm\/#primaryimage","url":"https:\/\/www.hama-bodenbelag.de\/shop\/wp-content\/uploads\/2023\/03\/astra-astra-designteppich-positano-bordure-d-213-beige.jpg","contentUrl":"https:\/\/www.hama-bodenbelag.de\/shop\/wp-content\/uploads\/2023\/03\/astra-astra-designteppich-positano-bordure-d-213-beige.jpg","width":1291,"height":1920},{"@type":"BreadcrumbList","@id":"https:\/\/www.hama-bodenbelag.de\/shop\/shop\/boden\/teppiche\/astra\/astra-designteppich-positano-borduere-d-213-beige-290-x-200-cm\/#breadcrumb","itemListElement":[{"@type":"ListItem","position":1,"name":"Startseite","item":"https:\/\/www.hama-bodenbelag.de\/shop\/"},{"@type":"ListItem","position":2,"name":"Shop","item":"https:\/\/www.hama-bodenbelag.de\/shop\/shop\/"},{"@type":"ListItem","position":3,"name":"Astra Designteppich Positano Bord\u00fcre D.213 (Beige; 290 x 200 cm)"}]},{"@type":"WebSite","@id":"https:\/\/www.hama-bodenbelag.de\/shop\/#website","url":"https:\/\/www.hama-bodenbelag.de\/shop\/","name":"Shop Hama Bodenbelagstudio","description":"Shop Hama Bodenbelagstudio Muttstadt","publisher":{"@id":"https:\/\/www.hama-bodenbelag.de\/shop\/#organization"},"potentialAction":[{"@type":"SearchAction","target":{"@type":"EntryPoint","urlTemplate":"https:\/\/www.hama-bodenbelag.de\/shop\/?s={search_term_string}"},"query-input":{"@type":"PropertyValueSpecification","valueRequired":true,"valueName":"search_term_string"}}],"inLanguage":"de"},{"@type":"Organization","@id":"https:\/\/www.hama-bodenbelag.de\/shop\/#organization","name":"Hama Bodenbelagstudio","url":"https:\/\/www.hama-bodenbelag.de\/shop\/","logo":{"@type":"ImageObject","inLanguage":"de","@id":"https:\/\/www.hama-bodenbelag.de\/shop\/#\/schema\/logo\/image\/","url":"https:\/\/www.hama-bodenbelag.de\/wp-content\/uploads\/2018\/03\/Hama-Logo-mit-Mini_webjpg.jpg","contentUrl":"https:\/\/www.hama-bodenbelag.de\/wp-content\/uploads\/2018\/03\/Hama-Logo-mit-Mini_webjpg.jpg","width":1945,"height":609,"caption":"Hama Bodenbelagstudio"},"image":{"@id":"https:\/\/www.hama-bodenbelag.de\/shop\/#\/schema\/logo\/image\/"},"sameAs":["https:\/\/www.facebook.com\/hamamutterstadt\/"]}]}},"jetpack_sharing_enabled":true,"_links":{"self":[{"href":"https:\/\/www.hama-bodenbelag.de\/shop\/wp-json\/wp\/v2\/product\/43331","targetHints":{"allow":["GET"]}}],"collection":[{"href":"https:\/\/www.hama-bodenbelag.de\/shop\/wp-json\/wp\/v2\/product"}],"about":[{"href":"https:\/\/www.hama-bodenbelag.de\/shop\/wp-json\/wp\/v2\/types\/product"}],"replies":[{"embeddable":true,"href":"https:\/\/www.hama-bodenbelag.de\/shop\/wp-json\/wp\/v2\/comments?post=43331"}],"wp:featuredmedia":[{"embeddable":true,"href":"https:\/\/www.hama-bodenbelag.de\/shop\/wp-json\/wp\/v2\/media\/28370"}],"wp:attachment":[{"href":"https:\/\/www.hama-bodenbelag.de\/shop\/wp-json\/wp\/v2\/media?parent=43331"}],"wp:term":[{"taxonomy":"product_brand","embeddable":true,"href":"https:\/\/www.hama-bodenbelag.de\/shop\/wp-json\/wp\/v2\/product_brand?post=43331"},{"taxonomy":"product_cat","embeddable":true,"href":"https:\/\/www.hama-bodenbelag.de\/shop\/wp-json\/wp\/v2\/product_cat?post=43331"},{"taxonomy":"product_tag","embeddable":true,"href":"https:\/\/www.hama-bodenbelag.de\/shop\/wp-json\/wp\/v2\/product_tag?post=43331"}],"curies":[{"name":"wp","href":"https:\/\/api.w.org\/{rel}","templated":true}]}}