{"id":43440,"date":"2023-03-09T00:26:59","date_gmt":"2023-03-08T23:26:59","guid":{"rendered":"https:\/\/www.hama-bodenbelag.de\/shop\/https:\/www.hama-bodenbelag.de\/shop-hama\/produkt\/wedgwood-designer-teppich-gio-39107-petrol-240-x-170-cm\/"},"modified":"2023-03-17T00:00:21","modified_gmt":"2023-03-16T23:00:21","slug":"wedgwood-designer-teppich-gio-39107-petrol-240-x-170-cm","status":"publish","type":"product","link":"https:\/\/www.hama-bodenbelag.de\/shop\/shop\/boden\/teppiche\/brink-campmann\/wedgwood-designer-teppich-gio-39107-petrol-240-x-170-cm\/","title":{"rendered":"Wedgwood Designer Teppich Gio 39107 (Petrol; 240 x 170 cm)"},"content":{"rendered":"<p>Der petrolfarbene Designer Teppich Gio hat ein wundersch\u00f6nes gleichm\u00e4\u00dfiges Muster, welches versetzt wiederholt wird. Das Muster kommt dank der weichen Viskose strahlend zu Geltung und unterst\u00fctzt so das sch\u00f6ne Farbbild. Der Teppich besteht zu 89% aus reiner Schurwolle, die nicht nur nachhaltig, sondern auch pflegeleicht ist. Der Teppich ist au\u00dferdem f\u00fcr R\u00e4ume mit Fu\u00dfbodenheizung geeignet und ist in vier Standartgr\u00f6\u00dfen und weiteren zwei Farben erh\u00e4ltlich. Sollten Sie einen Teppich in einem besonderen Ma\u00df suchen, so k\u00f6nnen Sie alle Wedgwood Teppiche aus dem Hause Brink&#038;Campman in Ihrem Wunschma\u00df bestellen.<\/p>\n","protected":false},"excerpt":{"rendered":"<p>Wedgwood entwirft den Designer Teppich Gio 39107 mit einem geometrischen Muster welches durch das Material wunderbar hervorkommt.<\/p>\n","protected":false},"featured_media":28474,"comment_status":"closed","ping_status":"closed","template":"","meta":{"_acf_changed":false},"product_brand":[],"product_cat":[7337],"product_tag":[],"class_list":{"0":"post-43440","1":"product","2":"type-product","3":"status-publish","4":"has-post-thumbnail","6":"product_cat-brink-campmann","7":"product_shipping_class-paketversand","8":"pa_abmessung-240-x-170-cm","9":"pa_farbe-petrol","10":"pa_filterfarbe-blau","11":"pa_florhoehe-7449","12":"pa_form-rechteckig","13":"pa_hersteller-brink-campmann","14":"pa_herstellungsart-handgetuftet","15":"pa_kollektion-wedgwood","16":"pa_marke-wedgwood","17":"pa_material-89-wolle-11-viscose","18":"pa_muster-design-dekor-figuren-formen","19":"tm-no-options","21":"first","22":"instock","23":"taxable","24":"shipping-taxable","25":"purchasable","26":"product-type-simple"},"acf":[],"yoast_head":"<!-- This site is optimized with the Yoast SEO plugin v27.2 - https:\/\/yoast.com\/product\/yoast-seo-wordpress\/ -->\n<title>Wedgwood Designer Teppich Gio 39107 (Petrol; 240 x 170 cm) - Shop Hama Bodenbelagstudio<\/title>\n<meta name=\"robots\" content=\"index, follow, max-snippet:-1, max-image-preview:large, max-video-preview:-1\" \/>\n<link rel=\"canonical\" href=\"https:\/\/www.hama-bodenbelag.de\/shop\/shop\/boden\/teppiche\/brink-campmann\/wedgwood-designer-teppich-gio-39107-petrol-240-x-170-cm\/\" \/>\n<meta property=\"og:locale\" content=\"de_DE\" \/>\n<meta property=\"og:type\" content=\"article\" \/>\n<meta property=\"og:title\" content=\"Wedgwood Designer Teppich Gio 39107 (Petrol; 240 x 170 cm) - Shop Hama Bodenbelagstudio\" \/>\n<meta property=\"og:description\" content=\"Wedgwood entwirft den Designer Teppich Gio 39107 mit einem geometrischen Muster welches durch das Material wunderbar hervorkommt.\" \/>\n<meta property=\"og:url\" content=\"https:\/\/www.hama-bodenbelag.de\/shop\/shop\/boden\/teppiche\/brink-campmann\/wedgwood-designer-teppich-gio-39107-petrol-240-x-170-cm\/\" \/>\n<meta property=\"og:site_name\" content=\"Shop Hama Bodenbelagstudio\" \/>\n<meta property=\"article:publisher\" content=\"https:\/\/www.facebook.com\/hamamutterstadt\/\" \/>\n<meta property=\"article:modified_time\" content=\"2023-03-16T23:00:21+00:00\" \/>\n<meta property=\"og:image\" content=\"https:\/\/www.hama-bodenbelag.de\/shop\/wp-content\/uploads\/2023\/03\/wedgwood-wedgwood-designer-teppich-gio-39107-petrol.jpg\" \/>\n\t<meta property=\"og:image:width\" content=\"478\" \/>\n\t<meta property=\"og:image:height\" content=\"660\" \/>\n\t<meta property=\"og:image:type\" content=\"image\/jpeg\" \/>\n<meta name=\"twitter:card\" content=\"summary_large_image\" \/>\n<script type=\"application\/ld+json\" class=\"yoast-schema-graph\">{\"@context\":\"https:\/\/schema.org\",\"@graph\":[{\"@type\":\"WebPage\",\"@id\":\"https:\/\/www.hama-bodenbelag.de\/shop\/shop\/boden\/teppiche\/brink-campmann\/wedgwood-designer-teppich-gio-39107-petrol-240-x-170-cm\/\",\"url\":\"https:\/\/www.hama-bodenbelag.de\/shop\/shop\/boden\/teppiche\/brink-campmann\/wedgwood-designer-teppich-gio-39107-petrol-240-x-170-cm\/\",\"name\":\"Wedgwood Designer Teppich Gio 39107 (Petrol; 240 x 170 cm) - Shop Hama Bodenbelagstudio\",\"isPartOf\":{\"@id\":\"https:\/\/www.hama-bodenbelag.de\/shop\/#website\"},\"primaryImageOfPage\":{\"@id\":\"https:\/\/www.hama-bodenbelag.de\/shop\/shop\/boden\/teppiche\/brink-campmann\/wedgwood-designer-teppich-gio-39107-petrol-240-x-170-cm\/#primaryimage\"},\"image\":{\"@id\":\"https:\/\/www.hama-bodenbelag.de\/shop\/shop\/boden\/teppiche\/brink-campmann\/wedgwood-designer-teppich-gio-39107-petrol-240-x-170-cm\/#primaryimage\"},\"thumbnailUrl\":\"https:\/\/www.hama-bodenbelag.de\/shop\/wp-content\/uploads\/2023\/03\/wedgwood-wedgwood-designer-teppich-gio-39107-petrol.jpg\",\"datePublished\":\"2023-03-08T23:26:59+00:00\",\"dateModified\":\"2023-03-16T23:00:21+00:00\",\"breadcrumb\":{\"@id\":\"https:\/\/www.hama-bodenbelag.de\/shop\/shop\/boden\/teppiche\/brink-campmann\/wedgwood-designer-teppich-gio-39107-petrol-240-x-170-cm\/#breadcrumb\"},\"inLanguage\":\"de\",\"potentialAction\":[{\"@type\":\"ReadAction\",\"target\":[\"https:\/\/www.hama-bodenbelag.de\/shop\/shop\/boden\/teppiche\/brink-campmann\/wedgwood-designer-teppich-gio-39107-petrol-240-x-170-cm\/\"]}]},{\"@type\":\"ImageObject\",\"inLanguage\":\"de\",\"@id\":\"https:\/\/www.hama-bodenbelag.de\/shop\/shop\/boden\/teppiche\/brink-campmann\/wedgwood-designer-teppich-gio-39107-petrol-240-x-170-cm\/#primaryimage\",\"url\":\"https:\/\/www.hama-bodenbelag.de\/shop\/wp-content\/uploads\/2023\/03\/wedgwood-wedgwood-designer-teppich-gio-39107-petrol.jpg\",\"contentUrl\":\"https:\/\/www.hama-bodenbelag.de\/shop\/wp-content\/uploads\/2023\/03\/wedgwood-wedgwood-designer-teppich-gio-39107-petrol.jpg\",\"width\":478,\"height\":660},{\"@type\":\"BreadcrumbList\",\"@id\":\"https:\/\/www.hama-bodenbelag.de\/shop\/shop\/boden\/teppiche\/brink-campmann\/wedgwood-designer-teppich-gio-39107-petrol-240-x-170-cm\/#breadcrumb\",\"itemListElement\":[{\"@type\":\"ListItem\",\"position\":1,\"name\":\"Startseite\",\"item\":\"https:\/\/www.hama-bodenbelag.de\/shop\/\"},{\"@type\":\"ListItem\",\"position\":2,\"name\":\"Shop\",\"item\":\"https:\/\/www.hama-bodenbelag.de\/shop\/shop\/\"},{\"@type\":\"ListItem\",\"position\":3,\"name\":\"Wedgwood Designer Teppich Gio 39107 (Petrol; 240 x 170 cm)\"}]},{\"@type\":\"WebSite\",\"@id\":\"https:\/\/www.hama-bodenbelag.de\/shop\/#website\",\"url\":\"https:\/\/www.hama-bodenbelag.de\/shop\/\",\"name\":\"Shop Hama Bodenbelagstudio\",\"description\":\"Shop Hama Bodenbelagstudio Muttstadt\",\"publisher\":{\"@id\":\"https:\/\/www.hama-bodenbelag.de\/shop\/#organization\"},\"potentialAction\":[{\"@type\":\"SearchAction\",\"target\":{\"@type\":\"EntryPoint\",\"urlTemplate\":\"https:\/\/www.hama-bodenbelag.de\/shop\/?s={search_term_string}\"},\"query-input\":{\"@type\":\"PropertyValueSpecification\",\"valueRequired\":true,\"valueName\":\"search_term_string\"}}],\"inLanguage\":\"de\"},{\"@type\":\"Organization\",\"@id\":\"https:\/\/www.hama-bodenbelag.de\/shop\/#organization\",\"name\":\"Hama Bodenbelagstudio\",\"url\":\"https:\/\/www.hama-bodenbelag.de\/shop\/\",\"logo\":{\"@type\":\"ImageObject\",\"inLanguage\":\"de\",\"@id\":\"https:\/\/www.hama-bodenbelag.de\/shop\/#\/schema\/logo\/image\/\",\"url\":\"https:\/\/www.hama-bodenbelag.de\/wp-content\/uploads\/2018\/03\/Hama-Logo-mit-Mini_webjpg.jpg\",\"contentUrl\":\"https:\/\/www.hama-bodenbelag.de\/wp-content\/uploads\/2018\/03\/Hama-Logo-mit-Mini_webjpg.jpg\",\"width\":1945,\"height\":609,\"caption\":\"Hama Bodenbelagstudio\"},\"image\":{\"@id\":\"https:\/\/www.hama-bodenbelag.de\/shop\/#\/schema\/logo\/image\/\"},\"sameAs\":[\"https:\/\/www.facebook.com\/hamamutterstadt\/\"]}]}<\/script>\n<!-- \/ Yoast SEO plugin. -->","yoast_head_json":{"title":"Wedgwood Designer Teppich Gio 39107 (Petrol; 240 x 170 cm) - Shop Hama Bodenbelagstudio","robots":{"index":"index","follow":"follow","max-snippet":"max-snippet:-1","max-image-preview":"max-image-preview:large","max-video-preview":"max-video-preview:-1"},"canonical":"https:\/\/www.hama-bodenbelag.de\/shop\/shop\/boden\/teppiche\/brink-campmann\/wedgwood-designer-teppich-gio-39107-petrol-240-x-170-cm\/","og_locale":"de_DE","og_type":"article","og_title":"Wedgwood Designer Teppich Gio 39107 (Petrol; 240 x 170 cm) - Shop Hama Bodenbelagstudio","og_description":"Wedgwood entwirft den Designer Teppich Gio 39107 mit einem geometrischen Muster welches durch das Material wunderbar hervorkommt.","og_url":"https:\/\/www.hama-bodenbelag.de\/shop\/shop\/boden\/teppiche\/brink-campmann\/wedgwood-designer-teppich-gio-39107-petrol-240-x-170-cm\/","og_site_name":"Shop Hama Bodenbelagstudio","article_publisher":"https:\/\/www.facebook.com\/hamamutterstadt\/","article_modified_time":"2023-03-16T23:00:21+00:00","og_image":[{"width":478,"height":660,"url":"https:\/\/www.hama-bodenbelag.de\/shop\/wp-content\/uploads\/2023\/03\/wedgwood-wedgwood-designer-teppich-gio-39107-petrol.jpg","type":"image\/jpeg"}],"twitter_card":"summary_large_image","schema":{"@context":"https:\/\/schema.org","@graph":[{"@type":"WebPage","@id":"https:\/\/www.hama-bodenbelag.de\/shop\/shop\/boden\/teppiche\/brink-campmann\/wedgwood-designer-teppich-gio-39107-petrol-240-x-170-cm\/","url":"https:\/\/www.hama-bodenbelag.de\/shop\/shop\/boden\/teppiche\/brink-campmann\/wedgwood-designer-teppich-gio-39107-petrol-240-x-170-cm\/","name":"Wedgwood Designer Teppich Gio 39107 (Petrol; 240 x 170 cm) - Shop Hama Bodenbelagstudio","isPartOf":{"@id":"https:\/\/www.hama-bodenbelag.de\/shop\/#website"},"primaryImageOfPage":{"@id":"https:\/\/www.hama-bodenbelag.de\/shop\/shop\/boden\/teppiche\/brink-campmann\/wedgwood-designer-teppich-gio-39107-petrol-240-x-170-cm\/#primaryimage"},"image":{"@id":"https:\/\/www.hama-bodenbelag.de\/shop\/shop\/boden\/teppiche\/brink-campmann\/wedgwood-designer-teppich-gio-39107-petrol-240-x-170-cm\/#primaryimage"},"thumbnailUrl":"https:\/\/www.hama-bodenbelag.de\/shop\/wp-content\/uploads\/2023\/03\/wedgwood-wedgwood-designer-teppich-gio-39107-petrol.jpg","datePublished":"2023-03-08T23:26:59+00:00","dateModified":"2023-03-16T23:00:21+00:00","breadcrumb":{"@id":"https:\/\/www.hama-bodenbelag.de\/shop\/shop\/boden\/teppiche\/brink-campmann\/wedgwood-designer-teppich-gio-39107-petrol-240-x-170-cm\/#breadcrumb"},"inLanguage":"de","potentialAction":[{"@type":"ReadAction","target":["https:\/\/www.hama-bodenbelag.de\/shop\/shop\/boden\/teppiche\/brink-campmann\/wedgwood-designer-teppich-gio-39107-petrol-240-x-170-cm\/"]}]},{"@type":"ImageObject","inLanguage":"de","@id":"https:\/\/www.hama-bodenbelag.de\/shop\/shop\/boden\/teppiche\/brink-campmann\/wedgwood-designer-teppich-gio-39107-petrol-240-x-170-cm\/#primaryimage","url":"https:\/\/www.hama-bodenbelag.de\/shop\/wp-content\/uploads\/2023\/03\/wedgwood-wedgwood-designer-teppich-gio-39107-petrol.jpg","contentUrl":"https:\/\/www.hama-bodenbelag.de\/shop\/wp-content\/uploads\/2023\/03\/wedgwood-wedgwood-designer-teppich-gio-39107-petrol.jpg","width":478,"height":660},{"@type":"BreadcrumbList","@id":"https:\/\/www.hama-bodenbelag.de\/shop\/shop\/boden\/teppiche\/brink-campmann\/wedgwood-designer-teppich-gio-39107-petrol-240-x-170-cm\/#breadcrumb","itemListElement":[{"@type":"ListItem","position":1,"name":"Startseite","item":"https:\/\/www.hama-bodenbelag.de\/shop\/"},{"@type":"ListItem","position":2,"name":"Shop","item":"https:\/\/www.hama-bodenbelag.de\/shop\/shop\/"},{"@type":"ListItem","position":3,"name":"Wedgwood Designer Teppich Gio 39107 (Petrol; 240 x 170 cm)"}]},{"@type":"WebSite","@id":"https:\/\/www.hama-bodenbelag.de\/shop\/#website","url":"https:\/\/www.hama-bodenbelag.de\/shop\/","name":"Shop Hama Bodenbelagstudio","description":"Shop Hama Bodenbelagstudio Muttstadt","publisher":{"@id":"https:\/\/www.hama-bodenbelag.de\/shop\/#organization"},"potentialAction":[{"@type":"SearchAction","target":{"@type":"EntryPoint","urlTemplate":"https:\/\/www.hama-bodenbelag.de\/shop\/?s={search_term_string}"},"query-input":{"@type":"PropertyValueSpecification","valueRequired":true,"valueName":"search_term_string"}}],"inLanguage":"de"},{"@type":"Organization","@id":"https:\/\/www.hama-bodenbelag.de\/shop\/#organization","name":"Hama Bodenbelagstudio","url":"https:\/\/www.hama-bodenbelag.de\/shop\/","logo":{"@type":"ImageObject","inLanguage":"de","@id":"https:\/\/www.hama-bodenbelag.de\/shop\/#\/schema\/logo\/image\/","url":"https:\/\/www.hama-bodenbelag.de\/wp-content\/uploads\/2018\/03\/Hama-Logo-mit-Mini_webjpg.jpg","contentUrl":"https:\/\/www.hama-bodenbelag.de\/wp-content\/uploads\/2018\/03\/Hama-Logo-mit-Mini_webjpg.jpg","width":1945,"height":609,"caption":"Hama Bodenbelagstudio"},"image":{"@id":"https:\/\/www.hama-bodenbelag.de\/shop\/#\/schema\/logo\/image\/"},"sameAs":["https:\/\/www.facebook.com\/hamamutterstadt\/"]}]}},"jetpack_sharing_enabled":true,"_links":{"self":[{"href":"https:\/\/www.hama-bodenbelag.de\/shop\/wp-json\/wp\/v2\/product\/43440","targetHints":{"allow":["GET"]}}],"collection":[{"href":"https:\/\/www.hama-bodenbelag.de\/shop\/wp-json\/wp\/v2\/product"}],"about":[{"href":"https:\/\/www.hama-bodenbelag.de\/shop\/wp-json\/wp\/v2\/types\/product"}],"replies":[{"embeddable":true,"href":"https:\/\/www.hama-bodenbelag.de\/shop\/wp-json\/wp\/v2\/comments?post=43440"}],"wp:featuredmedia":[{"embeddable":true,"href":"https:\/\/www.hama-bodenbelag.de\/shop\/wp-json\/wp\/v2\/media\/28474"}],"wp:attachment":[{"href":"https:\/\/www.hama-bodenbelag.de\/shop\/wp-json\/wp\/v2\/media?parent=43440"}],"wp:term":[{"taxonomy":"product_brand","embeddable":true,"href":"https:\/\/www.hama-bodenbelag.de\/shop\/wp-json\/wp\/v2\/product_brand?post=43440"},{"taxonomy":"product_cat","embeddable":true,"href":"https:\/\/www.hama-bodenbelag.de\/shop\/wp-json\/wp\/v2\/product_cat?post=43440"},{"taxonomy":"product_tag","embeddable":true,"href":"https:\/\/www.hama-bodenbelag.de\/shop\/wp-json\/wp\/v2\/product_tag?post=43440"}],"curies":[{"name":"wp","href":"https:\/\/api.w.org\/{rel}","templated":true}]}}