{"id":44476,"date":"2023-03-09T01:03:23","date_gmt":"2023-03-09T00:03:23","guid":{"rendered":"https:\/\/www.hama-bodenbelag.de\/shop\/https:\/www.hama-bodenbelag.de\/shop-hama\/produkt\/gino-falcone-uni-teppich-alessandro-creme-50-x-80-cm\/"},"modified":"2023-03-17T00:04:38","modified_gmt":"2023-03-16T23:04:38","slug":"gino-falcone-uni-teppich-alessandro-creme-50-x-80-cm","status":"publish","type":"product","link":"https:\/\/www.hama-bodenbelag.de\/shop\/shop\/boden\/teppiche\/theo-keller-gmbh\/gino-falcone-uni-teppich-alessandro-creme-50-x-80-cm\/","title":{"rendered":"Gino Falcone Uni Teppich Alessandro (Creme; 50 x 80 cm)"},"content":{"rendered":"<p>Das helle und farbenfrohe Design des Gino Falcone Teppichs Alessandro verleiht Ihren R\u00e4umen eine besonders gem\u00fctliche Atmosph\u00e4re. Der Flor des Desgin Teppich Alessandro besteht aus 100% Polypropylen und ist somit besonders weich und flauschig, so dass sie sich sofort wohlf\u00fchlen werden! In 10 besonders kr\u00e4ftigen Farben erh\u00e4ltlich, werden Sie f\u00fcr jeden Wohnstil immer den passenden Teppich finden! Edelste Textilien, feinste Verarbeitung und ein besonderes Auge f\u00fcr Qualit\u00e4t und Zuverl\u00e4ssigkeit, daf\u00fcr steht Gino Falcone seit vielen Jahren mit seinem guten Namen. \u00dcberzeugen Sie sich selbst von dem weichen und kuscheligen  Teppich Alessandro von Gino Falcone!<\/p>\n","protected":false},"excerpt":{"rendered":"<p>Gino Falcone Teppich Alessandro \u2013 Wunderbar weicher Flor und satten Farben f\u00fcr besonders gem\u00fctliche Raumgestaltung!<\/p>\n","protected":false},"featured_media":9702,"comment_status":"closed","ping_status":"closed","template":"","meta":{"_acf_changed":false},"product_brand":[],"product_cat":[7750],"product_tag":[],"class_list":{"0":"post-44476","1":"product","2":"type-product","3":"status-publish","4":"has-post-thumbnail","6":"product_cat-theo-keller-gmbh","7":"product_shipping_class-paketversand","8":"pa_abmessung-50-x-80-cm","9":"pa_farbe-creme","10":"pa_filterfarbe-beige","11":"pa_florhoehe-7317","12":"pa_form-rechteckig","13":"pa_hersteller-theo-keller-gmbh","14":"pa_kollektion-gino-falcone","15":"pa_marke-theko-die-markenteppiche","16":"pa_material-100-polypropylen","17":"pa_muster-design-dekor-handgetuftet","18":"tm-no-options","20":"first","21":"instock","22":"taxable","23":"shipping-taxable","24":"purchasable","25":"product-type-simple"},"acf":[],"yoast_head":"<!-- This site is optimized with the Yoast SEO plugin v27.2 - https:\/\/yoast.com\/product\/yoast-seo-wordpress\/ -->\n<title>Gino Falcone Uni Teppich Alessandro (Creme; 50 x 80 cm) - Shop Hama Bodenbelagstudio<\/title>\n<meta name=\"robots\" content=\"index, follow, max-snippet:-1, max-image-preview:large, max-video-preview:-1\" \/>\n<link rel=\"canonical\" href=\"https:\/\/www.hama-bodenbelag.de\/shop\/shop\/boden\/teppiche\/theo-keller-gmbh\/gino-falcone-uni-teppich-alessandro-creme-50-x-80-cm\/\" \/>\n<meta property=\"og:locale\" content=\"de_DE\" \/>\n<meta property=\"og:type\" content=\"article\" \/>\n<meta property=\"og:title\" content=\"Gino Falcone Uni Teppich Alessandro (Creme; 50 x 80 cm) - Shop Hama Bodenbelagstudio\" \/>\n<meta property=\"og:description\" content=\"Gino Falcone Teppich Alessandro \u2013 Wunderbar weicher Flor und satten Farben f\u00fcr besonders gem\u00fctliche Raumgestaltung!\" \/>\n<meta property=\"og:url\" content=\"https:\/\/www.hama-bodenbelag.de\/shop\/shop\/boden\/teppiche\/theo-keller-gmbh\/gino-falcone-uni-teppich-alessandro-creme-50-x-80-cm\/\" \/>\n<meta property=\"og:site_name\" content=\"Shop Hama Bodenbelagstudio\" \/>\n<meta property=\"article:publisher\" content=\"https:\/\/www.facebook.com\/hamamutterstadt\/\" \/>\n<meta property=\"article:modified_time\" content=\"2023-03-16T23:04:38+00:00\" \/>\n<meta property=\"og:image\" content=\"https:\/\/www.hama-bodenbelag.de\/shop\/wp-content\/uploads\/2020\/10\/theko-die-markenteppiche-gino-falcone-uni-teppich-alessandro-creme.jpg\" \/>\n\t<meta property=\"og:image:width\" content=\"1356\" \/>\n\t<meta property=\"og:image:height\" content=\"1920\" \/>\n\t<meta property=\"og:image:type\" content=\"image\/jpeg\" \/>\n<meta name=\"twitter:card\" content=\"summary_large_image\" \/>\n<meta name=\"twitter:label1\" content=\"Gesch\u00e4tzte Lesezeit\" \/>\n\t<meta name=\"twitter:data1\" content=\"1\u00a0Minute\" \/>\n<script type=\"application\/ld+json\" class=\"yoast-schema-graph\">{\"@context\":\"https:\/\/schema.org\",\"@graph\":[{\"@type\":\"WebPage\",\"@id\":\"https:\/\/www.hama-bodenbelag.de\/shop\/shop\/boden\/teppiche\/theo-keller-gmbh\/gino-falcone-uni-teppich-alessandro-creme-50-x-80-cm\/\",\"url\":\"https:\/\/www.hama-bodenbelag.de\/shop\/shop\/boden\/teppiche\/theo-keller-gmbh\/gino-falcone-uni-teppich-alessandro-creme-50-x-80-cm\/\",\"name\":\"Gino Falcone Uni Teppich Alessandro (Creme; 50 x 80 cm) - Shop Hama Bodenbelagstudio\",\"isPartOf\":{\"@id\":\"https:\/\/www.hama-bodenbelag.de\/shop\/#website\"},\"primaryImageOfPage\":{\"@id\":\"https:\/\/www.hama-bodenbelag.de\/shop\/shop\/boden\/teppiche\/theo-keller-gmbh\/gino-falcone-uni-teppich-alessandro-creme-50-x-80-cm\/#primaryimage\"},\"image\":{\"@id\":\"https:\/\/www.hama-bodenbelag.de\/shop\/shop\/boden\/teppiche\/theo-keller-gmbh\/gino-falcone-uni-teppich-alessandro-creme-50-x-80-cm\/#primaryimage\"},\"thumbnailUrl\":\"https:\/\/www.hama-bodenbelag.de\/shop\/wp-content\/uploads\/2020\/10\/theko-die-markenteppiche-gino-falcone-uni-teppich-alessandro-creme.jpg\",\"datePublished\":\"2023-03-09T00:03:23+00:00\",\"dateModified\":\"2023-03-16T23:04:38+00:00\",\"breadcrumb\":{\"@id\":\"https:\/\/www.hama-bodenbelag.de\/shop\/shop\/boden\/teppiche\/theo-keller-gmbh\/gino-falcone-uni-teppich-alessandro-creme-50-x-80-cm\/#breadcrumb\"},\"inLanguage\":\"de\",\"potentialAction\":[{\"@type\":\"ReadAction\",\"target\":[\"https:\/\/www.hama-bodenbelag.de\/shop\/shop\/boden\/teppiche\/theo-keller-gmbh\/gino-falcone-uni-teppich-alessandro-creme-50-x-80-cm\/\"]}]},{\"@type\":\"ImageObject\",\"inLanguage\":\"de\",\"@id\":\"https:\/\/www.hama-bodenbelag.de\/shop\/shop\/boden\/teppiche\/theo-keller-gmbh\/gino-falcone-uni-teppich-alessandro-creme-50-x-80-cm\/#primaryimage\",\"url\":\"https:\/\/www.hama-bodenbelag.de\/shop\/wp-content\/uploads\/2020\/10\/theko-die-markenteppiche-gino-falcone-uni-teppich-alessandro-creme.jpg\",\"contentUrl\":\"https:\/\/www.hama-bodenbelag.de\/shop\/wp-content\/uploads\/2020\/10\/theko-die-markenteppiche-gino-falcone-uni-teppich-alessandro-creme.jpg\",\"width\":1356,\"height\":1920},{\"@type\":\"BreadcrumbList\",\"@id\":\"https:\/\/www.hama-bodenbelag.de\/shop\/shop\/boden\/teppiche\/theo-keller-gmbh\/gino-falcone-uni-teppich-alessandro-creme-50-x-80-cm\/#breadcrumb\",\"itemListElement\":[{\"@type\":\"ListItem\",\"position\":1,\"name\":\"Startseite\",\"item\":\"https:\/\/www.hama-bodenbelag.de\/shop\/\"},{\"@type\":\"ListItem\",\"position\":2,\"name\":\"Shop\",\"item\":\"https:\/\/www.hama-bodenbelag.de\/shop\/shop\/\"},{\"@type\":\"ListItem\",\"position\":3,\"name\":\"Gino Falcone Uni Teppich Alessandro (Creme; 50 x 80 cm)\"}]},{\"@type\":\"WebSite\",\"@id\":\"https:\/\/www.hama-bodenbelag.de\/shop\/#website\",\"url\":\"https:\/\/www.hama-bodenbelag.de\/shop\/\",\"name\":\"Shop Hama Bodenbelagstudio\",\"description\":\"Shop Hama Bodenbelagstudio Muttstadt\",\"publisher\":{\"@id\":\"https:\/\/www.hama-bodenbelag.de\/shop\/#organization\"},\"potentialAction\":[{\"@type\":\"SearchAction\",\"target\":{\"@type\":\"EntryPoint\",\"urlTemplate\":\"https:\/\/www.hama-bodenbelag.de\/shop\/?s={search_term_string}\"},\"query-input\":{\"@type\":\"PropertyValueSpecification\",\"valueRequired\":true,\"valueName\":\"search_term_string\"}}],\"inLanguage\":\"de\"},{\"@type\":\"Organization\",\"@id\":\"https:\/\/www.hama-bodenbelag.de\/shop\/#organization\",\"name\":\"Hama Bodenbelagstudio\",\"url\":\"https:\/\/www.hama-bodenbelag.de\/shop\/\",\"logo\":{\"@type\":\"ImageObject\",\"inLanguage\":\"de\",\"@id\":\"https:\/\/www.hama-bodenbelag.de\/shop\/#\/schema\/logo\/image\/\",\"url\":\"https:\/\/www.hama-bodenbelag.de\/wp-content\/uploads\/2018\/03\/Hama-Logo-mit-Mini_webjpg.jpg\",\"contentUrl\":\"https:\/\/www.hama-bodenbelag.de\/wp-content\/uploads\/2018\/03\/Hama-Logo-mit-Mini_webjpg.jpg\",\"width\":1945,\"height\":609,\"caption\":\"Hama Bodenbelagstudio\"},\"image\":{\"@id\":\"https:\/\/www.hama-bodenbelag.de\/shop\/#\/schema\/logo\/image\/\"},\"sameAs\":[\"https:\/\/www.facebook.com\/hamamutterstadt\/\"]}]}<\/script>\n<!-- \/ Yoast SEO plugin. -->","yoast_head_json":{"title":"Gino Falcone Uni Teppich Alessandro (Creme; 50 x 80 cm) - Shop Hama Bodenbelagstudio","robots":{"index":"index","follow":"follow","max-snippet":"max-snippet:-1","max-image-preview":"max-image-preview:large","max-video-preview":"max-video-preview:-1"},"canonical":"https:\/\/www.hama-bodenbelag.de\/shop\/shop\/boden\/teppiche\/theo-keller-gmbh\/gino-falcone-uni-teppich-alessandro-creme-50-x-80-cm\/","og_locale":"de_DE","og_type":"article","og_title":"Gino Falcone Uni Teppich Alessandro (Creme; 50 x 80 cm) - Shop Hama Bodenbelagstudio","og_description":"Gino Falcone Teppich Alessandro \u2013 Wunderbar weicher Flor und satten Farben f\u00fcr besonders gem\u00fctliche Raumgestaltung!","og_url":"https:\/\/www.hama-bodenbelag.de\/shop\/shop\/boden\/teppiche\/theo-keller-gmbh\/gino-falcone-uni-teppich-alessandro-creme-50-x-80-cm\/","og_site_name":"Shop Hama Bodenbelagstudio","article_publisher":"https:\/\/www.facebook.com\/hamamutterstadt\/","article_modified_time":"2023-03-16T23:04:38+00:00","og_image":[{"width":1356,"height":1920,"url":"https:\/\/www.hama-bodenbelag.de\/shop\/wp-content\/uploads\/2020\/10\/theko-die-markenteppiche-gino-falcone-uni-teppich-alessandro-creme.jpg","type":"image\/jpeg"}],"twitter_card":"summary_large_image","twitter_misc":{"Gesch\u00e4tzte Lesezeit":"1\u00a0Minute"},"schema":{"@context":"https:\/\/schema.org","@graph":[{"@type":"WebPage","@id":"https:\/\/www.hama-bodenbelag.de\/shop\/shop\/boden\/teppiche\/theo-keller-gmbh\/gino-falcone-uni-teppich-alessandro-creme-50-x-80-cm\/","url":"https:\/\/www.hama-bodenbelag.de\/shop\/shop\/boden\/teppiche\/theo-keller-gmbh\/gino-falcone-uni-teppich-alessandro-creme-50-x-80-cm\/","name":"Gino Falcone Uni Teppich Alessandro (Creme; 50 x 80 cm) - Shop Hama Bodenbelagstudio","isPartOf":{"@id":"https:\/\/www.hama-bodenbelag.de\/shop\/#website"},"primaryImageOfPage":{"@id":"https:\/\/www.hama-bodenbelag.de\/shop\/shop\/boden\/teppiche\/theo-keller-gmbh\/gino-falcone-uni-teppich-alessandro-creme-50-x-80-cm\/#primaryimage"},"image":{"@id":"https:\/\/www.hama-bodenbelag.de\/shop\/shop\/boden\/teppiche\/theo-keller-gmbh\/gino-falcone-uni-teppich-alessandro-creme-50-x-80-cm\/#primaryimage"},"thumbnailUrl":"https:\/\/www.hama-bodenbelag.de\/shop\/wp-content\/uploads\/2020\/10\/theko-die-markenteppiche-gino-falcone-uni-teppich-alessandro-creme.jpg","datePublished":"2023-03-09T00:03:23+00:00","dateModified":"2023-03-16T23:04:38+00:00","breadcrumb":{"@id":"https:\/\/www.hama-bodenbelag.de\/shop\/shop\/boden\/teppiche\/theo-keller-gmbh\/gino-falcone-uni-teppich-alessandro-creme-50-x-80-cm\/#breadcrumb"},"inLanguage":"de","potentialAction":[{"@type":"ReadAction","target":["https:\/\/www.hama-bodenbelag.de\/shop\/shop\/boden\/teppiche\/theo-keller-gmbh\/gino-falcone-uni-teppich-alessandro-creme-50-x-80-cm\/"]}]},{"@type":"ImageObject","inLanguage":"de","@id":"https:\/\/www.hama-bodenbelag.de\/shop\/shop\/boden\/teppiche\/theo-keller-gmbh\/gino-falcone-uni-teppich-alessandro-creme-50-x-80-cm\/#primaryimage","url":"https:\/\/www.hama-bodenbelag.de\/shop\/wp-content\/uploads\/2020\/10\/theko-die-markenteppiche-gino-falcone-uni-teppich-alessandro-creme.jpg","contentUrl":"https:\/\/www.hama-bodenbelag.de\/shop\/wp-content\/uploads\/2020\/10\/theko-die-markenteppiche-gino-falcone-uni-teppich-alessandro-creme.jpg","width":1356,"height":1920},{"@type":"BreadcrumbList","@id":"https:\/\/www.hama-bodenbelag.de\/shop\/shop\/boden\/teppiche\/theo-keller-gmbh\/gino-falcone-uni-teppich-alessandro-creme-50-x-80-cm\/#breadcrumb","itemListElement":[{"@type":"ListItem","position":1,"name":"Startseite","item":"https:\/\/www.hama-bodenbelag.de\/shop\/"},{"@type":"ListItem","position":2,"name":"Shop","item":"https:\/\/www.hama-bodenbelag.de\/shop\/shop\/"},{"@type":"ListItem","position":3,"name":"Gino Falcone Uni Teppich Alessandro (Creme; 50 x 80 cm)"}]},{"@type":"WebSite","@id":"https:\/\/www.hama-bodenbelag.de\/shop\/#website","url":"https:\/\/www.hama-bodenbelag.de\/shop\/","name":"Shop Hama Bodenbelagstudio","description":"Shop Hama Bodenbelagstudio Muttstadt","publisher":{"@id":"https:\/\/www.hama-bodenbelag.de\/shop\/#organization"},"potentialAction":[{"@type":"SearchAction","target":{"@type":"EntryPoint","urlTemplate":"https:\/\/www.hama-bodenbelag.de\/shop\/?s={search_term_string}"},"query-input":{"@type":"PropertyValueSpecification","valueRequired":true,"valueName":"search_term_string"}}],"inLanguage":"de"},{"@type":"Organization","@id":"https:\/\/www.hama-bodenbelag.de\/shop\/#organization","name":"Hama Bodenbelagstudio","url":"https:\/\/www.hama-bodenbelag.de\/shop\/","logo":{"@type":"ImageObject","inLanguage":"de","@id":"https:\/\/www.hama-bodenbelag.de\/shop\/#\/schema\/logo\/image\/","url":"https:\/\/www.hama-bodenbelag.de\/wp-content\/uploads\/2018\/03\/Hama-Logo-mit-Mini_webjpg.jpg","contentUrl":"https:\/\/www.hama-bodenbelag.de\/wp-content\/uploads\/2018\/03\/Hama-Logo-mit-Mini_webjpg.jpg","width":1945,"height":609,"caption":"Hama Bodenbelagstudio"},"image":{"@id":"https:\/\/www.hama-bodenbelag.de\/shop\/#\/schema\/logo\/image\/"},"sameAs":["https:\/\/www.facebook.com\/hamamutterstadt\/"]}]}},"jetpack_sharing_enabled":true,"_links":{"self":[{"href":"https:\/\/www.hama-bodenbelag.de\/shop\/wp-json\/wp\/v2\/product\/44476","targetHints":{"allow":["GET"]}}],"collection":[{"href":"https:\/\/www.hama-bodenbelag.de\/shop\/wp-json\/wp\/v2\/product"}],"about":[{"href":"https:\/\/www.hama-bodenbelag.de\/shop\/wp-json\/wp\/v2\/types\/product"}],"replies":[{"embeddable":true,"href":"https:\/\/www.hama-bodenbelag.de\/shop\/wp-json\/wp\/v2\/comments?post=44476"}],"wp:featuredmedia":[{"embeddable":true,"href":"https:\/\/www.hama-bodenbelag.de\/shop\/wp-json\/wp\/v2\/media\/9702"}],"wp:attachment":[{"href":"https:\/\/www.hama-bodenbelag.de\/shop\/wp-json\/wp\/v2\/media?parent=44476"}],"wp:term":[{"taxonomy":"product_brand","embeddable":true,"href":"https:\/\/www.hama-bodenbelag.de\/shop\/wp-json\/wp\/v2\/product_brand?post=44476"},{"taxonomy":"product_cat","embeddable":true,"href":"https:\/\/www.hama-bodenbelag.de\/shop\/wp-json\/wp\/v2\/product_cat?post=44476"},{"taxonomy":"product_tag","embeddable":true,"href":"https:\/\/www.hama-bodenbelag.de\/shop\/wp-json\/wp\/v2\/product_tag?post=44476"}],"curies":[{"name":"wp","href":"https:\/\/api.w.org\/{rel}","templated":true}]}}