{"id":44832,"date":"2023-03-09T01:15:42","date_gmt":"2023-03-09T00:15:42","guid":{"rendered":"https:\/\/www.hama-bodenbelag.de\/shop\/https:\/www.hama-bodenbelag.de\/shop-hama\/produkt\/tom-tailor-teppich-garden-pattern-gruen-120-x-70-cm\/"},"modified":"2023-03-17T00:05:27","modified_gmt":"2023-03-16T23:05:27","slug":"tom-tailor-teppich-garden-pattern-gruen-120-x-70-cm","status":"publish","type":"product","link":"https:\/\/www.hama-bodenbelag.de\/shop\/shop\/boden\/teppiche\/theo-keller-gmbh\/tom-tailor-teppich-garden-pattern-gruen-120-x-70-cm\/","title":{"rendered":"TOM TAILOR Teppich Garden &#8211; Pattern (Gr\u00fcn; 120 x 70 cm)"},"content":{"rendered":"<p>Das elegante Diamantmuster des TOM TAILOR Teppichs Garden Pattern, wird in Kombination mit den kr\u00e4ftigen Farben, in jedem Raum zum perfekten Eye-Catcher. Der Markenteppich besteht zu 100% aus unempfindlichem Polyester, so dass er sich trotz seines geringen Flors, auch bestens f\u00fcr stark strapazierte Bereiche eignet. Ob Wohn-, Schlaf-, oder Esszimmer, der TOM TAILOR Garden Pattern wird dank der gro\u00dfen Farbauswahl in jedem Raum zum perfekten Blickfang. Und dank des strapazierf\u00e4higen Materials, eignet sich der Markenteppich sowohl f\u00fcr Innen-, als auch f\u00fcr Au\u00dfenbereiche, weshalb der Garden Pattern zum perfekten Allrounder wird. \u00dcberzeugen Sie sich selbst von dem wunderbaren TOM TAILOR Teppich Garden Pattern!<\/p>\n","protected":false},"excerpt":{"rendered":"<p>TOM TAILOR Teppich Garden Pattern \u2013 Tolles Design und gro\u00dfe Farbvielfalt, verleihen ungeahnten Charme.<\/p>\n","protected":false},"featured_media":30009,"comment_status":"closed","ping_status":"closed","template":"","meta":{"_acf_changed":false},"product_brand":[],"product_cat":[7750],"product_tag":[],"class_list":{"0":"post-44832","1":"product","2":"type-product","3":"status-publish","4":"has-post-thumbnail","6":"product_cat-theo-keller-gmbh","7":"product_shipping_class-paketversand","8":"pa_abmessung-120-x-70-cm","9":"pa_farbe-gruen","10":"pa_filterfarbe-gruen","11":"pa_florhoehe-7853","12":"pa_form-rechteckig","13":"pa_hersteller-theo-keller-gmbh","14":"pa_herstellungsart-maschinellgewebt","15":"pa_kollektion-tom-tailor","16":"pa_marke-tom-tailor","17":"pa_material-100-polyeseter","18":"pa_muster-design-dekor-figuren-formen","19":"tm-no-options","21":"first","22":"instock","23":"taxable","24":"shipping-taxable","25":"purchasable","26":"product-type-simple"},"acf":[],"yoast_head":"<!-- This site is optimized with the Yoast SEO plugin v27.2 - https:\/\/yoast.com\/product\/yoast-seo-wordpress\/ -->\n<title>TOM TAILOR Teppich Garden - Pattern (Gr\u00fcn; 120 x 70 cm) - Shop Hama Bodenbelagstudio<\/title>\n<meta name=\"robots\" content=\"index, follow, max-snippet:-1, max-image-preview:large, max-video-preview:-1\" \/>\n<link rel=\"canonical\" href=\"https:\/\/www.hama-bodenbelag.de\/shop\/shop\/boden\/teppiche\/theo-keller-gmbh\/tom-tailor-teppich-garden-pattern-gruen-120-x-70-cm\/\" \/>\n<meta property=\"og:locale\" content=\"de_DE\" \/>\n<meta property=\"og:type\" content=\"article\" \/>\n<meta property=\"og:title\" content=\"TOM TAILOR Teppich Garden - Pattern (Gr\u00fcn; 120 x 70 cm) - Shop Hama Bodenbelagstudio\" \/>\n<meta property=\"og:description\" content=\"TOM TAILOR Teppich Garden Pattern \u2013 Tolles Design und gro\u00dfe Farbvielfalt, verleihen ungeahnten Charme.\" \/>\n<meta property=\"og:url\" content=\"https:\/\/www.hama-bodenbelag.de\/shop\/shop\/boden\/teppiche\/theo-keller-gmbh\/tom-tailor-teppich-garden-pattern-gruen-120-x-70-cm\/\" \/>\n<meta property=\"og:site_name\" content=\"Shop Hama Bodenbelagstudio\" \/>\n<meta property=\"article:publisher\" content=\"https:\/\/www.facebook.com\/hamamutterstadt\/\" \/>\n<meta property=\"article:modified_time\" content=\"2023-03-16T23:05:27+00:00\" \/>\n<meta property=\"og:image\" content=\"https:\/\/www.hama-bodenbelag.de\/shop\/wp-content\/uploads\/2023\/03\/tom-tailor-tom-tailor-teppich-garden-pattern-grun.jpg\" \/>\n\t<meta property=\"og:image:width\" content=\"1195\" \/>\n\t<meta property=\"og:image:height\" content=\"1920\" \/>\n\t<meta property=\"og:image:type\" content=\"image\/jpeg\" \/>\n<meta name=\"twitter:card\" content=\"summary_large_image\" \/>\n<meta name=\"twitter:label1\" content=\"Gesch\u00e4tzte Lesezeit\" \/>\n\t<meta name=\"twitter:data1\" content=\"1\u00a0Minute\" \/>\n<script type=\"application\/ld+json\" class=\"yoast-schema-graph\">{\"@context\":\"https:\/\/schema.org\",\"@graph\":[{\"@type\":\"WebPage\",\"@id\":\"https:\/\/www.hama-bodenbelag.de\/shop\/shop\/boden\/teppiche\/theo-keller-gmbh\/tom-tailor-teppich-garden-pattern-gruen-120-x-70-cm\/\",\"url\":\"https:\/\/www.hama-bodenbelag.de\/shop\/shop\/boden\/teppiche\/theo-keller-gmbh\/tom-tailor-teppich-garden-pattern-gruen-120-x-70-cm\/\",\"name\":\"TOM TAILOR Teppich Garden - Pattern (Gr\u00fcn; 120 x 70 cm) - Shop Hama Bodenbelagstudio\",\"isPartOf\":{\"@id\":\"https:\/\/www.hama-bodenbelag.de\/shop\/#website\"},\"primaryImageOfPage\":{\"@id\":\"https:\/\/www.hama-bodenbelag.de\/shop\/shop\/boden\/teppiche\/theo-keller-gmbh\/tom-tailor-teppich-garden-pattern-gruen-120-x-70-cm\/#primaryimage\"},\"image\":{\"@id\":\"https:\/\/www.hama-bodenbelag.de\/shop\/shop\/boden\/teppiche\/theo-keller-gmbh\/tom-tailor-teppich-garden-pattern-gruen-120-x-70-cm\/#primaryimage\"},\"thumbnailUrl\":\"https:\/\/www.hama-bodenbelag.de\/shop\/wp-content\/uploads\/2023\/03\/tom-tailor-tom-tailor-teppich-garden-pattern-grun.jpg\",\"datePublished\":\"2023-03-09T00:15:42+00:00\",\"dateModified\":\"2023-03-16T23:05:27+00:00\",\"breadcrumb\":{\"@id\":\"https:\/\/www.hama-bodenbelag.de\/shop\/shop\/boden\/teppiche\/theo-keller-gmbh\/tom-tailor-teppich-garden-pattern-gruen-120-x-70-cm\/#breadcrumb\"},\"inLanguage\":\"de\",\"potentialAction\":[{\"@type\":\"ReadAction\",\"target\":[\"https:\/\/www.hama-bodenbelag.de\/shop\/shop\/boden\/teppiche\/theo-keller-gmbh\/tom-tailor-teppich-garden-pattern-gruen-120-x-70-cm\/\"]}]},{\"@type\":\"ImageObject\",\"inLanguage\":\"de\",\"@id\":\"https:\/\/www.hama-bodenbelag.de\/shop\/shop\/boden\/teppiche\/theo-keller-gmbh\/tom-tailor-teppich-garden-pattern-gruen-120-x-70-cm\/#primaryimage\",\"url\":\"https:\/\/www.hama-bodenbelag.de\/shop\/wp-content\/uploads\/2023\/03\/tom-tailor-tom-tailor-teppich-garden-pattern-grun.jpg\",\"contentUrl\":\"https:\/\/www.hama-bodenbelag.de\/shop\/wp-content\/uploads\/2023\/03\/tom-tailor-tom-tailor-teppich-garden-pattern-grun.jpg\",\"width\":1195,\"height\":1920},{\"@type\":\"BreadcrumbList\",\"@id\":\"https:\/\/www.hama-bodenbelag.de\/shop\/shop\/boden\/teppiche\/theo-keller-gmbh\/tom-tailor-teppich-garden-pattern-gruen-120-x-70-cm\/#breadcrumb\",\"itemListElement\":[{\"@type\":\"ListItem\",\"position\":1,\"name\":\"Startseite\",\"item\":\"https:\/\/www.hama-bodenbelag.de\/shop\/\"},{\"@type\":\"ListItem\",\"position\":2,\"name\":\"Shop\",\"item\":\"https:\/\/www.hama-bodenbelag.de\/shop\/shop\/\"},{\"@type\":\"ListItem\",\"position\":3,\"name\":\"TOM TAILOR Teppich Garden &#8211; Pattern (Gr\u00fcn; 120 x 70 cm)\"}]},{\"@type\":\"WebSite\",\"@id\":\"https:\/\/www.hama-bodenbelag.de\/shop\/#website\",\"url\":\"https:\/\/www.hama-bodenbelag.de\/shop\/\",\"name\":\"Shop Hama Bodenbelagstudio\",\"description\":\"Shop Hama Bodenbelagstudio Muttstadt\",\"publisher\":{\"@id\":\"https:\/\/www.hama-bodenbelag.de\/shop\/#organization\"},\"potentialAction\":[{\"@type\":\"SearchAction\",\"target\":{\"@type\":\"EntryPoint\",\"urlTemplate\":\"https:\/\/www.hama-bodenbelag.de\/shop\/?s={search_term_string}\"},\"query-input\":{\"@type\":\"PropertyValueSpecification\",\"valueRequired\":true,\"valueName\":\"search_term_string\"}}],\"inLanguage\":\"de\"},{\"@type\":\"Organization\",\"@id\":\"https:\/\/www.hama-bodenbelag.de\/shop\/#organization\",\"name\":\"Hama Bodenbelagstudio\",\"url\":\"https:\/\/www.hama-bodenbelag.de\/shop\/\",\"logo\":{\"@type\":\"ImageObject\",\"inLanguage\":\"de\",\"@id\":\"https:\/\/www.hama-bodenbelag.de\/shop\/#\/schema\/logo\/image\/\",\"url\":\"https:\/\/www.hama-bodenbelag.de\/wp-content\/uploads\/2018\/03\/Hama-Logo-mit-Mini_webjpg.jpg\",\"contentUrl\":\"https:\/\/www.hama-bodenbelag.de\/wp-content\/uploads\/2018\/03\/Hama-Logo-mit-Mini_webjpg.jpg\",\"width\":1945,\"height\":609,\"caption\":\"Hama Bodenbelagstudio\"},\"image\":{\"@id\":\"https:\/\/www.hama-bodenbelag.de\/shop\/#\/schema\/logo\/image\/\"},\"sameAs\":[\"https:\/\/www.facebook.com\/hamamutterstadt\/\"]}]}<\/script>\n<!-- \/ Yoast SEO plugin. -->","yoast_head_json":{"title":"TOM TAILOR Teppich Garden - Pattern (Gr\u00fcn; 120 x 70 cm) - Shop Hama Bodenbelagstudio","robots":{"index":"index","follow":"follow","max-snippet":"max-snippet:-1","max-image-preview":"max-image-preview:large","max-video-preview":"max-video-preview:-1"},"canonical":"https:\/\/www.hama-bodenbelag.de\/shop\/shop\/boden\/teppiche\/theo-keller-gmbh\/tom-tailor-teppich-garden-pattern-gruen-120-x-70-cm\/","og_locale":"de_DE","og_type":"article","og_title":"TOM TAILOR Teppich Garden - Pattern (Gr\u00fcn; 120 x 70 cm) - Shop Hama Bodenbelagstudio","og_description":"TOM TAILOR Teppich Garden Pattern \u2013 Tolles Design und gro\u00dfe Farbvielfalt, verleihen ungeahnten Charme.","og_url":"https:\/\/www.hama-bodenbelag.de\/shop\/shop\/boden\/teppiche\/theo-keller-gmbh\/tom-tailor-teppich-garden-pattern-gruen-120-x-70-cm\/","og_site_name":"Shop Hama Bodenbelagstudio","article_publisher":"https:\/\/www.facebook.com\/hamamutterstadt\/","article_modified_time":"2023-03-16T23:05:27+00:00","og_image":[{"width":1195,"height":1920,"url":"https:\/\/www.hama-bodenbelag.de\/shop\/wp-content\/uploads\/2023\/03\/tom-tailor-tom-tailor-teppich-garden-pattern-grun.jpg","type":"image\/jpeg"}],"twitter_card":"summary_large_image","twitter_misc":{"Gesch\u00e4tzte Lesezeit":"1\u00a0Minute"},"schema":{"@context":"https:\/\/schema.org","@graph":[{"@type":"WebPage","@id":"https:\/\/www.hama-bodenbelag.de\/shop\/shop\/boden\/teppiche\/theo-keller-gmbh\/tom-tailor-teppich-garden-pattern-gruen-120-x-70-cm\/","url":"https:\/\/www.hama-bodenbelag.de\/shop\/shop\/boden\/teppiche\/theo-keller-gmbh\/tom-tailor-teppich-garden-pattern-gruen-120-x-70-cm\/","name":"TOM TAILOR Teppich Garden - Pattern (Gr\u00fcn; 120 x 70 cm) - Shop Hama Bodenbelagstudio","isPartOf":{"@id":"https:\/\/www.hama-bodenbelag.de\/shop\/#website"},"primaryImageOfPage":{"@id":"https:\/\/www.hama-bodenbelag.de\/shop\/shop\/boden\/teppiche\/theo-keller-gmbh\/tom-tailor-teppich-garden-pattern-gruen-120-x-70-cm\/#primaryimage"},"image":{"@id":"https:\/\/www.hama-bodenbelag.de\/shop\/shop\/boden\/teppiche\/theo-keller-gmbh\/tom-tailor-teppich-garden-pattern-gruen-120-x-70-cm\/#primaryimage"},"thumbnailUrl":"https:\/\/www.hama-bodenbelag.de\/shop\/wp-content\/uploads\/2023\/03\/tom-tailor-tom-tailor-teppich-garden-pattern-grun.jpg","datePublished":"2023-03-09T00:15:42+00:00","dateModified":"2023-03-16T23:05:27+00:00","breadcrumb":{"@id":"https:\/\/www.hama-bodenbelag.de\/shop\/shop\/boden\/teppiche\/theo-keller-gmbh\/tom-tailor-teppich-garden-pattern-gruen-120-x-70-cm\/#breadcrumb"},"inLanguage":"de","potentialAction":[{"@type":"ReadAction","target":["https:\/\/www.hama-bodenbelag.de\/shop\/shop\/boden\/teppiche\/theo-keller-gmbh\/tom-tailor-teppich-garden-pattern-gruen-120-x-70-cm\/"]}]},{"@type":"ImageObject","inLanguage":"de","@id":"https:\/\/www.hama-bodenbelag.de\/shop\/shop\/boden\/teppiche\/theo-keller-gmbh\/tom-tailor-teppich-garden-pattern-gruen-120-x-70-cm\/#primaryimage","url":"https:\/\/www.hama-bodenbelag.de\/shop\/wp-content\/uploads\/2023\/03\/tom-tailor-tom-tailor-teppich-garden-pattern-grun.jpg","contentUrl":"https:\/\/www.hama-bodenbelag.de\/shop\/wp-content\/uploads\/2023\/03\/tom-tailor-tom-tailor-teppich-garden-pattern-grun.jpg","width":1195,"height":1920},{"@type":"BreadcrumbList","@id":"https:\/\/www.hama-bodenbelag.de\/shop\/shop\/boden\/teppiche\/theo-keller-gmbh\/tom-tailor-teppich-garden-pattern-gruen-120-x-70-cm\/#breadcrumb","itemListElement":[{"@type":"ListItem","position":1,"name":"Startseite","item":"https:\/\/www.hama-bodenbelag.de\/shop\/"},{"@type":"ListItem","position":2,"name":"Shop","item":"https:\/\/www.hama-bodenbelag.de\/shop\/shop\/"},{"@type":"ListItem","position":3,"name":"TOM TAILOR Teppich Garden &#8211; Pattern (Gr\u00fcn; 120 x 70 cm)"}]},{"@type":"WebSite","@id":"https:\/\/www.hama-bodenbelag.de\/shop\/#website","url":"https:\/\/www.hama-bodenbelag.de\/shop\/","name":"Shop Hama Bodenbelagstudio","description":"Shop Hama Bodenbelagstudio Muttstadt","publisher":{"@id":"https:\/\/www.hama-bodenbelag.de\/shop\/#organization"},"potentialAction":[{"@type":"SearchAction","target":{"@type":"EntryPoint","urlTemplate":"https:\/\/www.hama-bodenbelag.de\/shop\/?s={search_term_string}"},"query-input":{"@type":"PropertyValueSpecification","valueRequired":true,"valueName":"search_term_string"}}],"inLanguage":"de"},{"@type":"Organization","@id":"https:\/\/www.hama-bodenbelag.de\/shop\/#organization","name":"Hama Bodenbelagstudio","url":"https:\/\/www.hama-bodenbelag.de\/shop\/","logo":{"@type":"ImageObject","inLanguage":"de","@id":"https:\/\/www.hama-bodenbelag.de\/shop\/#\/schema\/logo\/image\/","url":"https:\/\/www.hama-bodenbelag.de\/wp-content\/uploads\/2018\/03\/Hama-Logo-mit-Mini_webjpg.jpg","contentUrl":"https:\/\/www.hama-bodenbelag.de\/wp-content\/uploads\/2018\/03\/Hama-Logo-mit-Mini_webjpg.jpg","width":1945,"height":609,"caption":"Hama Bodenbelagstudio"},"image":{"@id":"https:\/\/www.hama-bodenbelag.de\/shop\/#\/schema\/logo\/image\/"},"sameAs":["https:\/\/www.facebook.com\/hamamutterstadt\/"]}]}},"jetpack_sharing_enabled":true,"_links":{"self":[{"href":"https:\/\/www.hama-bodenbelag.de\/shop\/wp-json\/wp\/v2\/product\/44832","targetHints":{"allow":["GET"]}}],"collection":[{"href":"https:\/\/www.hama-bodenbelag.de\/shop\/wp-json\/wp\/v2\/product"}],"about":[{"href":"https:\/\/www.hama-bodenbelag.de\/shop\/wp-json\/wp\/v2\/types\/product"}],"replies":[{"embeddable":true,"href":"https:\/\/www.hama-bodenbelag.de\/shop\/wp-json\/wp\/v2\/comments?post=44832"}],"wp:featuredmedia":[{"embeddable":true,"href":"https:\/\/www.hama-bodenbelag.de\/shop\/wp-json\/wp\/v2\/media\/30009"}],"wp:attachment":[{"href":"https:\/\/www.hama-bodenbelag.de\/shop\/wp-json\/wp\/v2\/media?parent=44832"}],"wp:term":[{"taxonomy":"product_brand","embeddable":true,"href":"https:\/\/www.hama-bodenbelag.de\/shop\/wp-json\/wp\/v2\/product_brand?post=44832"},{"taxonomy":"product_cat","embeddable":true,"href":"https:\/\/www.hama-bodenbelag.de\/shop\/wp-json\/wp\/v2\/product_cat?post=44832"},{"taxonomy":"product_tag","embeddable":true,"href":"https:\/\/www.hama-bodenbelag.de\/shop\/wp-json\/wp\/v2\/product_tag?post=44832"}],"curies":[{"name":"wp","href":"https:\/\/api.w.org\/{rel}","templated":true}]}}