{"id":45143,"date":"2023-03-09T01:26:35","date_gmt":"2023-03-09T00:26:35","guid":{"rendered":"https:\/\/www.hama-bodenbelag.de\/shop\/https:\/www.hama-bodenbelag.de\/shop-hama\/produkt\/schurwollteppich-benares-bachtiari-braun-200-x-300-cm\/"},"modified":"2023-03-17T00:05:34","modified_gmt":"2023-03-16T23:05:34","slug":"schurwollteppich-benares-bachtiari-braun-200-x-300-cm","status":"publish","type":"product","link":"https:\/\/www.hama-bodenbelag.de\/shop\/shop\/boden\/teppiche\/theo-keller-gmbh\/schurwollteppich-benares-bachtiari-braun-200-x-300-cm\/","title":{"rendered":"Schurwollteppich Benares Bachtiari (Braun; 200 x 300 cm)"},"content":{"rendered":"<p>Der Schurwollteppich Benares Bachtiari hat ein aufwendig gestaltetes orientalisches Design. Die Farbt\u00f6ne bewegen sich im Creme\/Braun Segment und setzen dadruch das Muster gekonnt in Szene. Eine Bord\u00fcre umrahmt den Innenteildes Teppichs, der in kleine Rechtecke eingeteilt ist. Jedes Rechteck ist toll gestaltet. Kurze Fransen bilden den Abschluss an den kurzen Seiten. Der Benares Bachtiari besteht zu 100% aus reiner Schurwolle was den Teppich pflegeleicht und zugleich robust macht. Sie k\u00f6nnen den handgekn\u00fcpften Teppich in R\u00e4ume mit Fu\u00dfbodenheizung auslegen. Neben diesem hellen Farbton gibt es auch einen kr\u00e4ftigen roten Farbton. Ihnen stehen insgesamt zehn Standartgr\u00f6\u00dfen zur Auswahl.<\/p>\n","protected":false},"excerpt":{"rendered":"<p>Benares Bachtiari &#8211; Ein wundersch\u00f6n gestalteter Schurwollteppich<\/p>\n","protected":false},"featured_media":30378,"comment_status":"closed","ping_status":"closed","template":"","meta":{"_acf_changed":false},"product_brand":[],"product_cat":[7750],"product_tag":[],"class_list":{"0":"post-45143","1":"product","2":"type-product","3":"status-publish","4":"has-post-thumbnail","6":"product_cat-theo-keller-gmbh","7":"product_shipping_class-paketversand","8":"pa_abmessung-200-x-300-cm","9":"pa_farbe-braun","10":"pa_filterfarbe-braun","11":"pa_florhoehe-7443","12":"pa_form-rechteckig","13":"pa_hersteller-theo-keller-gmbh","14":"pa_herstellungsart-handgeknuepft","15":"pa_kollektion-theko-classic","16":"pa_marke-theko-die-markenteppiche","17":"pa_material-100-schurwolle","18":"pa_muster-design-dekor-klassisch","19":"tm-no-options","21":"first","22":"instock","23":"taxable","24":"shipping-taxable","25":"purchasable","26":"product-type-simple"},"acf":[],"yoast_head":"<!-- This site is optimized with the Yoast SEO plugin v27.2 - https:\/\/yoast.com\/product\/yoast-seo-wordpress\/ -->\n<title>Schurwollteppich Benares Bachtiari (Braun; 200 x 300 cm) - Shop Hama Bodenbelagstudio<\/title>\n<meta name=\"robots\" content=\"index, follow, max-snippet:-1, max-image-preview:large, max-video-preview:-1\" \/>\n<link rel=\"canonical\" href=\"https:\/\/www.hama-bodenbelag.de\/shop\/shop\/boden\/teppiche\/theo-keller-gmbh\/schurwollteppich-benares-bachtiari-braun-200-x-300-cm\/\" \/>\n<meta property=\"og:locale\" content=\"de_DE\" \/>\n<meta property=\"og:type\" content=\"article\" \/>\n<meta property=\"og:title\" content=\"Schurwollteppich Benares Bachtiari (Braun; 200 x 300 cm) - Shop Hama Bodenbelagstudio\" \/>\n<meta property=\"og:description\" content=\"Benares Bachtiari - Ein wundersch\u00f6n gestalteter Schurwollteppich\" \/>\n<meta property=\"og:url\" content=\"https:\/\/www.hama-bodenbelag.de\/shop\/shop\/boden\/teppiche\/theo-keller-gmbh\/schurwollteppich-benares-bachtiari-braun-200-x-300-cm\/\" \/>\n<meta property=\"og:site_name\" content=\"Shop Hama Bodenbelagstudio\" \/>\n<meta property=\"article:publisher\" content=\"https:\/\/www.facebook.com\/hamamutterstadt\/\" \/>\n<meta property=\"article:modified_time\" content=\"2023-03-16T23:05:34+00:00\" \/>\n<meta property=\"og:image\" content=\"https:\/\/www.hama-bodenbelag.de\/shop\/wp-content\/uploads\/2023\/03\/theko-die-markenteppiche-schurwollteppich-benares-bachtiari-braun.jpg\" \/>\n\t<meta property=\"og:image:width\" content=\"1920\" \/>\n\t<meta property=\"og:image:height\" content=\"1920\" \/>\n\t<meta property=\"og:image:type\" content=\"image\/jpeg\" \/>\n<meta name=\"twitter:card\" content=\"summary_large_image\" \/>\n<meta name=\"twitter:label1\" content=\"Gesch\u00e4tzte Lesezeit\" \/>\n\t<meta name=\"twitter:data1\" content=\"1\u00a0Minute\" \/>\n<script type=\"application\/ld+json\" class=\"yoast-schema-graph\">{\"@context\":\"https:\/\/schema.org\",\"@graph\":[{\"@type\":\"WebPage\",\"@id\":\"https:\/\/www.hama-bodenbelag.de\/shop\/shop\/boden\/teppiche\/theo-keller-gmbh\/schurwollteppich-benares-bachtiari-braun-200-x-300-cm\/\",\"url\":\"https:\/\/www.hama-bodenbelag.de\/shop\/shop\/boden\/teppiche\/theo-keller-gmbh\/schurwollteppich-benares-bachtiari-braun-200-x-300-cm\/\",\"name\":\"Schurwollteppich Benares Bachtiari (Braun; 200 x 300 cm) - Shop Hama Bodenbelagstudio\",\"isPartOf\":{\"@id\":\"https:\/\/www.hama-bodenbelag.de\/shop\/#website\"},\"primaryImageOfPage\":{\"@id\":\"https:\/\/www.hama-bodenbelag.de\/shop\/shop\/boden\/teppiche\/theo-keller-gmbh\/schurwollteppich-benares-bachtiari-braun-200-x-300-cm\/#primaryimage\"},\"image\":{\"@id\":\"https:\/\/www.hama-bodenbelag.de\/shop\/shop\/boden\/teppiche\/theo-keller-gmbh\/schurwollteppich-benares-bachtiari-braun-200-x-300-cm\/#primaryimage\"},\"thumbnailUrl\":\"https:\/\/www.hama-bodenbelag.de\/shop\/wp-content\/uploads\/2023\/03\/theko-die-markenteppiche-schurwollteppich-benares-bachtiari-braun.jpg\",\"datePublished\":\"2023-03-09T00:26:35+00:00\",\"dateModified\":\"2023-03-16T23:05:34+00:00\",\"breadcrumb\":{\"@id\":\"https:\/\/www.hama-bodenbelag.de\/shop\/shop\/boden\/teppiche\/theo-keller-gmbh\/schurwollteppich-benares-bachtiari-braun-200-x-300-cm\/#breadcrumb\"},\"inLanguage\":\"de\",\"potentialAction\":[{\"@type\":\"ReadAction\",\"target\":[\"https:\/\/www.hama-bodenbelag.de\/shop\/shop\/boden\/teppiche\/theo-keller-gmbh\/schurwollteppich-benares-bachtiari-braun-200-x-300-cm\/\"]}]},{\"@type\":\"ImageObject\",\"inLanguage\":\"de\",\"@id\":\"https:\/\/www.hama-bodenbelag.de\/shop\/shop\/boden\/teppiche\/theo-keller-gmbh\/schurwollteppich-benares-bachtiari-braun-200-x-300-cm\/#primaryimage\",\"url\":\"https:\/\/www.hama-bodenbelag.de\/shop\/wp-content\/uploads\/2023\/03\/theko-die-markenteppiche-schurwollteppich-benares-bachtiari-braun.jpg\",\"contentUrl\":\"https:\/\/www.hama-bodenbelag.de\/shop\/wp-content\/uploads\/2023\/03\/theko-die-markenteppiche-schurwollteppich-benares-bachtiari-braun.jpg\",\"width\":1920,\"height\":1920},{\"@type\":\"BreadcrumbList\",\"@id\":\"https:\/\/www.hama-bodenbelag.de\/shop\/shop\/boden\/teppiche\/theo-keller-gmbh\/schurwollteppich-benares-bachtiari-braun-200-x-300-cm\/#breadcrumb\",\"itemListElement\":[{\"@type\":\"ListItem\",\"position\":1,\"name\":\"Startseite\",\"item\":\"https:\/\/www.hama-bodenbelag.de\/shop\/\"},{\"@type\":\"ListItem\",\"position\":2,\"name\":\"Shop\",\"item\":\"https:\/\/www.hama-bodenbelag.de\/shop\/shop\/\"},{\"@type\":\"ListItem\",\"position\":3,\"name\":\"Schurwollteppich Benares Bachtiari (Braun; 200 x 300 cm)\"}]},{\"@type\":\"WebSite\",\"@id\":\"https:\/\/www.hama-bodenbelag.de\/shop\/#website\",\"url\":\"https:\/\/www.hama-bodenbelag.de\/shop\/\",\"name\":\"Shop Hama Bodenbelagstudio\",\"description\":\"Shop Hama Bodenbelagstudio Muttstadt\",\"publisher\":{\"@id\":\"https:\/\/www.hama-bodenbelag.de\/shop\/#organization\"},\"potentialAction\":[{\"@type\":\"SearchAction\",\"target\":{\"@type\":\"EntryPoint\",\"urlTemplate\":\"https:\/\/www.hama-bodenbelag.de\/shop\/?s={search_term_string}\"},\"query-input\":{\"@type\":\"PropertyValueSpecification\",\"valueRequired\":true,\"valueName\":\"search_term_string\"}}],\"inLanguage\":\"de\"},{\"@type\":\"Organization\",\"@id\":\"https:\/\/www.hama-bodenbelag.de\/shop\/#organization\",\"name\":\"Hama Bodenbelagstudio\",\"url\":\"https:\/\/www.hama-bodenbelag.de\/shop\/\",\"logo\":{\"@type\":\"ImageObject\",\"inLanguage\":\"de\",\"@id\":\"https:\/\/www.hama-bodenbelag.de\/shop\/#\/schema\/logo\/image\/\",\"url\":\"https:\/\/www.hama-bodenbelag.de\/wp-content\/uploads\/2018\/03\/Hama-Logo-mit-Mini_webjpg.jpg\",\"contentUrl\":\"https:\/\/www.hama-bodenbelag.de\/wp-content\/uploads\/2018\/03\/Hama-Logo-mit-Mini_webjpg.jpg\",\"width\":1945,\"height\":609,\"caption\":\"Hama Bodenbelagstudio\"},\"image\":{\"@id\":\"https:\/\/www.hama-bodenbelag.de\/shop\/#\/schema\/logo\/image\/\"},\"sameAs\":[\"https:\/\/www.facebook.com\/hamamutterstadt\/\"]}]}<\/script>\n<!-- \/ Yoast SEO plugin. -->","yoast_head_json":{"title":"Schurwollteppich Benares Bachtiari (Braun; 200 x 300 cm) - Shop Hama Bodenbelagstudio","robots":{"index":"index","follow":"follow","max-snippet":"max-snippet:-1","max-image-preview":"max-image-preview:large","max-video-preview":"max-video-preview:-1"},"canonical":"https:\/\/www.hama-bodenbelag.de\/shop\/shop\/boden\/teppiche\/theo-keller-gmbh\/schurwollteppich-benares-bachtiari-braun-200-x-300-cm\/","og_locale":"de_DE","og_type":"article","og_title":"Schurwollteppich Benares Bachtiari (Braun; 200 x 300 cm) - Shop Hama Bodenbelagstudio","og_description":"Benares Bachtiari - Ein wundersch\u00f6n gestalteter Schurwollteppich","og_url":"https:\/\/www.hama-bodenbelag.de\/shop\/shop\/boden\/teppiche\/theo-keller-gmbh\/schurwollteppich-benares-bachtiari-braun-200-x-300-cm\/","og_site_name":"Shop Hama Bodenbelagstudio","article_publisher":"https:\/\/www.facebook.com\/hamamutterstadt\/","article_modified_time":"2023-03-16T23:05:34+00:00","og_image":[{"width":1920,"height":1920,"url":"https:\/\/www.hama-bodenbelag.de\/shop\/wp-content\/uploads\/2023\/03\/theko-die-markenteppiche-schurwollteppich-benares-bachtiari-braun.jpg","type":"image\/jpeg"}],"twitter_card":"summary_large_image","twitter_misc":{"Gesch\u00e4tzte Lesezeit":"1\u00a0Minute"},"schema":{"@context":"https:\/\/schema.org","@graph":[{"@type":"WebPage","@id":"https:\/\/www.hama-bodenbelag.de\/shop\/shop\/boden\/teppiche\/theo-keller-gmbh\/schurwollteppich-benares-bachtiari-braun-200-x-300-cm\/","url":"https:\/\/www.hama-bodenbelag.de\/shop\/shop\/boden\/teppiche\/theo-keller-gmbh\/schurwollteppich-benares-bachtiari-braun-200-x-300-cm\/","name":"Schurwollteppich Benares Bachtiari (Braun; 200 x 300 cm) - Shop Hama Bodenbelagstudio","isPartOf":{"@id":"https:\/\/www.hama-bodenbelag.de\/shop\/#website"},"primaryImageOfPage":{"@id":"https:\/\/www.hama-bodenbelag.de\/shop\/shop\/boden\/teppiche\/theo-keller-gmbh\/schurwollteppich-benares-bachtiari-braun-200-x-300-cm\/#primaryimage"},"image":{"@id":"https:\/\/www.hama-bodenbelag.de\/shop\/shop\/boden\/teppiche\/theo-keller-gmbh\/schurwollteppich-benares-bachtiari-braun-200-x-300-cm\/#primaryimage"},"thumbnailUrl":"https:\/\/www.hama-bodenbelag.de\/shop\/wp-content\/uploads\/2023\/03\/theko-die-markenteppiche-schurwollteppich-benares-bachtiari-braun.jpg","datePublished":"2023-03-09T00:26:35+00:00","dateModified":"2023-03-16T23:05:34+00:00","breadcrumb":{"@id":"https:\/\/www.hama-bodenbelag.de\/shop\/shop\/boden\/teppiche\/theo-keller-gmbh\/schurwollteppich-benares-bachtiari-braun-200-x-300-cm\/#breadcrumb"},"inLanguage":"de","potentialAction":[{"@type":"ReadAction","target":["https:\/\/www.hama-bodenbelag.de\/shop\/shop\/boden\/teppiche\/theo-keller-gmbh\/schurwollteppich-benares-bachtiari-braun-200-x-300-cm\/"]}]},{"@type":"ImageObject","inLanguage":"de","@id":"https:\/\/www.hama-bodenbelag.de\/shop\/shop\/boden\/teppiche\/theo-keller-gmbh\/schurwollteppich-benares-bachtiari-braun-200-x-300-cm\/#primaryimage","url":"https:\/\/www.hama-bodenbelag.de\/shop\/wp-content\/uploads\/2023\/03\/theko-die-markenteppiche-schurwollteppich-benares-bachtiari-braun.jpg","contentUrl":"https:\/\/www.hama-bodenbelag.de\/shop\/wp-content\/uploads\/2023\/03\/theko-die-markenteppiche-schurwollteppich-benares-bachtiari-braun.jpg","width":1920,"height":1920},{"@type":"BreadcrumbList","@id":"https:\/\/www.hama-bodenbelag.de\/shop\/shop\/boden\/teppiche\/theo-keller-gmbh\/schurwollteppich-benares-bachtiari-braun-200-x-300-cm\/#breadcrumb","itemListElement":[{"@type":"ListItem","position":1,"name":"Startseite","item":"https:\/\/www.hama-bodenbelag.de\/shop\/"},{"@type":"ListItem","position":2,"name":"Shop","item":"https:\/\/www.hama-bodenbelag.de\/shop\/shop\/"},{"@type":"ListItem","position":3,"name":"Schurwollteppich Benares Bachtiari (Braun; 200 x 300 cm)"}]},{"@type":"WebSite","@id":"https:\/\/www.hama-bodenbelag.de\/shop\/#website","url":"https:\/\/www.hama-bodenbelag.de\/shop\/","name":"Shop Hama Bodenbelagstudio","description":"Shop Hama Bodenbelagstudio Muttstadt","publisher":{"@id":"https:\/\/www.hama-bodenbelag.de\/shop\/#organization"},"potentialAction":[{"@type":"SearchAction","target":{"@type":"EntryPoint","urlTemplate":"https:\/\/www.hama-bodenbelag.de\/shop\/?s={search_term_string}"},"query-input":{"@type":"PropertyValueSpecification","valueRequired":true,"valueName":"search_term_string"}}],"inLanguage":"de"},{"@type":"Organization","@id":"https:\/\/www.hama-bodenbelag.de\/shop\/#organization","name":"Hama Bodenbelagstudio","url":"https:\/\/www.hama-bodenbelag.de\/shop\/","logo":{"@type":"ImageObject","inLanguage":"de","@id":"https:\/\/www.hama-bodenbelag.de\/shop\/#\/schema\/logo\/image\/","url":"https:\/\/www.hama-bodenbelag.de\/wp-content\/uploads\/2018\/03\/Hama-Logo-mit-Mini_webjpg.jpg","contentUrl":"https:\/\/www.hama-bodenbelag.de\/wp-content\/uploads\/2018\/03\/Hama-Logo-mit-Mini_webjpg.jpg","width":1945,"height":609,"caption":"Hama Bodenbelagstudio"},"image":{"@id":"https:\/\/www.hama-bodenbelag.de\/shop\/#\/schema\/logo\/image\/"},"sameAs":["https:\/\/www.facebook.com\/hamamutterstadt\/"]}]}},"jetpack_sharing_enabled":true,"_links":{"self":[{"href":"https:\/\/www.hama-bodenbelag.de\/shop\/wp-json\/wp\/v2\/product\/45143","targetHints":{"allow":["GET"]}}],"collection":[{"href":"https:\/\/www.hama-bodenbelag.de\/shop\/wp-json\/wp\/v2\/product"}],"about":[{"href":"https:\/\/www.hama-bodenbelag.de\/shop\/wp-json\/wp\/v2\/types\/product"}],"replies":[{"embeddable":true,"href":"https:\/\/www.hama-bodenbelag.de\/shop\/wp-json\/wp\/v2\/comments?post=45143"}],"wp:featuredmedia":[{"embeddable":true,"href":"https:\/\/www.hama-bodenbelag.de\/shop\/wp-json\/wp\/v2\/media\/30378"}],"wp:attachment":[{"href":"https:\/\/www.hama-bodenbelag.de\/shop\/wp-json\/wp\/v2\/media?parent=45143"}],"wp:term":[{"taxonomy":"product_brand","embeddable":true,"href":"https:\/\/www.hama-bodenbelag.de\/shop\/wp-json\/wp\/v2\/product_brand?post=45143"},{"taxonomy":"product_cat","embeddable":true,"href":"https:\/\/www.hama-bodenbelag.de\/shop\/wp-json\/wp\/v2\/product_cat?post=45143"},{"taxonomy":"product_tag","embeddable":true,"href":"https:\/\/www.hama-bodenbelag.de\/shop\/wp-json\/wp\/v2\/product_tag?post=45143"}],"curies":[{"name":"wp","href":"https:\/\/api.w.org\/{rel}","templated":true}]}}