{"id":45264,"date":"2023-03-09T01:30:37","date_gmt":"2023-03-09T00:30:37","guid":{"rendered":"https:\/\/www.hama-bodenbelag.de\/shop\/https:\/www.hama-bodenbelag.de\/shop-hama\/produkt\/marokkanischer-teppich-taza-royal-609-weiss-140-x-200-cm\/"},"modified":"2023-03-17T00:05:45","modified_gmt":"2023-03-16T23:05:45","slug":"marokkanischer-teppich-taza-royal-609-weiss-140-x-200-cm","status":"publish","type":"product","link":"https:\/\/www.hama-bodenbelag.de\/shop\/shop\/boden\/teppiche\/theo-keller-gmbh\/marokkanischer-teppich-taza-royal-609-weiss-140-x-200-cm\/","title":{"rendered":"Marokkanischer Teppich Taza Royal 609 (Wei\u00df; 140 x 200 cm)"},"content":{"rendered":"<p>Der Schurwollteppich Taza Royal besteht zu 100% aus handgekn\u00fcpfter Schurwolle und ist daher besonders hochwertig und elegant. Der Teppich ist in einem nat\u00fcrliche Wei\u00df gehalten und hat farbliche Akzente in Rautenform. Das Design wikt sehr harmonisch und f\u00fcgt sich so nahtlos in fast jeden Wohnstil ein. Dank einer angenehmen Gesamth\u00f6he von 24mm, sowie der besonders dichten Oberfl\u00e4chenstruktur, werden Sie sich auf dem edlen Teppich direkt wohlf\u00fchlen! Auch als Sonderma\u00df erh\u00e4ltlich bis zu einer Gr\u00f6\u00dfe von 500x350cm, l\u00e4sst er in jedem Raum seine edle Atmosph\u00e4re erstrahlen! Kombinieren Sie auch gerne die Uni Teppiche aus der Taza Royal Qualit\u00e4t zu diesem wundersch\u00f6nen Wohnaccessoire. Erschaffen Sie sich ein wunderbar angenehmes Wohnambiente mit dem hochwertigen marokkanischen Schurwollteppich Taza Royal!<\/p>\n","protected":false},"excerpt":{"rendered":"<p>Taza Royal \u2013 handgekn\u00fcpfter Marokkanischer Teppich aus 100% Schurwolle mit dezentem Muster.<\/p>\n","protected":false},"featured_media":30529,"comment_status":"closed","ping_status":"closed","template":"","meta":{"_acf_changed":false},"product_brand":[],"product_cat":[7750],"product_tag":[],"class_list":{"0":"post-45264","1":"product","2":"type-product","3":"status-publish","4":"has-post-thumbnail","6":"product_cat-theo-keller-gmbh","7":"product_shipping_class-paketversand","8":"pa_abmessung-140-x-200-cm","9":"pa_farbe-weiss","10":"pa_filterfarbe-weiss","11":"pa_florhoehe-7617","12":"pa_form-rechteckig","13":"pa_hersteller-theo-keller-gmbh","14":"pa_herstellungsart-handgeknuepft","15":"pa_kollektion-theko-natural","16":"pa_marke-theko-die-markenteppiche","17":"pa_material-100-schurwolle","18":"pa_muster-design-dekor-naturfaser","19":"tm-no-options","21":"first","22":"instock","23":"taxable","24":"shipping-taxable","25":"purchasable","26":"product-type-simple"},"acf":[],"yoast_head":"<!-- This site is optimized with the Yoast SEO plugin v27.2 - https:\/\/yoast.com\/product\/yoast-seo-wordpress\/ -->\n<title>Marokkanischer Teppich Taza Royal 609 (Wei\u00df; 140 x 200 cm) - Shop Hama Bodenbelagstudio<\/title>\n<meta name=\"robots\" content=\"index, follow, max-snippet:-1, max-image-preview:large, max-video-preview:-1\" \/>\n<link rel=\"canonical\" href=\"https:\/\/www.hama-bodenbelag.de\/shop\/shop\/boden\/teppiche\/theo-keller-gmbh\/marokkanischer-teppich-taza-royal-609-weiss-140-x-200-cm\/\" \/>\n<meta property=\"og:locale\" content=\"de_DE\" \/>\n<meta property=\"og:type\" content=\"article\" \/>\n<meta property=\"og:title\" content=\"Marokkanischer Teppich Taza Royal 609 (Wei\u00df; 140 x 200 cm) - Shop Hama Bodenbelagstudio\" \/>\n<meta property=\"og:description\" content=\"Taza Royal \u2013 handgekn\u00fcpfter Marokkanischer Teppich aus 100% Schurwolle mit dezentem Muster.\" \/>\n<meta property=\"og:url\" content=\"https:\/\/www.hama-bodenbelag.de\/shop\/shop\/boden\/teppiche\/theo-keller-gmbh\/marokkanischer-teppich-taza-royal-609-weiss-140-x-200-cm\/\" \/>\n<meta property=\"og:site_name\" content=\"Shop Hama Bodenbelagstudio\" \/>\n<meta property=\"article:publisher\" content=\"https:\/\/www.facebook.com\/hamamutterstadt\/\" \/>\n<meta property=\"article:modified_time\" content=\"2023-03-16T23:05:45+00:00\" \/>\n<meta property=\"og:image\" content=\"https:\/\/www.hama-bodenbelag.de\/shop\/wp-content\/uploads\/2023\/03\/theko-die-markenteppiche-marokkanischer-teppich-taza-royal-609-weiss.jpg\" \/>\n\t<meta property=\"og:image:width\" content=\"1354\" \/>\n\t<meta property=\"og:image:height\" content=\"1920\" \/>\n\t<meta property=\"og:image:type\" content=\"image\/jpeg\" \/>\n<meta name=\"twitter:card\" content=\"summary_large_image\" \/>\n<meta name=\"twitter:label1\" content=\"Gesch\u00e4tzte Lesezeit\" \/>\n\t<meta name=\"twitter:data1\" content=\"1\u00a0Minute\" \/>\n<script type=\"application\/ld+json\" class=\"yoast-schema-graph\">{\"@context\":\"https:\/\/schema.org\",\"@graph\":[{\"@type\":\"WebPage\",\"@id\":\"https:\/\/www.hama-bodenbelag.de\/shop\/shop\/boden\/teppiche\/theo-keller-gmbh\/marokkanischer-teppich-taza-royal-609-weiss-140-x-200-cm\/\",\"url\":\"https:\/\/www.hama-bodenbelag.de\/shop\/shop\/boden\/teppiche\/theo-keller-gmbh\/marokkanischer-teppich-taza-royal-609-weiss-140-x-200-cm\/\",\"name\":\"Marokkanischer Teppich Taza Royal 609 (Wei\u00df; 140 x 200 cm) - Shop Hama Bodenbelagstudio\",\"isPartOf\":{\"@id\":\"https:\/\/www.hama-bodenbelag.de\/shop\/#website\"},\"primaryImageOfPage\":{\"@id\":\"https:\/\/www.hama-bodenbelag.de\/shop\/shop\/boden\/teppiche\/theo-keller-gmbh\/marokkanischer-teppich-taza-royal-609-weiss-140-x-200-cm\/#primaryimage\"},\"image\":{\"@id\":\"https:\/\/www.hama-bodenbelag.de\/shop\/shop\/boden\/teppiche\/theo-keller-gmbh\/marokkanischer-teppich-taza-royal-609-weiss-140-x-200-cm\/#primaryimage\"},\"thumbnailUrl\":\"https:\/\/www.hama-bodenbelag.de\/shop\/wp-content\/uploads\/2023\/03\/theko-die-markenteppiche-marokkanischer-teppich-taza-royal-609-weiss.jpg\",\"datePublished\":\"2023-03-09T00:30:37+00:00\",\"dateModified\":\"2023-03-16T23:05:45+00:00\",\"breadcrumb\":{\"@id\":\"https:\/\/www.hama-bodenbelag.de\/shop\/shop\/boden\/teppiche\/theo-keller-gmbh\/marokkanischer-teppich-taza-royal-609-weiss-140-x-200-cm\/#breadcrumb\"},\"inLanguage\":\"de\",\"potentialAction\":[{\"@type\":\"ReadAction\",\"target\":[\"https:\/\/www.hama-bodenbelag.de\/shop\/shop\/boden\/teppiche\/theo-keller-gmbh\/marokkanischer-teppich-taza-royal-609-weiss-140-x-200-cm\/\"]}]},{\"@type\":\"ImageObject\",\"inLanguage\":\"de\",\"@id\":\"https:\/\/www.hama-bodenbelag.de\/shop\/shop\/boden\/teppiche\/theo-keller-gmbh\/marokkanischer-teppich-taza-royal-609-weiss-140-x-200-cm\/#primaryimage\",\"url\":\"https:\/\/www.hama-bodenbelag.de\/shop\/wp-content\/uploads\/2023\/03\/theko-die-markenteppiche-marokkanischer-teppich-taza-royal-609-weiss.jpg\",\"contentUrl\":\"https:\/\/www.hama-bodenbelag.de\/shop\/wp-content\/uploads\/2023\/03\/theko-die-markenteppiche-marokkanischer-teppich-taza-royal-609-weiss.jpg\",\"width\":1354,\"height\":1920},{\"@type\":\"BreadcrumbList\",\"@id\":\"https:\/\/www.hama-bodenbelag.de\/shop\/shop\/boden\/teppiche\/theo-keller-gmbh\/marokkanischer-teppich-taza-royal-609-weiss-140-x-200-cm\/#breadcrumb\",\"itemListElement\":[{\"@type\":\"ListItem\",\"position\":1,\"name\":\"Startseite\",\"item\":\"https:\/\/www.hama-bodenbelag.de\/shop\/\"},{\"@type\":\"ListItem\",\"position\":2,\"name\":\"Shop\",\"item\":\"https:\/\/www.hama-bodenbelag.de\/shop\/shop\/\"},{\"@type\":\"ListItem\",\"position\":3,\"name\":\"Marokkanischer Teppich Taza Royal 609 (Wei\u00df; 140 x 200 cm)\"}]},{\"@type\":\"WebSite\",\"@id\":\"https:\/\/www.hama-bodenbelag.de\/shop\/#website\",\"url\":\"https:\/\/www.hama-bodenbelag.de\/shop\/\",\"name\":\"Shop Hama Bodenbelagstudio\",\"description\":\"Shop Hama Bodenbelagstudio Muttstadt\",\"publisher\":{\"@id\":\"https:\/\/www.hama-bodenbelag.de\/shop\/#organization\"},\"potentialAction\":[{\"@type\":\"SearchAction\",\"target\":{\"@type\":\"EntryPoint\",\"urlTemplate\":\"https:\/\/www.hama-bodenbelag.de\/shop\/?s={search_term_string}\"},\"query-input\":{\"@type\":\"PropertyValueSpecification\",\"valueRequired\":true,\"valueName\":\"search_term_string\"}}],\"inLanguage\":\"de\"},{\"@type\":\"Organization\",\"@id\":\"https:\/\/www.hama-bodenbelag.de\/shop\/#organization\",\"name\":\"Hama Bodenbelagstudio\",\"url\":\"https:\/\/www.hama-bodenbelag.de\/shop\/\",\"logo\":{\"@type\":\"ImageObject\",\"inLanguage\":\"de\",\"@id\":\"https:\/\/www.hama-bodenbelag.de\/shop\/#\/schema\/logo\/image\/\",\"url\":\"https:\/\/www.hama-bodenbelag.de\/wp-content\/uploads\/2018\/03\/Hama-Logo-mit-Mini_webjpg.jpg\",\"contentUrl\":\"https:\/\/www.hama-bodenbelag.de\/wp-content\/uploads\/2018\/03\/Hama-Logo-mit-Mini_webjpg.jpg\",\"width\":1945,\"height\":609,\"caption\":\"Hama Bodenbelagstudio\"},\"image\":{\"@id\":\"https:\/\/www.hama-bodenbelag.de\/shop\/#\/schema\/logo\/image\/\"},\"sameAs\":[\"https:\/\/www.facebook.com\/hamamutterstadt\/\"]}]}<\/script>\n<!-- \/ Yoast SEO plugin. -->","yoast_head_json":{"title":"Marokkanischer Teppich Taza Royal 609 (Wei\u00df; 140 x 200 cm) - Shop Hama Bodenbelagstudio","robots":{"index":"index","follow":"follow","max-snippet":"max-snippet:-1","max-image-preview":"max-image-preview:large","max-video-preview":"max-video-preview:-1"},"canonical":"https:\/\/www.hama-bodenbelag.de\/shop\/shop\/boden\/teppiche\/theo-keller-gmbh\/marokkanischer-teppich-taza-royal-609-weiss-140-x-200-cm\/","og_locale":"de_DE","og_type":"article","og_title":"Marokkanischer Teppich Taza Royal 609 (Wei\u00df; 140 x 200 cm) - Shop Hama Bodenbelagstudio","og_description":"Taza Royal \u2013 handgekn\u00fcpfter Marokkanischer Teppich aus 100% Schurwolle mit dezentem Muster.","og_url":"https:\/\/www.hama-bodenbelag.de\/shop\/shop\/boden\/teppiche\/theo-keller-gmbh\/marokkanischer-teppich-taza-royal-609-weiss-140-x-200-cm\/","og_site_name":"Shop Hama Bodenbelagstudio","article_publisher":"https:\/\/www.facebook.com\/hamamutterstadt\/","article_modified_time":"2023-03-16T23:05:45+00:00","og_image":[{"width":1354,"height":1920,"url":"https:\/\/www.hama-bodenbelag.de\/shop\/wp-content\/uploads\/2023\/03\/theko-die-markenteppiche-marokkanischer-teppich-taza-royal-609-weiss.jpg","type":"image\/jpeg"}],"twitter_card":"summary_large_image","twitter_misc":{"Gesch\u00e4tzte Lesezeit":"1\u00a0Minute"},"schema":{"@context":"https:\/\/schema.org","@graph":[{"@type":"WebPage","@id":"https:\/\/www.hama-bodenbelag.de\/shop\/shop\/boden\/teppiche\/theo-keller-gmbh\/marokkanischer-teppich-taza-royal-609-weiss-140-x-200-cm\/","url":"https:\/\/www.hama-bodenbelag.de\/shop\/shop\/boden\/teppiche\/theo-keller-gmbh\/marokkanischer-teppich-taza-royal-609-weiss-140-x-200-cm\/","name":"Marokkanischer Teppich Taza Royal 609 (Wei\u00df; 140 x 200 cm) - Shop Hama Bodenbelagstudio","isPartOf":{"@id":"https:\/\/www.hama-bodenbelag.de\/shop\/#website"},"primaryImageOfPage":{"@id":"https:\/\/www.hama-bodenbelag.de\/shop\/shop\/boden\/teppiche\/theo-keller-gmbh\/marokkanischer-teppich-taza-royal-609-weiss-140-x-200-cm\/#primaryimage"},"image":{"@id":"https:\/\/www.hama-bodenbelag.de\/shop\/shop\/boden\/teppiche\/theo-keller-gmbh\/marokkanischer-teppich-taza-royal-609-weiss-140-x-200-cm\/#primaryimage"},"thumbnailUrl":"https:\/\/www.hama-bodenbelag.de\/shop\/wp-content\/uploads\/2023\/03\/theko-die-markenteppiche-marokkanischer-teppich-taza-royal-609-weiss.jpg","datePublished":"2023-03-09T00:30:37+00:00","dateModified":"2023-03-16T23:05:45+00:00","breadcrumb":{"@id":"https:\/\/www.hama-bodenbelag.de\/shop\/shop\/boden\/teppiche\/theo-keller-gmbh\/marokkanischer-teppich-taza-royal-609-weiss-140-x-200-cm\/#breadcrumb"},"inLanguage":"de","potentialAction":[{"@type":"ReadAction","target":["https:\/\/www.hama-bodenbelag.de\/shop\/shop\/boden\/teppiche\/theo-keller-gmbh\/marokkanischer-teppich-taza-royal-609-weiss-140-x-200-cm\/"]}]},{"@type":"ImageObject","inLanguage":"de","@id":"https:\/\/www.hama-bodenbelag.de\/shop\/shop\/boden\/teppiche\/theo-keller-gmbh\/marokkanischer-teppich-taza-royal-609-weiss-140-x-200-cm\/#primaryimage","url":"https:\/\/www.hama-bodenbelag.de\/shop\/wp-content\/uploads\/2023\/03\/theko-die-markenteppiche-marokkanischer-teppich-taza-royal-609-weiss.jpg","contentUrl":"https:\/\/www.hama-bodenbelag.de\/shop\/wp-content\/uploads\/2023\/03\/theko-die-markenteppiche-marokkanischer-teppich-taza-royal-609-weiss.jpg","width":1354,"height":1920},{"@type":"BreadcrumbList","@id":"https:\/\/www.hama-bodenbelag.de\/shop\/shop\/boden\/teppiche\/theo-keller-gmbh\/marokkanischer-teppich-taza-royal-609-weiss-140-x-200-cm\/#breadcrumb","itemListElement":[{"@type":"ListItem","position":1,"name":"Startseite","item":"https:\/\/www.hama-bodenbelag.de\/shop\/"},{"@type":"ListItem","position":2,"name":"Shop","item":"https:\/\/www.hama-bodenbelag.de\/shop\/shop\/"},{"@type":"ListItem","position":3,"name":"Marokkanischer Teppich Taza Royal 609 (Wei\u00df; 140 x 200 cm)"}]},{"@type":"WebSite","@id":"https:\/\/www.hama-bodenbelag.de\/shop\/#website","url":"https:\/\/www.hama-bodenbelag.de\/shop\/","name":"Shop Hama Bodenbelagstudio","description":"Shop Hama Bodenbelagstudio Muttstadt","publisher":{"@id":"https:\/\/www.hama-bodenbelag.de\/shop\/#organization"},"potentialAction":[{"@type":"SearchAction","target":{"@type":"EntryPoint","urlTemplate":"https:\/\/www.hama-bodenbelag.de\/shop\/?s={search_term_string}"},"query-input":{"@type":"PropertyValueSpecification","valueRequired":true,"valueName":"search_term_string"}}],"inLanguage":"de"},{"@type":"Organization","@id":"https:\/\/www.hama-bodenbelag.de\/shop\/#organization","name":"Hama Bodenbelagstudio","url":"https:\/\/www.hama-bodenbelag.de\/shop\/","logo":{"@type":"ImageObject","inLanguage":"de","@id":"https:\/\/www.hama-bodenbelag.de\/shop\/#\/schema\/logo\/image\/","url":"https:\/\/www.hama-bodenbelag.de\/wp-content\/uploads\/2018\/03\/Hama-Logo-mit-Mini_webjpg.jpg","contentUrl":"https:\/\/www.hama-bodenbelag.de\/wp-content\/uploads\/2018\/03\/Hama-Logo-mit-Mini_webjpg.jpg","width":1945,"height":609,"caption":"Hama Bodenbelagstudio"},"image":{"@id":"https:\/\/www.hama-bodenbelag.de\/shop\/#\/schema\/logo\/image\/"},"sameAs":["https:\/\/www.facebook.com\/hamamutterstadt\/"]}]}},"jetpack_sharing_enabled":true,"_links":{"self":[{"href":"https:\/\/www.hama-bodenbelag.de\/shop\/wp-json\/wp\/v2\/product\/45264","targetHints":{"allow":["GET"]}}],"collection":[{"href":"https:\/\/www.hama-bodenbelag.de\/shop\/wp-json\/wp\/v2\/product"}],"about":[{"href":"https:\/\/www.hama-bodenbelag.de\/shop\/wp-json\/wp\/v2\/types\/product"}],"replies":[{"embeddable":true,"href":"https:\/\/www.hama-bodenbelag.de\/shop\/wp-json\/wp\/v2\/comments?post=45264"}],"wp:featuredmedia":[{"embeddable":true,"href":"https:\/\/www.hama-bodenbelag.de\/shop\/wp-json\/wp\/v2\/media\/30529"}],"wp:attachment":[{"href":"https:\/\/www.hama-bodenbelag.de\/shop\/wp-json\/wp\/v2\/media?parent=45264"}],"wp:term":[{"taxonomy":"product_brand","embeddable":true,"href":"https:\/\/www.hama-bodenbelag.de\/shop\/wp-json\/wp\/v2\/product_brand?post=45264"},{"taxonomy":"product_cat","embeddable":true,"href":"https:\/\/www.hama-bodenbelag.de\/shop\/wp-json\/wp\/v2\/product_cat?post=45264"},{"taxonomy":"product_tag","embeddable":true,"href":"https:\/\/www.hama-bodenbelag.de\/shop\/wp-json\/wp\/v2\/product_tag?post=45264"}],"curies":[{"name":"wp","href":"https:\/\/api.w.org\/{rel}","templated":true}]}}