{"id":46554,"date":"2026-02-20T17:35:47","date_gmt":"2026-02-20T16:35:47","guid":{"rendered":"https:\/\/www.hama-bodenbelag.de\/shop\/?post_type=product&#038;p=46554"},"modified":"2026-02-20T17:53:33","modified_gmt":"2026-02-20T16:53:33","slug":"lp2-extension-rueckenstuetze-bis-zu-100kg-2","status":"publish","type":"product","link":"https:\/\/www.hama-bodenbelag.de\/shop\/shop\/praktisches\/gesundheit\/lp2-extension-rueckenstuetze-bis-zu-100kg-2\/","title":{"rendered":"LP2-Extension R\u00fcckenst\u00fctze, bis zu 100kg"},"content":{"rendered":"<p>Extension &#8211; das R\u00fcckenwunder!<\/p>\n<p>R\u00fcckenst\u00fctze.<\/p>\n<p>Mit verst\u00e4rktem Gitternetz und Nylon-St\u00fctzplatte.<\/p>\n<p>Individuell einstellbare Vorspannung im Power-Point-Bereich.<\/p>\n<p>Das Dr-Doit-R\u00fcckenwunder extension ist ergonomisch getestet. Geeignet f\u00fcr Personen von bis zu 100 kg K\u00f6rpergewicht.<\/p>\n<p>G\u00f6nnen Sie sich das Dr-Doit-R\u00fcckenwunder extension, Sie werden begeistert sein!<\/p>\n<p>Luftdurchl\u00e4ssige R\u00fcckenst\u00fctzen, die die Wirbels\u00e4ule entlasten, die K\u00f6rperhaltung optimieren und ein v\u00f6llig neues, entspanntes Sitzgef\u00fchl vermitteln.<\/p>\n<p>Passen auf St\u00fchle, Sessel, Sofas, Autositze, Garten- und B\u00fcrost\u00fchle. Ideal f\u00fcr l\u00e4ngere Reisen in Auto, Zug oder Flugzeug!<\/p>\n","protected":false},"excerpt":{"rendered":"<p>Extension &#8211; das R\u00fcckenwunder! R\u00fcckenst\u00fctze. Mit verst\u00e4rktem Gitternetz und Nylon-St\u00fctzplatte. Individuell einstellbare Vorspannung im Power-Point-Bereich. Das Dr-Doit-R\u00fcckenwunder extension ist ergonomisch getestet. Geeignet f\u00fcr Personen von bis zu 100 kg K\u00f6rpergewicht. G\u00f6nnen Sie sich das Dr-Doit-R\u00fcckenwunder extension, Sie werden begeistert sein! Luftdurchl\u00e4ssige R\u00fcckenst\u00fctzen, die die Wirbels\u00e4ule entlasten, die K\u00f6rperhaltung optimieren und ein v\u00f6llig neues, entspanntes Sitzgef\u00fchl [&hellip;]<\/p>\n","protected":false},"featured_media":46555,"comment_status":"open","ping_status":"closed","template":"","meta":{"_acf_changed":false},"product_brand":[],"product_cat":[3849],"product_tag":[8674,8676,6144,6141,6142,8675],"class_list":{"0":"post-46554","1":"product","2":"type-product","3":"status-publish","4":"has-post-thumbnail","6":"product_cat-gesundheit","7":"product_tag-dr-doit","8":"product_tag-gesundheit","9":"product_tag-lp2-extension","10":"product_tag-rueckenstuetze","11":"product_tag-rueckenwunder","12":"product_tag-wirbelsaeule-entlastung","13":"tm-no-options","15":"first","16":"instock","17":"taxable","18":"shipping-taxable","19":"purchasable","20":"product-type-simple"},"acf":[],"yoast_head":"<!-- This site is optimized with the Yoast SEO plugin v27.2 - https:\/\/yoast.com\/product\/yoast-seo-wordpress\/ -->\n<title>LP2-Extension R\u00fcckenst\u00fctze, bis zu 100kg - Shop Hama Bodenbelagstudio<\/title>\n<meta name=\"robots\" content=\"index, follow, max-snippet:-1, max-image-preview:large, max-video-preview:-1\" \/>\n<link rel=\"canonical\" href=\"https:\/\/www.hama-bodenbelag.de\/shop\/shop\/praktisches\/gesundheit\/lp2-extension-rueckenstuetze-bis-zu-100kg-2\/\" \/>\n<meta property=\"og:locale\" content=\"de_DE\" \/>\n<meta property=\"og:type\" content=\"article\" \/>\n<meta property=\"og:title\" content=\"LP2-Extension R\u00fcckenst\u00fctze, bis zu 100kg - Shop Hama Bodenbelagstudio\" \/>\n<meta property=\"og:description\" content=\"Extension &#8211; das R\u00fcckenwunder! R\u00fcckenst\u00fctze. Mit verst\u00e4rktem Gitternetz und Nylon-St\u00fctzplatte. Individuell einstellbare Vorspannung im Power-Point-Bereich. Das Dr-Doit-R\u00fcckenwunder extension ist ergonomisch getestet. Geeignet f\u00fcr Personen von bis zu 100 kg K\u00f6rpergewicht. G\u00f6nnen Sie sich das Dr-Doit-R\u00fcckenwunder extension, Sie werden begeistert sein! Luftdurchl\u00e4ssige R\u00fcckenst\u00fctzen, die die Wirbels\u00e4ule entlasten, die K\u00f6rperhaltung optimieren und ein v\u00f6llig neues, entspanntes Sitzgef\u00fchl [&hellip;]\" \/>\n<meta property=\"og:url\" content=\"https:\/\/www.hama-bodenbelag.de\/shop\/shop\/praktisches\/gesundheit\/lp2-extension-rueckenstuetze-bis-zu-100kg-2\/\" \/>\n<meta property=\"og:site_name\" content=\"Shop Hama Bodenbelagstudio\" \/>\n<meta property=\"article:publisher\" content=\"https:\/\/www.facebook.com\/hamamutterstadt\/\" \/>\n<meta property=\"article:modified_time\" content=\"2026-02-20T16:53:33+00:00\" \/>\n<meta property=\"og:image\" content=\"https:\/\/www.hama-bodenbelag.de\/shop\/wp-content\/uploads\/2026\/02\/959437912.jpg\" \/>\n\t<meta property=\"og:image:width\" content=\"1500\" \/>\n\t<meta property=\"og:image:height\" content=\"1500\" \/>\n\t<meta property=\"og:image:type\" content=\"image\/jpeg\" \/>\n<meta name=\"twitter:card\" content=\"summary_large_image\" \/>\n<meta name=\"twitter:label1\" content=\"Gesch\u00e4tzte Lesezeit\" \/>\n\t<meta name=\"twitter:data1\" content=\"1\u00a0Minute\" \/>\n<script type=\"application\/ld+json\" class=\"yoast-schema-graph\">{\"@context\":\"https:\/\/schema.org\",\"@graph\":[{\"@type\":\"WebPage\",\"@id\":\"https:\/\/www.hama-bodenbelag.de\/shop\/shop\/praktisches\/gesundheit\/lp2-extension-rueckenstuetze-bis-zu-100kg-2\/\",\"url\":\"https:\/\/www.hama-bodenbelag.de\/shop\/shop\/praktisches\/gesundheit\/lp2-extension-rueckenstuetze-bis-zu-100kg-2\/\",\"name\":\"LP2-Extension R\u00fcckenst\u00fctze, bis zu 100kg - Shop Hama Bodenbelagstudio\",\"isPartOf\":{\"@id\":\"https:\/\/www.hama-bodenbelag.de\/shop\/#website\"},\"primaryImageOfPage\":{\"@id\":\"https:\/\/www.hama-bodenbelag.de\/shop\/shop\/praktisches\/gesundheit\/lp2-extension-rueckenstuetze-bis-zu-100kg-2\/#primaryimage\"},\"image\":{\"@id\":\"https:\/\/www.hama-bodenbelag.de\/shop\/shop\/praktisches\/gesundheit\/lp2-extension-rueckenstuetze-bis-zu-100kg-2\/#primaryimage\"},\"thumbnailUrl\":\"https:\/\/www.hama-bodenbelag.de\/shop\/wp-content\/uploads\/2026\/02\/959437912.jpg\",\"datePublished\":\"2026-02-20T16:35:47+00:00\",\"dateModified\":\"2026-02-20T16:53:33+00:00\",\"breadcrumb\":{\"@id\":\"https:\/\/www.hama-bodenbelag.de\/shop\/shop\/praktisches\/gesundheit\/lp2-extension-rueckenstuetze-bis-zu-100kg-2\/#breadcrumb\"},\"inLanguage\":\"de\",\"potentialAction\":[{\"@type\":\"ReadAction\",\"target\":[\"https:\/\/www.hama-bodenbelag.de\/shop\/shop\/praktisches\/gesundheit\/lp2-extension-rueckenstuetze-bis-zu-100kg-2\/\"]}]},{\"@type\":\"ImageObject\",\"inLanguage\":\"de\",\"@id\":\"https:\/\/www.hama-bodenbelag.de\/shop\/shop\/praktisches\/gesundheit\/lp2-extension-rueckenstuetze-bis-zu-100kg-2\/#primaryimage\",\"url\":\"https:\/\/www.hama-bodenbelag.de\/shop\/wp-content\/uploads\/2026\/02\/959437912.jpg\",\"contentUrl\":\"https:\/\/www.hama-bodenbelag.de\/shop\/wp-content\/uploads\/2026\/02\/959437912.jpg\",\"width\":1500,\"height\":1500},{\"@type\":\"BreadcrumbList\",\"@id\":\"https:\/\/www.hama-bodenbelag.de\/shop\/shop\/praktisches\/gesundheit\/lp2-extension-rueckenstuetze-bis-zu-100kg-2\/#breadcrumb\",\"itemListElement\":[{\"@type\":\"ListItem\",\"position\":1,\"name\":\"Startseite\",\"item\":\"https:\/\/www.hama-bodenbelag.de\/shop\/\"},{\"@type\":\"ListItem\",\"position\":2,\"name\":\"Shop\",\"item\":\"https:\/\/www.hama-bodenbelag.de\/shop\/shop\/\"},{\"@type\":\"ListItem\",\"position\":3,\"name\":\"LP2-Extension R\u00fcckenst\u00fctze, bis zu 100kg\"}]},{\"@type\":\"WebSite\",\"@id\":\"https:\/\/www.hama-bodenbelag.de\/shop\/#website\",\"url\":\"https:\/\/www.hama-bodenbelag.de\/shop\/\",\"name\":\"Shop Hama Bodenbelagstudio\",\"description\":\"Shop Hama Bodenbelagstudio Muttstadt\",\"publisher\":{\"@id\":\"https:\/\/www.hama-bodenbelag.de\/shop\/#organization\"},\"potentialAction\":[{\"@type\":\"SearchAction\",\"target\":{\"@type\":\"EntryPoint\",\"urlTemplate\":\"https:\/\/www.hama-bodenbelag.de\/shop\/?s={search_term_string}\"},\"query-input\":{\"@type\":\"PropertyValueSpecification\",\"valueRequired\":true,\"valueName\":\"search_term_string\"}}],\"inLanguage\":\"de\"},{\"@type\":\"Organization\",\"@id\":\"https:\/\/www.hama-bodenbelag.de\/shop\/#organization\",\"name\":\"Hama Bodenbelagstudio\",\"url\":\"https:\/\/www.hama-bodenbelag.de\/shop\/\",\"logo\":{\"@type\":\"ImageObject\",\"inLanguage\":\"de\",\"@id\":\"https:\/\/www.hama-bodenbelag.de\/shop\/#\/schema\/logo\/image\/\",\"url\":\"https:\/\/www.hama-bodenbelag.de\/wp-content\/uploads\/2018\/03\/Hama-Logo-mit-Mini_webjpg.jpg\",\"contentUrl\":\"https:\/\/www.hama-bodenbelag.de\/wp-content\/uploads\/2018\/03\/Hama-Logo-mit-Mini_webjpg.jpg\",\"width\":1945,\"height\":609,\"caption\":\"Hama Bodenbelagstudio\"},\"image\":{\"@id\":\"https:\/\/www.hama-bodenbelag.de\/shop\/#\/schema\/logo\/image\/\"},\"sameAs\":[\"https:\/\/www.facebook.com\/hamamutterstadt\/\"]}]}<\/script>\n<!-- \/ Yoast SEO plugin. -->","yoast_head_json":{"title":"LP2-Extension R\u00fcckenst\u00fctze, bis zu 100kg - Shop Hama Bodenbelagstudio","robots":{"index":"index","follow":"follow","max-snippet":"max-snippet:-1","max-image-preview":"max-image-preview:large","max-video-preview":"max-video-preview:-1"},"canonical":"https:\/\/www.hama-bodenbelag.de\/shop\/shop\/praktisches\/gesundheit\/lp2-extension-rueckenstuetze-bis-zu-100kg-2\/","og_locale":"de_DE","og_type":"article","og_title":"LP2-Extension R\u00fcckenst\u00fctze, bis zu 100kg - Shop Hama Bodenbelagstudio","og_description":"Extension &#8211; das R\u00fcckenwunder! R\u00fcckenst\u00fctze. Mit verst\u00e4rktem Gitternetz und Nylon-St\u00fctzplatte. Individuell einstellbare Vorspannung im Power-Point-Bereich. Das Dr-Doit-R\u00fcckenwunder extension ist ergonomisch getestet. Geeignet f\u00fcr Personen von bis zu 100 kg K\u00f6rpergewicht. G\u00f6nnen Sie sich das Dr-Doit-R\u00fcckenwunder extension, Sie werden begeistert sein! Luftdurchl\u00e4ssige R\u00fcckenst\u00fctzen, die die Wirbels\u00e4ule entlasten, die K\u00f6rperhaltung optimieren und ein v\u00f6llig neues, entspanntes Sitzgef\u00fchl [&hellip;]","og_url":"https:\/\/www.hama-bodenbelag.de\/shop\/shop\/praktisches\/gesundheit\/lp2-extension-rueckenstuetze-bis-zu-100kg-2\/","og_site_name":"Shop Hama Bodenbelagstudio","article_publisher":"https:\/\/www.facebook.com\/hamamutterstadt\/","article_modified_time":"2026-02-20T16:53:33+00:00","og_image":[{"width":1500,"height":1500,"url":"https:\/\/www.hama-bodenbelag.de\/shop\/wp-content\/uploads\/2026\/02\/959437912.jpg","type":"image\/jpeg"}],"twitter_card":"summary_large_image","twitter_misc":{"Gesch\u00e4tzte Lesezeit":"1\u00a0Minute"},"schema":{"@context":"https:\/\/schema.org","@graph":[{"@type":"WebPage","@id":"https:\/\/www.hama-bodenbelag.de\/shop\/shop\/praktisches\/gesundheit\/lp2-extension-rueckenstuetze-bis-zu-100kg-2\/","url":"https:\/\/www.hama-bodenbelag.de\/shop\/shop\/praktisches\/gesundheit\/lp2-extension-rueckenstuetze-bis-zu-100kg-2\/","name":"LP2-Extension R\u00fcckenst\u00fctze, bis zu 100kg - Shop Hama Bodenbelagstudio","isPartOf":{"@id":"https:\/\/www.hama-bodenbelag.de\/shop\/#website"},"primaryImageOfPage":{"@id":"https:\/\/www.hama-bodenbelag.de\/shop\/shop\/praktisches\/gesundheit\/lp2-extension-rueckenstuetze-bis-zu-100kg-2\/#primaryimage"},"image":{"@id":"https:\/\/www.hama-bodenbelag.de\/shop\/shop\/praktisches\/gesundheit\/lp2-extension-rueckenstuetze-bis-zu-100kg-2\/#primaryimage"},"thumbnailUrl":"https:\/\/www.hama-bodenbelag.de\/shop\/wp-content\/uploads\/2026\/02\/959437912.jpg","datePublished":"2026-02-20T16:35:47+00:00","dateModified":"2026-02-20T16:53:33+00:00","breadcrumb":{"@id":"https:\/\/www.hama-bodenbelag.de\/shop\/shop\/praktisches\/gesundheit\/lp2-extension-rueckenstuetze-bis-zu-100kg-2\/#breadcrumb"},"inLanguage":"de","potentialAction":[{"@type":"ReadAction","target":["https:\/\/www.hama-bodenbelag.de\/shop\/shop\/praktisches\/gesundheit\/lp2-extension-rueckenstuetze-bis-zu-100kg-2\/"]}]},{"@type":"ImageObject","inLanguage":"de","@id":"https:\/\/www.hama-bodenbelag.de\/shop\/shop\/praktisches\/gesundheit\/lp2-extension-rueckenstuetze-bis-zu-100kg-2\/#primaryimage","url":"https:\/\/www.hama-bodenbelag.de\/shop\/wp-content\/uploads\/2026\/02\/959437912.jpg","contentUrl":"https:\/\/www.hama-bodenbelag.de\/shop\/wp-content\/uploads\/2026\/02\/959437912.jpg","width":1500,"height":1500},{"@type":"BreadcrumbList","@id":"https:\/\/www.hama-bodenbelag.de\/shop\/shop\/praktisches\/gesundheit\/lp2-extension-rueckenstuetze-bis-zu-100kg-2\/#breadcrumb","itemListElement":[{"@type":"ListItem","position":1,"name":"Startseite","item":"https:\/\/www.hama-bodenbelag.de\/shop\/"},{"@type":"ListItem","position":2,"name":"Shop","item":"https:\/\/www.hama-bodenbelag.de\/shop\/shop\/"},{"@type":"ListItem","position":3,"name":"LP2-Extension R\u00fcckenst\u00fctze, bis zu 100kg"}]},{"@type":"WebSite","@id":"https:\/\/www.hama-bodenbelag.de\/shop\/#website","url":"https:\/\/www.hama-bodenbelag.de\/shop\/","name":"Shop Hama Bodenbelagstudio","description":"Shop Hama Bodenbelagstudio Muttstadt","publisher":{"@id":"https:\/\/www.hama-bodenbelag.de\/shop\/#organization"},"potentialAction":[{"@type":"SearchAction","target":{"@type":"EntryPoint","urlTemplate":"https:\/\/www.hama-bodenbelag.de\/shop\/?s={search_term_string}"},"query-input":{"@type":"PropertyValueSpecification","valueRequired":true,"valueName":"search_term_string"}}],"inLanguage":"de"},{"@type":"Organization","@id":"https:\/\/www.hama-bodenbelag.de\/shop\/#organization","name":"Hama Bodenbelagstudio","url":"https:\/\/www.hama-bodenbelag.de\/shop\/","logo":{"@type":"ImageObject","inLanguage":"de","@id":"https:\/\/www.hama-bodenbelag.de\/shop\/#\/schema\/logo\/image\/","url":"https:\/\/www.hama-bodenbelag.de\/wp-content\/uploads\/2018\/03\/Hama-Logo-mit-Mini_webjpg.jpg","contentUrl":"https:\/\/www.hama-bodenbelag.de\/wp-content\/uploads\/2018\/03\/Hama-Logo-mit-Mini_webjpg.jpg","width":1945,"height":609,"caption":"Hama Bodenbelagstudio"},"image":{"@id":"https:\/\/www.hama-bodenbelag.de\/shop\/#\/schema\/logo\/image\/"},"sameAs":["https:\/\/www.facebook.com\/hamamutterstadt\/"]}]}},"jetpack_sharing_enabled":true,"_links":{"self":[{"href":"https:\/\/www.hama-bodenbelag.de\/shop\/wp-json\/wp\/v2\/product\/46554","targetHints":{"allow":["GET"]}}],"collection":[{"href":"https:\/\/www.hama-bodenbelag.de\/shop\/wp-json\/wp\/v2\/product"}],"about":[{"href":"https:\/\/www.hama-bodenbelag.de\/shop\/wp-json\/wp\/v2\/types\/product"}],"replies":[{"embeddable":true,"href":"https:\/\/www.hama-bodenbelag.de\/shop\/wp-json\/wp\/v2\/comments?post=46554"}],"wp:featuredmedia":[{"embeddable":true,"href":"https:\/\/www.hama-bodenbelag.de\/shop\/wp-json\/wp\/v2\/media\/46555"}],"wp:attachment":[{"href":"https:\/\/www.hama-bodenbelag.de\/shop\/wp-json\/wp\/v2\/media?parent=46554"}],"wp:term":[{"taxonomy":"product_brand","embeddable":true,"href":"https:\/\/www.hama-bodenbelag.de\/shop\/wp-json\/wp\/v2\/product_brand?post=46554"},{"taxonomy":"product_cat","embeddable":true,"href":"https:\/\/www.hama-bodenbelag.de\/shop\/wp-json\/wp\/v2\/product_cat?post=46554"},{"taxonomy":"product_tag","embeddable":true,"href":"https:\/\/www.hama-bodenbelag.de\/shop\/wp-json\/wp\/v2\/product_tag?post=46554"}],"curies":[{"name":"wp","href":"https:\/\/api.w.org\/{rel}","templated":true}]}}