{"id":46560,"date":"2026-02-21T13:08:22","date_gmt":"2026-02-21T12:08:22","guid":{"rendered":"https:\/\/www.hama-bodenbelag.de\/shop\/?post_type=product&#038;p=46560"},"modified":"2026-02-21T13:12:05","modified_gmt":"2026-02-21T12:12:05","slug":"hochflor-teppich-glanzing-zwei-farben-in-sondergroessen-und-formen","status":"publish","type":"product","link":"https:\/\/www.hama-bodenbelag.de\/shop\/shop\/boden\/teppiche\/hochflor-teppich-glanzing-zwei-farben-in-sondergroessen-und-formen\/","title":{"rendered":"Hochflor-Teppich Glanzing, zwei Farben in Sondergr\u00f6\u00dfen und Formen, zum Qm-Preis von"},"content":{"rendered":"<p>Die weiche Hochflor-Teppichqualit\u00e4t Glanzing ist aus zwei Garnen zusammengesetzt, die sowohl in der Dicke als auch im Glanz unterschiedlich sind. Die zwei Garne zusammen ergeben einen sch\u00f6nen Effekt im Teppich.<\/p>\n<p><strong>Information<\/strong><\/p>\n<table>\n<tbody>\n<tr>\n<td>Art der Herstellung<\/td>\n<td>Velour getuftet<\/td>\n<\/tr>\n<tr>\n<td>Musterung<\/td>\n<td>Shag<\/td>\n<\/tr>\n<tr>\n<td>Polmaterial<\/td>\n<td>100% PA 6.6 Invista Antron\u00ae Legacy\u2122<\/td>\n<\/tr>\n<tr>\n<td>R\u00fcckenausr\u00fcstung<\/td>\n<td>Lam. Film<\/td>\n<\/tr>\n<tr>\n<td>Gr\u00f6\u00dfe \/ Breite<\/td>\n<td>Ca. 400 cm<\/td>\n<\/tr>\n<tr>\n<td>Gesamtdicke<\/td>\n<td>Ca. 36,00 mm<\/td>\n<\/tr>\n<tr>\n<td>Poleinsatzgewicht<\/td>\n<td>Ca. 1.500 g\/m\u00b2<\/td>\n<\/tr>\n<tr>\n<td>Gesamtgewicht<\/td>\n<td>Ca. 2.250 g\/m\u00b2<\/td>\n<\/tr>\n<tr>\n<td>Beanspruchungsbereich<\/td>\n<td>22 Wohnbereich &#8211; normal<\/td>\n<\/tr>\n<tr>\n<td>Brandverhalten<\/td>\n<td>Efl<\/td>\n<\/tr>\n<\/tbody>\n<\/table>\n<p>Hochflor-Teppichqualit\u00e4t Glanzing<\/p>\n<p>&nbsp;<\/p>\n","protected":false},"excerpt":{"rendered":"<p>Die weiche Hochflor-Teppichqualit\u00e4t Glanzing ist aus zwei Garnen zusammengesetzt, die sowohl in der Dicke als auch im Glanz unterschiedlich sind. Die zwei Garne zusammen ergeben einen sch\u00f6nen Effekt im Teppich. Information Art der Herstellung Velour getuftet Musterung Shag Polmaterial 100% PA 6.6 Invista Antron\u00ae Legacy\u2122 R\u00fcckenausr\u00fcstung Lam. Film Gr\u00f6\u00dfe \/ Breite Ca. 400 cm Gesamtdicke [&hellip;]<\/p>\n","protected":false},"featured_media":46569,"comment_status":"open","ping_status":"closed","template":"","meta":{"_acf_changed":false},"product_brand":[8677],"product_cat":[190,6162,192],"product_tag":[6150,8681,8678,8679,6166,6358,8680,6338,8682],"class_list":{"0":"post-46560","1":"product","2":"type-product","3":"status-publish","4":"has-post-thumbnail","6":"product_brand-fletco","7":"product_cat-boden","8":"product_cat-teppichboden","9":"product_cat-teppiche","10":"product_tag-design-teppich","11":"product_tag-fletco","12":"product_tag-glanzing","13":"product_tag-hochfloor","14":"product_tag-home-wohnideen","15":"product_tag-shaggy","16":"product_tag-teppich-auf-mass","17":"product_tag-teppichboden","18":"product_tag-wunschmass-teppich","19":"tm-no-options","21":"first","22":"instock","23":"sale","24":"taxable","25":"shipping-taxable","26":"purchasable","27":"product-type-simple"},"acf":[],"yoast_head":"<!-- This site is optimized with the Yoast SEO plugin v27.2 - https:\/\/yoast.com\/product\/yoast-seo-wordpress\/ -->\n<title>Hochflor-Teppich Glanzing, zwei Farben in Sondergr\u00f6\u00dfen und Formen, zum Qm-Preis von - Shop Hama Bodenbelagstudio<\/title>\n<meta name=\"robots\" content=\"index, follow, max-snippet:-1, max-image-preview:large, max-video-preview:-1\" \/>\n<link rel=\"canonical\" href=\"https:\/\/www.hama-bodenbelag.de\/shop\/shop\/boden\/teppiche\/hochflor-teppich-glanzing-zwei-farben-in-sondergroessen-und-formen\/\" \/>\n<meta property=\"og:locale\" content=\"de_DE\" \/>\n<meta property=\"og:type\" content=\"article\" \/>\n<meta property=\"og:title\" content=\"Hochflor-Teppich Glanzing, zwei Farben in Sondergr\u00f6\u00dfen und Formen, zum Qm-Preis von - Shop Hama Bodenbelagstudio\" \/>\n<meta property=\"og:description\" content=\"Die weiche Hochflor-Teppichqualit\u00e4t Glanzing ist aus zwei Garnen zusammengesetzt, die sowohl in der Dicke als auch im Glanz unterschiedlich sind. Die zwei Garne zusammen ergeben einen sch\u00f6nen Effekt im Teppich. Information Art der Herstellung Velour getuftet Musterung Shag Polmaterial 100% PA 6.6 Invista Antron\u00ae Legacy\u2122 R\u00fcckenausr\u00fcstung Lam. Film Gr\u00f6\u00dfe \/ Breite Ca. 400 cm Gesamtdicke [&hellip;]\" \/>\n<meta property=\"og:url\" content=\"https:\/\/www.hama-bodenbelag.de\/shop\/shop\/boden\/teppiche\/hochflor-teppich-glanzing-zwei-farben-in-sondergroessen-und-formen\/\" \/>\n<meta property=\"og:site_name\" content=\"Shop Hama Bodenbelagstudio\" \/>\n<meta property=\"article:publisher\" content=\"https:\/\/www.facebook.com\/hamamutterstadt\/\" \/>\n<meta property=\"article:modified_time\" content=\"2026-02-21T12:12:05+00:00\" \/>\n<meta property=\"og:image\" content=\"https:\/\/www.hama-bodenbelag.de\/shop\/wp-content\/uploads\/2026\/02\/Screenshot-2026-02-21-at-11-55-35-Glanzing-eine-weiche-und-langhaarige-Teppichqualitaet.jpg\" \/>\n\t<meta property=\"og:image:width\" content=\"1920\" \/>\n\t<meta property=\"og:image:height\" content=\"863\" \/>\n\t<meta property=\"og:image:type\" content=\"image\/jpeg\" \/>\n<meta name=\"twitter:card\" content=\"summary_large_image\" \/>\n<meta name=\"twitter:label1\" content=\"Gesch\u00e4tzte Lesezeit\" \/>\n\t<meta name=\"twitter:data1\" content=\"1\u00a0Minute\" \/>\n<script type=\"application\/ld+json\" class=\"yoast-schema-graph\">{\"@context\":\"https:\/\/schema.org\",\"@graph\":[{\"@type\":\"WebPage\",\"@id\":\"https:\/\/www.hama-bodenbelag.de\/shop\/shop\/boden\/teppiche\/hochflor-teppich-glanzing-zwei-farben-in-sondergroessen-und-formen\/\",\"url\":\"https:\/\/www.hama-bodenbelag.de\/shop\/shop\/boden\/teppiche\/hochflor-teppich-glanzing-zwei-farben-in-sondergroessen-und-formen\/\",\"name\":\"Hochflor-Teppich Glanzing, zwei Farben in Sondergr\u00f6\u00dfen und Formen, zum Qm-Preis von - Shop Hama Bodenbelagstudio\",\"isPartOf\":{\"@id\":\"https:\/\/www.hama-bodenbelag.de\/shop\/#website\"},\"primaryImageOfPage\":{\"@id\":\"https:\/\/www.hama-bodenbelag.de\/shop\/shop\/boden\/teppiche\/hochflor-teppich-glanzing-zwei-farben-in-sondergroessen-und-formen\/#primaryimage\"},\"image\":{\"@id\":\"https:\/\/www.hama-bodenbelag.de\/shop\/shop\/boden\/teppiche\/hochflor-teppich-glanzing-zwei-farben-in-sondergroessen-und-formen\/#primaryimage\"},\"thumbnailUrl\":\"https:\/\/www.hama-bodenbelag.de\/shop\/wp-content\/uploads\/2026\/02\/Screenshot-2026-02-21-at-11-55-35-Glanzing-eine-weiche-und-langhaarige-Teppichqualitaet.jpg\",\"datePublished\":\"2026-02-21T12:08:22+00:00\",\"dateModified\":\"2026-02-21T12:12:05+00:00\",\"breadcrumb\":{\"@id\":\"https:\/\/www.hama-bodenbelag.de\/shop\/shop\/boden\/teppiche\/hochflor-teppich-glanzing-zwei-farben-in-sondergroessen-und-formen\/#breadcrumb\"},\"inLanguage\":\"de\",\"potentialAction\":[{\"@type\":\"ReadAction\",\"target\":[\"https:\/\/www.hama-bodenbelag.de\/shop\/shop\/boden\/teppiche\/hochflor-teppich-glanzing-zwei-farben-in-sondergroessen-und-formen\/\"]}]},{\"@type\":\"ImageObject\",\"inLanguage\":\"de\",\"@id\":\"https:\/\/www.hama-bodenbelag.de\/shop\/shop\/boden\/teppiche\/hochflor-teppich-glanzing-zwei-farben-in-sondergroessen-und-formen\/#primaryimage\",\"url\":\"https:\/\/www.hama-bodenbelag.de\/shop\/wp-content\/uploads\/2026\/02\/Screenshot-2026-02-21-at-11-55-35-Glanzing-eine-weiche-und-langhaarige-Teppichqualitaet.jpg\",\"contentUrl\":\"https:\/\/www.hama-bodenbelag.de\/shop\/wp-content\/uploads\/2026\/02\/Screenshot-2026-02-21-at-11-55-35-Glanzing-eine-weiche-und-langhaarige-Teppichqualitaet.jpg\",\"width\":1920,\"height\":863},{\"@type\":\"BreadcrumbList\",\"@id\":\"https:\/\/www.hama-bodenbelag.de\/shop\/shop\/boden\/teppiche\/hochflor-teppich-glanzing-zwei-farben-in-sondergroessen-und-formen\/#breadcrumb\",\"itemListElement\":[{\"@type\":\"ListItem\",\"position\":1,\"name\":\"Startseite\",\"item\":\"https:\/\/www.hama-bodenbelag.de\/shop\/\"},{\"@type\":\"ListItem\",\"position\":2,\"name\":\"Shop\",\"item\":\"https:\/\/www.hama-bodenbelag.de\/shop\/shop\/\"},{\"@type\":\"ListItem\",\"position\":3,\"name\":\"Hochflor-Teppich Glanzing, zwei Farben in Sondergr\u00f6\u00dfen und Formen, zum Qm-Preis von\"}]},{\"@type\":\"WebSite\",\"@id\":\"https:\/\/www.hama-bodenbelag.de\/shop\/#website\",\"url\":\"https:\/\/www.hama-bodenbelag.de\/shop\/\",\"name\":\"Shop Hama Bodenbelagstudio\",\"description\":\"Shop Hama Bodenbelagstudio Muttstadt\",\"publisher\":{\"@id\":\"https:\/\/www.hama-bodenbelag.de\/shop\/#organization\"},\"potentialAction\":[{\"@type\":\"SearchAction\",\"target\":{\"@type\":\"EntryPoint\",\"urlTemplate\":\"https:\/\/www.hama-bodenbelag.de\/shop\/?s={search_term_string}\"},\"query-input\":{\"@type\":\"PropertyValueSpecification\",\"valueRequired\":true,\"valueName\":\"search_term_string\"}}],\"inLanguage\":\"de\"},{\"@type\":\"Organization\",\"@id\":\"https:\/\/www.hama-bodenbelag.de\/shop\/#organization\",\"name\":\"Hama Bodenbelagstudio\",\"url\":\"https:\/\/www.hama-bodenbelag.de\/shop\/\",\"logo\":{\"@type\":\"ImageObject\",\"inLanguage\":\"de\",\"@id\":\"https:\/\/www.hama-bodenbelag.de\/shop\/#\/schema\/logo\/image\/\",\"url\":\"https:\/\/www.hama-bodenbelag.de\/wp-content\/uploads\/2018\/03\/Hama-Logo-mit-Mini_webjpg.jpg\",\"contentUrl\":\"https:\/\/www.hama-bodenbelag.de\/wp-content\/uploads\/2018\/03\/Hama-Logo-mit-Mini_webjpg.jpg\",\"width\":1945,\"height\":609,\"caption\":\"Hama Bodenbelagstudio\"},\"image\":{\"@id\":\"https:\/\/www.hama-bodenbelag.de\/shop\/#\/schema\/logo\/image\/\"},\"sameAs\":[\"https:\/\/www.facebook.com\/hamamutterstadt\/\"]}]}<\/script>\n<!-- \/ Yoast SEO plugin. -->","yoast_head_json":{"title":"Hochflor-Teppich Glanzing, zwei Farben in Sondergr\u00f6\u00dfen und Formen, zum Qm-Preis von - Shop Hama Bodenbelagstudio","robots":{"index":"index","follow":"follow","max-snippet":"max-snippet:-1","max-image-preview":"max-image-preview:large","max-video-preview":"max-video-preview:-1"},"canonical":"https:\/\/www.hama-bodenbelag.de\/shop\/shop\/boden\/teppiche\/hochflor-teppich-glanzing-zwei-farben-in-sondergroessen-und-formen\/","og_locale":"de_DE","og_type":"article","og_title":"Hochflor-Teppich Glanzing, zwei Farben in Sondergr\u00f6\u00dfen und Formen, zum Qm-Preis von - Shop Hama Bodenbelagstudio","og_description":"Die weiche Hochflor-Teppichqualit\u00e4t Glanzing ist aus zwei Garnen zusammengesetzt, die sowohl in der Dicke als auch im Glanz unterschiedlich sind. Die zwei Garne zusammen ergeben einen sch\u00f6nen Effekt im Teppich. Information Art der Herstellung Velour getuftet Musterung Shag Polmaterial 100% PA 6.6 Invista Antron\u00ae Legacy\u2122 R\u00fcckenausr\u00fcstung Lam. Film Gr\u00f6\u00dfe \/ Breite Ca. 400 cm Gesamtdicke [&hellip;]","og_url":"https:\/\/www.hama-bodenbelag.de\/shop\/shop\/boden\/teppiche\/hochflor-teppich-glanzing-zwei-farben-in-sondergroessen-und-formen\/","og_site_name":"Shop Hama Bodenbelagstudio","article_publisher":"https:\/\/www.facebook.com\/hamamutterstadt\/","article_modified_time":"2026-02-21T12:12:05+00:00","og_image":[{"width":1920,"height":863,"url":"https:\/\/www.hama-bodenbelag.de\/shop\/wp-content\/uploads\/2026\/02\/Screenshot-2026-02-21-at-11-55-35-Glanzing-eine-weiche-und-langhaarige-Teppichqualitaet.jpg","type":"image\/jpeg"}],"twitter_card":"summary_large_image","twitter_misc":{"Gesch\u00e4tzte Lesezeit":"1\u00a0Minute"},"schema":{"@context":"https:\/\/schema.org","@graph":[{"@type":"WebPage","@id":"https:\/\/www.hama-bodenbelag.de\/shop\/shop\/boden\/teppiche\/hochflor-teppich-glanzing-zwei-farben-in-sondergroessen-und-formen\/","url":"https:\/\/www.hama-bodenbelag.de\/shop\/shop\/boden\/teppiche\/hochflor-teppich-glanzing-zwei-farben-in-sondergroessen-und-formen\/","name":"Hochflor-Teppich Glanzing, zwei Farben in Sondergr\u00f6\u00dfen und Formen, zum Qm-Preis von - Shop Hama Bodenbelagstudio","isPartOf":{"@id":"https:\/\/www.hama-bodenbelag.de\/shop\/#website"},"primaryImageOfPage":{"@id":"https:\/\/www.hama-bodenbelag.de\/shop\/shop\/boden\/teppiche\/hochflor-teppich-glanzing-zwei-farben-in-sondergroessen-und-formen\/#primaryimage"},"image":{"@id":"https:\/\/www.hama-bodenbelag.de\/shop\/shop\/boden\/teppiche\/hochflor-teppich-glanzing-zwei-farben-in-sondergroessen-und-formen\/#primaryimage"},"thumbnailUrl":"https:\/\/www.hama-bodenbelag.de\/shop\/wp-content\/uploads\/2026\/02\/Screenshot-2026-02-21-at-11-55-35-Glanzing-eine-weiche-und-langhaarige-Teppichqualitaet.jpg","datePublished":"2026-02-21T12:08:22+00:00","dateModified":"2026-02-21T12:12:05+00:00","breadcrumb":{"@id":"https:\/\/www.hama-bodenbelag.de\/shop\/shop\/boden\/teppiche\/hochflor-teppich-glanzing-zwei-farben-in-sondergroessen-und-formen\/#breadcrumb"},"inLanguage":"de","potentialAction":[{"@type":"ReadAction","target":["https:\/\/www.hama-bodenbelag.de\/shop\/shop\/boden\/teppiche\/hochflor-teppich-glanzing-zwei-farben-in-sondergroessen-und-formen\/"]}]},{"@type":"ImageObject","inLanguage":"de","@id":"https:\/\/www.hama-bodenbelag.de\/shop\/shop\/boden\/teppiche\/hochflor-teppich-glanzing-zwei-farben-in-sondergroessen-und-formen\/#primaryimage","url":"https:\/\/www.hama-bodenbelag.de\/shop\/wp-content\/uploads\/2026\/02\/Screenshot-2026-02-21-at-11-55-35-Glanzing-eine-weiche-und-langhaarige-Teppichqualitaet.jpg","contentUrl":"https:\/\/www.hama-bodenbelag.de\/shop\/wp-content\/uploads\/2026\/02\/Screenshot-2026-02-21-at-11-55-35-Glanzing-eine-weiche-und-langhaarige-Teppichqualitaet.jpg","width":1920,"height":863},{"@type":"BreadcrumbList","@id":"https:\/\/www.hama-bodenbelag.de\/shop\/shop\/boden\/teppiche\/hochflor-teppich-glanzing-zwei-farben-in-sondergroessen-und-formen\/#breadcrumb","itemListElement":[{"@type":"ListItem","position":1,"name":"Startseite","item":"https:\/\/www.hama-bodenbelag.de\/shop\/"},{"@type":"ListItem","position":2,"name":"Shop","item":"https:\/\/www.hama-bodenbelag.de\/shop\/shop\/"},{"@type":"ListItem","position":3,"name":"Hochflor-Teppich Glanzing, zwei Farben in Sondergr\u00f6\u00dfen und Formen, zum Qm-Preis von"}]},{"@type":"WebSite","@id":"https:\/\/www.hama-bodenbelag.de\/shop\/#website","url":"https:\/\/www.hama-bodenbelag.de\/shop\/","name":"Shop Hama Bodenbelagstudio","description":"Shop Hama Bodenbelagstudio Muttstadt","publisher":{"@id":"https:\/\/www.hama-bodenbelag.de\/shop\/#organization"},"potentialAction":[{"@type":"SearchAction","target":{"@type":"EntryPoint","urlTemplate":"https:\/\/www.hama-bodenbelag.de\/shop\/?s={search_term_string}"},"query-input":{"@type":"PropertyValueSpecification","valueRequired":true,"valueName":"search_term_string"}}],"inLanguage":"de"},{"@type":"Organization","@id":"https:\/\/www.hama-bodenbelag.de\/shop\/#organization","name":"Hama Bodenbelagstudio","url":"https:\/\/www.hama-bodenbelag.de\/shop\/","logo":{"@type":"ImageObject","inLanguage":"de","@id":"https:\/\/www.hama-bodenbelag.de\/shop\/#\/schema\/logo\/image\/","url":"https:\/\/www.hama-bodenbelag.de\/wp-content\/uploads\/2018\/03\/Hama-Logo-mit-Mini_webjpg.jpg","contentUrl":"https:\/\/www.hama-bodenbelag.de\/wp-content\/uploads\/2018\/03\/Hama-Logo-mit-Mini_webjpg.jpg","width":1945,"height":609,"caption":"Hama Bodenbelagstudio"},"image":{"@id":"https:\/\/www.hama-bodenbelag.de\/shop\/#\/schema\/logo\/image\/"},"sameAs":["https:\/\/www.facebook.com\/hamamutterstadt\/"]}]}},"jetpack_sharing_enabled":true,"_links":{"self":[{"href":"https:\/\/www.hama-bodenbelag.de\/shop\/wp-json\/wp\/v2\/product\/46560","targetHints":{"allow":["GET"]}}],"collection":[{"href":"https:\/\/www.hama-bodenbelag.de\/shop\/wp-json\/wp\/v2\/product"}],"about":[{"href":"https:\/\/www.hama-bodenbelag.de\/shop\/wp-json\/wp\/v2\/types\/product"}],"replies":[{"embeddable":true,"href":"https:\/\/www.hama-bodenbelag.de\/shop\/wp-json\/wp\/v2\/comments?post=46560"}],"wp:featuredmedia":[{"embeddable":true,"href":"https:\/\/www.hama-bodenbelag.de\/shop\/wp-json\/wp\/v2\/media\/46569"}],"wp:attachment":[{"href":"https:\/\/www.hama-bodenbelag.de\/shop\/wp-json\/wp\/v2\/media?parent=46560"}],"wp:term":[{"taxonomy":"product_brand","embeddable":true,"href":"https:\/\/www.hama-bodenbelag.de\/shop\/wp-json\/wp\/v2\/product_brand?post=46560"},{"taxonomy":"product_cat","embeddable":true,"href":"https:\/\/www.hama-bodenbelag.de\/shop\/wp-json\/wp\/v2\/product_cat?post=46560"},{"taxonomy":"product_tag","embeddable":true,"href":"https:\/\/www.hama-bodenbelag.de\/shop\/wp-json\/wp\/v2\/product_tag?post=46560"}],"curies":[{"name":"wp","href":"https:\/\/api.w.org\/{rel}","templated":true}]}}